{"id":1186,"date":"2024-09-29T15:38:44","date_gmt":"2024-09-29T07:38:44","guid":{"rendered":"https:\/\/ruiqigo.com\/?post_type=product&#038;p=1186"},"modified":"2024-10-28T15:43:09","modified_gmt":"2024-10-28T07:43:09","slug":"peppermint-body-wash","status":"publish","type":"product","link":"https:\/\/www.ruiqigo.com\/nb\/product\/peppermint-body-wash","title":{"rendered":"Peppermynte dusjs\u00e5pe"},"content":{"rendered":"<h2 class=\"wp-block-heading\">Vanlige formler for produksjon av gresskarfr\u00f8olje<\/h2>\n\n\n\n<p>Vi legger stor vekt p\u00e5 kvaliteten p\u00e5 mint dusjs\u00e5peprodukter, ikke bare ved n\u00f8ye utvelgelse av r\u00e5varer, men ogs\u00e5 ved streng kontroll av hver prosess. En rekke planteekstrakter tilsettes produktforedlingen, uten konserveringsmidler. Hovedformelen er:<\/p>\n\n\n\n<p>1. Peppermynteolje: Peppermynteolje er kjerneingrediensen i dette produktet, som inneholder mye mentol og mentolketon. Disse to aktive stoffene kan p\u00e5f\u00f8res huden for \u00e5 skape en kj\u00f8lig f\u00f8lelse, noe som bidrar til \u00e5 lindre kl\u00f8e og irritasjon. De er ogs\u00e5 naturlige konserveringsmidler, med antibakterielle og betennelsesdempende effekter, som kan redusere den inflammatoriske responsen p\u00e5 hudoverflaten, og dermed forhindre sykdommer som dermatitt og eksem. I tillegg kan duften av peppermynte stimulere nervesystemet, noe som bidrar til \u00e5 forbedre tretthet og konsentrasjon.<\/p>\n\n\n\n<p>2. Fuktighetsgivende middel: Vanlige fuktighetsgivende midler inkluderer glyserin, propylenglykol og andre ingredienser, som kan danne en beskyttende film p\u00e5 hudoverflaten, holde vann godt inne, slik at huden bedre kan absorbere vann og bli glattere og mer gjennomsiktig.<\/p>\n\n\n\n<p>3. Surfaktanter: Disse ingrediensene er ogs\u00e5 en av kjerneingrediensene, som kan rense smuss og olje p\u00e5 hudoverflaten i dybden, slik at huden blir frisk og ren. Samtidig kan de ogs\u00e5 gj\u00f8re at dusjs\u00e5pen produserer et tett skum, reduserer friksjonskontakt, er sk\u00e5nsom og enkel \u00e5 skylle av, og forbedrer komforten under badeprosessen.<\/p>\n\n\n\n<p>4. Andre planteekstrakter: Vi tilsetter ogs\u00e5 gr\u00f8nn te, tang og andre ekstrakter i dusjs\u00e5pen. Disse naturlige ingrediensene har antioksidant-, betennelsesdempende og beroligende egenskaper, som kan fukte huden ytterligere og forbedre hudtilstanden. Samtidig vil de ikke irritere huden, noe som gir deg en behagelig badeopplevelse.<\/p>\n\n\n\n<h2 class=\"wp-block-heading\">Fordelene med gresskarfr\u00f8olje<\/h2>\n\n\n\n<p>I produksjonsprosessen av peppermynte dusjs\u00e5pe har vi profesjonelle parfymeprodusenter som er n\u00f8ye forberedt for \u00e5 sikre at produktet kan gi maksimal effekt under milde og behagelige forhold. Her er noen av de viktigste fordelene:<\/p>\n\n\n\n<p>1. Forfriskende og behagelig: Peppermynte har en kj\u00f8lende og avkj\u00f8lende effekt, slik at huden vil f\u00f8les kj\u00f8lig n\u00e5r du bruker peppermyntedusjs\u00e5pe, og vil vare en stund.<\/p>\n\n\n\n<p>2. Lindre stress og st\u00f8lhet: Mentolens kj\u00f8lighet kan stimulere nerveender og fremme blodsirkulasjonen, og dermed lindre muskelspenninger og avslappe kropp og sinn, samtidig som den justerer hum\u00f8ret og lindrer stress.<\/p>\n\n\n\n<p>3. Smerte og kl\u00f8e: De aktive ingrediensene i peppermyntes\u00e5pe kan hemme vekst og reproduksjon av bakterier, oppn\u00e5 antibakterielle og betennelsesdempende effekter, og dermed redusere symptomer p\u00e5 hudbetennelse for\u00e5rsaket av r\u00f8dhet, smerte, kl\u00f8e osv., og fremme helbredelse. Det forebygger ogs\u00e5 ytterligere hudbetennelse og kviser.<\/p>\n\n\n\n<p>4. Balanserende olje: Peppermynte dusjs\u00e5pe kan rense porene i dybden og fjerne olje og smuss fra huden. Samtidig renser og lukker den porene, slik at huden kan opprettholde en vann- og oljebalanse for \u00e5 oppn\u00e5 en balanserende oljeeffekt.<\/p>\n\n\n\n<p>5. Oppstrammer huden: Peppermynte har antialdringsegenskaper, mens andre ingredienser i dusjs\u00e5pen, som vitamin B3, kan fremme syntesen av kollagen og cellemetabolisme, og dermed forbedre hudens avslappede tilstand, ytterligere binde vann og gj\u00f8re huden strammere og glattere. Langvarig bruk av produktene v\u00e5re kan bidra til \u00e5 stramme opp huden og forbedre hudens glans og elastisitet.<\/p>\n\n\n\n<h2 class=\"wp-block-heading\">Hvordan bruke gresskarfr\u00f8olje for h\u00e5rvekst?<\/h2>\n\n\n\n<p>Peppermyntedusjs\u00e5pen som produseres av fabrikken v\u00e5r er mild og ikke-irriterende, og kan produsere et rikt skum som kan rense huden i dybden og gi deg en god badef\u00f8lelse. Vi merker ogs\u00e5 n\u00f8ye bruksmetoden for dusjs\u00e5pen p\u00e5 pakken, og h\u00e5per du kan lese den n\u00f8ye f\u00f8r du bruker den.<\/p>\n\n\n\n<p>1. Fukt f\u00f8rst kroppen med varmt vann for \u00e5 bedre utnytte den rensende effekten av dusjs\u00e5pe;<\/p>\n\n\n\n<p>2. Ta en passende mengde peppermyntes\u00e5pe med h\u00e5ndflaten eller badeballen for \u00e5 lage et skum, og p\u00e5f\u00f8r deretter skummet p\u00e5 kroppen, spesielt de delene som lett svetter og etterlater smuss, og masser forsiktig;<\/p>\n\n\n\n<p>3. Skyll av med varmt vann etter massasje, s\u00f8rg for at det ikke er noe skum igjen, og t\u00f8rk kroppen med et badeh\u00e5ndkle<\/p>\n\n\n\n<h2 class=\"wp-block-heading\">Forsiktighet<\/h2>\n\n\n\n<p>1. Det anbefales \u00e5 utf\u00f8re en allergisk test f\u00f8r f\u00f8rste gangs bruk. Vennligst slutt \u00e5 bruke den hvis du f\u00f8ler deg ukomfortabel;<\/p>\n\n\n\n<p>2. Ta en passende mengde dusjs\u00e5pe i henhold til individuell hudtype, ikke for mye, ellers vil det f\u00f8re til t\u00f8rrhet;<\/p>\n\n\n\n<p>3. Unng\u00e5 \u00e5 ber\u00f8re \u00f8yne, munn og andre sensitive deler. Skyll straks med vann hvis det kommer i kontakt med \u00f8ynene.<\/p>\n\n\n\n<p>4. Gravide kvinner b\u00f8r bruke det under veiledning av lege for \u00e5 unng\u00e5 bivirkninger;<\/p>\n\n\n\n<p>5. Mint dusjs\u00e5pe b\u00f8r oppbevares kj\u00f8lig og t\u00f8rt, unng\u00e5 direkte sollys og h\u00f8ye temperaturer;<\/p>\n\n\n\n<p>6. Dette produktet passer for folk flest, spesielt de som \u00f8nsker \u00e5 holde seg kj\u00f8lig og t\u00f8rr;<\/p>\n\n\n\n<p>7. Dette produktet passer for enhver situasjon, spesielt om sommeren og etter sport for \u00e5 slappe av kropp og sinn;<\/p>\n\n\n\n<h2 class=\"wp-block-heading\">Konklusjon<\/h2>\n\n\n\n<p>Hvis du \u00f8nsker \u00e5 satse p\u00e5 en produksjonslinje for h\u00f8ykvalitets, differensiert myntedusjs\u00e5pe, er fabrikken v\u00e5r det beste valget. V\u00e5rt utvalg av h\u00f8ykvalitets r\u00e5varer fra hele verden sikrer sikkerheten til produktene v\u00e5re, og den unike formelen som er lagt til er det ideelle valget for flere brukere som \u00f8nsker en forfriskende opplevelse. Samtidig har fabrikken v\u00e5r et komplett forsyningskjedesystem og en effektiv produksjonsprosess, som kan levere h\u00f8ykvalitetsproduksjon i store mengder. Vi tilbyr ogs\u00e5 et komplett utvalg av tilpassede tjenester for \u00e5 m\u00f8te dine individuelle behov. Hvis du fortsatt \u00f8nsker \u00e5 vite mer om produktinformasjonen til peppermyntedusjs\u00e5pe, kan du kontakte oss s\u00e5 snart som mulig.<\/p>","protected":false},"excerpt":{"rendered":"Pumpkin Seed Oil Manufacturing Common Formulas We attach great importance to the quality of mint shower gel products, not only carefully selecting raw materials but also strictly controlling each process. A variety of plant extracts are added to the product processing, without any preservatives, the main formula is: 1. Peppermint essential oil: Peppermint essential oil [&hellip;]","protected":false},"featured_media":1187,"menu_order":0,"template":"","meta":[],"product-tag":[],"products":[57],"class_list":["post-1186","product","type-product","status-publish","has-post-thumbnail","hentry","products-body-wash"],"acf":[],"_links":{"self":[{"href":"https:\/\/www.ruiqigo.com\/nb\/wp-json\/wp\/v2\/product\/1186","targetHints":{"allow":["GET"]}}],"collection":[{"href":"https:\/\/www.ruiqigo.com\/nb\/wp-json\/wp\/v2\/product"}],"about":[{"href":"https:\/\/www.ruiqigo.com\/nb\/wp-json\/wp\/v2\/types\/product"}],"version-history":[{"count":0,"href":"https:\/\/www.ruiqigo.com\/nb\/wp-json\/wp\/v2\/product\/1186\/revisions"}],"wp:featuredmedia":[{"embeddable":true,"href":"https:\/\/www.ruiqigo.com\/nb\/wp-json\/wp\/v2\/media\/1187"}],"wp:attachment":[{"href":"https:\/\/www.ruiqigo.com\/nb\/wp-json\/wp\/v2\/media?parent=1186"}],"wp:term":[{"taxonomy":"product-tag","embeddable":true,"href":"https:\/\/www.ruiqigo.com\/nb\/wp-json\/wp\/v2\/product-tag?post=1186"},{"taxonomy":"products","embeddable":true,"href":"https:\/\/www.ruiqigo.com\/nb\/wp-json\/wp\/v2\/products?post=1186"}],"curies":[{"name":"wp","href":"https:\/\/api.w.org\/{rel}","templated":true}]}}