{"id":1309,"date":"2024-10-18T14:12:00","date_gmt":"2024-10-18T06:12:00","guid":{"rendered":"https:\/\/ruiqigo.com\/?post_type=product&#038;p=1309"},"modified":"2025-06-17T16:45:49","modified_gmt":"2025-06-17T08:45:49","slug":"lavender-body-wash","status":"publish","type":"product","link":"https:\/\/www.ruiqigo.com\/nb\/product\/lavender-body-wash","title":{"rendered":"Lavendel dusjs\u00e5pe"},"content":{"rendered":"<h2 class=\"wp-block-heading\">Vanlige formler for produksjon av lavendel dusjs\u00e5pe<\/h2>\n\n\n\n<p>Vi legger stor vekt p\u00e5 produksjonsprosessen for lavendel dusjs\u00e5pe, ikke bare ved \u00e5 n\u00f8ye utforme flere formler, men ogs\u00e5 ved \u00e5 ta hensyn til behovene til ulike hudtyper, slik at produktet er mer allsidig.<\/p>\n\n\n\n<p>Lavendel eterisk olje: Hovedingrediensen i dusjs\u00e5pe, lavendelduften kan berolige kropp og sinn, og gi deg en avslappende og behagelig badeopplevelse. I tillegg har lavendel eterisk olje ogs\u00e5 hvitning, reparerer skadede celler og andre effekter, kan forynge og gj\u00f8re huden glattere og mer delikat.<\/p>\n\n\n\n<p>Overflateaktive stoffer: Overflateaktive stoffer kan ikke bare produsere rikt skum, forbedre rengj\u00f8ringskraften til dusjs\u00e5pe og effektivt fjerne overflatesmuss og olje, men ogs\u00e5 danne en beskyttende film p\u00e5 hudoverflaten for \u00e5 forhindre hudirritasjon.<\/p>\n\n\n\n<p>Kokosolje: Fettsyrene i kokosolje har gode fuktighetsgivende egenskaper, som kan holde p\u00e5 vann og forbedre t\u00f8rr, ru hud og andre problemer. Samtidig er kokosolje mer sk\u00e5nsom, kan redusere hudubehag, reparere huden og er mer egnet for sensitive muskler.<\/p>\n\n\n\n<h2 class=\"wp-block-heading\">Fordelene med lavendel dusjs\u00e5pe<\/h2>\n\n\n\n<p>Som en profesjonell lavendelprodusent utf\u00f8rer vi relevant kvalitetstesting p\u00e5 alle aspekter av r\u00e5materialene som brukes i den ferdige produktemballasjen for \u00e5 sikre kvalitetssikkerhet. Samtidig fortsetter vi \u00e5 innovere og forske, og kombinerer en rekke fordeler for \u00e5 m\u00f8te dine hudpleiebehov. Her er noen av de viktigste fordelene:<\/p>\n\n\n\n<p>1. Beroligende og avslappende: Den unike aromaen av lavendel kan lindre spenninger og stress. N\u00e5r du bruker dusjs\u00e5pe, vil aromaen skape en avslappet og behagelig atmosf\u00e6re, som kan slappe av kropp og sinn, redusere stress og tretthet.<\/p>\n\n\n\n<p>2. Juster balansen mellom vann og olje: Lavendel dusjs\u00e5pe kan justere oljebalansen, redusere den fettete f\u00f8lelsen og holde huden frisk.<\/p>\n\n\n\n<p>3. Fuktighetsgivende og fuktighetsgivende: V\u00e5re tilsatte fuktighetsgivende ingredienser kan holde p\u00e5 fuktigheten, fukte huden, holde huden hydrert og glatt, og forhindre utt\u00f8rking.<\/p>\n\n\n\n<p>4. Antibakteriell og betennelsesdempende: Lavendel eterisk olje har antibakterielle og betennelsesdempende effekter, som kan redusere hudbetennelse og forhindre infeksjon.<\/p>\n\n\n\n<p>5. Hvitning og lysflekker: Produktene v\u00e5re har en effekt av hvitning og lysflekker, noe som bidrar til \u00e5 redusere m\u00f8rket i huden og gj\u00f8re huden mer gjennomsiktig.<\/p>\n\n\n\n<p>6. Forbedre s\u00f8vn: Lavendelduften kan ikke bare berolige og slappe av, men ogs\u00e5 forbedre s\u00f8vnkvaliteten, egnet for personer med s\u00f8vnl\u00f8shet og dr\u00f8mmer.<\/p>\n\n\n\n<h2 class=\"wp-block-heading\">Hvordan bruke lavendel dusjs\u00e5pe til kroppspleie?<\/h2>\n\n\n\n<p>Vi har laget mange blandinger under produksjonsprosessen for \u00e5 produsere denne rike skum- og milde dusjs\u00e5pen som er utviklet for \u00e5 forbedre badeopplevelsen din. Daglig bruk er delt inn i et bad og et badekar, du kan velge et bad basert p\u00e5 hobbyen din.<\/p>\n\n\n\n<p>1. Dusj: Fukt f\u00f8rst kroppen med varmt vann, hell deretter passende mengde dusjs\u00e5pe i h\u00e5ndflaten eller svampen, gni forsiktig inn skummet og p\u00e5f\u00f8r jevnt over hele kroppen. Du kan utf\u00f8re passende massasje, rense porene ytterligere og lindre kropp og sinn, og til slutt skylle hele kroppsskummet med vann.<\/p>\n\n\n\n<p>2. Bad: De som liker \u00e5 ta et bad kan helle en passende mengde dusjs\u00e5pe i badekaret og r\u00f8re det jevnt, slik at det produserer et rikt skum, og samtidig avgir det aromaen av lavendel og skaper et behagelig milj\u00f8. Hvis det er omr\u00e5der som trenger spesiell pleie, kan du tilsette en passende mengde dusjs\u00e5pe og massere dypt for \u00e5 forbedre hudtilstanden.<\/p>\n\n\n\n<p>3. Etter bruk: Etter bruk kan dusjs\u00e5pen kombineres med andre hudpleieprodukter, som for eksempel bodylotion, for \u00e5 fremme vannabsorpsjon og ytterligere fukte huden.<\/p>\n\n\n\n<h2 class=\"wp-block-heading\">Forsiktighet<\/h2>\n\n\n\n<p>1. En allergitest b\u00f8r utf\u00f8res f\u00f8r du bruker dusjs\u00e5pen for f\u00f8rste gang. Hvis allergiske symptomer oppst\u00e5r, m\u00e5 du umiddelbart slutte \u00e5 bruke den og kontakte lege.<\/p>\n\n\n\n<p>2. Unng\u00e5 kontakt med \u00f8ynene. Ved kontakt med \u00f8ynene, skyll straks med vann og kontakt lege s\u00e5 snart som mulig.<\/p>\n\n\n\n<p>3. N\u00e5r du bruker lavendel dusjs\u00e5pe sammen med andre produkter, m\u00e5 du s\u00f8rge for at ingrediensene ikke er i konflikt med hverandre eller for\u00e5rsaker bivirkninger.<\/p>\n\n\n\n<p>4. F\u00f8lg prinsippet om riktig mengde, for mye dusjs\u00e5pe vil f\u00f8re til for mye skum og v\u00e6re vanskelig \u00e5 rengj\u00f8re.<\/p>\n\n\n\n<p>5. Produktene v\u00e5re m\u00e5 oppbevares kj\u00f8lig og t\u00f8rt, unna direkte sollys og h\u00f8ye temperaturer.<\/p>\n\n\n\n<p>6. Selv om lavendel dusjs\u00e5pe har en lindrende effekt p\u00e5 huden, anbefales det ikke \u00e5 bruke den mange ganger om dagen, og overdreven rengj\u00f8ring kan skade hudbarrieren.<\/p>\n\n\n\n<h2 class=\"wp-block-heading\">Konklusjon<\/h2>\n\n\n\n<p>Vi bruker moderne produksjonslinjer og automatiseringsutstyr for \u00e5 sikre at produksjonsprosessen for lavendel dusjs\u00e5pe er effektiv, n\u00f8yaktig og milj\u00f8vennlig, samtidig som vi sikrer produktets hygiene og sikkerhet. I tillegg har vi utf\u00f8rt brukerunders\u00f8kelser og vet at hudens behov og preferanser er forskjellige. Derfor tilbyr vi personlige, tilpassede tjenester, og v\u00e5rt FoU-team vil n\u00f8ye velge den mest passende lavendel dusjs\u00e5pen for din produkt i henhold til dine behov. I l\u00f8pet av denne tiden vil vi ogs\u00e5 gj\u00f8re endringer basert p\u00e5 tilbakemeldingene dine for \u00e5 oppn\u00e5 den effekten du \u00f8nsker. Vi inviterer deg hjertelig til \u00e5 konsultere produktene v\u00e5re, og vi vil ogs\u00e5 gi profesjonelle svar og detaljert informasjon.<\/p>","protected":false},"excerpt":{"rendered":"Lavender Body Wash Manufacturing Common Formulas We attach great importance to the production process of lavender body wash, not only carefully designing multiple formulas, but also considering the needs of different skin types, so that the product is more versatile. Lavender essential oil: The main ingredient of body wash, lavender scent can soothe the body [&hellip;]","protected":false},"featured_media":1310,"menu_order":0,"template":"","meta":[],"product-tag":[],"products":[57],"class_list":["post-1309","product","type-product","status-publish","has-post-thumbnail","hentry","products-body-wash"],"acf":[],"_links":{"self":[{"href":"https:\/\/www.ruiqigo.com\/nb\/wp-json\/wp\/v2\/product\/1309","targetHints":{"allow":["GET"]}}],"collection":[{"href":"https:\/\/www.ruiqigo.com\/nb\/wp-json\/wp\/v2\/product"}],"about":[{"href":"https:\/\/www.ruiqigo.com\/nb\/wp-json\/wp\/v2\/types\/product"}],"version-history":[{"count":0,"href":"https:\/\/www.ruiqigo.com\/nb\/wp-json\/wp\/v2\/product\/1309\/revisions"}],"wp:featuredmedia":[{"embeddable":true,"href":"https:\/\/www.ruiqigo.com\/nb\/wp-json\/wp\/v2\/media\/1310"}],"wp:attachment":[{"href":"https:\/\/www.ruiqigo.com\/nb\/wp-json\/wp\/v2\/media?parent=1309"}],"wp:term":[{"taxonomy":"product-tag","embeddable":true,"href":"https:\/\/www.ruiqigo.com\/nb\/wp-json\/wp\/v2\/product-tag?post=1309"},{"taxonomy":"products","embeddable":true,"href":"https:\/\/www.ruiqigo.com\/nb\/wp-json\/wp\/v2\/products?post=1309"}],"curies":[{"name":"wp","href":"https:\/\/api.w.org\/{rel}","templated":true}]}}