{"id":1342,"date":"2024-10-24T18:01:05","date_gmt":"2024-10-24T10:01:05","guid":{"rendered":"https:\/\/ruiqigo.com\/?post_type=product&#038;p=1342"},"modified":"2024-10-28T15:45:52","modified_gmt":"2024-10-28T07:45:52","slug":"exfoliating-body-wash","status":"publish","type":"product","link":"https:\/\/www.ruiqigo.com\/nb\/product\/exfoliating-body-wash","title":{"rendered":"Eksfolierende kroppss\u00e5pe"},"content":{"rendered":"<h2 class=\"wp-block-heading\">Vanlige formler for produksjon av eksfolierende kroppss\u00e5pe<\/h2>\n\n\n\n<p>I prosessen med \u00e5 lage denne eksfolierende dusjs\u00e5pen blander vi vitenskapelig en rekke sv\u00e6rt effektive ingredienser og kontrollerer strengt hvert trinn i produksjonen for \u00e5 sikre produktets sikkerhet og effektivitet. Her er hovedingrediensene:<\/p>\n\n\n\n<p>1. Eksfolierende partikler: Vi utvinner noen naturlige eksfolierende partikler av jade, bambus og mineralsalter og justerer dem i henhold til en viss andel. Dette kan forsiktig fjerne aldrende keratin p\u00e5 huden, og de naturlige planteingrediensene kan ogs\u00e5 gi n\u00e6ring til huden.<\/p>\n\n\n\n<p>2. Salisylsyre: Dette sure stoffet kan trenge inn i huden og bidra til \u00e5 l\u00f8se opp og fjerne dyp keratin uten \u00e5 irritere huden for mye. Samtidig fremmer det hudcelleregenerering, og vedvarende bruk vil gj\u00f8re huden glattere.<\/p>\n\n\n\n<p>3. Niacinamid: Niacinamid kan hjelpe huden med \u00e5 binde vann og forbedre hudens fuktighetsgivende evne. Det kan ogs\u00e5 redusere melaninavsetninger for \u00e5 oppn\u00e5 en viss hvitningseffekt. Samtidig har nikotinamid en antioksidanteffekt og forsinker hudens aldring.<\/p>\n\n\n\n<p>4. Surfaktanter: Disse ingrediensene har god rengj\u00f8ringsevne, kan fjerne smuss og olje p\u00e5 hudoverflaten og holde huden frisk.<\/p>\n\n\n\n<p>5. Aromaterapi: Den kan tilf\u00f8re dusjs\u00e5pen en behagelig aroma, forbedre badeopplevelsen og berolige kropp og sinn.<\/p>\n\n\n\n<h2 class=\"wp-block-heading\">Funksjonene til eksfolierende kroppss\u00e5pe<\/h2>\n\n\n\n<p>Skrubbene inneholder vanligvis store partikler, krever en kraftig massasje av huden n\u00e5r de p\u00e5f\u00f8res, og har ingen rensende funksjon. Som en produsent med fokus p\u00e5 personlig pleieprodukter har vi derfor utviklet en eksfolierende dusjs\u00e5pe basert p\u00e5 disse ulempene som sk\u00e5nsomt eksfolierer, dyprenser porene og fukter huden. Hovedeffektene er som f\u00f8lger:<\/p>\n\n\n\n<p>1. Dyprens: Eksfolierende kroppss\u00e5pe kan rense porene i dybden, redusere opphopning av smuss og olje, bidra til \u00e5 forhindre kviser, gj\u00f8re porene mer \u00e5pne og holde huden frisk og ren.<\/p>\n\n\n\n<p>2. Fjern d\u00f8d hud: Produktene v\u00e5re inneholder eksfolierende partikler som effektivt kan fjerne d\u00f8de hudceller og aldrende negleb\u00e5nd p\u00e5 hudoverflaten. Langvarig bruk bidrar til \u00e5 forbedre ujevn hudtone og gj\u00f8re huden glattere og mer delikat.<\/p>\n\n\n\n<p>3. Beroligende og avslappende: Denne eksfolierende dusjs\u00e5pen inneholder naturlige planteekstrakter som fukter og lindrer huden mens den eksfolierer, og bidrar til \u00e5 slappe av kropp og sinn og lindre tretthet.<\/p>\n\n\n\n<p>4. Lysere hudtone: Eksfolieringsprosessen kan fremme stoffskiftet, redusere fine linjer i huden, og huden kan bedre absorbere n\u00e6ringsstoffer. Vedvarende bruk kan lysne hudtonen, og huden vil bli fastere og mer elastisk.<\/p>\n\n\n\n<h2 class=\"wp-block-heading\">Hvordan bruke eksfolierende dusjs\u00e5pe til kroppspleie?<\/h2>\n\n\n\n<p>Riktig bruk av eksfolierende dusjs\u00e5pe kan hjelpe deg med \u00e5 effektivt fjerne aldrende peeling fra hudoverflaten og rense porene i dybden. Vi velger n\u00f8ye ut r\u00e5varer av h\u00f8y kvalitet og blander dem ved \u00e5 varme dem opp i proporsjoner. Samtidig tester vi de ferdige produktene med tanke p\u00e5 utseende, lukt, pH-verdi osv. for \u00e5 sikre kvalitet og hygiene.<\/p>\n\n\n\n<p>1. Forberedelsesfase: Fukt kroppen med varmt vann, spesielt omr\u00e5dene som skal eksfolieres, som albuer, kn\u00e6r osv.<\/p>\n\n\n\n<p>2. Massasje: P\u00e5f\u00f8r en passende mengde eksfolierende dusjs\u00e5pe i h\u00e5ndflaten eller et skumnett, skum opp og fordel jevnt over hele kroppen, spesielt omr\u00e5det med tykke negleb\u00e5nd. Masser forsiktig med hendene. Unng\u00e5 for mye kraft. Massasjetiden er vanligvis 3\u20135 minutter. For de tykke delene av hornlaget kan man forsterke massasjen. Denne prosessen kan rense huden i dybden og fjerne aldrende keratin.<\/p>\n\n\n\n<p>3. Skyll og tilf\u00f8r fuktighet: Skyll av skummet med vann og t\u00f8rk med et h\u00e5ndkle for \u00e5 forsikre deg om at det ikke er noen dusjs\u00e5pe igjen. Eksfolierende dusjs\u00e5pe kan bidra til \u00e5 \u00e5pne porene bedre, s\u00e5 p\u00e5f\u00f8r en fuktighetsgivende bodylotion umiddelbart etter vask for \u00e5 fremme absorpsjon, holde p\u00e5 fuktigheten og holde huden hydrert og glatt.<\/p>\n\n\n\n<h2 class=\"wp-block-heading\">Forsiktighet<\/h2>\n\n\n\n<p>1. Utf\u00f8r en anafylaksitest f\u00f8r bruk. Hvis det oppst\u00e5r en allergisk reaksjon, m\u00e5 du slutte \u00e5 bruke produktet umiddelbart og kontakte lege.<\/p>\n\n\n\n<p>2. Hyppigheten av bruk av eksfolierende dusjs\u00e5pe anbefales 1\u20132 ganger i uken. Overbruk ikke, ellers blir huden t\u00f8rr og skj\u00f8r.<\/p>\n\n\n\n<p>3. Unng\u00e5 bruk p\u00e5 sensitive omr\u00e5der som ansikt, hals og private deler for \u00e5 unng\u00e5 hudirritasjon;<\/p>\n\n\n\n<p>4. Ved bruk b\u00f8r vanntemperaturen kontrolleres mellom 35-40 grader for \u00e5 unng\u00e5 for h\u00f8y vanntemperatur som vil \u00f8delegge kutikula;<\/p>\n\n\n\n<p>5. Eksfolierende dusjs\u00e5pe kan brukes sammen med fuktighetsgivende bodylotion. Det anbefales \u00e5 sjekke ingrediensene f\u00f8r bruk for \u00e5 unng\u00e5 ubehag.<\/p>\n\n\n\n<p>6. Det anbefales \u00e5 oppbevare dusjs\u00e5pen v\u00e5r p\u00e5 et t\u00f8rt og kj\u00f8lig sted, unna direkte sollys og h\u00f8ye temperaturer.<\/p>\n\n\n\n<h2 class=\"wp-block-heading\">Konklusjon<\/h2>\n\n\n\n<p>Vi er utstyrt med avansert produksjonsutstyr og prosesser. Enten det gjelder valg av r\u00e5varer eller fylling av ferdige produkter, kontrollerer vi strengt kvaliteten p\u00e5 eksfolierende dusjs\u00e5pe for \u00e5 sikre at alle produkter er i samsvar med ISO9001-sertifisering for kvalitetsstyringssystem og relevante nasjonale sikkerhetsstandarder. Vi har selvf\u00f8lgelig en sterk forsyningskjede som kan sikre gjennomf\u00f8ring av store bestillinger. Samtidig tilbyr vi et komplett utvalg av tilpassede tjenester. Vi lager en spesiell eksfolierende dusjs\u00e5pe for deg i henhold til dine behov. Enten det er formel eller emballasje, vil vi gj\u00f8re v\u00e5rt beste for \u00e5 oppn\u00e5 den effekten du \u00f8nsker. Hvis du vil vite mer om produksjonen v\u00e5r, kan du kontakte oss umiddelbart.<\/p>","protected":false},"excerpt":{"rendered":"Exfoliating Body Wash Manufacturing Common Formulas In the process of making this exfoliating body wash, we scientifically mix a variety of highly effective ingredients and strictly control every step of production to ensure the safety and effectiveness of the product. Here are the main ingredients: 1. Exfoliating particles: We extract some natural exfoliating particles of [&hellip;]","protected":false},"featured_media":1343,"menu_order":0,"template":"","meta":[],"product-tag":[],"products":[57],"class_list":["post-1342","product","type-product","status-publish","has-post-thumbnail","hentry","products-body-wash"],"acf":[],"_links":{"self":[{"href":"https:\/\/www.ruiqigo.com\/nb\/wp-json\/wp\/v2\/product\/1342","targetHints":{"allow":["GET"]}}],"collection":[{"href":"https:\/\/www.ruiqigo.com\/nb\/wp-json\/wp\/v2\/product"}],"about":[{"href":"https:\/\/www.ruiqigo.com\/nb\/wp-json\/wp\/v2\/types\/product"}],"version-history":[{"count":0,"href":"https:\/\/www.ruiqigo.com\/nb\/wp-json\/wp\/v2\/product\/1342\/revisions"}],"wp:featuredmedia":[{"embeddable":true,"href":"https:\/\/www.ruiqigo.com\/nb\/wp-json\/wp\/v2\/media\/1343"}],"wp:attachment":[{"href":"https:\/\/www.ruiqigo.com\/nb\/wp-json\/wp\/v2\/media?parent=1342"}],"wp:term":[{"taxonomy":"product-tag","embeddable":true,"href":"https:\/\/www.ruiqigo.com\/nb\/wp-json\/wp\/v2\/product-tag?post=1342"},{"taxonomy":"products","embeddable":true,"href":"https:\/\/www.ruiqigo.com\/nb\/wp-json\/wp\/v2\/products?post=1342"}],"curies":[{"name":"wp","href":"https:\/\/api.w.org\/{rel}","templated":true}]}}