{"id":1506,"date":"2024-11-05T17:09:42","date_gmt":"2024-11-05T09:09:42","guid":{"rendered":"https:\/\/ruiqigo.com\/?post_type=product&#038;p=1506"},"modified":"2024-11-06T09:37:31","modified_gmt":"2024-11-06T01:37:31","slug":"natural-body-wash","status":"publish","type":"product","link":"https:\/\/www.ruiqigo.com\/nb\/product\/natural-body-wash","title":{"rendered":"Naturlig kroppss\u00e5pe"},"content":{"rendered":"<h2 class=\"wp-block-heading\">Vanlige formler for produksjon av naturlig kroppss\u00e5pe<\/h2>\n\n\n\n<p>3TOPs utvalg av h\u00f8y kvalitet <strong>naturlige planteingredienser<\/strong> er utviklet for \u00e5 gi deg en sk\u00e5nsom og effektiv rengj\u00f8rings- og hudpleieeffekt. Samtidig utf\u00f8res streng kvalitetskontroll og testing i alle produksjonsledd for \u00e5 sikre sikkerheten og effektiviteten til den naturlige dusjs\u00e5pen.<\/p>\n\n\n\n<p><strong>Tea tree-olje: <\/strong>Tea tree-olje er antibakteriell og betennelsesdempende, og eliminerer bakterier p\u00e5 huden og reduserer hudbetennelse for \u00e5 forbedre hudtilstanden. Samtidig kan tea tree-olje bidra til \u00e5 regulere vann- og oljebalansen og fukte huden dypt, fjerne akne, forebygge akne og forhindre t\u00f8rrhet. I tillegg har tea tree-olje en beroligende effekt, som bidrar til \u00e5 slappe av kropp og sinn, og lindre tretthet og stress.<\/p>\n\n\n\n<p><strong>Kaprifol-ekstrakt: <\/strong>Kaprifol er kjent for sine varmerensende og avgiftende egenskaper, s\u00e5 den kan bidra til \u00e5 forbedre hudproblemer for\u00e5rsaket av giftopphopning og lindre kl\u00f8e. Dessuten har kaprifolekstrakt ogs\u00e5 antioksidanteffekter, som kan motst\u00e5 skader fra frie radikaler, oppn\u00e5 effekten av \u00e5 forsinke aldring og gj\u00f8re huden stram.<\/p>\n\n\n\n<p><strong>Aloe vera<\/strong> har en sterk fuktighetsgivende effekt, kan l\u00e5se inn fuktighet, forhindre t\u00f8rr og ru hud, langvarig bruk kan gj\u00f8re huden mer hydrert.<\/p>\n\n\n\n<p><strong>Surfaktanter<\/strong> er de viktigste rengj\u00f8ringsingrediensene, som kan produsere et rikt skum, bidra til \u00e5 fjerne olje og smuss fra hudoverflaten, og holde huden t\u00f8rr og ren.<\/p>\n\n\n\n<h2 class=\"wp-block-heading\">Funksjonene til naturlig kroppss\u00e5pe<\/h2>\n\n\n\n<p>Som en profesjonell produsent av naturlig dusjs\u00e5pe har vi utf\u00f8rt en unders\u00f8kelse for \u00e5 evaluere effektiviteten av bruken av dusjs\u00e5pe, og vi fant ut at noen effektive dusjs\u00e5per kan for\u00e5rsake bivirkninger, spesielt for personer med sensitive muskler og irritasjon ved bruk. Derfor har vi utviklet en naturlig dusjs\u00e5pe som er mildere, har tryggere ingredienser, og er fuktighetsgivende og rensende. Hovedeffektene er:<\/p>\n\n\n\n<p>1<strong>Mild og ikke-irriterende: <\/strong>Sammenlignet med tradisjonell dusjs\u00e5pe er naturlig planteekstrakt mildere. Den inneholder ingen kjemiske syntetiske stoffer, og den vil heller ikke bli v\u00e6rende p\u00e5 huden, noe som kan redusere hudirritasjon og er mer egnet for sensitiv hud.<\/p>\n\n\n\n<p><strong>2. Antibakteriell og betennelsesdempende: <\/strong>Tea tree-oljen vi har tilsatt har antibakterielle og betennelsesdempende effekter, som bidrar til \u00e5 beskytte huden mot bakterier og virus, og dermed redusere risikoen for hudinfeksjon og gj\u00f8re huden v\u00e5r sunnere.<\/p>\n\n\n\n<p>3<strong>Berolige kropp og sinn: <\/strong>Den botaniske essensen i denne naturlige dusjs\u00e5pen inneholder en rekke beroligende ingredienser som bidrar til \u00e5 berolige kropp og sinn, redusere stress og angst, og lette dagens tretthet.<\/p>\n\n\n\n<p><strong>4. Rengj\u00f8r og fukt: <\/strong>Det rike skummet bidrar til \u00e5 fjerne olje, smuss og overfl\u00f8dig negleb\u00e5nd fra hudoverflaten og holde huden frisk. Samtidig bruker vi mildere overflateaktive stoffer som ikke irriterer huden.<\/p>\n\n\n\n<p>5<strong>Anti-aldring: <\/strong>Naturlig dusjs\u00e5pe kan ikke bare motst\u00e5 frie radikaler, men ogs\u00e5 redusere produksjonen av fine linjer og ytterligere forsinke hudens aldring. Samtidig bidrar den ogs\u00e5 til \u00e5 fjerne d\u00f8de hudceller p\u00e5 hudoverflaten, noe som bidrar til \u00e5 forbedre ujevne og matte hudtoner, og langvarig bruk kan gj\u00f8re huden mer delikat og lys.<\/p>\n\n\n\n<p><strong>6. Balanseolje: <\/strong>V\u00e5r dusjs\u00e5pe tilsetter ogs\u00e5 ingredienser for \u00e5 justere balansen mellom vann og olje, noe som bidrar til \u00e5 balansere olje, redusere oljesekresjon i huden og ytterligere forhindre poreblokkering og kviser. Olje mot kviser og muskler kan trygt brukes.<\/p>\n\n\n\n<h2 class=\"wp-block-heading\">Hvordan bruke naturlig dusjs\u00e5pe til kroppspleie?<\/h2>\n\n\n\n<p>For \u00e5 sikre kvaliteten og sikkerheten til naturlig dusjs\u00e5pe, vil vi sette opp flere testprosesser for produktet, som for eksempel hudirritasjon, fuktighetsgivende effekt, allergi og andre tester. Som produsent av naturlig dusjs\u00e5pe h\u00e5per vi \u00e5 kunne gi deg en p\u00e5litelig produktgaranti. For bruk av naturlig dusjs\u00e5pe vil vi ogs\u00e5 forklare i detalj.<\/p>\n\n\n\n<p><strong>1. Fukt kroppen din: <\/strong>Fukt f\u00f8rst kroppen med varmt vann, noe som vil bidra til \u00e5 \u00e5pne porene og sikre at dusjs\u00e5pen kan ut\u00f8ve sin rensende effekt fullt ut.<\/p>\n\n\n\n<p><strong>2. Gni og skum opp: <\/strong>P\u00e5f\u00f8r passende mengde naturlig dusjs\u00e5pe i h\u00e5ndflaten eller badeballen, og gni inn for \u00e5 lage et rikt skum, og p\u00e5f\u00f8r deretter jevnt over hele kroppen.<\/p>\n\n\n\n<p><strong>3. Sk\u00e5nsom massasje: <\/strong>Du kan massere huden forsiktig med hendene eller ved hjelp av verkt\u00f8y, spesielt omr\u00e5det bak negleb\u00e5ndet. Dette trinnet kan bidra til \u00e5 rense smuss og olje i porene, men ogs\u00e5 slappe av musklene og berolige kropp og sinn.<\/p>\n\n\n\n<p>4<strong>Skyll av: <\/strong>Etter massasje, rengj\u00f8r skummet p\u00e5 kroppen med vann, s\u00f8rg for at det ikke er noen skumrester, og t\u00f8rk det rent. Etter vask vil huden bli ren.<\/p>\n\n\n\n<p>5<strong>Etter vask: <\/strong>For huden som lett t\u00f8rker ut og i et t\u00f8rt milj\u00f8, kan du bruke bodylotion for \u00e5 fukte huden dypt etter et bad, slik at huden kan oppn\u00e5 full fuktighetsgivende effekt og bli glattere.<\/p>\n\n\n\n<h2 class=\"wp-block-heading\">Forsiktighet<\/h2>\n\n\n\n<p><strong>1. Velg en naturlig dusjs\u00e5pe som passer for deg. <\/strong>T\u00f8rr hud kan velge en dusjs\u00e5pe med fuktighetsgivende funksjon, fet hud kan velge en dusjs\u00e5pe med oljekontrollerende funksjon, og de med spesifikke hudproblemer kan konsultere lege for r\u00e5d.<\/p>\n\n\n\n<p><strong>2. Utf\u00f8r allergitester f\u00f8r bruk. <\/strong>Du kan utf\u00f8re en allergitest f\u00f8r du bruker den for f\u00f8rste gang for \u00e5 unng\u00e5 skade for\u00e5rsaket av en bestemt allergisk ingrediens. Hvis ubehag oppst\u00e5r under testen, m\u00e5 du slutte \u00e5 bruke den umiddelbart og skylle med vann.<\/p>\n\n\n\n<p><strong>3. Ikke overbruk, <\/strong>Overdreven rengj\u00f8ring vil \u00f8delegge hudbarrieren, noe som resulterer i t\u00f8rrere og mer sensitiv hud. Unng\u00e5 derfor overdreven gniing og skylling n\u00e5r du bruker produktene v\u00e5re.<\/p>\n\n\n\n<p><strong>4. V\u00e6r oppmerksom p\u00e5 ingrediensene <\/strong>ved bruk sammen med andre kroppspleieprodukter, og unng\u00e5 \u00e5 bruke for mange forskjellige typer hudpleieprodukter, for ikke \u00e5 belaste huden.<\/p>\n\n\n\n<p>5. Det anbefales \u00e5 oppbevare v\u00e5r naturlige dusjs\u00e5pe p\u00e5 et kj\u00f8lig og t\u00f8rt sted, unna direkte sollys og h\u00f8ye temperaturer.<\/p>\n\n\n\n<p>6. Vi vil merke produksjonsdatoen og holdbarheten til produktet, s\u00e5 du b\u00f8r v\u00e6re n\u00f8ye med \u00e5 sjekke holdbarheten til dusjs\u00e5pen. Det anbefales \u00e5 bruke den innen utl\u00f8psdatoen, da utg\u00e5tte produkter vil miste sin effektivitet eller produsere skadelige stoffer.<\/p>\n\n\n\n<p>Kort sagt, 3TOPs n\u00f8ye utviklede naturlige dusjs\u00e5pe renser ikke bare i dybden, men fukter ogs\u00e5 effektivt samtidig som den pleier huden din sk\u00e5nsomt, noe som gj\u00f8r den til det perfekte valget. Som produsent av naturlig dusjs\u00e5pe er vi forpliktet til \u00e5 gi deg trygge og sunne produkter, s\u00e5 vi bruker moderne produksjonsteknologi, vitenskapelige forholdstall og solide kvalitetstestsystemer for \u00e5 sikre effektiviteten til hvert produkt. I tillegg tilbyr vi unike produkter. <strong>tilpassede tjenester <\/strong>for \u00e5 m\u00f8te dine krav og kontinuerlig oppn\u00e5 de \u00f8nskede resultatene. Hvis du ogs\u00e5 \u00f8nsker \u00e5 eie en <strong>naturlig kroppsvaskemerke<\/strong>, vennligst kontakt oss i dag.<\/p>","protected":false},"excerpt":{"rendered":"Natural Body Wash Manufacturing Common Formulas 3TOP&#8217;s selection of high-quality natural plant ingredients is designed to provide you with a gentle and effective cleaning and skin care effect. At the same time, strict quality control and testing are carried out at every stage of production to ensure the safety and effectiveness of natural body wash. [&hellip;]","protected":false},"featured_media":1511,"menu_order":0,"template":"","meta":[],"product-tag":[],"products":[57],"class_list":["post-1506","product","type-product","status-publish","has-post-thumbnail","hentry","products-body-wash"],"acf":[],"_links":{"self":[{"href":"https:\/\/www.ruiqigo.com\/nb\/wp-json\/wp\/v2\/product\/1506","targetHints":{"allow":["GET"]}}],"collection":[{"href":"https:\/\/www.ruiqigo.com\/nb\/wp-json\/wp\/v2\/product"}],"about":[{"href":"https:\/\/www.ruiqigo.com\/nb\/wp-json\/wp\/v2\/types\/product"}],"version-history":[{"count":0,"href":"https:\/\/www.ruiqigo.com\/nb\/wp-json\/wp\/v2\/product\/1506\/revisions"}],"wp:featuredmedia":[{"embeddable":true,"href":"https:\/\/www.ruiqigo.com\/nb\/wp-json\/wp\/v2\/media\/1511"}],"wp:attachment":[{"href":"https:\/\/www.ruiqigo.com\/nb\/wp-json\/wp\/v2\/media?parent=1506"}],"wp:term":[{"taxonomy":"product-tag","embeddable":true,"href":"https:\/\/www.ruiqigo.com\/nb\/wp-json\/wp\/v2\/product-tag?post=1506"},{"taxonomy":"products","embeddable":true,"href":"https:\/\/www.ruiqigo.com\/nb\/wp-json\/wp\/v2\/products?post=1506"}],"curies":[{"name":"wp","href":"https:\/\/api.w.org\/{rel}","templated":true}]}}