{"id":1652,"date":"2024-11-08T16:53:12","date_gmt":"2024-11-08T08:53:12","guid":{"rendered":"https:\/\/ruiqigo.com\/?post_type=product&#038;p=1652"},"modified":"2025-09-03T15:21:29","modified_gmt":"2025-09-03T07:21:29","slug":"antiseptic-mouthwash","status":"publish","type":"product","link":"https:\/\/www.ruiqigo.com\/nb\/product\/antiseptic-mouthwash","title":{"rendered":"Antiseptisk munnvann"},"content":{"rendered":"<h2 class=\"wp-block-heading\">Vanlige formler for produksjon av antiseptisk munnvann<\/h2>\n\n\n\n<p>Vi tar imot de innkj\u00f8pte r\u00e5varene, veier de aksepterte materialene n\u00f8yaktig og tilsetter dem i blandeprosessen i henhold til foreskrevet rekkef\u00f8lge. Gjennom vitenskapelig og fornuftig formeldesign og streng kvalitetskontroll kan vi produsere trygg og p\u00e5litelig bakteriedrepende munnskyll som m\u00f8ter dine behov for munnhelse. Flere av disse ingrediensene spiller en viktig rolle i \u00e5 fremme munnhelse.<\/p>\n\n\n\n<p><strong>1. Salvieolje: <\/strong>Salvieolje har kraftige antibakterielle og antioksidantegenskaper som effektivt dreper bakteriene som for\u00e5rsaker tannr\u00e5te, forebygger og forbedrer munnsykdommer, og reduserer ogs\u00e5 dannelsen av plakk. I tillegg kan den ogs\u00e5 lindre betennelse i munnen, som munns\u00e5r, gingivitt og andre symptomer.<\/p>\n\n\n\n<p><strong>2. Sitronskallolje: <\/strong>Sitronskallolje er rik p\u00e5 antioksidanter, som kan beskytte munnceller mot skade og fremme reparasjon og regenerering av munnslimhinnen. Den har ogs\u00e5 en sterk hemmende effekt som kan drepe bakterier og virus i munnen, mens munnvannet v\u00e5rt er sk\u00e5nsommere og mindre irriterende for munnslimhinnen. I tillegg har sitronskallolje en frisk sitronaroma, som kan n\u00f8ytralisere lukt i munnen og holde munnen frisk og naturlig.<\/p>\n\n\n\n<p><strong>3. D\u00f8dehavssalt: <\/strong>D\u00f8dehavssalt inneholder en rekke mineraler og sporstoffer, som ikke bare effektivt kan \u00f8delegge bakterienes levemilj\u00f8 slik at bakteriene d\u00f8r av dehydrering, men ogs\u00e5 vaske bort matrester og smuss p\u00e5 tennenes overflate, noe som reduserer produksjonen av plakk. Det gir ogs\u00e5 n\u00e6ring til munnen og fremmer munnhelsen. D\u00f8dehavssalt har en sk\u00e5nsom rensende og betennelsesdempende effekt, som bidrar til \u00e5 lindre smerter fra betennelse som munns\u00e5r.<\/p>\n\n\n\n<p><strong>4. Natriumfluorid: <\/strong>Natriumfluorid har ikke bare en antibakteriell effekt, men fremmer ogs\u00e5 remineralisering av tenner og forbedrer tennenes hardhet, og forhindrer dermed dannelsen av tannr\u00e5te.<\/p>\n\n\n\n<p><strong>5. Glyserin: <\/strong>Glyserin, som fuktighetskrem, kan opprettholde fuktigheten i munnvannet og forhindre t\u00f8rr munn.<\/p>\n\n\n\n<p><strong>6. Klorheksidin: <\/strong>Det er et vanlig antibakterielt middel som effektivt kan drepe bakterier i munnen og beskytte tannhelsen.<\/p>\n\n\n\n<h2 class=\"wp-block-heading\">Funksjonene til antiseptisk munnvann<\/h2>\n\n\n\n<p>Antibakterielle munnskyll forebygger sykdommer i munnen ved \u00e5 redusere antallet bakterier og dekke spesifikke organismer. V\u00e5rt nyutviklede bakteriedrepende munnskyll kan drepe de fleste eller spesifikke typer bakterier for \u00e5 fremme helbredelse og bedring i munnen, og er mer egnet for personer med munnproblemer som betennelse. Hovedeffektene er:<\/p>\n\n\n\n<p><strong>1. Eliminering av bakterier: <\/strong>De antibakterielle komponentene i bakteriedrepende munnskyll kan effektivt drepe bakterier i munnen, redusere veksten av plakk og bakterier, forhindre forekomst av munnsykdommer og ytterligere opprettholde munnhelsen. Samtidig kan gurgling ogs\u00e5 fjerne matrester og smuss p\u00e5 tennene, for \u00e5 oppn\u00e5 en sterk renseeffekt.<\/p>\n\n\n\n<p><strong>2. Forbedre d\u00e5rlig \u00e5nde: <\/strong>Vi bevarer duften av sitronskallolje i maksimal grad, noe som kan n\u00f8ytralisere lukten i munnen, friske opp pusten og forbedre d\u00e5rlig \u00e5nde og personlig image ved langvarig bruk.<\/p>\n\n\n\n<p><strong>3. Forebygg tannr\u00e5te: <\/strong>Denne antiseptiske munnskyllen gir n\u00e6ringsstoffer som munnen trenger og styrker tannemaljen, og danner en beskyttende film p\u00e5 tennenes overflate for ytterligere \u00e5 forhindre tannr\u00e5te og hull i tennene.<\/p>\n\n\n\n<p><strong>4. Lindre ubehag i munnen: <\/strong>Ved munns\u00e5r, gingivitt og annen betennelse i munnen spiller antiseptisk munnskyll ogs\u00e5 en viktig rolle. De betennelsesdempende og lindrende ingrediensene i den kan lindre ubehag og smerte for\u00e5rsaket av betennelse i munnen og fremme helbredelse av sykdommer i munnen.<\/p>\n\n\n\n<p><strong>5. Forbedre oral immunitet: <\/strong>Fordelingen av gunstige bakterier og skadelige bakterier i munnen, kan bakteriedrepende munnskyll redusere skadelige bakterier i munnhulen samtidig som den opprettholder balansen mellom andre bakterier, for kontinuerlig \u00e5 forbedre oral immunitet og redusere forekomsten av orale sykdommer.<\/p>\n\n\n\n<p><strong>6. Lindre t\u00f8rr munn: <\/strong>De fuktighetsgivende ingrediensene i munnskyll kan holde munnen fuktig, lindre symptomer p\u00e5 munnt\u00f8rrhet og forbedre problemer som d\u00e5rlig \u00e5nde.<\/p>\n\n\n\n<h2 class=\"wp-block-heading\">Hvordan bruke antiseptisk munnskyll?<\/h2>\n\n\n\n<p>Som en profesjonell produsent av antiseptisk munnvann overholder vi strengt bransjens relevante kvalitetsstandarder. Fra r\u00e5varescreening til ferdig produktemballasje har vi tilsvarende kvalitetstester for \u00e5 sikre sikkerheten og effektiviteten til hvert produkt. N\u00e5r det gjelder bruksanvisningen, vil vi ogs\u00e5 gi en detaljert beskrivelse av produktets bruksanvisning.<\/p>\n\n\n\n<p><strong>1. Ta bel\u00f8pet: <\/strong>Ta f\u00f8rst riktig mengde antiseptisk munnskyll (10~20 ml). Flaskekorken v\u00e5r har en skala som kan hjelpe deg med \u00e5 ta n\u00f8yaktig mengde.<\/p>\n\n\n\n<p><strong>2. Gurgling: <\/strong>Munnvannet er plassert i munnen, og munnvannet er i full kontakt med innsiden av munnen, og dekker alle deler av munnen s\u00e5 langt som mulig for \u00e5 fjerne bakterier og matrester fra munnen.<\/p>\n\n\n\n<p><strong>3. Tid: <\/strong>Hele gurgletiden kontrolleres mellom 30 sekunder og 1 minutt for \u00e5 sikre at munnskyllevannet fullt ut kan spille den bakteriedrepende rollen.<\/p>\n\n\n\n<p><strong>4. Spytt ut: <\/strong>Spytt ut munnvannet etter gurgling, unng\u00e5 \u00e5 svelge, det er ikke n\u00f8dvendig \u00e5 skylle med vann to ganger.<\/p>\n\n\n\n<h2 class=\"wp-block-heading\">Forsiktighet<\/h2>\n\n\n\n<p>1. Det anbefales \u00e5 bruke produktet i henhold til instruksjonene for \u00e5 unng\u00e5 svelging og overdreven bruk som \u00f8delegger munnfloraen og kan f\u00f8re til munnproblemer.<\/p>\n\n\n\n<p>2. Det anbefales \u00e5 bruke etter hvert m\u00e5ltid eller f\u00f8r n\u00f8dstilfeller, med en dosering p\u00e5 10~20 ml hver gang, unng\u00e5 hyppig bruk.<\/p>\n\n\n\n<p>3. Det anbefales \u00e5 bytte ut ulike typer antiseptisk munnskyll regelmessig for \u00e5 unng\u00e5 medikamentresistens.<\/p>\n\n\n\n<p>4. Hvis det oppst\u00e5r en allergisk reaksjon eller ubehag under bruk, m\u00e5 du stoppe bruken umiddelbart og kontakte lege.<\/p>\n\n\n\n<p>5. Gravide kvinner, barn og andre spesielle grupper b\u00f8r brukes under veiledning av leger.<\/p>\n\n\n\n<p>6. Munnskyll er kun en hjelpefunksjon i munnhygiene, det anbefales \u00e5 fortsette \u00e5 pusse tennene og bruke tanntr\u00e5d morgen og kveld.<\/p>\n\n\n\n<h2 class=\"wp-block-heading\">Konklusjon<\/h2>\n\n\n\n<p>Med dyp bransjeerfaring og avansert produksjonsteknologi er fabrikken v\u00e5r forpliktet til \u00e5 tilby deg h\u00f8ykvalitets, storskala og varierte, tilpassede tjenester. Munnvannsformelen v\u00e5r vil bli skreddersydd til dine spesifikke behov for \u00e5 hjelpe deg med \u00e5 forbedre merkevarens image. <\/p>\n\n\n\n<p>Samtidig kontrollerer vi ogs\u00e5 strengt kvaliteten p\u00e5 produktene i produksjonsprosessen med et flerkanals kvalitetsinspeksjonssystem for \u00e5 sikre at produktene v\u00e5re oppfyller relevante bransjestandarder i inn- og utland, slik at du kan v\u00e6re trygg p\u00e5 bruken. <\/p>\n\n\n\n<p>Hvis du ogs\u00e5 \u00f8nsker \u00e5 skille deg ut i munnvannsmarkedet, ta kontakt med oss.<\/p>","protected":false},"excerpt":{"rendered":"Antiseptic Mouthwash Manufacturing Common Formulas We will accept the purchased raw materials, accurately weigh the accepted materials, and add them to the mixing process by the prescribed order. Through scientific and reasonable formula design and strict quality control, we can produce safe and reliable germicidal mouthwash to meet your needs for oral health. Several of [&hellip;]","protected":false},"featured_media":1653,"menu_order":0,"template":"","meta":[],"product-tag":[201,206,208,212,213,214,215,216],"products":[72],"class_list":["post-1652","product","type-product","status-publish","has-post-thumbnail","hentry","product-tag-mouthwash-manufacturer","product-tag-mouthwash-companies","product-tag-mouthwash-suppliers","product-tag-mouthwash-contract-manufacturer","product-tag-antiseptic-mouthwashes-manufacturer","product-tag-mouthwash-manufacturers-usa","product-tag-chlorhexidine-mouthwash-manufacturer","product-tag-private-label-mouthwash-manufacturers","products-mouthwash"],"acf":[],"_links":{"self":[{"href":"https:\/\/www.ruiqigo.com\/nb\/wp-json\/wp\/v2\/product\/1652","targetHints":{"allow":["GET"]}}],"collection":[{"href":"https:\/\/www.ruiqigo.com\/nb\/wp-json\/wp\/v2\/product"}],"about":[{"href":"https:\/\/www.ruiqigo.com\/nb\/wp-json\/wp\/v2\/types\/product"}],"version-history":[{"count":0,"href":"https:\/\/www.ruiqigo.com\/nb\/wp-json\/wp\/v2\/product\/1652\/revisions"}],"wp:featuredmedia":[{"embeddable":true,"href":"https:\/\/www.ruiqigo.com\/nb\/wp-json\/wp\/v2\/media\/1653"}],"wp:attachment":[{"href":"https:\/\/www.ruiqigo.com\/nb\/wp-json\/wp\/v2\/media?parent=1652"}],"wp:term":[{"taxonomy":"product-tag","embeddable":true,"href":"https:\/\/www.ruiqigo.com\/nb\/wp-json\/wp\/v2\/product-tag?post=1652"},{"taxonomy":"products","embeddable":true,"href":"https:\/\/www.ruiqigo.com\/nb\/wp-json\/wp\/v2\/products?post=1652"}],"curies":[{"name":"wp","href":"https:\/\/api.w.org\/{rel}","templated":true}]}}