{"id":1851,"date":"2024-11-20T15:18:41","date_gmt":"2024-11-20T07:18:41","guid":{"rendered":"https:\/\/ruiqigo.com\/?post_type=product&#038;p=1851"},"modified":"2024-11-21T16:13:50","modified_gmt":"2024-11-21T08:13:50","slug":"leave-in-conditioner","status":"publish","type":"product","link":"https:\/\/www.ruiqigo.com\/nb\/product\/leave-in-conditioner","title":{"rendered":"Leave-in balsam"},"content":{"rendered":"<h2 class=\"wp-block-heading\">Vanlige formler for produksjon av leave-in balsam<\/h2>\n\n\n\n<p>I produksjonen av leave-in-balsam bruker v\u00e5rt forsknings- og utviklingsteam en rekke innovative formuleringer for \u00e5 m\u00f8te dine ulike smaker og behov. Som en profesjonell produsent av leave-in-balsam er v\u00e5rt utvalg av r\u00e5varer ogs\u00e5 sv\u00e6rt strengt, og vi bruker naturlige og lette r\u00e5varer for \u00e5 sikre at hver flaske kan oppn\u00e5 h\u00f8y kvalitet. Hovedingrediensene er:<\/p>\n\n\n\n<p>1. Naturlig planteessens: Den naturlige aromaen av naturlig planteessens kan berolige hodebunnen og slappe av kropp og sinn, samtidig som den balanserer oljesekresjonen.<\/p>\n\n\n\n<p>2. Naturlige oljer: som arganolje kan gi rik n\u00e6ring. Disse naturlige oljene bidrar til \u00e5 reparere skadet h\u00e5r, trenger dypt inn i h\u00e5ret, gir n\u00e6ring til r\u00f8ttene og gj\u00f8r h\u00e5ret sunnere og mer energisk.<\/p>\n\n\n\n<p>3. Fuktighetsgivende middel: glyserin og andre fuktighetsgivende midler, kan supplere vann, gi langvarig fuktighet, redusere h\u00e5rbrudd og krusethet, og gj\u00f8re h\u00e5ret mer elastisk.<\/p>\n\n\n\n<p>4. Antioksidanter: Antioksidanter kan beskytte h\u00e5ret mot skader fra frie radikaler, ytterligere forhindre aldring, utt\u00f8rking og splittede tupper, og gj\u00f8re h\u00e5ret v\u00e5rt sterkere og sunnere. Vanlige antioksidanter inkluderer vitamin E og te-polyfenoler.<\/p>\n\n\n\n<p>5. Silikonolje: Silikonolje kan gi en umiddelbar glatt effekt, redusere brudd i h\u00e5rgaffelknuten under kjemming og beskytte h\u00e5ret mot ytre skader.<\/p>\n\n\n\n<h2 class=\"wp-block-heading\">Funksjonene til leave-in balsam<\/h2>\n\n\n\n<p>V\u00e5r leave-in balsam har ikke bare en rekke formuleringer, men er ogs\u00e5 enkel \u00e5 bruke, med flere funksjoner, noe som kan vise dens unike konkurranseevne i balsammarkedet. Her er hovedfunksjonene:<\/p>\n\n\n\n<p>1. Fuktighetsgivende og fuktighetsgivende: De fuktighetsgivende ingrediensene i leave-in-balsam kan gi tilstrekkelig fuktighet og n\u00e6ring til h\u00e5ret, dypt inn i h\u00e5rstr\u00e5ene, og fukte h\u00e5rr\u00f8ttene. Den langvarige fuktighetsgivende effekten bidrar til \u00e5 gj\u00f8re h\u00e5ret mykere, glattere og skinnende.<\/p>\n\n\n\n<p>2. Forbedre h\u00e5rkvaliteten: Langvarig bruk av v\u00e5r leave-in-balsam kan bidra til \u00e5 forbedre h\u00e5rkvaliteten, og de aktive ingrediensene i produktene v\u00e5re kan reparere skadede h\u00e5rskjell, og dermed gjenopprette h\u00e5ret og fremme sunn h\u00e5rvekst.<\/p>\n\n\n\n<p>3. Styling: Vi bruker lette ingredienser som er lettere og mindre stressende enn essensielle oljer for h\u00e5rpleie. Etter bruk kan den glatte ut krusete h\u00e5r, eliminere problemer med bifurkasjoner og knuter, v\u00e6re enkel \u00e5 stelle og skape forskjellige former.<\/p>\n\n\n\n<p>4. Forhindre statisk elektrisitet: V\u00e5r leave-in-balsam har antistatiske egenskaper som reduserer friksjon mellom h\u00e5ret for \u00e5 redusere opphopning av ladning og dermed forhindre statisk elektrisitet, spesielt i t\u00f8rre milj\u00f8er.<\/p>\n\n\n\n<p>5. Forfriskende oljekontroll: Sammenlignet med vanlig balsam er v\u00e5re leave-in-balsamer lettere og lettere. S\u00e5 for fett h\u00e5r kan den effektivt kontrollere olje og holde h\u00e5ret friskt og skinnende.<\/p>\n\n\n\n<p>6. Beskyttende barriere: Antioksidantene i leave-in-balsam danner en beskyttende film som kan motst\u00e5 skader fra det ytre milj\u00f8et, som t\u00f8rking i varmluft og ultrafiolette str\u00e5ler.<\/p>\n\n\n\n<h2 class=\"wp-block-heading\">Hvordan bruke leave-in balsam i h\u00e5ret?<\/h2>\n\n\n\n<p>Som et praktisk h\u00e5rpleieprodukt er v\u00e5r leave-in-balsam enkel \u00e5 bruke og passer til de fleste anledninger. Vi kan ogs\u00e5 designe passende emballasje i henhold til dine ulike behov for scenen, for eksempel familie, reise og s\u00e5 videre. Vi vil ogs\u00e5 merke bruken av den p\u00e5 pakken, jeg h\u00e5per du kan lese den f\u00f8r bruk.<\/p>\n\n\n\n<p>1. T\u00f8rk h\u00e5ret forsiktig med et h\u00e5ndkle etter vask;<\/p>\n\n\n\n<p>2. P\u00e5f\u00f8r en passende mengde leave-in-balsam i h\u00e5ndflaten, og fordel den jevnt i midten til tuppen av h\u00e5ret;<\/p>\n\n\n\n<p>3. Gre h\u00e5ret med en h\u00e5rkam eller fingrene.<\/p>\n\n\n\n<p>4. T\u00f8rk med h\u00e5rf\u00f8ner eller luftt\u00f8rk<\/p>\n\n\n\n<h2 class=\"wp-block-heading\">Forsiktighet<\/h2>\n\n\n\n<p>1. Hvis du ikke f\u00f8ler deg bra f\u00f8r du bruker den avanserte allergitesten for f\u00f8rste gang, m\u00e5 du slutte \u00e5 bruke den umiddelbart og kontakte lege.<\/p>\n\n\n\n<p>2. Det anbefales \u00e5 bruke det ikke mer enn to ganger i uken for \u00e5 unng\u00e5 overfl\u00f8dig n\u00e6ring eller forstyrrelser i hodebunnens oljesekresjon.<\/p>\n\n\n\n<p>3. Ta en moderat mengde hver gang, avhengig av h\u00e5rlengden din, for \u00e5 unng\u00e5 at h\u00e5ret blir for fett.<\/p>\n\n\n\n<p>4. Velg riktig leave-in-balsam for h\u00e5ret ditt.<\/p>\n\n\n\n<p>5. Unng\u00e5 kontakt med \u00f8ynene. Ved kontakt med \u00f8ynene, skyll straks med vann.<\/p>\n\n\n\n<p>6. Det anbefales \u00e5 oppbevares kj\u00f8lig og t\u00f8rt, unng\u00e5 direkte sollys og h\u00f8y temperatur.<\/p>\n\n\n\n<h2 class=\"wp-block-heading\">Konklusjon<\/h2>\n\n\n\n<p>Som en produsent av h\u00f8ykvalitets leave-in-balsam fokuserer vi p\u00e5 produktinnovasjon og differensiering, og utvikler kontinuerlig produkter som passer ulike h\u00e5rpleiebehov. I produksjonen har v\u00e5rt forsknings- og utviklingsteam n\u00f8ye valgt ut og vitenskapelig tilpasset en rekke naturlige, n\u00e6rende ingredienser, forpliktet til \u00e5 skape effektiv h\u00e5rpleie for deg, en brukervennlig leave-in-balsam. <\/p>\n\n\n\n<p>Samtidig tilbyr vi unike, tilpassede tjenester, og et variert design bidrar til \u00e5 styrke merkevarens innflytelse. I tillegg har vi etablert en rekke strenge kvalitetsinspeksjonssystemer for produksjon av produkter, med m\u00e5l om \u00e5 gi deg trygge og effektive produkter. <\/p>\n\n\n\n<p>Hvis du er interessert i v\u00e5r leave-in balsam, vennligst kontakt oss umiddelbart.<\/p>","protected":false},"excerpt":{"rendered":"Leave-in Conditioner Manufacturing Common Formulas In the production of leave-in conditioners, our research and development team uses a variety of innovative formulations to meet your different tastes and needs. As a professional leave-in conditioner manufacturer, our selection of raw materials is also very strict, using natural and lightweight raw materials to ensure that every bottle [&hellip;]","protected":false},"featured_media":1852,"menu_order":0,"template":"","meta":[],"product-tag":[],"products":[52],"class_list":["post-1851","product","type-product","status-publish","has-post-thumbnail","hentry","products-conditioner"],"acf":[],"_links":{"self":[{"href":"https:\/\/www.ruiqigo.com\/nb\/wp-json\/wp\/v2\/product\/1851","targetHints":{"allow":["GET"]}}],"collection":[{"href":"https:\/\/www.ruiqigo.com\/nb\/wp-json\/wp\/v2\/product"}],"about":[{"href":"https:\/\/www.ruiqigo.com\/nb\/wp-json\/wp\/v2\/types\/product"}],"version-history":[{"count":0,"href":"https:\/\/www.ruiqigo.com\/nb\/wp-json\/wp\/v2\/product\/1851\/revisions"}],"wp:featuredmedia":[{"embeddable":true,"href":"https:\/\/www.ruiqigo.com\/nb\/wp-json\/wp\/v2\/media\/1852"}],"wp:attachment":[{"href":"https:\/\/www.ruiqigo.com\/nb\/wp-json\/wp\/v2\/media?parent=1851"}],"wp:term":[{"taxonomy":"product-tag","embeddable":true,"href":"https:\/\/www.ruiqigo.com\/nb\/wp-json\/wp\/v2\/product-tag?post=1851"},{"taxonomy":"products","embeddable":true,"href":"https:\/\/www.ruiqigo.com\/nb\/wp-json\/wp\/v2\/products?post=1851"}],"curies":[{"name":"wp","href":"https:\/\/api.w.org\/{rel}","templated":true}]}}