{"id":1909,"date":"2024-11-22T15:17:58","date_gmt":"2024-11-22T07:17:58","guid":{"rendered":"https:\/\/ruiqigo.com\/?post_type=product&#038;p=1909"},"modified":"2024-11-22T15:17:59","modified_gmt":"2024-11-22T07:17:59","slug":"hand-cream-for-dry-hands","status":"publish","type":"product","link":"https:\/\/www.ruiqigo.com\/nb\/product\/hand-cream-for-dry-hands","title":{"rendered":"H\u00e5ndkrem for t\u00f8rre hender"},"content":{"rendered":"<h2 class=\"wp-block-heading\">H\u00e5ndkrem for t\u00f8rre hender Produksjon Vanlige formler<\/h2>\n\n\n\n<p>For t\u00f8rre hender bruker v\u00e5rt forsknings- og utviklingsteam en unik formel med et utvalg av naturlige planteekstrakter og fuktighetsgivende ingredienser, som er sk\u00e5nsomme mot huden og gir utmerket fuktighetsgivende og reparerende effekt p\u00e5 hendene. La oss ta en titt p\u00e5 hovedrollen til disse ingrediensene:<\/p>\n\n\n\n<p>1. Lavendel eterisk olje: Lavendel eterisk olje har antibakterielle og betennelsesdempende effekter, som kan redusere betennelse og r\u00f8dhet i h\u00e5ndhuden og fremme reparasjon og regenerering av skadet hud. Samtidig har den ogs\u00e5 en lindrende effekt, som bidrar til \u00e5 slappe av kropp og sinn, lindre stress og gi deg en behagelig opplevelse.<\/p>\n\n\n\n<p>2. Glyserin: Glyserin har en sterk fuktighetsgivende og vannl\u00e5sende effekt, som kan danne en beskyttende film p\u00e5 huden, effektivt l\u00e5se vann, forhindre fordampning og gj\u00f8re hendene dine mer hydrerte. I tillegg kan det ogs\u00e5 regulere hudbarrieren, redusere ytre skader og bidra til \u00e5 reparere den skadede hudbarrieren.<\/p>\n\n\n\n<p>3. Hyaluronsyre: Det er ogs\u00e5 en sv\u00e6rt effektiv fuktighetsgivende ingrediens, og den gir ogs\u00e5 n\u00e6ringsstoffer som effektivt kan reparere problemer for\u00e5rsaket av t\u00f8rrhet og skader. Samtidig er hyaluronsyre en viktig komponent for \u00e5 st\u00f8tte hudens elastisitet, noe som kan hjelpe h\u00e5ndhuden med \u00e5 gjenopprette elastisiteten, lindre aldring og stramme opp.<\/p>\n\n\n\n<p>4. Sheasm\u00f8r: Sheasm\u00f8r har en betydelig fuktighetsgivende og n\u00e6rende effekt, som kan fukte og gi n\u00e6ring til epidermisceller i lang tid, og ytterligere lindre problemet med t\u00f8rr og ru hud p\u00e5 hendene. Det har ogs\u00e5 betennelsesdempende og UV-resistente egenskaper, som kan lindre betennelse og ubehag og fremme hudreparasjon og regenerering, samtidig som det beskytter hendene mot UV-skader og gj\u00f8r huden sunnere og fastere.<\/p>\n\n\n\n<p>5. Vitamin E: Vitamin E er en sterk antioksidant som kan motst\u00e5 skader fra frie radikaler p\u00e5 huden og forhindre aldring av huden. Den har ogs\u00e5 en hvitnende effekt, noe som bidrar til \u00e5 redusere avsetning av subkutant pigment og gj\u00f8re huden p\u00e5 hendene lysere. Samtidig kan den fremskynde reparasjonen av stratum corneum, noe som kan bidra til gjenoppretting av skadet eller t\u00f8rr hud.<\/p>\n\n\n\n<h2 class=\"wp-block-heading\">Funksjonene til h\u00e5ndkrem for t\u00f8rre hender<\/h2>\n\n\n\n<p>Som en profesjonell h\u00e5ndkremprodusent har vi utviklet den tilh\u00f8rende formelen i henhold til h\u00e5ndhudens tilstand, i h\u00e5p om \u00e5 m\u00f8te ulike preferanser og behov. Multifunksjonelle h\u00e5ndkremer er ogs\u00e5 et av v\u00e5re konkurransefortrinn. H\u00e5ndkremene v\u00e5re passer for folk flest og kan gi dyp fuktighet, gjenopprette elastisitet, reparere barrierer og f\u00e5 h\u00e5ndhuden til \u00e5 gl\u00f8de igjen.<\/p>\n\n\n\n<p>1. Forhindre t\u00f8rrhet og flassing: H\u00e5ndkremene v\u00e5re er rike p\u00e5 fuktighetsgivende faktorer og n\u00e6rende ingredienser som trenger dypt inn i huden, gir fuktighet og n\u00e6ringsstoffer, og binder fuktigheten for langvarig fuktighet. N\u00e6rende ingredienser reparerer skadet hud og fremmer helbredelse og regenerering. Langvarig bruk vil gj\u00f8re t\u00f8rre, ru og flassingende hender hydrerte og sunne.<\/p>\n\n\n\n<p>2. Forebygg aldring: Antioksidantingrediensen vi tilsetter, hyaluronsyre, kan effektivt fremme produksjonen av kollagen slik at h\u00e5ndhuden din blir fastere og mer elastisk, og ytterligere oppn\u00e5 effekten av anti-aldring.<\/p>\n\n\n\n<p>3. Stimuler neglvekst: H\u00e5ndkremer fremmer neglvekst ved \u00e5 fukte huden rundt neglen for \u00e5 redusere friksjonen og motstanden som neglen kan m\u00f8te under vekst, og mykgj\u00f8r negleb\u00e5ndet ytterligere, noe som gj\u00f8r huden rundt neglen sunnere.<\/p>\n\n\n\n<p>4. Beroligende: Duften av h\u00e5ndkrem har en beroligende effekt som kan avslappe kropp og sinn, lindre stress og gi deg en behagelig opplevelse.<\/p>\n\n\n\n<p>5. Forbedre hudfargen: Vi har ogs\u00e5 tilsatt noen hvitningsingredienser, som bidrar til \u00e5 forbedre den matte tilstanden til hendene. Langvarig bruk kan gj\u00f8re h\u00e5ndhuden v\u00e5r mer delikat og lys.<\/p>\n\n\n\n<p>6. Beskyttende barriere: N\u00e5r du p\u00e5f\u00f8rer h\u00e5ndkremen v\u00e5r, vil den danne en naturlig beskyttende film som bidrar til \u00e5 blokkere skader fra det ytre milj\u00f8et, som ultrafiolett lys, t\u00f8rre omgivelser osv., slik at du kan arbeide trygt utend\u00f8rs.<\/p>\n\n\n\n<h2 class=\"wp-block-heading\">Hvordan bruke h\u00e5ndkrem for t\u00f8rre hender?<\/h2>\n\n\n\n<p>V\u00e5r spesielle h\u00e5ndkrem for t\u00f8rre hender kan brukes i mange situasjoner, for eksempel etter h\u00e5ndvask, kalde og t\u00f8rre \u00e5rstider, utend\u00f8rsaktiviteter osv. Emballasjen er designet for \u00e5 v\u00e6re enkel \u00e5 b\u00e6re og kan brukes etter behov. For \u00e5 sikre kvaliteten og sikkerheten til produktene v\u00e5re har vi forskjellige kvalitetsstyringssystemer i hele produksjonsprosessen for \u00e5 teste utseende, ytelse og andre aspekter ved h\u00e5ndkremen. Bruksm\u00e5ten er ogs\u00e5 angitt p\u00e5 produktemballasjen.<\/p>\n\n\n\n<p>1. Rene hender: Vask hendene f\u00f8rst for \u00e5 unng\u00e5 at smuss og andre rester p\u00e5virker h\u00e5ndkremens h\u00e5ndvaskeffekt.<\/p>\n\n\n\n<p>2. P\u00e5f\u00f8r jevnt: Ta en passende mengde h\u00e5ndkrem (ca. 1,5 cm i diameter) og p\u00e5f\u00f8r den f\u00f8rst i h\u00e5ndflaten, og p\u00e5f\u00f8r den deretter p\u00e5 hverandre med begge hender for \u00e5 sikre at alle hj\u00f8rner er dekket, spesielt tigermunnen, kanten av neglen, mellom fingrene og andre lett oversette steder.<\/p>\n\n\n\n<p>3. Riktig massasje: Masser h\u00e5ndhuden forsiktig med begge hender etter p\u00e5f\u00f8ring for \u00e5 fremme blodsirkulasjonen og absorpsjonen av h\u00e5ndkrem, spesielt fingertuppene og h\u00e5ndflatene.<\/p>\n\n\n\n<h2 class=\"wp-block-heading\">Forsiktighet<\/h2>\n\n\n\n<p>1. Utf\u00f8r en allergisk test n\u00e5r du bruker den for f\u00f8rste gang. Hvis ubehag oppst\u00e5r, m\u00e5 du slutte \u00e5 bruke den umiddelbart og kontakte lege for r\u00e5d.<\/p>\n\n\n\n<p>2. Velg forskjellige h\u00e5ndkremer i henhold til \u00e5rstid og hudtype.<\/p>\n\n\n\n<p>3. Unng\u00e5 hyppig h\u00e5ndvask, da dette kan t\u00f8rke ut hendene dine.<\/p>\n\n\n\n<p>4. Unng\u00e5 \u00e5 bruke for tykk h\u00e5ndkrem. En for tykk h\u00e5ndkrem vil gj\u00f8re at hendene dine f\u00f8les fete og ubehagelige.<\/p>\n\n\n\n<p>5. Det anbefales \u00e5 oppbevares kj\u00f8lig og t\u00f8rt, og holde produktet forseglet, for \u00e5 unng\u00e5 direkte sollys og h\u00f8ye temperaturer.<\/p>\n\n\n\n<h2 class=\"wp-block-heading\">Konklusjon<\/h2>\n\n\n\n<p>Som en produsent dedikert til \u00e5 lage h\u00e5ndkrem av h\u00f8y kvalitet for t\u00f8rre hender, er vi utstyrt med avansert produksjonsutstyr og automatiserte produksjonslinjer, etablert et solid kvalitetsstyringssystem, og har ogs\u00e5 et profesjonelt FoU-team og et stabilt forsyningskjedesystem. Derfor, enten det er en stor eller en liten bestilling, kan vi effektivt fullf\u00f8re kvaliteten. Ikke bare det, vi har ogs\u00e5 en unik tilpasningstjeneste som vil bli skreddersydd til dine behov for \u00e5 tilpasse h\u00e5ndkremformelen din. Ta kontakt med oss hvis du er interessert i h\u00e5ndkremen v\u00e5r.<\/p>\n\n\n\n<p><\/p>","protected":false},"excerpt":{"rendered":"Hand Cream For Dry Hands Manufacturing Common Formulas For dry hands, our research and development team uses a unique formula with a selection of natural plant extracts and moisturizing ingredients, which are gentle on the skin and give excellent moisturizing and repairing effects on the hands. Let&#8217;s take a look at the main role of [&hellip;]","protected":false},"featured_media":1910,"menu_order":0,"template":"","meta":[],"product-tag":[],"products":[58],"class_list":["post-1909","product","type-product","status-publish","has-post-thumbnail","hentry","products-hand-cream"],"acf":[],"_links":{"self":[{"href":"https:\/\/www.ruiqigo.com\/nb\/wp-json\/wp\/v2\/product\/1909","targetHints":{"allow":["GET"]}}],"collection":[{"href":"https:\/\/www.ruiqigo.com\/nb\/wp-json\/wp\/v2\/product"}],"about":[{"href":"https:\/\/www.ruiqigo.com\/nb\/wp-json\/wp\/v2\/types\/product"}],"version-history":[{"count":0,"href":"https:\/\/www.ruiqigo.com\/nb\/wp-json\/wp\/v2\/product\/1909\/revisions"}],"wp:featuredmedia":[{"embeddable":true,"href":"https:\/\/www.ruiqigo.com\/nb\/wp-json\/wp\/v2\/media\/1910"}],"wp:attachment":[{"href":"https:\/\/www.ruiqigo.com\/nb\/wp-json\/wp\/v2\/media?parent=1909"}],"wp:term":[{"taxonomy":"product-tag","embeddable":true,"href":"https:\/\/www.ruiqigo.com\/nb\/wp-json\/wp\/v2\/product-tag?post=1909"},{"taxonomy":"products","embeddable":true,"href":"https:\/\/www.ruiqigo.com\/nb\/wp-json\/wp\/v2\/products?post=1909"}],"curies":[{"name":"wp","href":"https:\/\/api.w.org\/{rel}","templated":true}]}}