{"id":2022,"date":"2024-11-27T14:41:54","date_gmt":"2024-11-27T06:41:54","guid":{"rendered":"https:\/\/ruiqigo.com\/?post_type=product&#038;p=2022"},"modified":"2024-11-27T14:41:54","modified_gmt":"2024-11-27T06:41:54","slug":"anti-aging-hand-cream","status":"publish","type":"product","link":"https:\/\/www.ruiqigo.com\/nb\/product\/anti-aging-hand-cream","title":{"rendered":"Anti-aldrende h\u00e5ndkrem"},"content":{"rendered":"<h2 class=\"wp-block-heading\">Vanlige formler for produksjon av antialdrende h\u00e5ndkremer<\/h2>\n\n\n\n<p>For fine linjer, flekker og andre problemer bruker v\u00e5rt FoU-team avanserte vitenskapelige formuleringer, milde naturlige ingredienser og n\u00f8ye utvalgte r\u00e5varer for \u00e5 sikre h\u00f8y kvalitet. Hovedformlene er:<\/p>\n\n\n\n<p>1. Retinol: Retinol er kjernekomponenten i anti-aldring, som kan fremme produksjonen av epitelceller og kollagen. Det \u00f8ker hudens elastisitet ved \u00e5 styrke hudens stoffskifte og fremmer avskalling av aldrende negleb\u00e5nd for \u00e5 redusere misfarging. S\u00e5 ved langvarig bruk vil hendene v\u00e5re bli delikate og glatte.<\/p>\n\n\n\n<p>2. Hyaluronsyre: Det er en sv\u00e6rt effektiv fuktighetsgivende ingrediens som kan holde vann godt inne og oppn\u00e5 en langvarig fuktighetsgivende effekt. S\u00e5 \u00e5 feste seg til h\u00e5nden vil hjelpe huden med \u00e5 opprettholde vannbalansen og unng\u00e5 problemer med t\u00f8rrhet og ruhet.<\/p>\n\n\n\n<p>3. Squalane: Squalane har en betydelig fuktighetsgivende effekt og er mild og ikke-irriterende, samtidig som den danner en beskyttende hinne. Den gir n\u00e6ring til huden p\u00e5 hendene samtidig som den forhindrer skader fra skadelige stoffer fra omverdenen, dobler st\u00f8tten og gj\u00f8r hendene v\u00e5re mykere og mer fleksible.<\/p>\n\n\n\n<p>4. Vitamin E: Det er en god antioksidant, kan motst\u00e5 skaden fra frie radikaler, hemme melaninsyntesen og ytterligere oppn\u00e5 fregner, bleking og reparasjon. Langvarig bruk kan forsinke hudens aldringsprosess.<\/p>\n\n\n\n<p>5. Naturlig planteessens: Vi tilsetter aloe vera, kamille og annen naturlig planteessens. De har en lindrende effekt og kan lindre stramhet og ubehag for\u00e5rsaket av t\u00f8rre hender.<\/p>\n\n\n\n<h2 class=\"wp-block-heading\">Funksjonene til antialdrende h\u00e5ndkrem<\/h2>\n\n\n\n<p>Som en erfaren produsent av antialdringsh\u00e5ndkremer har vi utviklet forskjellige formuleringer i henhold til dine ulike hudtyper og preferanser. I produksjonsprosessen legger vi ogs\u00e5 stor vekt p\u00e5 produktsikkerhet og har etablert et flerkanals kvalitetskontrollsystem for \u00e5 sikre produktenes sikkerhet og effektivitet. Om funksjonene kan vi l\u00e6re:<\/p>\n\n\n\n<p>1. Sv\u00e6rt fuktighetsgivende og fuktighetsgivende: Anti-aldrende h\u00e5ndkrem er rik p\u00e5 fuktighetsgivende faktorer og n\u00e6rende ingredienser, som kan gi dyp fuktighet og etterfylle vann. Samtidig vil vannet v\u00e6re godt l\u00e5st, noe som opprettholder fuktigheten i h\u00e5ndhuden, kombinert med en rik n\u00e6rende effekt, som kan gj\u00f8re hendene mykere og glattere.<\/p>\n\n\n\n<p>2. Reduser fine linjer og rynker: Under p\u00e5virkning av antioksidanter som retinol vil h\u00e5ndflekkene gradvis forsvinne, og kontinuerlig stimulere regenereringen av hudceller. Full av kollagen kan forbedre hudtekstur, redusere fine linjer og rynker og gjenopprette elastisitet.<\/p>\n\n\n\n<p>3. Lindrende og beroligende: Hvis h\u00e5nden er kraftig dehydrert, kan det f\u00f8re til grove og t\u00f8rre sprekker, noe som vil gj\u00f8re hendene mer smertefulle. V\u00e5re tilsatte naturlige planteekstrakter bidrar til \u00e5 berolige og roe ned huden uten \u00e5 irritere huden, selv ikke sensitive muskler.<\/p>\n\n\n\n<p>4. Beskyttende barriere: H\u00e5ndhuden danner en beskyttende film n\u00e5r den p\u00e5f\u00f8res, som kan motst\u00e5 skader fra det t\u00f8ffe ytre milj\u00f8et og beskytte h\u00e5ndhuden slik at hendene dine konstant f\u00e5r n\u00e6ring og glatt hud.<\/p>\n\n\n\n<p>5. Lysne huden: V\u00e5r anti-aldrende h\u00e5ndkrem reduserer ikke bare kviser og jevner ut hudtonen, men lysner den ogs\u00e5. Langvarig bruk kan oppn\u00e5 effekten av \u00e5 lysne hudfargen p\u00e5 hendene.<\/p>\n\n\n\n<h2 class=\"wp-block-heading\">Hvordan bruke antialdrende h\u00e5ndkrem?<\/h2>\n\n\n\n<p>Ved \u00e5 velge riktig antialdringsh\u00e5ndkrem for din hudtype og dine behov, og holde deg til den, kan du effektivt forbedre aldringen av h\u00e5ndhuden din. Vi bruker den, og den trygge formelen og annen informasjon er merket p\u00e5 emballasjen, slik at du kan lese den i detalj og bruke den med ro i sinnet.<\/p>\n\n\n\n<p>1. Skyll med varmt vann og t\u00f8rk forsiktig med et h\u00e5ndkle f\u00f8r bruk;<\/p>\n\n\n\n<p>2. P\u00e5f\u00f8r en passende mengde anti-aldrings h\u00e5ndkrem i h\u00e5ndflaten og gni inn med begge hender. Fordel h\u00e5ndkremen jevnt p\u00e5 begge hender, og s\u00f8rg for at h\u00e5ndbaken, fingers\u00f8mmene og fingertuppene ogs\u00e5 p\u00e5f\u00f8res.<\/p>\n\n\n\n<p>3. Masser hendene forsiktig etter p\u00e5f\u00f8ring for at h\u00e5ndkremen skal absorberes bedre;<\/p>\n\n\n\n<p>4. P\u00e5f\u00f8r h\u00e5ndkrem p\u00e5 nytt n\u00e5r hendene dine er spesielt t\u00f8rre.<\/p>\n\n\n\n<h2 class=\"wp-block-heading\">Forsiktighet<\/h2>\n\n\n\n<p>1. Velg den mest passende anti-aldringsh\u00e5ndkremen i henhold til din hudtype og behov;<\/p>\n\n\n\n<p>2. Hvis det oppst\u00e5r ubehag f\u00f8r f\u00f8rste gangs bruk av en avansert allergisk test, m\u00e5 du umiddelbart slutte \u00e5 bruke den og kontakte lege.<\/p>\n\n\n\n<p>3. Unng\u00e5 overdreven bruk, ellers vil det f\u00f8re til fet hud og tette porene;<\/p>\n\n\n\n<p>4. V\u00e6r oppmerksom p\u00e5 brukshyppigheten. Det anbefales \u00e5 bruke etter h\u00e5ndvask morgen og kveld hvis det t\u00f8rre og kalde milj\u00f8et kan \u00f8ke brukshyppigheten p\u00e5 passende m\u00e5te.<\/p>\n\n\n\n<p>5. Det anbefales \u00e5 oppbevare p\u00e5 et kj\u00f8lig og t\u00f8rt sted og unng\u00e5 h\u00f8ye temperaturer og fuktige milj\u00f8er.<\/p>\n\n\n\n<h2 class=\"wp-block-heading\">Konklusjon<\/h2>\n\n\n\n<p>V\u00e5r anti-aldrende h\u00e5ndkrem er et konkurransedyktig produkt med milde ingredienser, unike formel og overlegen effekt. Samtidig er den tilpassede tjenesten vi tilbyr ogs\u00e5 av h\u00f8y kvalitet, og vi vil lage en spesiell formel for deg i henhold til dine behov. I mellomtiden justerer vi kontinuerlig basert p\u00e5 tilbakemeldingene dine for \u00e5 oppn\u00e5 de beste resultatene. Hvis du ogs\u00e5 \u00f8nsker \u00e5 oppleve dens unike sjarm, kan du kontakte oss.<\/p>","protected":false},"excerpt":{"rendered":"Anti-Aging Hand Cream Manufacturing Common Formulas For fine lines, stains, and other problems, our R&amp;D team uses advanced scientific formulations, mild natural ingredients, and carefully selected raw materials to ensure high quality. The main formulas are: 1. Retinol: Retinol is the core component of anti-aging, which can promote the production of epithelial cells and collagen. [&hellip;]","protected":false},"featured_media":2023,"menu_order":0,"template":"","meta":[],"product-tag":[],"products":[58],"class_list":["post-2022","product","type-product","status-publish","has-post-thumbnail","hentry","products-hand-cream"],"acf":[],"_links":{"self":[{"href":"https:\/\/www.ruiqigo.com\/nb\/wp-json\/wp\/v2\/product\/2022","targetHints":{"allow":["GET"]}}],"collection":[{"href":"https:\/\/www.ruiqigo.com\/nb\/wp-json\/wp\/v2\/product"}],"about":[{"href":"https:\/\/www.ruiqigo.com\/nb\/wp-json\/wp\/v2\/types\/product"}],"version-history":[{"count":0,"href":"https:\/\/www.ruiqigo.com\/nb\/wp-json\/wp\/v2\/product\/2022\/revisions"}],"wp:featuredmedia":[{"embeddable":true,"href":"https:\/\/www.ruiqigo.com\/nb\/wp-json\/wp\/v2\/media\/2023"}],"wp:attachment":[{"href":"https:\/\/www.ruiqigo.com\/nb\/wp-json\/wp\/v2\/media?parent=2022"}],"wp:term":[{"taxonomy":"product-tag","embeddable":true,"href":"https:\/\/www.ruiqigo.com\/nb\/wp-json\/wp\/v2\/product-tag?post=2022"},{"taxonomy":"products","embeddable":true,"href":"https:\/\/www.ruiqigo.com\/nb\/wp-json\/wp\/v2\/products?post=2022"}],"curies":[{"name":"wp","href":"https:\/\/api.w.org\/{rel}","templated":true}]}}