{"id":2062,"date":"2024-11-29T15:24:06","date_gmt":"2024-11-29T07:24:06","guid":{"rendered":"https:\/\/ruiqigo.com\/?post_type=product&#038;p=2062"},"modified":"2024-11-29T15:27:04","modified_gmt":"2024-11-29T07:27:04","slug":"no-crack-hand-cream","status":"publish","type":"product","link":"https:\/\/www.ruiqigo.com\/nb\/product\/no-crack-hand-cream","title":{"rendered":"H\u00e5ndkrem som ikke sprekker"},"content":{"rendered":"<h2 class=\"wp-block-heading\">Vanlige formler for produksjon av h\u00e5ndkrem uten sprekkdannelser<\/h2>\n\n\n\n<p>V\u00e5rt forsknings- og utviklingsteam utviklet en dyptvirkende, fuktighetsgivende og reparerende formel for problemet med t\u00f8rre og sprukne hender under utviklingen, med m\u00e5l om \u00e5 l\u00f8se skader for\u00e5rsaket av t\u00f8ffe milj\u00f8er p\u00e5 hendene. Disse ingrediensene fungerer sammen for \u00e5 pleie hendene dine. Hovedingrediensene er:<\/p>\n\n\n\n<p>1. <strong>Glyserin:<\/strong> Glyserin er en vanlig fuktighetskrem som absorberer vann og holder det p\u00e5 plass. Denne fuktighetsgivende effekten sikrer at huden p\u00e5 hendene forblir hydrert selv i t\u00f8rre milj\u00f8er. Samtidig kan glyserin ogs\u00e5 danne en beskyttende film, fukte h\u00e5ndhuden og forbedre problemet med ru hender og t\u00f8rre sprekker.<\/p>\n\n\n\n<p>2. <strong>Hyaluronsyre:<\/strong> Hyaluronsyre har en utmerket fuktighetsgivende effekt, kan absorbere mye vann og forhindre vanntap. Samtidig kan den ogs\u00e5 forbedre barrierefunksjonen til h\u00e5ndhuden, redusere skader fra det t\u00f8ffe ytre milj\u00f8et p\u00e5 huden og ytterligere fremme reparasjon og regenerering av hudceller. Langvarig bruk kan gjenopprette helsen til skadede hender.<\/p>\n\n\n\n<p>3.<strong> Ceramid:<\/strong> Ceramid kan akselerere hudens reparasjonsprosess, det kan lindre t\u00f8rrstimulering for\u00e5rsaket av det ytre milj\u00f8et p\u00e5 huden, og fremme regenerering av hudceller. Dessuten kan det ogs\u00e5 hemme genereringen av melanin, og langvarig bruk kan oppn\u00e5 en blekingseffekt. Samtidig har det ogs\u00e5 en viss antialdringsevne, noe som kan gj\u00f8re huden p\u00e5 hendene strammere og mer elastisk.<\/p>\n\n\n\n<p>4. <strong>Aloe vera:<\/strong> I tillegg til sin kraftige fuktighetsgivende funksjon har naturlig aloe vera-ekstrakt ogs\u00e5 en lindrende anti-sensitivitetseffekt, som kan lindre ubehag for\u00e5rsaket av t\u00f8rrirritasjon i huden p\u00e5 hendene. Samtidig kan det fremme reparasjon og regenerering av hudceller, akselerere helbredelsen av t\u00f8rre sprekker og gj\u00f8re hendene dine sunnere og mer hydrerte.<\/p>\n\n\n\n<p>5. <strong>Piggh\u00e5 vaskebj\u00f8rn:<\/strong> Piggh\u00e5vad kan danne en beskyttende film p\u00e5 overflaten av h\u00e5ndhuden, redusere skader fra det ytre milj\u00f8et og holde h\u00e5ndhuden hydrert. Den gir ogs\u00e5 n\u00e6ringsstoffer og fuktighet dypt inn i huden, noe som fremskynder reparasjonsprosessen av skadet hud.<\/p>\n\n\n\n<h2 class=\"wp-block-heading\">Funksjonene til h\u00e5ndkrem som ikke sprekker<\/h2>\n\n\n\n<p>Ved produksjonstidspunktet kombinerte vi de fleste t\u00f8rre og flassingfremkallende hender for \u00e5 designe denne h\u00e5ndkremen som ikke bare er mild, men som ogs\u00e5 har flere effekter, alle aspekter ved reparasjon av h\u00e5ndhuden. N\u00e5r du velger en h\u00e5ndkrem, anbefales det at du velger et produkt som passer for deg i henhold til din hudtilstand og dine preferanser. Her er hovedfunksjonene:<\/p>\n\n\n\n<p>1. <strong>Langvarig fuktighetsgivende og ikke-klebrig:<\/strong> Vi bruker en rekke ingredienser som har en sterk fuktighetsgivende effekt, kan gi dyp fuktighet og holde p\u00e5 fuktigheten. H\u00e5ndkremen v\u00e5r er ikke klissete, og gir en god f\u00f8lelse n\u00e5r den brukes.<\/p>\n\n\n\n<p>2. <strong>Reparasjon og regenerering: <\/strong>H\u00e5ndkremen v\u00e5r kan gi tilstrekkelige n\u00e6ringsstoffer, forbedre hudens barrierefunksjon og ytterligere fremme reparasjon og regenerering av hudceller. Samtidig kan den ogs\u00e5 redusere skader fra det ytre milj\u00f8et p\u00e5 huden, noe som bidrar til \u00e5 forbedre problemet med ru og t\u00f8rr hud p\u00e5 hendene.<\/p>\n\n\n\n<p>3. <strong>Beroligende og anti-sensitivitet<\/strong>Vi har tilsatt aloe vera og andre ingredienser som har en sensitivitetsdempende og lindrende effekt, noe som bidrar til \u00e5 lindre smerte og ubehag for\u00e5rsaket av t\u00f8rr og allergisk hud p\u00e5 hendene. Glatter ut skadet hud og gj\u00f8r hendene sunnere.<\/p>\n\n\n\n<p>4. <strong>Mild og ikke-stimulerende: <\/strong>R\u00e5varene i produksjonsprosessen er n\u00f8ye utvalgt og inneholder ingen skadelige stoffer. Ingrediensene v\u00e5re er naturlige og sk\u00e5nsomme, og passer for de fleste hudtyper, spesielt sensitive. Vi unng\u00e5r ogs\u00e5 sekund\u00e6r skade p\u00e5 huden p\u00e5 hendene dine med alkohol og andre irriterende stoffer.<\/p>\n\n\n\n<p>5. <strong>Beskyttelse og isolasjon:<\/strong> Oljen i h\u00e5ndkremen v\u00e5r kan danne en beskyttende film p\u00e5 hudoverflaten for \u00e5 isolere det ytre milj\u00f8et som ultrafiolett lys og kald og t\u00f8rr hud. Bruk den regelmessig for \u00e5 gj\u00f8re hendene dine glattere og mer delikate.<\/p>\n\n\n\n<h2 class=\"wp-block-heading\">Hvordan bruke h\u00e5ndkrem som ikke sprekker?<\/h2>\n\n\n\n<p>Som en profesjonell produsent av h\u00e5ndkremer som ikke sprekker, legger vi stor vekt p\u00e5 produktkvalitet og -sikkerhet, samt brukeropplevelsen. Derfor har vi et strengt kvalitetsstyringssystem for \u00e5 sikre produktene v\u00e5re. Samtidig designer vi den tilh\u00f8rende emballasjen i henhold til dine behov. Vi vil merke produktets spesifikasjoner og bruksm\u00e5te p\u00e5 emballasjen.<\/p>\n\n\n\n<p>1. <strong>Rene hender:<\/strong> F\u00f8r bruk, vask hendene med varmt vann og t\u00f8rk dem forsiktig. Dette bidrar til at h\u00e5ndkremen absorberes bedre;<\/p>\n\n\n\n<p>2. <strong>P\u00e5f\u00f8r jevnt: <\/strong>P\u00e5f\u00f8r en passende mengde h\u00e5ndkrem som ikke sprekker i h\u00e5ndflaten og fordel den jevnt p\u00e5 begge hender, spesielt p\u00e5 h\u00e5ndbaken, fingrene og andre steder som er lette \u00e5 ignorere.<\/p>\n\n\n\n<p>3. <strong>Massasjeabsorpsjon:<\/strong> Etter jevn p\u00e5f\u00f8ring kan du forsiktig massere hendene med fingrene, spesielt leddene og andre kanter, for at h\u00e5ndkremen skal trenge bedre inn i huden.<\/p>\n\n\n\n<p>4. <strong>P\u00e5f\u00f8r p\u00e5 nytt umiddelbart:<\/strong> P\u00e5f\u00f8r h\u00e5ndkremen v\u00e5r p\u00e5 nytt hver gang du vasker hendene, eller n\u00e5r hendene dine er t\u00f8rre, for \u00e5 holde dem fuktige.<\/p>\n\n\n\n<h2 class=\"wp-block-heading\">Forsiktighet<\/h2>\n\n\n\n<p>1. N\u00e5r du velger h\u00e5ndkrem, b\u00f8r du velge et produkt som passer for deg i henhold til din hudtype og behov;<\/p>\n\n\n\n<p>2. Det anbefales \u00e5 utf\u00f8re en allergitest ved f\u00f8rste gangs bruk. Hvis det oppst\u00e5r ubehag, m\u00e5 du slutte \u00e5 bruke produktet umiddelbart og skylle med vann.<\/p>\n\n\n\n<p>3. Unng\u00e5 overdreven bruk. Riktig mengde h\u00e5ndkrem kan fukte hendene dine. For mye bruk kan gj\u00f8re dem fete og vanskelige \u00e5 absorbere.<\/p>\n\n\n\n<p>4. \u00c5 holde hendene varme kan redusere fenomenet med t\u00f8rr og sprukken hud p\u00e5 hendene, spesielt i kalde og t\u00f8rre milj\u00f8er;<\/p>\n\n\n\n<p>5. Det anbefales \u00e5 oppbevares kj\u00f8lig og t\u00f8rt for \u00e5 unng\u00e5 at h\u00e5ndkremen forringes av h\u00f8y temperatur og fuktig milj\u00f8.<\/p>\n\n\n\n<h2 class=\"wp-block-heading\">Konklusjon<\/h2>\n\n\n\n<p>Som en produsent av h\u00e5ndkremer som ikke sprekker seg og som forf\u00f8lger kvalitet og detaljer, har vi avansert produksjonsutstyr og et profesjonelt forsknings- og utviklingsteam. Ikke bare det, n\u00e5r det gjelder produksjonsprosessen for h\u00e5ndkrem, integrerer vi naturlige planteekstrakter og avanserte fuktighetsgivende faktorer, som effektivt kan lindre t\u00f8rre, sprukne og flassende hender. Bruken av rask absorpsjonsteknologi, slik at h\u00e5ndkremen raskt trenger inn i huden, ikke klissete, gir deg en frisk og behagelig opplevelse. Enten det er produktformulering eller emballasje, vil vi skape et unikt merke i henhold til dine behov. Hvis du er interessert i v\u00e5r h\u00e5ndkrem som ikke sprekker seg, vennligst kontakt oss umiddelbart.<\/p>","protected":false},"excerpt":{"rendered":"No-Crack Hand Cream Manufacturing Common Formulas Our research and development team designed a deep moisturizing repair formula for the problem of dry and cracked hands during the design, aiming to solve the damage caused by harsh environments to hands. These ingredients work together to care for your hands. The main ingredients are: 1. Glycerin: Glycerin [&hellip;]","protected":false},"featured_media":2063,"menu_order":0,"template":"","meta":[],"product-tag":[],"products":[58],"class_list":["post-2062","product","type-product","status-publish","has-post-thumbnail","hentry","products-hand-cream"],"acf":[],"_links":{"self":[{"href":"https:\/\/www.ruiqigo.com\/nb\/wp-json\/wp\/v2\/product\/2062","targetHints":{"allow":["GET"]}}],"collection":[{"href":"https:\/\/www.ruiqigo.com\/nb\/wp-json\/wp\/v2\/product"}],"about":[{"href":"https:\/\/www.ruiqigo.com\/nb\/wp-json\/wp\/v2\/types\/product"}],"version-history":[{"count":0,"href":"https:\/\/www.ruiqigo.com\/nb\/wp-json\/wp\/v2\/product\/2062\/revisions"}],"wp:featuredmedia":[{"embeddable":true,"href":"https:\/\/www.ruiqigo.com\/nb\/wp-json\/wp\/v2\/media\/2063"}],"wp:attachment":[{"href":"https:\/\/www.ruiqigo.com\/nb\/wp-json\/wp\/v2\/media?parent=2062"}],"wp:term":[{"taxonomy":"product-tag","embeddable":true,"href":"https:\/\/www.ruiqigo.com\/nb\/wp-json\/wp\/v2\/product-tag?post=2062"},{"taxonomy":"products","embeddable":true,"href":"https:\/\/www.ruiqigo.com\/nb\/wp-json\/wp\/v2\/products?post=2062"}],"curies":[{"name":"wp","href":"https:\/\/api.w.org\/{rel}","templated":true}]}}