{"id":2196,"date":"2024-12-06T16:37:24","date_gmt":"2024-12-06T08:37:24","guid":{"rendered":"https:\/\/ruiqigo.com\/?post_type=product&#038;p=2196"},"modified":"2024-12-06T16:39:38","modified_gmt":"2024-12-06T08:39:38","slug":"shea-moisture-conditioner","status":"publish","type":"product","link":"https:\/\/www.ruiqigo.com\/nb\/product\/shea-moisture-conditioner","title":{"rendered":"Shea fuktighetsgivende balsam"},"content":{"rendered":"<h2 class=\"wp-block-heading\">Vanlige formler for produksjon av shea fuktighetsgivende balsam<\/h2>\n\n\n\n<p>Som produsent av fuktighetsgivende balsamer av h\u00f8y kvalitet med shea bruker vi en helt naturlig formel uten skadelige tilsetningsstoffer. Vi har ogs\u00e5 laget denne dypt n\u00e6rende, multireparerende balsamen gjennom vitenskapelig matching og presisjonsbehandling, i h\u00e5p om \u00e5 f\u00e5 h\u00e5ret ditt til \u00e5 skinne igjen.<\/p>\n\n\n\n<p>1. <strong>Shea-fuktighet<\/strong>Shea-fuktighetsgivende effekt: Den danner en beskyttende film p\u00e5 h\u00e5ret for \u00e5 holde det hydrert og glatt. Dessuten er den rik p\u00e5 en rekke n\u00e6ringsstoffer som kan gi h\u00e5ret dyp n\u00e6ring, reparere skadet h\u00e5r og fylle p\u00e5 n\u00f8dvendige n\u00e6ringsstoffer, noe som gj\u00f8r h\u00e5ret sterkere og mer skinnende. Samtidig ligner den p\u00e5 oljen p\u00e5 hudoverflaten, som raskt trenger inn, absorberes og mykgj\u00f8r keratinen, noe som gj\u00f8r h\u00e5ret mykere.<\/p>\n\n\n\n<p>2. <strong>Keratin<\/strong>Den kan reparere skadede h\u00e5rskjell og effektivt motst\u00e5 ytre skader, som ultrafiolett lys, stryking og h\u00e5rfarging, for \u00e5 beskytte h\u00e5rets helse.<\/p>\n\n\n\n<p>3. <strong>Emulgatorer:<\/strong> Emulgatorer har en sm\u00f8rende effekt, som kan bidra til at balsamen p\u00e5f\u00f8res jevnere i h\u00e5ret og forbedrer glattheten.<\/p>\n\n\n\n<p>4. <strong>Naturlig planteessens:<\/strong> Naturlig planteessens kan ikke bare balansere oljesekresjonen og berolige hodebunnen, men aromaen av forskjellige planteessenser vil ogs\u00e5 hjelpe deg med \u00e5 slappe av hodebunnen bedre og lindre stress. Den har ogs\u00e5 antibakterielle og betennelsesdempende egenskaper, som effektivt kan kurere hodebunnsinfeksjoner og allergier.<\/p>\n\n\n\n<p>5. <strong>Fuktighetsgivende faktor:<\/strong> Fuktighetsgivende faktor gir h\u00e5ret dyp n\u00e6ring, den holder p\u00e5 fuktigheten og forhindrer fuktighetstap. Forbedrer deretter t\u00f8rt og krusete h\u00e5r, og la h\u00e5ret gjenopprette glans og glatthet.<\/p>\n\n\n\n<h2 class=\"wp-block-heading\">Funksjonene til Shea Moisture Conditioner<\/h2>\n\n\n\n<p>I produksjonsprosessen av shea-fuktighetsgivende balsam kombinerer vi moderne teknologi for \u00e5 n\u00f8ye utvinne og dosere shea-fuktighet for \u00e5 sikre at fordelene maksimeres. Samtidig, for \u00e5 sikre at r\u00e5varene v\u00e5re er trygge og p\u00e5litelige og stammer fra naturen, velger vi n\u00f8ye leverand\u00f8rer av r\u00e5varer av h\u00f8y kvalitet og foretar regelmessige stikkpr\u00f8vekontroller. Slik at du kan v\u00e6re trygg p\u00e5 \u00e5 bruke produktene v\u00e5re, er f\u00f8lgende hovedeffekter:<\/p>\n\n\n\n<p>1.<strong> Fuktighetsgivende og fuktighetsgivende:<\/strong> V\u00e5r kjerneingrediens, shea-fuktighet, kan trenge dypt inn i h\u00e5ret for \u00e5 etterfylle fuktighet og effektivt forhindre fordampning av fuktighet, samtidig som den gir rike n\u00e6ringsstoffer som fukter h\u00e5ret og holder det fuktet lenge.<\/p>\n\n\n\n<p>2.<strong> Isolasjonsbeskyttelse: <\/strong>Shea-fuktighetsgivende balsam kan gi en viss UV-beskyttelse, som kan forhindre varmefiksering, stryking og solskader.<\/p>\n\n\n\n<p>3. <strong>Myk og glatt: <\/strong>Balsamen v\u00e5r kan mykgj\u00f8re h\u00e5rets keratin, forhindre at h\u00e5ret floker seg og blir mer smidig og glansfullt etter langvarig bruk.<\/p>\n\n\n\n<p>4. <strong>Intensiv reparasjon: <\/strong>Bruk av shea-fuktighetsgivende balsam er gunstig for \u00e5 reparere skadet h\u00e5rvev, spesielt etter stryking og farging. Du kan bruke h\u00e5rbalsamen v\u00e5r for \u00e5 beskytte h\u00e5ret. Samtidig kan den ogs\u00e5 styrke h\u00e5rets struktur, og regelmessig bruk kan forbedre problemet med t\u00f8rt og sprukket h\u00e5r, slik at h\u00e5ret blir sterkere og mer elastisk.<\/p>\n\n\n\n<p>5. <strong>Antibakteriell og betennelsesdempende:<\/strong> I tillegg til den sterke fuktighetsgivende effekten, kan den ogs\u00e5 kurere hodebunnsinfeksjoner og allergier, noe som bidrar til \u00e5 opprettholde helsen til h\u00e5r og hodebunn og fremme vekst ytterligere.<\/p>\n\n\n\n<h2 class=\"wp-block-heading\">Hvordan bruke shea fuktighetsgivende balsam?<\/h2>\n\n\n\n<p>V\u00e5r Shea-fuktighetsgivende balsam passer for de fleste h\u00e5rtyper, og vi justerer formuleringene v\u00e5re slik at de passer til ulike h\u00e5rtyper. S\u00e5 n\u00e5r du velger en balsam, b\u00f8r du velge et produkt som passer best for deg i henhold til h\u00e5rkvaliteten og h\u00e5rpleiebehovene dine. Vi vil ogs\u00e5 merke bruken p\u00e5 pakken, vennligst les den n\u00f8ye.<\/p>\n\n\n\n<p>1. <strong>Sjampo: <\/strong>Skyll h\u00e5ret med varmt vann og sjampo for \u00e5 fjerne olje og smuss fra h\u00e5ret, og s\u00f8rg for at hodebunnen og h\u00e5ret er rent og bidrar til at balsamen absorberes.<\/p>\n\n\n\n<p>2. <strong>P\u00e5f\u00f8r balsam: <\/strong>Avhengig av h\u00e5rmengden din, ta riktig mengde balsam og p\u00e5f\u00f8r den jevnt i h\u00e5ret og h\u00e5rtuppene. Du kan p\u00e5f\u00f8re mer p\u00e5 t\u00f8rre og todelte steder. V\u00e6r forsiktig s\u00e5 du ikke sm\u00f8rer utover i hodebunnen.<\/p>\n\n\n\n<p>3.<strong> St\u00e5absorpsjon: <\/strong>Etter p\u00e5f\u00f8ring kan du gre h\u00e5ret jevnt med h\u00e5rkammen for \u00e5 sikre at balsamen er jevnt fordelt i h\u00e5ret, og deretter vente 3\u20135 minutter slik at den trekker inn i h\u00e5ret. Hvis du \u00f8nsker en dyp behandling, kan du forlenge ventetiden (10\u201330 minutter).<\/p>\n\n\n\n<p>4. <strong>Vask med varmt vann:<\/strong> La det virke og skyll det deretter med vann. Forsikre deg om at det ikke er igjen balsam i h\u00e5ret, og t\u00f8rk det forsiktig med et h\u00e5ndkle.<\/p>\n\n\n\n<p>5. <strong>Matchende omsorg:<\/strong> For \u00e5 t\u00f8rke h\u00e5ret kan du p\u00e5f\u00f8re eterisk h\u00e5rpleieolje i samme posisjon, og deretter f\u00f8ne det med en h\u00e5rf\u00f8ner eller luftt\u00f8rke det. Dobbel balsam bidrar til \u00e5 gj\u00f8re h\u00e5ret mykere og glattere.<\/p>\n\n\n\n<h2 class=\"wp-block-heading\">Forsiktighet<\/h2>\n\n\n\n<p>1. N\u00e5r du bruker en avansert allergitest for f\u00f8rste gang, m\u00e5 du slutte \u00e5 bruke den umiddelbart hvis det oppst\u00e5r ubehag.<\/p>\n\n\n\n<p>2. Shea fuktighetsgivende balsam er en pasta ved romtemperatur, s\u00e5 gni den inn i h\u00e5ndflaten f\u00f8r du p\u00e5f\u00f8rer den i h\u00e5ret for \u00e5 fremme absorpsjon.<\/p>\n\n\n\n<p>3. V\u00e6r oppmerksom p\u00e5 prinsippet om riktig mengde n\u00e5r du bruker, for mye balsam kan f\u00f8re til fett h\u00e5r og p\u00e5virke effekten av balsamen.<\/p>\n\n\n\n<p>3. Det anbefales \u00e5 bruke shea-fuktighetsgivende balsam 1\u20132 ganger i uken, og overdreven bruk kan f\u00f8re til overdreven h\u00e5rbelastning og p\u00e5virke h\u00e5rteksturen.<\/p>\n\n\n\n<p>4. Unng\u00e5 \u00e5 p\u00e5f\u00f8re i hodebunnen, ellers kan det tette porene i hodebunnen og for\u00e5rsake en rekke hodebunnsproblemer.<\/p>\n\n\n\n<p>5. Det anbefales \u00e5 oppbevares kj\u00f8lig og t\u00f8rt for \u00e5 unng\u00e5 direkte sollys og h\u00f8ye temperaturer. Dette kan f\u00f8re til at balsamen forringes og dermed p\u00e5virkes.<\/p>\n\n\n\n<h2 class=\"wp-block-heading\">Konklusjon<\/h2>\n\n\n\n<p>Kvalitetsprodukter er n\u00f8kkelen til \u00e5 vinne markedet. Vi kontrollerer strengt hvert ledd i produksjonen og har ulike kvalitetstestsystemer for \u00e5 sikre produktenes sikkerhet og effektivitet. Samtidig tilbyr vi et komplett utvalg av tilpassede tjenester, som vil v\u00e6re basert p\u00e5 dine krav for \u00e5 designe formel og emballasje. I l\u00f8pet av denne perioden vil vi kontinuerlig justere i henhold til tilbakemeldingene dine og strebe etter perfeksjon. Kontakt oss hvis du vil vite mer.<\/p>","protected":false},"excerpt":{"rendered":"Shea Moisture Conditioner Manufacturing Common Formulas As a manufacturer of high-quality shea moisture conditioners, we use an all-natural formula with no harmful additives. We have also created this deeply nourishing, multi-repair conditioner through scientific matching and precision processing, hoping to make your hair shine again. 1. Shea moisture: Shea moisture has a great moisturizing effect, [&hellip;]","protected":false},"featured_media":2197,"menu_order":0,"template":"","meta":[],"product-tag":[],"products":[52],"class_list":["post-2196","product","type-product","status-publish","has-post-thumbnail","hentry","products-conditioner"],"acf":[],"_links":{"self":[{"href":"https:\/\/www.ruiqigo.com\/nb\/wp-json\/wp\/v2\/product\/2196","targetHints":{"allow":["GET"]}}],"collection":[{"href":"https:\/\/www.ruiqigo.com\/nb\/wp-json\/wp\/v2\/product"}],"about":[{"href":"https:\/\/www.ruiqigo.com\/nb\/wp-json\/wp\/v2\/types\/product"}],"version-history":[{"count":0,"href":"https:\/\/www.ruiqigo.com\/nb\/wp-json\/wp\/v2\/product\/2196\/revisions"}],"wp:featuredmedia":[{"embeddable":true,"href":"https:\/\/www.ruiqigo.com\/nb\/wp-json\/wp\/v2\/media\/2197"}],"wp:attachment":[{"href":"https:\/\/www.ruiqigo.com\/nb\/wp-json\/wp\/v2\/media?parent=2196"}],"wp:term":[{"taxonomy":"product-tag","embeddable":true,"href":"https:\/\/www.ruiqigo.com\/nb\/wp-json\/wp\/v2\/product-tag?post=2196"},{"taxonomy":"products","embeddable":true,"href":"https:\/\/www.ruiqigo.com\/nb\/wp-json\/wp\/v2\/products?post=2196"}],"curies":[{"name":"wp","href":"https:\/\/api.w.org\/{rel}","templated":true}]}}