{"id":2238,"date":"2024-12-10T16:11:57","date_gmt":"2024-12-10T08:11:57","guid":{"rendered":"https:\/\/ruiqigo.com\/?post_type=product&#038;p=2238"},"modified":"2024-12-10T16:13:07","modified_gmt":"2024-12-10T08:13:07","slug":"vanilla-essential-oil","status":"publish","type":"product","link":"https:\/\/www.ruiqigo.com\/nb\/product\/vanilla-essential-oil","title":{"rendered":"Vanilje essensiell olje"},"content":{"rendered":"<h2 class=\"wp-block-heading\">Vanlige formler for produksjon av essensiell vaniljeolje<\/h2>\n\n\n\n<p>I produksjonen av vaniljeessensiell olje har vi utviklet en rekke vitenskapelige formuleringer i henhold til ulike h\u00e5rtyper og preferanser, med m\u00e5l om \u00e5 gi deg trygg og effektiv essensiell olje for h\u00e5rpleie.<\/p>\n\n\n\n<p>1. Vaniljeolje: Den spiller en viktig rolle som en kjerneingrediens. I tillegg til \u00e5 gi h\u00e5ret tilstrekkelig fuktighet og n\u00e6ringsstoffer, kan den trenge dypt inn i h\u00e5ret for \u00e5 reparere skadet h\u00e5rtekstur og gjenopprette h\u00e5rets elastisitet. Samtidig har den ogs\u00e5 en viss reparasjonseffekt, styrker h\u00e5rr\u00f8ttene og forhindrer at h\u00e5ret t\u00f8rker ut, knekker og deler seg.<\/p>\n\n\n\n<p>2. Vitaminer: Vaniljeolje er rik p\u00e5 en rekke vitaminer, de har en viss antioksidanteffekt og kan motst\u00e5 skaden fra frie radikaler, for \u00e5 beskytte h\u00e5ret mot skader fra det ytre milj\u00f8et.<\/p>\n\n\n\n<p>3. Vanillin: Hovedkilden til vaniljesmak, denne rike aromaen kan hjelpe deg med \u00e5 slappe av, lindre stress og gi en god brukeropplevelse.<\/p>\n\n\n\n<p>4. Eugenol: Vaniljeolje har antibakterielle og betennelsesdempende egenskaper som reduserer betennelse i hodebunnen og reparerer skadede h\u00e5rsekker. Det forbedrer ogs\u00e5 blodsirkulasjonen, noe som fremmer h\u00e5rvekst.<\/p>\n\n\n\n<h2 class=\"wp-block-heading\">Funksjonene til vaniljeolje<\/h2>\n\n\n\n<p>Som en profesjonell produsent av vaniljeolje er vi forpliktet til \u00e5 lage produkter av h\u00f8y kvalitet og med h\u00f8y ytelse for deg. Ikke bare n\u00f8ye utvalgte r\u00e5varer, men ogs\u00e5 bruk av avansert ekstraksjonsteknologi og pressing for \u00e5 sikre produktets maksimale effektivitet.<\/p>\n\n\n\n<p>1. Fuktighetsgivende og n\u00e6rende: Vaniljeolje har en effektiv fuktighetsgivende effekt og er rik p\u00e5 en rekke n\u00e6ringsstoffer, som ikke bare kan supplere n\u00e6ring dypt inn i h\u00e5ret, men ogs\u00e5 danne en beskyttende film p\u00e5 h\u00e5ret som l\u00e5ser inne vann, og dermed forhindrer at h\u00e5ret t\u00f8rker ut og knekker. Langvarig bruk vil gj\u00f8re h\u00e5ret mykt og skinnende.<\/p>\n\n\n\n<p>2. Forbedre h\u00e5rkvaliteten: P\u00e5f\u00f8ring av eterisk h\u00e5rpleieolje vil reparere skadet h\u00e5r og forbedre barrierefunksjonen. For t\u00f8rt, \u00f8delagt og splittet h\u00e5r vil h\u00e5ret ditt bli sterkere og sunnere s\u00e5 lenge du insisterer p\u00e5 \u00e5 bruke det.<\/p>\n\n\n\n<p>3. Varig duft: Vaniljeolje har en unik aroma som er behagelig \u00e5 bruke. Den kan ogs\u00e5 slappe av kropp og sinn og lindre stress og tretthet. Samtidig varer denne sjarmerende aromaeffekten og forbedrer ogs\u00e5 det personlige temperamentet.<\/p>\n\n\n\n<p>4. Beroligende og betennelsesdempende: V\u00e5re essensielle oljer inneholder betennelsesdempende og lindrende ingredienser som beroliger hodebunnen, eliminerer betennelse, reduserer flass og kl\u00f8e ytterligere, og gj\u00f8r h\u00e5ret sunnere.<\/p>\n\n\n\n<p>5. Fremmer h\u00e5rvekst: Vaniljeolje kan stimulere blodsirkulasjonen i hodebunnen og gi flere n\u00e6ringsstoffer til h\u00e5rsekkene, og dermed fremme h\u00e5rvekst og gj\u00f8re h\u00e5ret sunnere og tettere.<\/p>\n\n\n\n<h2 class=\"wp-block-heading\">Hvordan bruke vaniljeolje?<\/h2>\n\n\n\n<p>Vi legger stor vekt p\u00e5 produktkvalitet, s\u00e5 i produksjonsprosessen av vaniljeolje har vi ulike kvalitetstestsystemer for \u00e5 sikre produktenes kvalitet og sikkerhet. Vi vil ogs\u00e5 ta pr\u00f8ver av det ferdige produktet for \u00e5 sikre at hver flaske har en stabil ytelse. Samtidig vil vi ogs\u00e5 merke bruken av emballasjen.<\/p>\n\n\n\n<p>1. F\u00f8r sjamponering: P\u00e5f\u00f8r jevnt en passende mengde vaniljeolje i h\u00e5r og hodebunn og masser forsiktig fingersiden. Pakk deretter h\u00e5ret inn i et h\u00e5ndkle og la det virke i 10\u201315 minutter f\u00f8r sjamponering.<\/p>\n\n\n\n<p>2. Etter sjamponering: Etter sjamponering kan du bruke det to ganger. F\u00f8rste gang t\u00f8rker du h\u00e5ret forsiktig med et h\u00e5ndkle, tar en passende mengde vaniljeolje, gnir og varmer den opp, og fordeler den deretter jevnt i midten til tuppen av h\u00e5ret. Deretter kan du massere h\u00e5ret forsiktig og la det luftt\u00f8rke eller f\u00f8ne det med en h\u00e5rf\u00f8ner. Andre gang gjentar du operasjonen n\u00e5r h\u00e5ret er litt t\u00f8rt, og fortsetter deretter \u00e5 t\u00f8rke. V\u00e6r forsiktig s\u00e5 du ikke p\u00e5f\u00f8rer det i hodebunnen under denne prosessen, da det kan tette porene.<\/p>\n\n\n\n<p>3. Daglig pleie: N\u00e5r h\u00e5ret er t\u00f8rt, kan du gni inn en liten mengde eterisk h\u00e5rpleieolje, p\u00e5f\u00f8re den i tuppen av h\u00e5ret etter oppvarming, og massere den forsiktig for \u00e5 absorbere den.<\/p>\n\n\n\n<h2 class=\"wp-block-heading\">Forsiktighet<\/h2>\n\n\n\n<p>1. N\u00e5r du velger produkter, b\u00f8r du velge eterisk h\u00e5rpleieolje i henhold til h\u00e5rets kvalitet og behov;<\/p>\n\n\n\n<p>2. Allergiske tester b\u00f8r utf\u00f8res f\u00f8rste gang. Hvis du opplever ubehag, m\u00e5 du slutte \u00e5 bruke produktet umiddelbart.<\/p>\n\n\n\n<p>3. V\u00e6r oppmerksom p\u00e5 prinsippet om riktig mengde n\u00e5r du p\u00e5f\u00f8rer, for \u00e5 unng\u00e5 at for mye eterisk olje for h\u00e5rpleie f\u00f8rer til fett h\u00e5r og tette porer;<\/p>\n\n\n\n<p>4. V\u00e6r oppmerksom p\u00e5 brukshyppigheten. 2\u20133 ganger i uken anbefales. Hyppig bruk kan p\u00e5virke effekten av h\u00e5rpleien.<\/p>\n\n\n\n<p>5. \u00c5 regelmessig observere endringene i h\u00e5rkvaliteten og gj\u00f8re tilsvarende justeringer;<\/p>\n\n\n\n<p>6. Det anbefales \u00e5 oppbevares kj\u00f8lig og t\u00f8rt for \u00e5 unng\u00e5 direkte sollys og h\u00f8ye temperaturer som kan f\u00f8re til forringelse av essensielle oljer.<\/p>\n\n\n\n<h2 class=\"wp-block-heading\">Konklusjon<\/h2>\n\n\n\n<p>Som produsent forst\u00e5r vi ditt \u00f8nske om sunt og mykt h\u00e5r. Derfor kombinerer vi naturlig vaniljeolje med sv\u00e6rt effektive, n\u00e6rende ingredienser for \u00e5 gi produktet en kraftig helbredende funksjon. Samtidig legger vi vekt p\u00e5 diversifisering og individualisering av produkter, og skaper en serie vaniljeoljer som passer for ulike h\u00e5rtyper og preferanser, som du kan v\u00e6re trygg p\u00e5 at du kan bruke. N\u00e5r det gjelder kvalitetskontroll, legger vi st\u00f8rre vekt p\u00e5 hele produksjonsprosessen med ulike kvalitetskontroller og sikkerhetstester for \u00e5 sikre sikkerheten og effektiviteten til hver flaske vaniljeolje. Ta kontakt med oss hvis du ogs\u00e5 er interessert.<\/p>","protected":false},"excerpt":{"rendered":"Vanilla Essential Oil Manufacturing Common Formulas In the production of vanilla essential oil, we have designed a variety of scientific formulations according to different hair types and preferences, aiming to bring you safe and effective essential oil for hair care. 1. Vanilla essential oil: It plays an important role as a core ingredient. In addition [&hellip;]","protected":false},"featured_media":2239,"menu_order":0,"template":"","meta":[],"product-tag":[],"products":[53],"class_list":["post-2238","product","type-product","status-publish","has-post-thumbnail","hentry","products-essential-oil"],"acf":[],"_links":{"self":[{"href":"https:\/\/www.ruiqigo.com\/nb\/wp-json\/wp\/v2\/product\/2238","targetHints":{"allow":["GET"]}}],"collection":[{"href":"https:\/\/www.ruiqigo.com\/nb\/wp-json\/wp\/v2\/product"}],"about":[{"href":"https:\/\/www.ruiqigo.com\/nb\/wp-json\/wp\/v2\/types\/product"}],"version-history":[{"count":0,"href":"https:\/\/www.ruiqigo.com\/nb\/wp-json\/wp\/v2\/product\/2238\/revisions"}],"wp:featuredmedia":[{"embeddable":true,"href":"https:\/\/www.ruiqigo.com\/nb\/wp-json\/wp\/v2\/media\/2239"}],"wp:attachment":[{"href":"https:\/\/www.ruiqigo.com\/nb\/wp-json\/wp\/v2\/media?parent=2238"}],"wp:term":[{"taxonomy":"product-tag","embeddable":true,"href":"https:\/\/www.ruiqigo.com\/nb\/wp-json\/wp\/v2\/product-tag?post=2238"},{"taxonomy":"products","embeddable":true,"href":"https:\/\/www.ruiqigo.com\/nb\/wp-json\/wp\/v2\/products?post=2238"}],"curies":[{"name":"wp","href":"https:\/\/api.w.org\/{rel}","templated":true}]}}