{"id":2246,"date":"2024-12-12T11:22:05","date_gmt":"2024-12-12T03:22:05","guid":{"rendered":"https:\/\/ruiqigo.com\/?post_type=product&#038;p=2246"},"modified":"2024-12-12T11:22:55","modified_gmt":"2024-12-12T03:22:55","slug":"rose-essential-oil","status":"publish","type":"product","link":"https:\/\/www.ruiqigo.com\/nb\/product\/rose-essential-oil","title":{"rendered":"Rose eterisk olje"},"content":{"rendered":"<h2 class=\"wp-block-heading\">Vanlige formler for produksjon av essensiell olje av roser<\/h2>\n\n\n\n<p>Produksjonsprosessen for roseolje er relativt delikat, og parametere som temperatur, trykk og tid m\u00e5 kontrolleres strengt for \u00e5 sikre optimal kvalitet og effekt av den essensielle oljen. Her er hovedingrediensene:<\/p>\n\n\n\n<p>1. Roser: Som kjerneingrediens spiller roser en viktig rolle. Den har antibakterielle egenskaper som eliminerer bakterier og smuss, renser h\u00e5rsekkene og fjerner flass ytterligere. Den fremmer ogs\u00e5 blodsirkulasjonen samt god ford\u00f8yelse og avgiftning, og stimulerer dermed sunn h\u00e5rvekst.<\/p>\n\n\n\n<p>2. Babajo-olje: Som baseolje kan jojobaolje fortynne konsentrasjonen av roseolje for \u00e5 redusere irritasjon. Samtidig har den utmerkede fuktighetsgivende og penetrerende effekter, som kan trenge dypt inn i huden og l\u00e5se inne vann, og dermed spille en synergistisk fuktighetsgivende rolle. Dessuten har den en reparerende effekt p\u00e5 t\u00f8rr, ru og sensitiv hud, og kan fremme hudens helse.<\/p>\n\n\n\n<p>3. Vitamin E: Vitamin E har antioksidantegenskaper som kan motst\u00e5 skadene fra frie radikaler, redusere celleskader og forsinke hudens aldring. Det kan ogs\u00e5 fremme stoffskiftet, \u00f8ke hastigheten p\u00e5 cellefornyelsen og gj\u00f8re huden glattere og mer delikat.<\/p>\n\n\n\n<p>4. Citronellol: Roseoljen i citronellol har en sjarmerende aroma og kan berolige hodebunnen og avslappe kropp og sinn, men den kan ogs\u00e5 lindre stress, angst og andre f\u00f8lelser. I tillegg kan denne aromaen forbedre h\u00e5rlukten.<\/p>\n\n\n\n<h2 class=\"wp-block-heading\">Funksjonene til essensiell roseolje<\/h2>\n\n\n\n<p>Som profesjonelle produsenter av essensiell roseolje har vi studert de aktive ingrediensene i roser og laget en essensiell roseolje som passer for folk flest, basert p\u00e5 de mange funksjonene disse ingrediensene gir. La oss utforske effektene.<\/p>\n\n\n\n<p>1. Fuktighetsgivende og vannbindende: Roseolje kan gi fuktighet og n\u00e6ring dypt inn i huden og binde vann for \u00e5 holde huden hydrert.<\/p>\n\n\n\n<p>2. Fjerning av flass: Produktet v\u00e5rt fjerner effektivt bakterier og smuss, fukter h\u00e5rsekkene, renser h\u00e5rsekkene, fjerner flass ytterligere og holder hodebunnen frisk.<\/p>\n\n\n\n<p>3. Fremmer h\u00e5rvekst: N\u00e5r du p\u00e5f\u00f8rer eterisk olje, vil det fremme blodsirkulasjonen, gi tilstrekkelig n\u00e6ring til h\u00e5rsekkene og fremme cellefornyelsen. Samtidig kan roseolje ogs\u00e5 glatte ut skadet h\u00e5r, styrke h\u00e5rsekkene, forhindre h\u00e5rbrudd og ytterligere fremme h\u00e5rvekst.<\/p>\n\n\n\n<p>4. Bli kvitt m\u00f8rke ringer og rynker: Rike antioksidanter kan bidra til \u00e5 eliminere poser og forbedre m\u00f8rke ringer. Samtidig motst\u00e5r de skadene fra frie radikaler, forsinker cellealdring, fremmer hudens metabolisme, reduserer synligheten av rynker ytterligere og gj\u00f8r huden mer m\u00f8r og elastisk.<\/p>\n\n\n\n<p>5. Lindre stress og smerte: Duften av roser kan slappe av kropp og sinn, lindre stress og d\u00e5rlig hum\u00f8r, og ogs\u00e5 lindre smerte. Aromaen vil ogs\u00e5 forbedre s\u00f8vnkvaliteten.<\/p>\n\n\n\n<p>6. Antibakteriell og betennelsesdempende: V\u00e5r essensielle olje har utmerkede antibakterielle og betennelsesdempende egenskaper, kan behandle hudinfeksjoner, betennelse, kl\u00f8e i hodebunnen og andre problemer, men kan ogs\u00e5 regulere hodebunnsoljen, spesielt fett h\u00e5r.<\/p>\n\n\n\n<h2 class=\"wp-block-heading\">Hvordan bruke eterisk roseolje?<\/h2>\n\n\n\n<p>Vi bruker delikat og b\u00e6rbar emballasjedesign i produksjonen, enten den er egnet som gave eller familiebruk. Roseolje har en forfriskende tekstur og absorberes lett, s\u00e5 den er allsidig og kan brukes i hudpleie, ansiktspleie, h\u00e5rpleie osv. Jeg vil g\u00e5 inn p\u00e5 h\u00e5rpleiedelen i detalj:<\/p>\n\n\n\n<p>1. Dypbehandling: Bland f\u00f8rst roseolje med baseolje i passende mengder, p\u00e5f\u00f8r deretter jevnt i h\u00e5ret og masser forsiktig hodebunn og h\u00e5r med fingrene for \u00e5 fremme absorpsjon. Pakk h\u00e5ret inn i et varmt h\u00e5ndkle og hold det varmt i 15\u201320 minutter f\u00f8r du skyller det av med vann eller sjamponering.<\/p>\n\n\n\n<p>1. Daglig h\u00e5rpleie: Etter h\u00e5rvask, t\u00f8rk det forsiktig med et h\u00e5ndkle. Bland deretter en passende mengde roseolje med baseoljen og p\u00e5f\u00f8r den jevnt i midten og ut til tuppene av h\u00e5ret, spesielt der det er t\u00f8rt og splittet. Etter p\u00e5f\u00f8ring kan du massere h\u00e5ret forsiktig for \u00e5 fremme absorpsjon, og la h\u00e5ret luftt\u00f8rke eller f\u00f8ne det med en h\u00e5rf\u00f8ner.<\/p>\n\n\n\n<h2 class=\"wp-block-heading\">Forsiktighet<\/h2>\n\n\n\n<p>1. Roseolje har en h\u00f8y konsentrasjon og b\u00f8r fortynnes med baseolje, som jojobaolje, kokosolje osv.<\/p>\n\n\n\n<p>2. V\u00e6r oppmerksom p\u00e5 prinsippet om riktig mengde ved bruk, for \u00e5 unng\u00e5 at for mye essensielle oljer f\u00f8rer til fett h\u00e5r og tette porer;<\/p>\n\n\n\n<p>3. Allergiske tester b\u00f8r utf\u00f8res for f\u00f8rste gang. Hvis ubehag oppst\u00e5r, m\u00e5 bruken stoppes umiddelbart;<\/p>\n\n\n\n<p>4. Det anbefales \u00e5 bruke det 1\u20132 ganger i uken for \u00e5 unng\u00e5 at hyppig bruk p\u00e5virker effekten;<\/p>\n\n\n\n<p>5. Det anbefales \u00e5 oppbevares kj\u00f8lig og t\u00f8rt, og unng\u00e5 direkte sollys og h\u00f8ye temperaturer;<\/p>\n\n\n\n<h2 class=\"wp-block-heading\">Konklusjon<\/h2>\n\n\n\n<p>V\u00e5r n\u00f8ye utformede essensielle roseolje har ikke bare trygge ingredienser, er sk\u00e5nsomme og harml\u00f8se, men har ogs\u00e5 flere effekter for \u00e5 beskytte din helse og skj\u00f8nnhet i alle aspekter. Vi tilbyr en rekke alternativer, slik at du kan velge en som passer for deg, i henhold til dine preferanser og behov. Selvf\u00f8lgelig tilbyr vi ogs\u00e5 en omfattende tilpasningstjeneste, enten det er formeljustering eller emballasjedesign. Vi vil strebe etter det ultimate for \u00e5 skape ditt merke og hjelpe deg med \u00e5 f\u00e5 et konkurransefortrinn i roseoljemarkedet. Hvis du ogs\u00e5 er interessert i v\u00e5re produkter, kan du kontakte oss.<\/p>","protected":false},"excerpt":{"rendered":"Rose Essential Oil Manufacturing Common Formulas The production process of rose essential oil is relatively delicate, and parameters such as temperature, pressure, and time must be strictly controlled to ensure the optimal quality and efficacy of the essential oil. Here are its main ingredients: 1. Roses: As the core ingredient, roses play an important role. [&hellip;]","protected":false},"featured_media":2247,"menu_order":0,"template":"","meta":[],"product-tag":[],"products":[53],"class_list":["post-2246","product","type-product","status-publish","has-post-thumbnail","hentry","products-essential-oil"],"acf":[],"_links":{"self":[{"href":"https:\/\/www.ruiqigo.com\/nb\/wp-json\/wp\/v2\/product\/2246","targetHints":{"allow":["GET"]}}],"collection":[{"href":"https:\/\/www.ruiqigo.com\/nb\/wp-json\/wp\/v2\/product"}],"about":[{"href":"https:\/\/www.ruiqigo.com\/nb\/wp-json\/wp\/v2\/types\/product"}],"version-history":[{"count":0,"href":"https:\/\/www.ruiqigo.com\/nb\/wp-json\/wp\/v2\/product\/2246\/revisions"}],"wp:featuredmedia":[{"embeddable":true,"href":"https:\/\/www.ruiqigo.com\/nb\/wp-json\/wp\/v2\/media\/2247"}],"wp:attachment":[{"href":"https:\/\/www.ruiqigo.com\/nb\/wp-json\/wp\/v2\/media?parent=2246"}],"wp:term":[{"taxonomy":"product-tag","embeddable":true,"href":"https:\/\/www.ruiqigo.com\/nb\/wp-json\/wp\/v2\/product-tag?post=2246"},{"taxonomy":"products","embeddable":true,"href":"https:\/\/www.ruiqigo.com\/nb\/wp-json\/wp\/v2\/products?post=2246"}],"curies":[{"name":"wp","href":"https:\/\/api.w.org\/{rel}","templated":true}]}}