{"id":226,"date":"2024-06-30T23:13:01","date_gmt":"2024-06-30T15:13:01","guid":{"rendered":"https:\/\/ruiqigo.com\/?post_type=product&#038;p=226"},"modified":"2024-09-25T15:10:51","modified_gmt":"2024-09-25T07:10:51","slug":"sulfate-free-shampoo","status":"publish","type":"product","link":"https:\/\/www.ruiqigo.com\/nb\/product\/sulfate-free-shampoo","title":{"rendered":"Sulfatfri sjampo"},"content":{"rendered":"<h3 class=\"wp-block-heading\">Sulfatfri sjampoproduksjon Vanlige formler<\/h3>\n\n\n\n<p>Vi vet at folk som velger sulfatfri sjampo ofte har sensitiv hodebunn. Derfor bruker produktene v\u00e5re en rekke sk\u00e5nsomme, men effektive ingredienser. Vi har valgt natriumlauroylsarkosinat som v\u00e5rt hovedrengj\u00f8ringsmiddel. Det er et overflateaktivt middel utvunnet fra aminosyrer, som er mildt og rengj\u00f8r godt. Det fjerner smuss fra hodebunnen og h\u00e5ret uten \u00e5 forstyrre hodebunnens naturlige balanse. Vi har inkludert kokamidopropylbetain og dinatriumlaurethsulfosuksinat for \u00e5 rengj\u00f8re hodebunnen og h\u00e5rsekkene grundig. Disse ingrediensene skaper ogs\u00e5 et rikt skum og holder h\u00e5r og hodebunn fuktet under den dyprensende prosessen. I tillegg har vi brukt kokamidmetyl MEA for \u00e5 forbedre effektiviteten til de andre ingrediensene. Det fungerer som en emulgator og stabilisator, og det gir ogs\u00e5 h\u00e5ret ditt et ekstra lag med beskyttelse mot milj\u00f8skader.<\/p>\n\n\n\n<h3 class=\"wp-block-heading\">Sulfatfri sjampoproduksjon Gjeldende scenarier<\/h3>\n\n\n\n<p>Sulfatfrie sjampoer fungerer bra i all slags v\u00e6r, men de er spesielt nyttige i t\u00f8rre og kalde omr\u00e5der. De har en sk\u00e5nsom formel som kan lindre irritasjonen i hodebunnen for\u00e5rsaket av slike forhold. I tillegg er disse sjampoene laget p\u00e5 en m\u00e5te som er bedre for milj\u00f8et og kan lages p\u00e5 en m\u00e5te som varer lenger. Du kan ogs\u00e5 kombinere den med en <a href=\"https:\/\/www.ruiqigo.com\/nb\/product\/salt-free-water-conditioner\/\">sulfatfritt vannkondisjoneringsmiddel<\/a> for enda bedre resultater.<\/p>\n\n\n\n<h3 class=\"wp-block-heading\">Hvem passer sulfatfrie sjampoer for<\/h3>\n\n\n\n<p>Den milde formelen til sulfatfri sjampo gj\u00f8r den spesielt egnet for de som \u00f8nsker \u00e5 unng\u00e5 kjemisk irritasjon. For de som regelmessig farger eller permanenter h\u00e5ret sitt, bidrar sulfatfri sjampo til \u00e5 beskytte og forlenge vedlikeholdet av h\u00e5rfargen. I tillegg kan personer med sensitiv hodebunn dra nytte av sulfatfrie sjampoer. Disse sjampoene kan redusere allergiske reaksjoner og irritasjon, og gir en mild og beroligende h\u00e5rvask- og pleieopplevelse. Mer <a href=\"https:\/\/www.ruiqigo.com\/nb\/products\/shampoo\/\">sjampoer med naturlige ingredienser<\/a> for deg \u00e5 velge mellom 3TOP.<\/p>\n\n\n\n<h3 class=\"wp-block-heading\">Produksjonsprosess for sulfatfri sjampo<\/h3>\n\n\n\n<p>Sulfatfrie sjampoer er mildere fordi de ikke bruker sterke sulfater. Vi erstatter dem med aminosyreoverflateaktive stoffer som er billigere og mildere. De skylles lett ut, etterlater ikke mye rester og skader ikke proteinene i h\u00e5ret og hodebunnen, noe som holder det sunt. \u00c5 lage disse sjampoene er ogs\u00e5 bedre for milj\u00f8et siden de ikke inneholder sulfater, noe som bidrar til \u00e5 gj\u00f8re prosessen mer milj\u00f8vennlig.<\/p>","protected":false},"excerpt":{"rendered":"Sulfate free shampoo manufacturing Common Formulas We know that people who choose sulfate free shampoo often have sensitive scalps. That&#8217;s why our products use a variety of gentle yet effective ingredients. We&#8217;ve chosen Sodium Lauroyl Sarcosinate as our main cleaning agent. It&#8217;s a surfactant derived from amino acids, which is mild and cleans well. It [&hellip;]","protected":false},"featured_media":222,"menu_order":0,"template":"","meta":[],"product-tag":[],"products":[51],"class_list":["post-226","product","type-product","status-publish","has-post-thumbnail","hentry","products-shampoo"],"acf":[],"_links":{"self":[{"href":"https:\/\/www.ruiqigo.com\/nb\/wp-json\/wp\/v2\/product\/226","targetHints":{"allow":["GET"]}}],"collection":[{"href":"https:\/\/www.ruiqigo.com\/nb\/wp-json\/wp\/v2\/product"}],"about":[{"href":"https:\/\/www.ruiqigo.com\/nb\/wp-json\/wp\/v2\/types\/product"}],"version-history":[{"count":0,"href":"https:\/\/www.ruiqigo.com\/nb\/wp-json\/wp\/v2\/product\/226\/revisions"}],"wp:featuredmedia":[{"embeddable":true,"href":"https:\/\/www.ruiqigo.com\/nb\/wp-json\/wp\/v2\/media\/222"}],"wp:attachment":[{"href":"https:\/\/www.ruiqigo.com\/nb\/wp-json\/wp\/v2\/media?parent=226"}],"wp:term":[{"taxonomy":"product-tag","embeddable":true,"href":"https:\/\/www.ruiqigo.com\/nb\/wp-json\/wp\/v2\/product-tag?post=226"},{"taxonomy":"products","embeddable":true,"href":"https:\/\/www.ruiqigo.com\/nb\/wp-json\/wp\/v2\/products?post=226"}],"curies":[{"name":"wp","href":"https:\/\/api.w.org\/{rel}","templated":true}]}}