{"id":227,"date":"2024-06-30T23:19:42","date_gmt":"2024-06-30T15:19:42","guid":{"rendered":"https:\/\/ruiqigo.com\/?post_type=product&#038;p=227"},"modified":"2024-09-25T15:09:48","modified_gmt":"2024-09-25T07:09:48","slug":"moroccanoil-shampoo","status":"publish","type":"product","link":"https:\/\/www.ruiqigo.com\/nb\/product\/moroccanoil-shampoo","title":{"rendered":"Moroccanoil-sjampo"},"content":{"rendered":"<h3 class=\"wp-block-heading\">Vanlige formler for produksjon av Moroccanoil-sjampo<\/h3>\n\n\n\n<p>Moroccanoil-sjampoer inneholder en rekke reparerende ingredienser, f\u00f8rst og fremst arganolje. Arganolje er rik p\u00e5 vitamin E og antioksidanter, som absorberes relativt raskt av h\u00e5ret og danner en beskyttende film som reduserer UV-str\u00e5ler, reparerer skjell og forbedrer h\u00e5rtekstur. Moroccanoil-sjampo er fullpakket med gode stoffer som fettsyrer, antioksidanter og vitamin E. Den reparerer skadet h\u00e5r, gj\u00f8r det spenstigere og mer skinnende, og beskytter det mot skadelige stoffer i luften. Hydrolysert hveteprotein i sjampoen g\u00e5r dypt inn i h\u00e5ret. Det gir h\u00e5ret aminosyrene det trenger for \u00e5 v\u00e6re sterkt og t\u00f8ft. I tillegg er det s\u00f8lvsoppekstrakt, fullt av gode stoffer som polysakkarider, proteiner og sm\u00e5 biter av n\u00e6ringsstoffer. Den gir n\u00e6ring til hodebunnen og h\u00e5ret i dybden og gj\u00f8r hodebunnen sunnere.<\/p>\n\n\n\n<h3 class=\"wp-block-heading\">Moroccanoil-sjampo Gjeldende scenarier<\/h3>\n\n\n\n<p>Med sine rike n\u00e6ringsstoffer og n\u00e6rende egenskaper er Moroccanoil Shampoo egnet for alle klimaer og milj\u00f8er, spesielt t\u00f8rre klimaer. I t\u00f8rre klimaer er h\u00e5ret utsatt for friksjon og statisk elektrisitet, og mangel p\u00e5 fuktighet f\u00f8rer til t\u00f8rrhet. Reparerende ingredienser som arganolje i Moroccanoil Shampoo gir ekstra fuktighet til h\u00e5ret, noe som bidrar til \u00e5 redusere statisk elektrisitet og t\u00f8rt h\u00e5r som brekker. Du kan ogs\u00e5 kombinere den med en <a href=\"https:\/\/www.ruiqigo.com\/nb\/products\/conditioner\/\">naturlig ingrediens balsam<\/a> for enda bedre resultater.<\/p>\n\n\n\n<h3 class=\"wp-block-heading\">Hvem er moroccanoil-sjampo for?<\/h3>\n\n\n\n<p>Moroccanoil-sjampoer er et utmerket valg for personer som sliter med skadet, t\u00f8rt eller spr\u00f8tt h\u00e5r. Denne sjampoen er formulert med rike, n\u00e6rende ingredienser som jobber for \u00e5 gi h\u00e5ret dypt pleie og revitalisere det, slik at det blir mykt, glatt og h\u00e5ndterlig. Hovedingrediensen, marokkansk olje, er kjent for sitt h\u00f8ye n\u00e6ringsinnhold, som trenger inn i h\u00e5rskaftet for \u00e5 reparere skader og gjenopprette styrke og elastisitet. Mer n<a href=\"https:\/\/www.ruiqigo.com\/nb\/products\/shampoo\/\">sjampoer med naturlige ingredienser<\/a> for deg \u00e5 velge mellom 3TOP.<\/p>\n\n\n\n<h3 class=\"wp-block-heading\">Produksjonsprosess for Moroccanoil-sjampo<\/h3>\n\n\n\n<p>Moroccanoil-sjampoer er tilsatt naturlige n\u00e6ringsstoffer som er n\u00f8ye utvalgt for sin evne til \u00e5 forbedre h\u00e5rets styrke og helse betydelig. Hovedingrediensen, utvunnet fra argantreet som er hjemmeh\u00f8rende i Marokko, er rik p\u00e5 essensielle fettsyrer, antioksidanter og vitamin E. Disse komponentene fungerer sammen for \u00e5 styrke hvert h\u00e5rstr\u00e5, beskytte mot brudd og fremme motstandskraft.<\/p>","protected":false},"excerpt":{"rendered":"Moroccanoil shampoo manufacturing common formulas Moroccanoil shampoos contain a range of repairing ingredients, starting with argan oil. Argan oil is rich in vitamin E and antioxidants, which are absorbed relatively quickly by the hair to form a protective film that reduces UV rays, repairs the scales, and improves hair texture. Moroccanoil Shampoo is packed with [&hellip;]","protected":false},"featured_media":228,"menu_order":0,"template":"","meta":[],"product-tag":[],"products":[51],"class_list":["post-227","product","type-product","status-publish","has-post-thumbnail","hentry","products-shampoo"],"acf":[],"_links":{"self":[{"href":"https:\/\/www.ruiqigo.com\/nb\/wp-json\/wp\/v2\/product\/227","targetHints":{"allow":["GET"]}}],"collection":[{"href":"https:\/\/www.ruiqigo.com\/nb\/wp-json\/wp\/v2\/product"}],"about":[{"href":"https:\/\/www.ruiqigo.com\/nb\/wp-json\/wp\/v2\/types\/product"}],"version-history":[{"count":0,"href":"https:\/\/www.ruiqigo.com\/nb\/wp-json\/wp\/v2\/product\/227\/revisions"}],"wp:featuredmedia":[{"embeddable":true,"href":"https:\/\/www.ruiqigo.com\/nb\/wp-json\/wp\/v2\/media\/228"}],"wp:attachment":[{"href":"https:\/\/www.ruiqigo.com\/nb\/wp-json\/wp\/v2\/media?parent=227"}],"wp:term":[{"taxonomy":"product-tag","embeddable":true,"href":"https:\/\/www.ruiqigo.com\/nb\/wp-json\/wp\/v2\/product-tag?post=227"},{"taxonomy":"products","embeddable":true,"href":"https:\/\/www.ruiqigo.com\/nb\/wp-json\/wp\/v2\/products?post=227"}],"curies":[{"name":"wp","href":"https:\/\/api.w.org\/{rel}","templated":true}]}}