{"id":2291,"date":"2024-12-17T16:20:43","date_gmt":"2024-12-17T08:20:43","guid":{"rendered":"https:\/\/ruiqigo.com\/?post_type=product&#038;p=2291"},"modified":"2024-12-17T16:22:39","modified_gmt":"2024-12-17T08:22:39","slug":"frankincense-essential-oil","status":"publish","type":"product","link":"https:\/\/www.ruiqigo.com\/nb\/product\/frankincense-essential-oil","title":{"rendered":"Eterisk olje av r\u00f8kelse"},"content":{"rendered":"<h2 class=\"wp-block-heading\">Vanlige formler for produksjon av essensiell olje frankincense<\/h2>\n\n\n\n<p>I produksjonsprosessen har vi utviklet en rekke formuleringer i henhold til dine ulike behov for \u00e5 sikre at de kan ut\u00f8ve sine respektive effekter. Hvis konsentrasjonen av r\u00f8kelse eterisk olje er h\u00f8yere, m\u00e5 du vanligvis fortynne baseoljen for \u00e5 bedre ta vare p\u00e5 helsen din.<\/p>\n\n\n\n<p>1. Frankincense eterisk olje: Den spiller en viktig rolle som en kjerneingrediens. For eksempel har frankincense eterisk olje antibakterielle og betennelsesdempende egenskaper, som kan hemme bakteriell reproduksjon, redusere forekomsten av betennelse og deretter fremme s\u00e5rheling, og behandle munnsykdommer, hudinfeksjoner, betennelse i hodebunnen og andre problemer. Den stimulerer ogs\u00e5 blodsirkulasjonen, noe som hjelper h\u00e5rsekkene med \u00e5 absorbere flere n\u00e6ringsstoffer, og dermed fremmer h\u00e5rvekst. Samtidig kan den trenge inn i h\u00e5ret for \u00e5 gi fuktighet, redusere krusete h\u00e5rstr\u00e5, brudd og flisete tupper, og gj\u00f8re h\u00e5ret mer smidig. I tillegg kan den ogs\u00e5 fremme celleregenerering, reparere skadet hodebunnsvev og ytterligere fremme beskyttelsen av hodebunnshelsen.<\/p>\n\n\n\n<p>2. Babajo-olje: Babajo-olje er rik p\u00e5 vitamin E og fettsyrer, som kan gi h\u00e5ret god n\u00e6ring og supplere n\u00e6ringsstoffer. Den kan ogs\u00e5 reparere skadet h\u00e5r og glatte ut kruset h\u00e5r. Samtidig som den er en lett og lett absorberende baseolje, belaster den ikke h\u00e5ret.<\/p>\n\n\n\n<p>3. Kokosolje: Kokosolje har en utmerket fuktighetsgivende effekt, som kan g\u00e5 dypt inn i h\u00e5rkjernen og gi tilstrekkelig fuktighet og n\u00e6ringsstoffer. Den fjerner ogs\u00e5 effektivt statisk elektrisitet og krus fra h\u00e5ret.<\/p>\n\n\n\n<p>4. Rosin: Rosin er essensen av r\u00f8kelseolje, som utstr\u00e5ler en varm treaktig aroma og en lett fruktaroma. Denne unike aromaen lindrer ogs\u00e5 angst, modulerer hum\u00f8ret og hjelper deg med \u00e5 slappe av.<\/p>\n\n\n\n<h2 class=\"wp-block-heading\">Funksjonene til eterisk olje av r\u00f8kelse<\/h2>\n\n\n\n<p>Som en profesjonell produsent av essensiell olje frankincense, legger vi spesiell vekt p\u00e5 den h\u00f8ye kvaliteten og den utmerkede effekten av produktene v\u00e5re. Derfor velger vi n\u00f8ye r\u00e5varer og kontrollerer strengt hvert ledd i produksjonen for \u00e5 sikre produktenes effektivitet og sikkerhet. Her er de viktigste fordelene:<\/p>\n\n\n\n<p>1. Forbedre immuniteten: Frankincense eterisk olje kan styrke immunforsvaret og forbedre evnen til \u00e5 motst\u00e5 sykdommer, for \u00e5 forhindre forekomst av sykdommer, som for eksempel munnsykdommer. Og den har potensielle krefthemmende effekter.<\/p>\n\n\n\n<p>2. Beskytt huden: Den kan ikke bare fremme celleregenerering og reparere skadet vev, men ogs\u00e5 fremskynde s\u00e5rheling. Den kan ogs\u00e5 fukte huden, redusere rynker og arr, s\u00e5re flekker og andre problemer ytterligere, beskytte huden og forhindre aldring av huden.<\/p>\n\n\n\n<p>3. H\u00e5rpleie: V\u00e5re essensielle oljer stimulerer sirkulasjonen i hodebunnen, noe som akselererer h\u00e5rveksten. De kan ogs\u00e5 lindre kl\u00f8e og ubehag i hodebunnen, redusere belastningen p\u00e5 hodebunnen og gj\u00f8re h\u00e5ret sunnere. Samtidig har de en sterk fuktighetsgivende evne, kan gi n\u00e6ring til h\u00e5ret og gj\u00f8re h\u00e5ret glattere.<\/p>\n\n\n\n<p>4. Lindre stress: Den unike aromaen av r\u00f8kelseolje kan ikke bare fremme avslapning, lindre stress, regulere d\u00e5rlige f\u00f8lelser og dermed redusere depresjon. Den stimulerer ogs\u00e5 nervene og forbedrer hukommelsen.<\/p>\n\n\n\n<p>5. Smerte og hevelse: N\u00e5r de brukes, kan de antibakterielle og antiinflammatoriske komponentene i essensiell olje av r\u00f8kelse effektivt drepe bakteriell reproduksjon og redusere inflammatoriske symptomer, som r\u00f8dhet og hevelse, og det kan ogs\u00e5 lindre leddgikt, muskelsmerter og ytterligere oppn\u00e5 smerte- og hevelsesreaksjoner.<\/p>\n\n\n\n<h2 class=\"wp-block-heading\">Hvordan bruke eterisk olje frankincense?<\/h2>\n\n\n\n<p>Frankincense eterisk olje kan brukes p\u00e5 forskjellige m\u00e5ter i henhold til ulike scenarier og behov. Vi har ogs\u00e5 utviklet en rekke formuleringer og testet effekten av de ferdige produktene for \u00e5 sikre at produktene du mottar kan brukes med trygghet. Slik bruker du h\u00e5rpleie:<\/p>\n\n\n\n<p>1. Hodebunnsmassasje: Tilsett f\u00f8rst 4 dr\u00e5per r\u00f8kelseolje til 1 spiseskje jojobaolje for \u00e5 fortynne den, og fordel deretter den fortynnede oljen jevnt i hodebunnen og masser forsiktig. Deretter kan du pakke hodet inn i et varmt h\u00e5ndkle og vente i 30 minutter, slik at oljen kan trenge inn. N\u00e5r tiden er ute, skyll den av med varmt vann for \u00e5 sikre at det ikke er noen rester igjen.<\/p>\n\n\n\n<p>2. Blanding: N\u00e5r du vasker h\u00e5ret, kan du dryppe 3 dr\u00e5per av v\u00e5r eteriske olje i sjampo eller balsam for \u00e5 blande godt, og deretter vaske h\u00e5ret i henhold til den vanlige prosessen. Den kan masseres forsiktig under denne prosessen, spesielt der h\u00e5ret er sterkt skadet og t\u00f8rt, for \u00e5 fremme absorpsjon.<\/p>\n\n\n\n<p>3. Duftterapi: Den kan inhaleres direkte eller ved hjelp av duftdiffusorer for \u00e5 lindre stress, slappe av kropp og sinn og indirekte redusere stressrelatert h\u00e5rtap.<\/p>\n\n\n\n<h2 class=\"wp-block-heading\">Forsiktighet<\/h2>\n\n\n\n<p>1. Velg en passende essensiell olje av r\u00f8kelse i henhold til din hudtype eller h\u00e5rtype og behov;<\/p>\n\n\n\n<p>2. Allergiske tester b\u00f8r utf\u00f8res for f\u00f8rste gang. Hvis ubehag oppst\u00e5r, m\u00e5 bruken stoppes umiddelbart;<\/p>\n\n\n\n<p>3. Unng\u00e5 kontakt med \u00f8ynene og andre sensitive deler. Hvis det oppst\u00e5r kontakt, skyll med baseolje (ikke vann) og observer. Hvis ubehaget vedvarer, b\u00f8r du kontakte lege.<\/p>\n\n\n\n<p>4. V\u00e6r oppmerksom p\u00e5 brukshyppigheten. Det anbefales \u00e5 bruke 1\u20132 ganger i uken for \u00e5 unng\u00e5 overdreven bruk for\u00e5rsaket av belastning p\u00e5 hodebunnen.<\/p>\n\n\n\n<p>5. V\u00e6r oppmerksom p\u00e5 prinsippet om en passende mengde, for mye eterisk olje vil gj\u00f8re hodebunnen fet og tette porer;<\/p>\n\n\n\n<p>6. Det anbefales \u00e5 oppbevare p\u00e5 et kj\u00f8lig og t\u00f8rt sted for \u00e5 unng\u00e5 direkte sollys og h\u00f8ye temperaturer.<\/p>\n\n\n\n<h2 class=\"wp-block-heading\">Konklusjon<\/h2>\n\n\n\n<p>Som en erfaren produsent av essensielle oljer av r\u00f8kelse forst\u00e5r vi ditt \u00f8nske om kvalitet og effektivitet. Derfor har hver av v\u00e5re prosesser gjennomg\u00e5tt streng kvalitetskontroll og presis tids- og temperaturkontroll for \u00e5 sikre at hver flaske inneholder rike ingredienser og ut\u00f8ver maksimal effektivitet.<\/p>\n\n\n\n<p>Selvf\u00f8lgelig tilbyr vi ogs\u00e5 utmerkede tilpasningstjenester for \u00e5 skape ditt eteriske oljemerke i henhold til dine behov og hjelpe deg med \u00e5 oppn\u00e5 et konkurransefortrinn i markedet. Ta kontakt med oss hvis du er interessert.<\/p>","protected":false},"excerpt":{"rendered":"Frankincense Essential Oil Manufacturing Common Formulas In the production process, we have designed a variety of formulations according to your different needs to ensure that they can play their respective effects. If the concentration of frankincense essential oil is higher, you usually need to dilute the base oil, to better care for your health. 1. [&hellip;]","protected":false},"featured_media":2292,"menu_order":0,"template":"","meta":[],"product-tag":[],"products":[53],"class_list":["post-2291","product","type-product","status-publish","has-post-thumbnail","hentry","products-essential-oil"],"acf":[],"_links":{"self":[{"href":"https:\/\/www.ruiqigo.com\/nb\/wp-json\/wp\/v2\/product\/2291","targetHints":{"allow":["GET"]}}],"collection":[{"href":"https:\/\/www.ruiqigo.com\/nb\/wp-json\/wp\/v2\/product"}],"about":[{"href":"https:\/\/www.ruiqigo.com\/nb\/wp-json\/wp\/v2\/types\/product"}],"version-history":[{"count":0,"href":"https:\/\/www.ruiqigo.com\/nb\/wp-json\/wp\/v2\/product\/2291\/revisions"}],"wp:featuredmedia":[{"embeddable":true,"href":"https:\/\/www.ruiqigo.com\/nb\/wp-json\/wp\/v2\/media\/2292"}],"wp:attachment":[{"href":"https:\/\/www.ruiqigo.com\/nb\/wp-json\/wp\/v2\/media?parent=2291"}],"wp:term":[{"taxonomy":"product-tag","embeddable":true,"href":"https:\/\/www.ruiqigo.com\/nb\/wp-json\/wp\/v2\/product-tag?post=2291"},{"taxonomy":"products","embeddable":true,"href":"https:\/\/www.ruiqigo.com\/nb\/wp-json\/wp\/v2\/products?post=2291"}],"curies":[{"name":"wp","href":"https:\/\/api.w.org\/{rel}","templated":true}]}}