{"id":2322,"date":"2024-12-19T14:17:49","date_gmt":"2024-12-19T06:17:49","guid":{"rendered":"https:\/\/ruiqigo.com\/?post_type=product&#038;p=2322"},"modified":"2024-12-19T17:21:20","modified_gmt":"2024-12-19T09:21:20","slug":"best-body-lotion-for-dry-skin","status":"publish","type":"product","link":"https:\/\/www.ruiqigo.com\/nb\/product\/best-body-lotion-for-dry-skin","title":{"rendered":"Beste kroppslotion for t\u00f8rr hud"},"content":{"rendered":"<h2 class=\"wp-block-heading\">Beste bodylotion for t\u00f8rr hud \u2013 vanlige produksjonsformler<\/h2>\n\n\n\n<p>Gjennom hele produksjonsprosessen bruker vi avanserte produksjonsanlegg og strenge testsystemer for \u00e5 sikre produktenes sikkerhet og effektivitet. Vi har utviklet forskjellige formler for dine ulike hudtyper og preferanser for \u00e5 m\u00f8te behovene til folk flest.<\/p>\n\n\n\n<p>1. Hyaluronsyre: Hyaluronsyre er en vanlig fuktighetskrem som har en sterk evne til \u00e5 fukte og absorbere vann. Den fukter ikke bare huden og bidrar til \u00e5 fjerne d\u00f8de hudceller, men danner ogs\u00e5 et beskyttende lag p\u00e5 hudoverflaten for \u00e5 forhindre vanntap og holde huden hydrert.<\/p>\n\n\n\n<p>2. Vaseline: Som en slags okklusiv kan vaseline bidra til \u00e5 l\u00e5se vann, redusere fordampning av vann i huden, ytterligere lindre problemet med t\u00f8rr hud og flassing, og holde huden fuktet i lang tid.<\/p>\n\n\n\n<p>3. Sheasm\u00f8r: Sheasm\u00f8r er et utmerket mykgj\u00f8rende middel. I tillegg til sin fuktighetsgivende effekt kan sheasm\u00f8r ogs\u00e5 reparere vevsceller som er skadet av utt\u00f8rking, og dermed fremme celleregenerering, bidra til \u00e5 redusere rynker og fine linjer, og gj\u00f8re huden glattere og mykere.<\/p>\n\n\n\n<p>4. Vitamin C: Vitamin C har en antioksidanteffekt og kan motst\u00e5 frie radikaler fra skader fra det ytre milj\u00f8et. Samtidig kan det ogs\u00e5 fremme produksjonen av kollagen, for \u00e5 oppn\u00e5 en fastere hud og en anti-aldringseffekt.<\/p>\n\n\n\n<p>5. Nikotinamid: Nikotinamid kan forbedre hudens barrierefunksjon, forbedre hudens fuktighetsgivende evne, bidra til \u00e5 krympe porene, glatte ut rynker og forbedre hudens elastisitet.<\/p>\n\n\n\n<h2 class=\"wp-block-heading\">Funksjonene til den beste kroppslotionen for t\u00f8rr hud<\/h2>\n\n\n\n<p>Som en profesjonell produsent av bodylotion har vi en inng\u00e5ende forst\u00e5else av hva som kjennetegner t\u00f8rr hud f\u00f8r vi utformer formelen. \u00c5 forst\u00e5 at t\u00f8rr hud ofte mangler nok naturlige oljer til \u00e5 opprettholde hudens fuktighetsbarriere kan f\u00f8re til en rekke problemer. Vi har laget dette produktet basert p\u00e5 dette problemet for \u00e5 gj\u00f8re huden din hydrert og glatt igjen.<\/p>\n\n\n\n<p>1. Fuktighetsgivende og fuktighetsgivende: Den beste bodylotionen for t\u00f8rr hud er lett \u00e5 absorbere, og kan gi dyp etterfylling av vann og n\u00e6ringsstoffer, og absorberes raskt av huden. Samtidig vil den holde p\u00e5 fuktigheten, oppn\u00e5 en langvarig fuktighetsgivende effekt, reparere t\u00f8rr og skadet hud, og langvarig bruk vil gj\u00f8re huden mer hydrert og myk.<\/p>\n\n\n\n<p>2. Eksfoliering: Du kan massere forsiktig n\u00e5r du p\u00e5f\u00f8rer, noe som bidrar til \u00e5 fjerne smuss og olje og eksfoliere. Det bidrar ogs\u00e5 til \u00e5 \u00e5pne tette porer, forebygge kviser og ytterligere pleie hudens helse.<\/p>\n\n\n\n<p>3. Forbedre hudkvaliteten: Bodylotionen v\u00e5r har ogs\u00e5 en viss effekt p\u00e5 \u00e5 lysne huden, noe som kan forbedre matt hud, glatte ut rynker og gj\u00f8re huden mer elastisk, glatt og delikat.<\/p>\n\n\n\n<p>4. Beroligende og avslappende: Produktet er tilsatt naturlig planteessens, som har en unik aroma, som kan berolige kropp og sinn, lindre hum\u00f8r og stress.<\/p>\n\n\n\n<p>5. Barrierereparasjon: Den beste bodylotionen for t\u00f8rr hud har som funksjon \u00e5 reparere hudbarrieren, styrke motstandskraften og reparere skadet vev, og dermed beskytte huden mot ytre milj\u00f8, og det vil feste seg til huden din p\u00e5 en sunnere m\u00e5te.<\/p>\n\n\n\n<h2 class=\"wp-block-heading\">Hvordan bruke den beste bodylotionen for t\u00f8rr hud?<\/h2>\n\n\n\n<p>Regelmessig bruk av den beste bodylotionen for t\u00f8rr hud kan forbedre huden og gjenopprette helsen. Det er selvf\u00f8lgelig ogs\u00e5 viktig \u00e5 velge et produkt som passer for deg. Slik kan det brukes:<\/p>\n\n\n\n<p>1. Rengj\u00f8r huden: Dusj p\u00e5 vanlig m\u00e5te f\u00f8r bruk for \u00e5 fjerne smuss og olje fra hudoverflaten. V\u00e6r n\u00f8ye med \u00e5 rengj\u00f8re grundig slik at kroppens melk absorberes bedre.<\/p>\n\n\n\n<p>2. Jevnt p\u00e5f\u00f8r: Etter et bad, t\u00f8rk forsiktig med et h\u00e5ndkle, men hold det litt v\u00e5tt, og p\u00e5f\u00f8r deretter en passende mengde bodylotion jevnt over hele kroppen, spesielt p\u00e5 steder som er lette \u00e5 ignorere. Tykkelsen p\u00e5 stratum corneum kan \u00f8kes for \u00e5 forbedre p\u00e5f\u00f8ringsmengden.<\/p>\n\n\n\n<p>3. Massasjeabsorpsjon: Etter \u00e5 ha p\u00e5f\u00f8rt hendene og massert hele kroppen forsiktig i en sirkelformet bevegelse, kan du fremme absorpsjonen. Spesielt t\u00f8rre eller tykke omr\u00e5der med negleb\u00e5nd kan \u00f8ke massasjestyrken.<\/p>\n\n\n\n<p>4. Vent til kremen har trukket inn: Etter massasje kan du vente noen minutter til kremen har trukket helt inn i huden, og til slutt kan du ta p\u00e5 deg kl\u00e6r.<\/p>\n\n\n\n<h2 class=\"wp-block-heading\">Forsiktighet<\/h2>\n\n\n\n<p>1. Allergiske tester b\u00f8r utf\u00f8res for f\u00f8rste gang. Hvis ubehag oppst\u00e5r, m\u00e5 bruken stoppes umiddelbart;<\/p>\n\n\n\n<p>2. Unng\u00e5 kontakt med \u00f8ynene og andre sensitive deler. Ved kontakt med \u00f8ynene, skyll straks med vann;<\/p>\n\n\n\n<p>3. Oppbevares utilgjengelig for barn for \u00e5 unng\u00e5 misbruk;<\/p>\n\n\n\n<p>4. V\u00e6r oppmerksom p\u00e5 bruksfrekvensen. Det anbefales \u00e5 bruke hver morgen og kveld. Hvis det er i et spesielt t\u00f8rt milj\u00f8, kan bruksfrekvensen \u00f8kes p\u00e5 passende m\u00e5te.<\/p>\n\n\n\n<p>5. V\u00e6r oppmerksom p\u00e5 mengden, for mye kroppsmelk kan gj\u00f8re huden fet og tilstoppet, slik at den ikke absorberes lett;<\/p>\n\n\n\n<p>6. Det anbefales \u00e5 oppbevares kj\u00f8lig og t\u00f8rt, unng\u00e5 direkte sollys og h\u00f8ye temperaturer.<\/p>\n\n\n\n<h2 class=\"wp-block-heading\">Konklusjon<\/h2>\n\n\n\n<p>V\u00e5r beste bodylotion for t\u00f8rr hud passer for de fleste hudtyper, er enkel \u00e5 bruke og lett, noe som gj\u00f8r den til det ideelle valget for effektiv fuktighetsgivende og sk\u00e5nsom n\u00e6ring. I tillegg har vi ogs\u00e5 et komplett utvalg av tilpasningstjenester for \u00e5 skape et unikt og merkevareverdig produkt i henhold til dine behov. Kontakt oss hvis du \u00f8nsker \u00e5 gj\u00f8re deg bemerket i bodylotion-markedet.<\/p>\n\n\n\n<p><\/p>","protected":false},"excerpt":{"rendered":"Best Body Lotion For Dry Skin Manufacturing Common Formulas Throughout the entire production process, we use advanced production facilities and strict testing systems to ensure the safety and effectiveness of products. And we&#8217;ve designed different formulas for your different skin types and preferences to meet the needs of most people. 1. Hyaluronic acid: hyaluronic acid [&hellip;]","protected":false},"featured_media":2323,"menu_order":0,"template":"","meta":[],"product-tag":[],"products":[56],"class_list":["post-2322","product","type-product","status-publish","has-post-thumbnail","hentry","products-body-lotion"],"acf":[],"_links":{"self":[{"href":"https:\/\/www.ruiqigo.com\/nb\/wp-json\/wp\/v2\/product\/2322","targetHints":{"allow":["GET"]}}],"collection":[{"href":"https:\/\/www.ruiqigo.com\/nb\/wp-json\/wp\/v2\/product"}],"about":[{"href":"https:\/\/www.ruiqigo.com\/nb\/wp-json\/wp\/v2\/types\/product"}],"version-history":[{"count":0,"href":"https:\/\/www.ruiqigo.com\/nb\/wp-json\/wp\/v2\/product\/2322\/revisions"}],"wp:featuredmedia":[{"embeddable":true,"href":"https:\/\/www.ruiqigo.com\/nb\/wp-json\/wp\/v2\/media\/2323"}],"wp:attachment":[{"href":"https:\/\/www.ruiqigo.com\/nb\/wp-json\/wp\/v2\/media?parent=2322"}],"wp:term":[{"taxonomy":"product-tag","embeddable":true,"href":"https:\/\/www.ruiqigo.com\/nb\/wp-json\/wp\/v2\/product-tag?post=2322"},{"taxonomy":"products","embeddable":true,"href":"https:\/\/www.ruiqigo.com\/nb\/wp-json\/wp\/v2\/products?post=2322"}],"curies":[{"name":"wp","href":"https:\/\/api.w.org\/{rel}","templated":true}]}}