{"id":2328,"date":"2024-12-20T16:51:35","date_gmt":"2024-12-20T08:51:35","guid":{"rendered":"https:\/\/ruiqigo.com\/?post_type=product&#038;p=2328"},"modified":"2024-12-20T16:52:31","modified_gmt":"2024-12-20T08:52:31","slug":"color-depositing-conditioner","status":"publish","type":"product","link":"https:\/\/www.ruiqigo.com\/nb\/product\/color-depositing-conditioner","title":{"rendered":"Fargeavsetningsbalsam"},"content":{"rendered":"<h2 class=\"wp-block-heading\">Vanlige formler for produksjon av fargeavsetningsbalsam<\/h2>\n\n\n\n<p>Som en profesjonell produsent av fargeavsettende balsam er vi forpliktet til \u00e5 lage produkter av h\u00f8y kvalitet. Derfor velger vi r\u00e5varer av h\u00f8y kvalitet, som naturlige planteekstrakter og avanserte h\u00e5rpleieingredienser, og bruker avansert produksjonsteknologi for \u00e5 bevare de aktive ingrediensene i st\u00f8rst mulig grad.<\/p>\n\n\n\n<p>1. Arganolje: Arganolje har antioksidanteffekter som kan forhindre h\u00e5rskader for\u00e5rsaket av oksidasjon og opprettholde h\u00e5rfargen etter farging. Den gir ogs\u00e5 n\u00e6ring til h\u00e5ret i dybden, bidrar til \u00e5 reparere skadet h\u00e5r og gj\u00f8r h\u00e5ret glattere og mykere.<\/p>\n\n\n\n<p>2. Mandelolje: Mandelolje kan ikke bare fukte h\u00e5ret, men ogs\u00e5 mykgj\u00f8re h\u00e5ret og redusere problemet med krusete statisk elektrisitet. Samtidig kan den reparere skadet h\u00e5r og forbedre h\u00e5rets elastisitet og seighet. I tillegg fremmer den ogs\u00e5 blodsirkulasjonen til hodebunnen og gir tilstrekkelige n\u00e6ringsstoffer til h\u00e5rsekkene, noe som ytterligere fremmer sunn h\u00e5rvekst.<\/p>\n\n\n\n<p>3. Fargestoff: Fargestoff avsettes p\u00e5 h\u00e5rets overflate eller trenger inn i h\u00e5ret for \u00e5 supplere den tapte fargen, og dermed forsterke fargeeffekten etter h\u00e5rfarging.<\/p>\n\n\n\n<p>4. Surfaktant: Fungerer som en emulgator for \u00e5 hjelpe andre ingredienser i h\u00e5rpleie med \u00e5 bedre dispergere og l\u00f8se seg opp i vann og fordele seg jevnt i h\u00e5ret.<\/p>\n\n\n\n<p>5. Solkrem: Solkrem kan beskytte h\u00e5ret mot UV-skader, og dermed redusere hastigheten p\u00e5 falming av h\u00e5rfargen.<\/p>\n\n\n\n<h2 class=\"wp-block-heading\">Funksjonene til fargeavsetningsbalsam<\/h2>\n\n\n\n<p>I produksjonsprosessen vurderte vi at vanlig h\u00e5rfarging er sv\u00e6rt skadelig for h\u00e5ret, s\u00e5 vi utviklet denne kombinasjonen av h\u00e5rfarging og h\u00e5rpleiefunksjoner. Den kan ikke bare dekke dine behov for h\u00e5rfarge, men ogs\u00e5 beskytte h\u00e5ret ditt, noe som har flere effekter.<\/p>\n\n\n\n<p>1. Suppler og forsterk fargen: Fargeavsettende balsam kan supplere eller tilf\u00f8re \u00f8nsket farge til h\u00e5ret. Den festes bare forsiktig til h\u00e5rets overflate, \u00e5pner ikke skjellaget, s\u00e5 den vil ikke skade h\u00e5ret.<\/p>\n\n\n\n<p>2. Pleiende og reparerende: V\u00e5r fargegivende balsam er rik p\u00e5 en rekke sv\u00e6rt effektive h\u00e5rpleieingredienser for \u00e5 reparere skadet h\u00e5r. Den tilf\u00f8rer ogs\u00e5 fuktighet og n\u00e6ringsstoffer dypt inn i h\u00e5rkjernen for \u00e5 holde h\u00e5ret hydrert, skinnende og smidig.<\/p>\n\n\n\n<p>3. Hindre gulning: En fargeavsettende balsam kan fjerne solpudderfargen, l\u00e5se h\u00e5rets lysstyrke og tone, og hemme gulning og t\u00f8rrhet. For eksempel, etter \u00e5 ha bleket h\u00e5r som har gulnet etter lang soleksponering, kan du bruke en m\u00f8rk lilla pannebalsam for \u00e5 gj\u00f8re h\u00e5rfargen lysere og fyldigere.<\/p>\n\n\n\n<p>4. Hodebunnspleie: Formelen vi bruker er sk\u00e5nsom og inneholder ikke irriterende ingredienser som silikon, s\u00e5 den er mer sk\u00e5nsom mot hodebunnen. Den gir n\u00e6ring, mykgj\u00f8r og beskytter ogs\u00e5 hodebunnen mens den farger h\u00e5ret.<\/p>\n\n\n\n<p>5. Moteriktig h\u00e5rfarge: Vi har laget en rekke lyse, unike farger du kan velge mellom, for \u00e5 m\u00f8te de flestes h\u00e5rfarge\u00f8nsker.<\/p>\n\n\n\n<h2 class=\"wp-block-heading\">Hvordan bruke fargeavsetningsbalsam?<\/h2>\n\n\n\n<p>Fargeavleirende balsam er enklere \u00e5 jobbe med enn vanlig h\u00e5rfarging, og tiden er kortere. Den er bedre for m\u00f8rke farger eller for \u00e5 n\u00f8ytralisere messingtoner og gi h\u00e5ret en varm tone. Slik fungerer den:<\/p>\n\n\n\n<p>1. Vask h\u00e5ret: Vask f\u00f8rst h\u00e5ret p\u00e5 vanlig m\u00e5te, og bruk sjampo for \u00e5 fjerne olje og smuss. T\u00f8rk h\u00e5ret forsiktig med et h\u00e5ndkle etter vask.<\/p>\n\n\n\n<p>2. P\u00e5f\u00f8r jevnt: Del h\u00e5ret i to deler. Hvis det er mye h\u00e5r, kan du dele det i fire deler, og deretter p\u00e5f\u00f8re fargep\u00e5fyllingsbalsamen jevnt i h\u00e5ret. Fokuser p\u00e5 omr\u00e5det som skal farges, og bland det med fingrene eller en kam for \u00e5 sikre at hvert h\u00e5rstr\u00e5 blir p\u00e5f\u00f8rt.<\/p>\n\n\n\n<p>3. Vent p\u00e5 farge: La den fargegivende balsamen virke i h\u00e5ret i 5\u201310 minutter, avhengig av hvor sterk du vil farge den;<\/p>\n\n\n\n<p>4. Skyll: N\u00e5r tiden er ute, skyll h\u00e5ret med vann, s\u00f8rg for at det ikke er noen balsam igjen, og v\u00e6r oppmerksom p\u00e5 at vanntemperaturen ikke er for h\u00f8y. Etter skylling kan du bruke balsam for \u00e5 bevare h\u00e5rfargen.<\/p>\n\n\n\n<h2 class=\"wp-block-heading\">Forsiktighet<\/h2>\n\n\n\n<p>1. Utf\u00f8r en hudtest bak \u00f8ret f\u00f8r bruk for \u00e5 sikre at det ikke er noen allergi;<\/p>\n\n\n\n<p>2. Bruk hansker for \u00e5 unng\u00e5 flekker p\u00e5 hendene;<\/p>\n\n\n\n<p>3. Unng\u00e5 kontakt med \u00f8ynene. Ved kontakt med \u00f8ynene, skyll straks med rent vann.<\/p>\n\n\n\n<p>4. Etter h\u00e5rfarging, pr\u00f8v \u00e5 unng\u00e5 bruk av h\u00f8ytemperaturverkt\u00f8y som h\u00e5rf\u00f8ner og direkte sollys en stund for \u00e5 forhindre rask avfarging;<\/p>\n\n\n\n<p>5. Det anbefales \u00e5 bruke sjampo og balsam til h\u00e5rfarging regelmessig for \u00e5 opprettholde h\u00e5rfargen og gi n\u00e6ring til h\u00e5ret;<\/p>\n\n\n\n<p>6. Fargeavleirende balsam kan vare i opptil 6 m\u00e5neder og anbefales \u00e5 brukes med noen f\u00e5 ukers mellomrom for \u00e5 opprettholde h\u00e5rfargen;<\/p>\n\n\n\n<p>7. Lysere h\u00e5r og por\u00f8st eller lett skadet h\u00e5r vil vare lenger med fargeavsettende balsam<\/p>\n\n\n\n<h2 class=\"wp-block-heading\">Konklusjon<\/h2>\n\n\n\n<p>V\u00e5r n\u00f8ye utarbeidede fargegivende balsam har en sk\u00e5nsom formel som enkelt kan gi h\u00e5ret farge, samtidig som den gir n\u00e6ring til h\u00e5ret i dybden, reparerer skadede h\u00e5rstr\u00e5 og gj\u00f8r h\u00e5ret mer silkemykt og skinnende. Dessuten er produktene v\u00e5re enkle \u00e5 bruke, ingen profesjonell betjening, bare f\u00f8lg instruksjonene for \u00e5 f\u00e5 h\u00e5ret ditt til \u00e5 skinne. Vi vil ogs\u00e5 fortsette \u00e5 innovere, slik at du kan utvikle flere effektive h\u00e5rpleiel\u00f8sninger av h\u00f8y kvalitet. Hvis du er interessert, ta kontakt med oss.<\/p>","protected":false},"excerpt":{"rendered":"Color Depositing Conditioner Manufacturing Common Formulas As a professional color depositing conditioner manufacturer, we are committed to creating high-quality products. Therefore, we select high-quality raw materials, such as natural plant extracts and advanced hair care ingredients, and use advanced production technology to retain their active ingredients to the maximum extent. 1. Argan oil: Argan oil [&hellip;]","protected":false},"featured_media":2329,"menu_order":0,"template":"","meta":[],"product-tag":[],"products":[52],"class_list":["post-2328","product","type-product","status-publish","has-post-thumbnail","hentry","products-conditioner"],"acf":[],"_links":{"self":[{"href":"https:\/\/www.ruiqigo.com\/nb\/wp-json\/wp\/v2\/product\/2328","targetHints":{"allow":["GET"]}}],"collection":[{"href":"https:\/\/www.ruiqigo.com\/nb\/wp-json\/wp\/v2\/product"}],"about":[{"href":"https:\/\/www.ruiqigo.com\/nb\/wp-json\/wp\/v2\/types\/product"}],"version-history":[{"count":0,"href":"https:\/\/www.ruiqigo.com\/nb\/wp-json\/wp\/v2\/product\/2328\/revisions"}],"wp:featuredmedia":[{"embeddable":true,"href":"https:\/\/www.ruiqigo.com\/nb\/wp-json\/wp\/v2\/media\/2329"}],"wp:attachment":[{"href":"https:\/\/www.ruiqigo.com\/nb\/wp-json\/wp\/v2\/media?parent=2328"}],"wp:term":[{"taxonomy":"product-tag","embeddable":true,"href":"https:\/\/www.ruiqigo.com\/nb\/wp-json\/wp\/v2\/product-tag?post=2328"},{"taxonomy":"products","embeddable":true,"href":"https:\/\/www.ruiqigo.com\/nb\/wp-json\/wp\/v2\/products?post=2328"}],"curies":[{"name":"wp","href":"https:\/\/api.w.org\/{rel}","templated":true}]}}