{"id":237,"date":"2024-06-30T23:30:38","date_gmt":"2024-06-30T15:30:38","guid":{"rendered":"https:\/\/ruiqigo.com\/?post_type=product&#038;p=237"},"modified":"2024-09-25T15:06:45","modified_gmt":"2024-09-25T07:06:45","slug":"keratin-shampoo","status":"publish","type":"product","link":"https:\/\/www.ruiqigo.com\/nb\/product\/keratin-shampoo","title":{"rendered":"Keratin-sjampo"},"content":{"rendered":"<h3 class=\"wp-block-heading\">Produksjon av keratinsjampo Vanlige formler<\/h3>\n\n\n\n<p>Keratinsjampoer er rike p\u00e5 keratin, et protein som ligner p\u00e5 h\u00e5rets naturlige struktur. Keratin danner en beskyttende film p\u00e5 h\u00e5ret, noe som er bra for \u00e5 beskytte h\u00e5ret mot overopphetingsskader og forurensende stoffer. Sjampoen er ogs\u00e5 beriket med hydrolysert keratin, som er en kjemisk eller enzymatisk bearbeidet form for keratin i mindre molekyler som lettere kan trenge inn i h\u00e5rets indre for \u00e5 gi dyp reparasjon og n\u00e6ring. I tillegg inneholder sjampoen et rikt aminosyre-pleiemiddel. Aminosyrer er de grunnleggende byggesteinene i h\u00e5rkeratin og kan raskt fylle h\u00e5ret med n\u00e6ringsstoffene det trenger.<\/p>\n\n\n\n<h3 class=\"wp-block-heading\">Keratinsjampo Gjeldende scenarier<\/h3>\n\n\n\n<p>Keratinsjampoer fungerer bra uansett v\u00e6r fordi de er fulle av gode stoffer for h\u00e5ret ditt. De er perfekte for t\u00f8rre steder der h\u00e5ret blir t\u00f8rt, spr\u00f8tt og matt. Keratinen og andre n\u00e6ringsstoffer i sjampoen g\u00e5r dypt inn i h\u00e5ret for \u00e5 gi det n\u00e6ringen det trenger, slik at det blir sunt og spenstig igjen. Du kan ogs\u00e5 kombinere dem med en <a href=\"https:\/\/www.ruiqigo.com\/nb\/products\/conditioner\/\">naturlig ingrediens balsam<\/a> for enda bedre resultater.<\/p>\n\n\n\n<h3 class=\"wp-block-heading\">Hvem er Keratin-sjampodress for<\/h3>\n\n\n\n<p>Keratinsjampoer passer for personer som trenger \u00e5 reparere h\u00e5ret sitt. For h\u00e5rskader for\u00e5rsaket av kjemiske behandlinger som permanent og farging, daglige milj\u00f8faktorer eller friksjon, kan Keratinsjampo bidra til \u00e5 reparere og styrke h\u00e5ret. I tillegg, for personer med krusete og uh\u00e5ndterlig h\u00e5r og de som ofte bruker varme verkt\u00f8y for styling, kan Keratinsjampo bidra til \u00e5 glatte ut krus og gj\u00f8re h\u00e5ret mer h\u00e5ndterlig, samtidig som det gir beskyttelse mot varmeskader for\u00e5rsaket av hyppig bruk av varmluftsf\u00f8ner, permanentjern og mer. Mer <a href=\"https:\/\/www.ruiqigo.com\/nb\/products\/shampoo\/\">sjampoer med naturlige ingredienser<\/a> for deg \u00e5 velge mellom 3TOP.<\/p>\n\n\n\n<h3 class=\"wp-block-heading\">Produksjonsprosess for keratinsjampo<\/h3>\n\n\n\n<p>\u00c5 lage keratinsjampoer starter med \u00e5 lage keratin. Vi bruker en spesiell vitenskapelig metode kalt rekombinant DNA-teknologi. Den har trinn som \u00e5 gj\u00f8re klar for fermentering, tilsette de riktige stoffene, fermentere, ta pr\u00f8ver, teste, \u00e5pne bakterier og rydde opp. Vi kan ogs\u00e5 lage nedbrutt keratin ved \u00e5 bruke kjemikalier eller spesielle enzymer. Dette lager bittesm\u00e5 biter av keratin som er akkurat passe for h\u00e5r- og kroppsprodukter.<\/p>","protected":false},"excerpt":{"rendered":"Keratin shampoo manufacturing Common Formulas Keratin shampoos are rich in keratin, a protein similar to the natural structure of hair Keratin forms a protective film on the hair, which is good for protecting the hair from overheating damage and pollutants. The shampoo is also enriched with hydrolyzed keratin, which is a chemically or enzymatically processed [&hellip;]","protected":false},"featured_media":238,"menu_order":0,"template":"","meta":[],"product-tag":[],"products":[51],"class_list":["post-237","product","type-product","status-publish","has-post-thumbnail","hentry","products-shampoo"],"acf":[],"_links":{"self":[{"href":"https:\/\/www.ruiqigo.com\/nb\/wp-json\/wp\/v2\/product\/237","targetHints":{"allow":["GET"]}}],"collection":[{"href":"https:\/\/www.ruiqigo.com\/nb\/wp-json\/wp\/v2\/product"}],"about":[{"href":"https:\/\/www.ruiqigo.com\/nb\/wp-json\/wp\/v2\/types\/product"}],"version-history":[{"count":0,"href":"https:\/\/www.ruiqigo.com\/nb\/wp-json\/wp\/v2\/product\/237\/revisions"}],"wp:featuredmedia":[{"embeddable":true,"href":"https:\/\/www.ruiqigo.com\/nb\/wp-json\/wp\/v2\/media\/238"}],"wp:attachment":[{"href":"https:\/\/www.ruiqigo.com\/nb\/wp-json\/wp\/v2\/media?parent=237"}],"wp:term":[{"taxonomy":"product-tag","embeddable":true,"href":"https:\/\/www.ruiqigo.com\/nb\/wp-json\/wp\/v2\/product-tag?post=237"},{"taxonomy":"products","embeddable":true,"href":"https:\/\/www.ruiqigo.com\/nb\/wp-json\/wp\/v2\/products?post=237"}],"curies":[{"name":"wp","href":"https:\/\/api.w.org\/{rel}","templated":true}]}}