{"id":2373,"date":"2024-12-27T16:46:51","date_gmt":"2024-12-27T08:46:51","guid":{"rendered":"https:\/\/ruiqigo.com\/?post_type=product&#038;p=2373"},"modified":"2024-12-27T16:48:31","modified_gmt":"2024-12-27T08:48:31","slug":"shampoo-and-conditioner-sulphate-free","status":"publish","type":"product","link":"https:\/\/www.ruiqigo.com\/nb\/product\/shampoo-and-conditioner-sulphate-free","title":{"rendered":"Sjampo og balsam uten sulfater"},"content":{"rendered":"<h2 class=\"wp-block-heading\">Sjampo og balsam Sulfatfri produksjon Vanlige formler<\/h2>\n\n\n\n<p>I produksjonen av sulfatfrie sjampoer og balsam bruker vi en rekke naturlige ingredienser for \u00e5 opprettholde en naturlig fuktighetsbarriere for hodebunnen. Disse ingrediensene samarbeider for \u00e5 rense, pleie og fukte.<\/p>\n\n\n\n<p>1. Aloe vera: Aloe vera kan raskt gjenoppbygge fuktigheten og n\u00e6ringsstoffene som hodebunnen og h\u00e5ret trenger, og holde det godt inne, slik at h\u00e5ret kan holde seg hydrert og skinnende. Men det bidrar ogs\u00e5 til \u00e5 lindre irritasjon og betennelse, forbedrer hodebunnsproblemer og kontrollerer oljeproduksjonen i hodebunnen, noe som hjelper h\u00e5ret med \u00e5 opprettholde en olje-vann-balanse. Det renser ogs\u00e5 hodebunnen sk\u00e5nsomt uten \u00e5 frata den naturlig fuktighet.<\/p>\n\n\n\n<p>2. Kokosolje: Kokosolje er en naturlig solfaktor som beskytter h\u00e5ret mot UV-skader. Den absorberes ogs\u00e5 lett av h\u00e5rstr\u00e5ene, noe som gir en langvarig fuktighetsgivende effekt for h\u00e5ret og reduserer vanntap. I tillegg kan den ogs\u00e5 hjelpe deg med \u00e5 reparere skadet h\u00e5r og forbedre problemer som flisete tupper og sprekker.<\/p>\n\n\n\n<p>3. Overflateaktive stoffer: Vi bruker milde overflateaktive stoffer, som har mild rengj\u00f8ringskraft, og kan redusere irritasjon i hodebunnen, vanligvis mindre skum, mer egnet for personer med t\u00f8rt h\u00e5r som er f\u00f8lsomt.<\/p>\n\n\n\n<p>4. Vitamin E: er en antioksidant som beskytter h\u00e5ret mot skader fra frie radikaler.<\/p>\n\n\n\n<p>5.pH-regulator: Den kan justere pH-verdien, slik at produktet er n\u00e6rmere h\u00e5rets pH-verdi, og dermed reduserer irritasjon.<\/p>\n\n\n\n<h2 class=\"wp-block-heading\">Funksjonene til sjampo og balsam Sulfatfri<\/h2>\n\n\n\n<p>Som en profesjonell produsent av sulfatfrie sjampoer og balsam kombinerer vi rensekraften til sjampoer med den n\u00e6rende kraften til balsam, samtidig som vi unng\u00e5r irritasjon fra sulfater i h\u00e5ret ditt, for \u00e5 gi deg et alt-i-ett, sk\u00e5nsomt og ikke-irriterende produkt. Her er hovedfunksjonene:<\/p>\n\n\n\n<p>1. Fuktighetsgivende og fuktighetsgivende: Produktene v\u00e5re kan ikke bare gi fuktighet til h\u00e5ret dypt inn i kjernen, men ogs\u00e5 gj\u00f8re det mer hydrert. De bevarer ogs\u00e5 den naturlige fuktigheten i hodebunnen og h\u00e5ret, noe som er gunstig for h\u00e5rets generelle helse og forbedrer problemer med flisete tupper og sprekker.<\/p>\n\n\n\n<p>2. Naturlig tekstur: Sulfatfrie sjampoer og balsam er mildere, beholder den naturlige oljedelen, forhindrer at h\u00e5ret t\u00f8rker ut og blir krusete, gj\u00f8r h\u00e5ret mykere og sunnere, og det er ikke behov for spesiell pleie for kr\u00f8llete h\u00e5r.<\/p>\n\n\n\n<p>3. Sk\u00e5nsom rengj\u00f8ring: Vi bruker en rekke naturlige planteingredienser og sk\u00e5nsomme h\u00e5rpleieingredienser for \u00e5 redusere irritasjon i h\u00e5r og hodebunn og som kan f\u00f8re til krusete og t\u00f8rt h\u00e5r, spesielt for sensitive muskler.<\/p>\n\n\n\n<p>4. Bevar h\u00e5rfargen: Den \u00e5pner ikke kutikulaen under bruk, og kan ogs\u00e5 bidra til \u00e5 opprettholde styrken til h\u00e5rfargepigmentet, og dermed forlenge h\u00e5rfargens levetid.<\/p>\n\n\n\n<p>5. Reparer og gi n\u00e6ring: Sulfatfrie sjampoer og balsam kan reparere skadet h\u00e5r og lage et beskyttende lag p\u00e5 overflaten, noe som reduserer vanntap og gir h\u00e5ret ytterligere n\u00e6ring.<\/p>\n\n\n\n<p>6. Milj\u00f8vennlig og praktisk: Sammenlignet med sulfatbaserte ingredienser er ingrediensene v\u00e5re mer milj\u00f8vennlige og sunne, og de gir ikke bare dyprens, men ogs\u00e5 en dypbehandling, noe som gj\u00f8r h\u00e5ret sunnere. Den doble effekten er mer praktisk \u00e5 bruke, og unng\u00e5r ogs\u00e5 den tunge f\u00f8lelsen som kan oppst\u00e5 ved bruk av flere produkter samtidig.<\/p>\n\n\n\n<h2 class=\"wp-block-heading\">Hvordan bruke sulfatfri sjampo og balsam?<\/h2>\n\n\n\n<p>V\u00e5re sulfatfrie sjampoer og balsamer kombinerer flere funksjoner for \u00e5 gj\u00f8re dem enklere \u00e5 bruke, enkle \u00e5 betjene og egnet for de fleste situasjoner.<\/p>\n\n\n\n<p>1. V\u00e5tt h\u00e5r: Fukt f\u00f8rst h\u00e5ret med varmt vann for \u00e5 sikre at hvert h\u00e5rstr\u00e5 er fuktig;<\/p>\n\n\n\n<p>2. Rengj\u00f8ring og stell: For f\u00f8rste rengj\u00f8ring, p\u00e5f\u00f8r en passende mengde sulfatfri sjampo og balsam i h\u00e5ndflaten, gni inn boblene, og fordel deretter skummet jevnt i h\u00e5r og hodebunn. Du kan massere hodebunnen forsiktig for \u00e5 fremme blodsirkulasjonen og skylle av med vann etter massasje. Den andre rengj\u00f8ringen er den samme som det f\u00f8rste rengj\u00f8ringstrinnet. Denne prosessen kan bidra til \u00e5 fjerne gjenv\u00e6rende smuss og olje i h\u00e5ret, noe som bidrar til grundig rengj\u00f8ring.<\/p>\n\n\n\n<p>3. Skyll av: Skyll av skummet med vann, s\u00f8rg for at det ikke er noe skum igjen, og t\u00f8rk forsiktig med et h\u00e5ndkle. Etter h\u00e5rvask kan du bruke en grundig balsam med eterisk olje etter behov, og la h\u00e5ret luftt\u00f8rke eller f\u00f8ne det med en h\u00e5rf\u00f8ner.<\/p>\n\n\n\n<h2 class=\"wp-block-heading\">Forsiktighet<\/h2>\n\n\n\n<p>1. Velg produkter som passer for h\u00e5ret ditt i henhold til dine egne h\u00e5rbehov;<\/p>\n\n\n\n<p>2. En allergitest b\u00f8r utf\u00f8res for f\u00f8rste gang, og bruken b\u00f8r avbrytes hvis det ikke er noen tilpasning;<\/p>\n\n\n\n<p>3. Unng\u00e5 overforbruk, ta passende mengde i henhold til h\u00e5rlengden din, og unng\u00e5 overdreven h\u00e5rbelastning;<\/p>\n\n\n\n<p>4. Unng\u00e5 hyppig bruk, det anbefales \u00e5 bruke 1-2 ganger i uken, hvis h\u00e5ret er tynt eller fett, kan du \u00f8ke antall ganger p\u00e5 passende m\u00e5te;<\/p>\n\n\n\n<p>5. Det anbefales \u00e5 oppbevares kj\u00f8lig og t\u00f8rt, unng\u00e5 direkte sollys og h\u00f8ye temperaturer.<\/p>\n\n\n\n<h2 class=\"wp-block-heading\">Konklusjon<\/h2>\n\n\n\n<p>Produktene v\u00e5re bruker en rekke naturlige planteingredienser og sv\u00e6rt effektive h\u00e5rpleieingredienser for \u00e5 erstatte sulfater. Ikke bare for \u00e5 oppfylle produktets helse-, sikkerhets- og milj\u00f8vernm\u00e5l, \u00f8nsker sjampo og h\u00e5rpleie \u00e5 kombinere egenskapene til merkevaren din for \u00e5 oppn\u00e5 et differensiert konkurransefortrinn. Selvf\u00f8lgelig tilbyr vi ogs\u00e5 et komplett spekter av tilpasningstjenester, enten det er formeljustering eller emballasjedesign, vi kan skape et unikt merke i henhold til dine behov. Hvis du ogs\u00e5 er interessert i v\u00e5re sulfatfrie sjampoer og balsamer, kan du kontakte oss.<\/p>","protected":false},"excerpt":{"rendered":"Shampoo And Conditioner Sulphate Free Manufacturing Common Formulas In the production of shampoo and conditioner sulphate free, we use a variety of natural ingredients to maintain a natural moisturizing barrier for the scalp. These ingredients work together to cleanse, care, and moisturize. 1. Aloe vera: Aloe vera can quickly replenish the moisture and nutrients needed [&hellip;]","protected":false},"featured_media":2374,"menu_order":0,"template":"","meta":[],"product-tag":[],"products":[54],"class_list":["post-2373","product","type-product","status-publish","has-post-thumbnail","hentry","products-shampoo-and-conditioner"],"acf":[],"_links":{"self":[{"href":"https:\/\/www.ruiqigo.com\/nb\/wp-json\/wp\/v2\/product\/2373","targetHints":{"allow":["GET"]}}],"collection":[{"href":"https:\/\/www.ruiqigo.com\/nb\/wp-json\/wp\/v2\/product"}],"about":[{"href":"https:\/\/www.ruiqigo.com\/nb\/wp-json\/wp\/v2\/types\/product"}],"version-history":[{"count":0,"href":"https:\/\/www.ruiqigo.com\/nb\/wp-json\/wp\/v2\/product\/2373\/revisions"}],"wp:featuredmedia":[{"embeddable":true,"href":"https:\/\/www.ruiqigo.com\/nb\/wp-json\/wp\/v2\/media\/2374"}],"wp:attachment":[{"href":"https:\/\/www.ruiqigo.com\/nb\/wp-json\/wp\/v2\/media?parent=2373"}],"wp:term":[{"taxonomy":"product-tag","embeddable":true,"href":"https:\/\/www.ruiqigo.com\/nb\/wp-json\/wp\/v2\/product-tag?post=2373"},{"taxonomy":"products","embeddable":true,"href":"https:\/\/www.ruiqigo.com\/nb\/wp-json\/wp\/v2\/products?post=2373"}],"curies":[{"name":"wp","href":"https:\/\/api.w.org\/{rel}","templated":true}]}}