{"id":2576,"date":"2025-01-07T13:52:35","date_gmt":"2025-01-07T05:52:35","guid":{"rendered":"https:\/\/ruiqigo.com\/?post_type=product&#038;p=2576"},"modified":"2025-01-07T13:52:38","modified_gmt":"2025-01-07T05:52:38","slug":"hydrating-facial-cleanser","status":"publish","type":"product","link":"https:\/\/www.ruiqigo.com\/nb\/product\/hydrating-facial-cleanser","title":{"rendered":"Fuktighetsgivende ansiktsrens"},"content":{"rendered":"<h2 class=\"wp-block-heading\">Vanlige formler for produksjon av fuktighetsgivende ansiktsrens<\/h2>\n\n\n\n<p>I produksjonsprosessen har vi kombinert problemene til flere hudtyper og tatt i bruk relative l\u00f8sninger for \u00e5 utvikle en fuktighetsgivende renseprodukt som sensitive muskler trygt kan bruke. Her er hovedingrediensene:<\/p>\n\n\n\n<p>1. Hyaluronsyre: Hyaluronsyre har en sv\u00e6rt fuktighetsgivende komponent som kan gi huden tilstrekkelig med vann og holde p\u00e5 vannet for \u00e5 opprettholde vannbalansen. Videre forhindrer den ru og t\u00f8rr hud, og hjelper huden med \u00e5 gjenopprette elastisitet og glans.<\/p>\n\n\n\n<p>2. Ceramid: Ceramid har en sterk evne til \u00e5 binde vann. Det kan raskt trenge inn i stratum corneum og danne en nettverksstruktur for \u00e5 binde vann og forhindre vanntap. Samtidig kan det ogs\u00e5 reparere den skadede hudbarrieren og forbedre hudens forsvarsevne for \u00e5 redusere skader fra ytre stimuli p\u00e5 huden.<\/p>\n\n\n\n<p>3. Surfactants: Vi bruker milde overflateaktive stoffer som kan rense huden sk\u00e5nsomt uten \u00e5 irritere den, selv for sensitive muskler.<\/p>\n\n\n\n<p>4. Kamilleekstrakt: Kamille har en lindrende og betennelsesdempende effekt som kan berolige huden, bidra til \u00e5 lindre symptomer som r\u00f8dhet, t\u00f8rrhet og kl\u00f8e, og gjenopprette ro. Den har naturlige antibakterielle og betennelsesdempende egenskaper, kan redusere hudbetennelse, fremme hudreparasjon og helbredelse, og ytterligere redusere forekomsten av akne. Langvarig bruk kan forbedre hudtilstanden.<\/p>\n\n\n\n<p>5. Salisylsyre: Salisylsyre kan hemme utskillelsen av olje i ansiktet, og dermed bidra til \u00e5 regulere oljebalansen og gj\u00f8re huden mer forfriskende. Den har ogs\u00e5 antibakterielle egenskaper, som kan redusere forekomsten av akne. Samtidig kan den mykgj\u00f8re stratum corneum, fjerne d\u00f8de hudceller sk\u00e5nsomt, fremme fornyelse av epidermisceller og gj\u00f8re huden glattere og mer delikat.<\/p>\n\n\n\n<h2 class=\"wp-block-heading\">Funksjonene til fuktighetsgivende ansiktsrens<\/h2>\n\n\n\n<p>V\u00e5r fuktighetsgivende renseprodukt bruker avanserte produksjonsprosesser og kombinerer en rekke sv\u00e6rt effektive fuktighetsgivende ingredienser for \u00e5 gi deg en komfortabel og trygg renseopplevelse. La oss ta en titt p\u00e5 hva den gj\u00f8r:<\/p>\n\n\n\n<p>1. Sk\u00e5nsom rengj\u00f8ring: Den fuktighetsgivende rensen bruker en sk\u00e5nsom formel som ikke bare effektivt fjerner smuss, olje og kosmetikkrester p\u00e5 hudoverflaten, men som heller ikke for\u00e5rsaker t\u00f8rr og stram hud, noe som kan redusere irritasjon i huden og ogs\u00e5 gjelde sensitive muskler.<\/p>\n\n\n\n<p>2. Dyp fuktighetsgivende: Renseren v\u00e5r inneholder en rekke naturlige fuktighetsgivende ingredienser som kan gi fuktighet dypt inn i huden under rengj\u00f8ring, og holde p\u00e5 fuktigheten for \u00e5 forhindre fuktighetstap. Og for fet hud kan den ogs\u00e5 regulere oljesekresjonen for \u00e5 opprettholde balansen mellom vann og olje i huden, slik at huden blir mer hydrert og elastisk.<\/p>\n\n\n\n<p>3. Beroligende og reparerende: Kamille og andre ingredienser i den fuktighetsgivende rensen har en beroligende og lindrende effekt, som kan lindre ubehag for\u00e5rsaket av ytre milj\u00f8stimulering og redusere hudens f\u00f8lsomhet. Samtidig kan det ogs\u00e5 bidra til \u00e5 reparere den skadede hudbarrieren, forbedre hudens forsvarsevne og gj\u00f8re huden sunnere.<\/p>\n\n\n\n<p>5. Forbedre huden: Fuktighetsgivende rensemidler kan ikke bare redusere forekomsten av akne, men ogs\u00e5 styrke hudbarrieren. Og den langvarige fuktighetsgivende effekten gj\u00f8r huden mer delikat, glatt og elastisk. Samtidig eksfolierer den huden, noe som gj\u00f8r huden jevnere og lysere. Derfor kan den forbedre hudens tilstand og holde huden sunn.<\/p>\n\n\n\n<h2 class=\"wp-block-heading\">Hvordan bruke fuktighetsgivende ansiktsrens?<\/h2>\n\n\n\n<p>Produktene v\u00e5re er enkle \u00e5 bruke og trygge \u00e5 bruke, noe som gj\u00f8r dem til et utmerket renseprodukt \u00e5 velge mellom. Vi sender produktene v\u00e5re gjennom strenge dermatologiske tester for \u00e5 sikre at de ikke er tilsatt alkohol, smak, farge eller andre irriterende ingredienser, og pleier huden din sk\u00e5nsomt.<\/p>\n\n\n\n<p>1. Fukt ansiktet f\u00f8rst for \u00e5 fremme renslighet;<\/p>\n\n\n\n<p>2. P\u00e5f\u00f8r riktig mengde fuktighetsgivende ansiktsrens i h\u00e5ndflaten og tilsett litt vann for \u00e5 skumme opp;<\/p>\n\n\n\n<p>3. Fordel skummet jevnt i ansiktet og masser forsiktig;<\/p>\n\n\n\n<p>4. Skyll grundig med rent vann for \u00e5 sikre at det ikke er noe skum igjen;<\/p>\n\n\n\n<p>5. T\u00f8rk forsiktig med et h\u00e5ndkle, og deretter kan du matche den samme serien med fuktighetsgivende produkter for \u00e5 fremme fuktighet ytterligere.<\/p>\n\n\n\n<h2 class=\"wp-block-heading\">Forsiktighet<\/h2>\n\n\n\n<p>1. Velg en fuktighetsgivende renseprodukt som passer for din hudtype;<\/p>\n\n\n\n<p>2. En allergitest b\u00f8r utf\u00f8res for f\u00f8rste gang, og bruken b\u00f8r umiddelbart stoppes hvis det ikke er noen tilpasning;<\/p>\n\n\n\n<p>3. Det anbefales \u00e5 bruke \u00e9n gang om morgenen og \u00e9n gang om kvelden for \u00e5 unng\u00e5 skade p\u00e5 hudbarrieren for\u00e5rsaket av hyppig bruk;<\/p>\n\n\n\n<p>4. V\u00e6r oppmerksom p\u00e5 prinsippet om riktig mengde ved bruk, for \u00e5 unng\u00e5 for mye skum som resulterer i fet og tykk hud;<\/p>\n\n\n\n<p>5. Det anbefales \u00e5 justere bruken av fuktighetsgivende rensemidler i henhold til sesongmessige endringer;<\/p>\n\n\n\n<p>6. Det anbefales \u00e5 oppbevares kj\u00f8lig og t\u00f8rt for \u00e5 unng\u00e5 at direkte sollys og h\u00f8ye temperaturer p\u00e5virker produktets effekt.<\/p>\n\n\n\n<h2 class=\"wp-block-heading\">Konklusjon<\/h2>\n\n\n\n<p>Som en profesjonell produsent av fuktighetsgivende ansiktsrens har vi laget et produkt spesielt utviklet for alle hudtyper basert p\u00e5 dine behov og hudtilstander. I tillegg til studier av effektivitet, legger vi ogs\u00e5 stor vekt p\u00e5 kvaliteten p\u00e5 produksjonsprosessen, fra screening av r\u00e5varer til ferdig produktemballasje. Vi har et strengt kvalitetskontrollsystem for \u00e5 sikre at hver flaske fuktighetsgivende rensemiddel er trygg \u00e5 bruke. Samtidig tilbyr vi ogs\u00e5 et komplett utvalg av tilpassede tjenester, i henhold til dine behov, for \u00e5 hjelpe deg med \u00e5 lage unike, h\u00f8yt merkevareprodukter slik at du f\u00e5r et konkurransefortrinn. Hvis du ogs\u00e5 er interessert, kan du kontakte oss.<\/p>\n\n\n\n<p><\/p>","protected":false},"excerpt":{"rendered":"Hydrating Facial Cleanser Manufacturing Common Formulas In the production process, we have combined the problems of multiple skin types and adopted relative solutions to develop a moisturizing cleanser that sensitive muscles can safely use. Here are its main ingredients: 1. Hyaluronic acid: hyaluronic acid has a highly moisturizing component, which can provide adequate water for [&hellip;]","protected":false},"featured_media":2577,"menu_order":0,"template":"","meta":[],"product-tag":[],"products":[65],"class_list":["post-2576","product","type-product","status-publish","has-post-thumbnail","hentry","products-facial-cleanser"],"acf":[],"_links":{"self":[{"href":"https:\/\/www.ruiqigo.com\/nb\/wp-json\/wp\/v2\/product\/2576","targetHints":{"allow":["GET"]}}],"collection":[{"href":"https:\/\/www.ruiqigo.com\/nb\/wp-json\/wp\/v2\/product"}],"about":[{"href":"https:\/\/www.ruiqigo.com\/nb\/wp-json\/wp\/v2\/types\/product"}],"version-history":[{"count":0,"href":"https:\/\/www.ruiqigo.com\/nb\/wp-json\/wp\/v2\/product\/2576\/revisions"}],"wp:featuredmedia":[{"embeddable":true,"href":"https:\/\/www.ruiqigo.com\/nb\/wp-json\/wp\/v2\/media\/2577"}],"wp:attachment":[{"href":"https:\/\/www.ruiqigo.com\/nb\/wp-json\/wp\/v2\/media?parent=2576"}],"wp:term":[{"taxonomy":"product-tag","embeddable":true,"href":"https:\/\/www.ruiqigo.com\/nb\/wp-json\/wp\/v2\/product-tag?post=2576"},{"taxonomy":"products","embeddable":true,"href":"https:\/\/www.ruiqigo.com\/nb\/wp-json\/wp\/v2\/products?post=2576"}],"curies":[{"name":"wp","href":"https:\/\/api.w.org\/{rel}","templated":true}]}}