{"id":2591,"date":"2025-01-09T10:16:02","date_gmt":"2025-01-09T02:16:02","guid":{"rendered":"https:\/\/ruiqigo.com\/?post_type=product&#038;p=2591"},"modified":"2025-01-09T10:16:37","modified_gmt":"2025-01-09T02:16:37","slug":"salicylic-acid-facial-cleanser","status":"publish","type":"product","link":"https:\/\/www.ruiqigo.com\/nb\/product\/salicylic-acid-facial-cleanser","title":{"rendered":"Ansiktsrens med salisylsyre"},"content":{"rendered":"<h2 class=\"wp-block-heading\">Produksjon av salisylsyre ansiktsrens Vanlige formler<\/h2>\n\n\n\n<p>Renseprosessen med salisylsyre kan v\u00e6re irriterende, s\u00e5 vi tilsatte en rekke milde overflateaktive stoffer og naturlige fuktighetsgivende ingredienser under formuleringsforskningen. M\u00e5let er \u00e5 redusere hudirritasjon og gj\u00f8re produktet egnet for de fleste hudtyper.<\/p>\n\n\n\n<p>1. Salisylsyre: Salisylsyre er kjerneingrediensen og ogs\u00e5 en eksfolierende ingrediens. Den trenger ikke bare dypt inn i porene, l\u00f8ser opp akkumulert olje og smuss og forhindrer at porene tettes, og reduserer dermed dannelsen av kviser og hudormer. Den kan ogs\u00e5 redusere overfl\u00f8dig olje og balansere oljesekresjonen ytterligere, noe som bidrar til \u00e5 redusere hudproblemer for\u00e5rsaket av for mye olje, som kviser og akne. Samtidig kan salisylsyre ogs\u00e5 fremme veksten av nye celler, forbedre problemet med aldring av huden og gj\u00f8re huden glattere og mer delikat.<\/p>\n\n\n\n<p>2. Niacinamid: Niacinamid kan forbedre hudens barrierefunksjon og har en viss antioksidanteffekt som kan motst\u00e5 skader fra det ytre milj\u00f8et p\u00e5 huden. Ikke bare det, det spiller ogs\u00e5 en rolle i \u00e5 lysne huden, bidra til \u00e5 redusere flekker og matt hud, og gj\u00f8re huden mer gjennomsiktig.<\/p>\n\n\n\n<p>3. Hyaluronsyre: Hyaluronsyre er en vanlig fuktighetsgivende ingrediens som gir huden en langvarig fuktighetsgivende effekt. N\u00e5r den brukes i kombinasjon med salisylsyre, balanserer den t\u00f8rrheten i salisylsyren og lindrer irritasjon i huden, slik at huden holdes hydrert.<\/p>\n\n\n\n<p>4. Retinol: Retinol har en sterk antialdringseffekt, det kan fremme cellefornyelse og kollagenproduksjon, slik at huden blir elastisk og strammere. Samtidig kan det ogs\u00e5 redusere oljesekresjon og forbedre oljekontrolleffekten.<\/p>\n\n\n\n<h2 class=\"wp-block-heading\">Funksjonene til salisylsyre-ansiktsrens<\/h2>\n\n\n\n<p>Som en profesjonell produsent av salisylsyre-ansiktsrens er vi forpliktet til \u00e5 tilby deg sv\u00e6rt effektive hudpleiel\u00f8sninger. Derfor bruker vi avansert produksjonsteknologi for \u00e5 sikre at aktiviteten bevares i st\u00f8rst mulig grad og gir st\u00f8rst mulig effekt. Her er hovedfunksjonene:<\/p>\n\n\n\n<p>1. Eksfoliering: Bruk salisylsyrerens for \u00e5 fjerne d\u00f8de hudceller, l\u00f8se opp og forsiktig fjerne en stor mengde oppsamlet, aldret hud. Dermed fremmes veksten av nye celler og huden blir glattere og mer delikat.<\/p>\n\n\n\n<p>2. Oljekontrollbalanse: Rensmiddelet v\u00e5rt kan \u00e5pne tette porer samtidig som det fjerner overfl\u00f8dig olje og kontrollerer oljebalansen, spesielt for muskler som har oljekopper. \u00c5 redusere glansen holder ansiktet friskt og ikke stramt.<\/p>\n\n\n\n<p>3. Rengj\u00f8r akne: Salisylsyre er permeabel og kan rense porene i dybden og forhindre at porene tettes. Den bremser ogs\u00e5 avskallingen av hudceller fra h\u00e5rsekkene, noe som reduserer dannelsen av hudormer og kviser.<\/p>\n\n\n\n<p>4. Forbedre hudkvaliteten: Salisylsyrerens kan fremme fornyelsen av epidermisceller, noe som ikke bare kan forhindre pigmentering, men ogs\u00e5 bremse hudens aldring og gj\u00f8re huden fastere. Samtidig bidrar de hvitende ingrediensene i ansiktsrensen ogs\u00e5 til \u00e5 lysne huden og redusere flekker.<\/p>\n\n\n\n<p>5. Antibakteriell og betennelsesdempende: Rensmiddelet v\u00e5rt har antibakterielle og betennelsesdempende effekter, som kan lindre r\u00f8dhet og irritasjon i ansiktet, redusere akne og betennelse, og akselerere helbredelsen av akne.<\/p>\n\n\n\n<h2 class=\"wp-block-heading\">Hvordan bruke salisylsyre ansiktsrens?<\/h2>\n\n\n\n<p>Vi produserer forskjellige konsentrasjoner av salisylsyre-ansiktsrensemidler, som du kan velge mellom. Nybegynnere anbefaler \u00e5 starte med en lav konsentrasjon for gradvis \u00e5 bygge opp toleranse, for ikke \u00e5 irritere ansiktet. Samtidig vil vi ogs\u00e5 merke bruken av emballasjen:<\/p>\n\n\n\n<p>1. Fukt ansiktet med varmt vann f\u00f8rst for \u00e5 lette skummingen;<\/p>\n\n\n\n<p>2. P\u00e5f\u00f8r en passende mengde salisylsyre-ansiktsrens i h\u00e5ndflaten og gni til det skummer. P\u00e5f\u00f8r deretter skummet jevnt i ansiktet og masser forsiktig de to delene i sirkelbevegelser. Merk at omr\u00e5der som er utsatt for olje i T-sonen kan masseres en stund for \u00e5 fjerne olje og smuss.<\/p>\n\n\n\n<p>3. Skyll skummet med rent vann etter massasje for \u00e5 sikre at det ikke er noen rester igjen;<\/p>\n\n\n\n<p>4. Etter \u00e5 ha t\u00f8rket huden forsiktig med et h\u00e5ndkle, kan du matche den samme serien med fuktighetsgivende produkter, og bruke dem i l\u00f8pet av dagen med solkremprodukter. Fordi salisylsyre gj\u00f8r huden mer f\u00f8lsom for solen, kan solkrem brukes til \u00e5 beskytte mot UV-str\u00e5ler.<\/p>\n\n\n\n<h2 class=\"wp-block-heading\">Forsiktighet<\/h2>\n\n\n\n<p>1. N\u00e5r du bruker det, velg en ansiktsrens med salisylsyre som passer til din hudtype;<\/p>\n\n\n\n<p>2. En allergisk test b\u00f8r utf\u00f8res for f\u00f8rste gang, og bruken b\u00f8r stoppes umiddelbart hvis ubehag oppst\u00e5r;<\/p>\n\n\n\n<p>3. V\u00e6r oppmerksom p\u00e5 brukshyppigheten. Det anbefales \u00e5 bruke \u00e9n gang morgen og kveld. Nybegynnere kan gradvis \u00f8ke fra 2\u20133 ganger i uken til daglig bruk for \u00e5 tilpasse seg hudtilstanden.<\/p>\n\n\n\n<p>4. Hvis du har spesifikke hudproblemer, b\u00f8r den brukes etter r\u00e5d fra lege;<\/p>\n\n\n\n<p>5. Gravide og ammende kvinner b\u00f8r konsultere lege f\u00f8r bruk;<\/p>\n\n\n\n<p>6. Det anbefales \u00e5 oppbevare p\u00e5 et kj\u00f8lig og t\u00f8rt sted for \u00e5 unng\u00e5 direkte sollys og h\u00f8ye temperaturer.<\/p>\n\n\n\n<h2 class=\"wp-block-heading\">Konklusjon<\/h2>\n\n\n\n<p>Som en salisylsyreprodusent med fokus p\u00e5 produksjon av h\u00f8y kvalitet, har vi et profesjonelt forsknings- og utviklingsteam med rik erfaring innen utvikling og produksjon av hudpleieprodukter. Samtidig har vi et strengt kvalitetskontrollsystem i alle ledd fra anskaffelse av r\u00e5varer til produksjon og emballasje for \u00e5 sikre effektiviteten og sikkerheten til hvert produkt. I tillegg tilbyr vi omfattende tilpasningstjenester og streber etter perfeksjon, for \u00e5 sikre at merkevaren din skiller seg ut i markedet. Hvis du ogs\u00e5 er interessert, kan du kontakte oss.<\/p>","protected":false},"excerpt":{"rendered":"Salicylic Acid Facial Cleanser Manufacturing Common Formulas The salicylic acid cleansing process can be irritating, so we added a variety of mild surfactants and natural moisturizing ingredients during formulation research. This aim is to reduce skin irritation and make the product suitable for most skin types. 1. Salicylic acid: Salicylic acid is the core ingredient [&hellip;]","protected":false},"featured_media":2592,"menu_order":0,"template":"","meta":[],"product-tag":[],"products":[65],"class_list":["post-2591","product","type-product","status-publish","has-post-thumbnail","hentry","products-facial-cleanser"],"acf":[],"_links":{"self":[{"href":"https:\/\/www.ruiqigo.com\/nb\/wp-json\/wp\/v2\/product\/2591","targetHints":{"allow":["GET"]}}],"collection":[{"href":"https:\/\/www.ruiqigo.com\/nb\/wp-json\/wp\/v2\/product"}],"about":[{"href":"https:\/\/www.ruiqigo.com\/nb\/wp-json\/wp\/v2\/types\/product"}],"version-history":[{"count":0,"href":"https:\/\/www.ruiqigo.com\/nb\/wp-json\/wp\/v2\/product\/2591\/revisions"}],"wp:featuredmedia":[{"embeddable":true,"href":"https:\/\/www.ruiqigo.com\/nb\/wp-json\/wp\/v2\/media\/2592"}],"wp:attachment":[{"href":"https:\/\/www.ruiqigo.com\/nb\/wp-json\/wp\/v2\/media?parent=2591"}],"wp:term":[{"taxonomy":"product-tag","embeddable":true,"href":"https:\/\/www.ruiqigo.com\/nb\/wp-json\/wp\/v2\/product-tag?post=2591"},{"taxonomy":"products","embeddable":true,"href":"https:\/\/www.ruiqigo.com\/nb\/wp-json\/wp\/v2\/products?post=2591"}],"curies":[{"name":"wp","href":"https:\/\/api.w.org\/{rel}","templated":true}]}}