{"id":2598,"date":"2025-01-10T15:23:06","date_gmt":"2025-01-10T07:23:06","guid":{"rendered":"https:\/\/ruiqigo.com\/?post_type=product&#038;p=2598"},"modified":"2025-01-10T15:23:54","modified_gmt":"2025-01-10T07:23:54","slug":"jasmine-essential-oil","status":"publish","type":"product","link":"https:\/\/www.ruiqigo.com\/nb\/product\/jasmine-essential-oil","title":{"rendered":"Jasmin essensiell olje"},"content":{"rendered":"<h2 class=\"wp-block-heading\">Vanlige formler for produksjon av eterisk olje fra jasmin<\/h2>\n\n\n\n<p>I produksjonen av jasmin eterisk olje bruker vi avansert lavtemperatur ekstraksjonsteknologi for \u00e5 maksimere bevaringen av de naturlige aktive ingrediensene. Samtidig er konsentrasjonen av eterisk olje for h\u00f8y, og baseoljen tilsettes vanligvis for \u00e5 fortynne den n\u00e5r den p\u00e5f\u00f8res. Og vi kan hjelpe deg med \u00e5 matche oljen til de ulike delene av behandlingen.<\/p>\n\n\n\n<p>1. Jasmin eterisk olje: Som kjerneingrediens har den ikke bare en sterk fuktighetsgivende evne, men kan ogs\u00e5 gi fuktighet til hodebunnen og huden, noe som gir en langvarig fuktighetsgivende effekt. Den er ogs\u00e5 rik p\u00e5 antioksidanter, som kan forsinke aldring og fremme h\u00e5rvekst. I tillegg har den antibakterielle egenskaper, som kan redusere flass, lindre kl\u00f8e og betennelse i hodebunnen, og holde h\u00e5ret friskt.<\/p>\n\n\n\n<p>2. Kokosolje: Kokosolje inneholder vitamin E og antioksidanter, som kan bidra til \u00e5 reparere skadet h\u00e5r, redusere brudd og flisete tupper, og gj\u00f8re h\u00e5ret sterkere og sunnere. Den gir ogs\u00e5 n\u00e6ringsstoffer til h\u00e5ret, fremmer h\u00e5rvekst og gir glans.<\/p>\n\n\n\n<p>3. Aloe vera: Aloe vera er rik p\u00e5 naturlige fuktighetsgivende faktorer, som kan gi huden dyp fuktighet og forhindre t\u00f8rr hud. Den inneholder ogs\u00e5 en stor mengde vitaminer som bidrar til \u00e5 fremme celleregenerering og reparasjon, og dermed reparere skadet hud og gi en myk, silkemyk tekstur.<\/p>\n\n\n\n<p>4. Olivenolje: Olivenolje kan kontrollere olje og lindre symptomer p\u00e5 hodebunnsolje og kl\u00f8e. Den bidrar ogs\u00e5 til \u00e5 lette h\u00e5rglansen, forhindre flisete tupper og pleie h\u00e5r med flisete tupper. I tillegg er olivenolje rik p\u00e5 fettsyrer, som effektivt kan fukte huden og gj\u00f8re huden glattere. Den har ogs\u00e5 en viss antioksidanteffekt, som kan fremme produksjonen av kollagen, forsinke hudens aldring og \u00f8ke hudens elastisitet.<\/p>\n\n\n\n<p>5. Muskatn\u00f8ttolje: Muskatn\u00f8ttolje inneholder betennelsesdempende forbindelser, den kan lindre kl\u00f8e, irritasjon og annet ubehag i huden, og til og med endre hudtonen. Samtidig er den rik p\u00e5 vitaminer, som kan fremme hudmetabolismen for \u00e5 forbedre t\u00f8rr hud, flassing og andre problemer.<\/p>\n\n\n\n<h2 class=\"wp-block-heading\">Funksjonene til eterisk jasminolje<\/h2>\n\n\n\n<p>Som en profesjonell produsent av eterisk jasminolje er vi forpliktet til \u00e5 lage produkter av h\u00f8y kvalitet. Ikke bare er r\u00e5varene n\u00f8ye utvalgt, men det er ogs\u00e5 et strengt kvalitetsstyringssystem som er satt opp for hvert ledd i produksjonen for \u00e5 sikre at hver dr\u00e5pe eterisk olje kan gi deg en komfortabel opplevelse.<\/p>\n\n\n\n<p>1. Gi h\u00e5ret n\u00e6ring: Jasmin eterisk olje kan gi h\u00e5ret n\u00f8dvendig fuktighet og n\u00e6ring slik at h\u00e5ret f\u00e5r glans. Den er ogs\u00e5 bra for \u00e5 reparere t\u00f8rt og skadet h\u00e5r, glatte ut krusete h\u00e5rstr\u00e5 og forhindre flisete tupper og brudd.<\/p>\n\n\n\n<p>2. Beskytt hodebunnshelsen: Jasmins antibakterielle egenskaper kan lindre kl\u00f8ende hodebunn og forhindre flass og betennelse i hodebunnen, og dermed holde hodebunnen frisk og sunn. I tillegg har den ogs\u00e5 en viss effekt p\u00e5 \u00e5 begrense hodelus.<\/p>\n\n\n\n<p>3. Fuktighetsgivende hudpleie: Fuktighetsgivende faktor i jasmin eterisk olje kan forbedre hudens t\u00f8rrhet, gi en langvarig fuktighetsgivende effekt og gj\u00f8re huden mer hydrert og glatt.<\/p>\n\n\n\n<p>4. Reparer akne: V\u00e5r essensielle olje p\u00e5virker ogs\u00e5 akne. Dens antibakterielle og betennelsesdempende egenskaper bidrar til \u00e5 forbedre hudoverflaten for\u00e5rsaket av akne, r\u00f8dhet, smerte og annet ubehag, reparere skadet hud, forbedre hudens beskyttelsesbarriere og gj\u00f8re huden din sunnere.<\/p>\n\n\n\n<p>5. Lindre stress: Jasmins unike aroma kan ikke bare roe ned emosjonelle tilstander og nerveaktivitet, men ogs\u00e5 lindre stress og depresjon, og avslappe kropp og sinn. Samtidig kan den ogs\u00e5 \u00f8ke \u00e5rv\u00e5kenheten, noe som bidrar til \u00e5 forbedre konsentrasjonen.<\/p>\n\n\n\n<h2 class=\"wp-block-heading\">Hvordan bruke eterisk olje av jasmin?<\/h2>\n\n\n\n<p>Jasmin eterisk olje er mye brukt, s\u00e5 den brukes p\u00e5 forskjellige m\u00e5ter. Vi vil merke virkningen p\u00e5 pakken slik at du kan bruke den trygt.<\/p>\n\n\n\n<p>1. Bruk av aromaterapi: Drypp 1\u20132 dr\u00e5per eterisk jasminolje i aromaterapilampen eller diffuseren for \u00e5 fylle hele rommet med aroma. Den dannede duften er god for \u00e5 berolige kropp og sinn, redusere stress og tretthet.<\/p>\n\n\n\n<p>2. Massasjebruk: Bland v\u00e5r essensielle olje med andre baseoljer i passende forhold og p\u00e5f\u00f8r p\u00e5 kroppen eller ansiktet. Det kan ikke bare fremme blodsirkulasjonen, men ogs\u00e5 forbedre vannmangel og t\u00f8rr hud.<\/p>\n\n\n\n<p>3. Bruk med: I h\u00e5rvaskprosessen kan eterisk jasminolje blandes i sjampo eller balsam i forhold til bruk, noe som kan styrke h\u00e5rets pleieeffekt.<\/p>\n\n\n\n<h2 class=\"wp-block-heading\">Forsiktighet<\/h2>\n\n\n\n<p>1. Avansert allergisk test f\u00f8r bruk, hvis det oppst\u00e5r en bivirkning, b\u00f8r bruken umiddelbart stoppes;<\/p>\n\n\n\n<p>2. Konsentrasjonen av jasmin eterisk olje er h\u00f8y, s\u00e5 det anbefales \u00e5 fortynne den med baseolje for \u00e5 unng\u00e5 direkte p\u00e5f\u00f8ring som f\u00f8rer til irritasjon;<\/p>\n\n\n\n<p>3. Gravide kvinner, barn og personer med psykiske lidelser b\u00f8r unng\u00e5 bruk, om n\u00f8dvendig, vennligst bruk under veiledning av lege;<\/p>\n\n\n\n<p>4. V\u00e6r oppmerksom p\u00e5 doseringen ved bruk for \u00e5 unng\u00e5 overdreven ubehag for huden;<\/p>\n\n\n\n<p>5. Det anbefales \u00e5 oppbevare p\u00e5 et kj\u00f8lig og t\u00f8rt sted og unng\u00e5 direkte sollys og milj\u00f8er med h\u00f8y temperatur.<\/p>\n\n\n\n<h2 class=\"wp-block-heading\">Konklusjon<\/h2>\n\n\n\n<p>I det intense markedet for essensiell jasminolje gir produktene v\u00e5re kundene den ultimate pleieopplevelsen med sine unike effekter, og vi har blitt en av partnerne til mange hudpleiemerker og spa-sentre. Som produsent av h\u00f8ykvalitetsprodukter velger vi ikke bare jasminblomster av h\u00f8y kvalitet, men integrerer ogs\u00e5 moderne teknologiske renseprosesser for \u00e5 sikre at hver flaske kan gi deg effektiv pleie. I tillegg tilbyr vi ogs\u00e5 tilpassede tjenester for \u00e5 lage ditt merke av essensiell jasminolje i henhold til dine behov. Hvis du ogs\u00e5 er interessert, kan du kontakte oss.<\/p>","protected":false},"excerpt":{"rendered":"Jasmine Essential Oil Manufacturing Common Formulas In the production of jasmine essential oil, we use advanced low-temperature extraction technology to maximize the retention of its natural active ingredients. At the same time, the concentration of essential oil is too high, and the base oil is usually added to dilute when applied. And we can help [&hellip;]","protected":false},"featured_media":2599,"menu_order":0,"template":"","meta":[],"product-tag":[],"products":[53],"class_list":["post-2598","product","type-product","status-publish","has-post-thumbnail","hentry","products-essential-oil"],"acf":[],"_links":{"self":[{"href":"https:\/\/www.ruiqigo.com\/nb\/wp-json\/wp\/v2\/product\/2598","targetHints":{"allow":["GET"]}}],"collection":[{"href":"https:\/\/www.ruiqigo.com\/nb\/wp-json\/wp\/v2\/product"}],"about":[{"href":"https:\/\/www.ruiqigo.com\/nb\/wp-json\/wp\/v2\/types\/product"}],"version-history":[{"count":0,"href":"https:\/\/www.ruiqigo.com\/nb\/wp-json\/wp\/v2\/product\/2598\/revisions"}],"wp:featuredmedia":[{"embeddable":true,"href":"https:\/\/www.ruiqigo.com\/nb\/wp-json\/wp\/v2\/media\/2599"}],"wp:attachment":[{"href":"https:\/\/www.ruiqigo.com\/nb\/wp-json\/wp\/v2\/media?parent=2598"}],"wp:term":[{"taxonomy":"product-tag","embeddable":true,"href":"https:\/\/www.ruiqigo.com\/nb\/wp-json\/wp\/v2\/product-tag?post=2598"},{"taxonomy":"products","embeddable":true,"href":"https:\/\/www.ruiqigo.com\/nb\/wp-json\/wp\/v2\/products?post=2598"}],"curies":[{"name":"wp","href":"https:\/\/api.w.org\/{rel}","templated":true}]}}