{"id":269,"date":"2024-07-05T16:45:37","date_gmt":"2024-07-05T08:45:37","guid":{"rendered":"https:\/\/ruiqigo.com\/?post_type=product&#038;p=269"},"modified":"2024-11-15T16:39:48","modified_gmt":"2024-11-15T08:39:48","slug":"peppermint-essential-oil","status":"publish","type":"product","link":"https:\/\/www.ruiqigo.com\/nb\/product\/peppermint-essential-oil","title":{"rendered":"Peppermynte eterisk olje"},"content":{"rendered":"<h2 class=\"wp-block-heading\">Vanlige formler for produksjon av peppermynteolje<\/h2>\n\n\n\n<p>\u00c5 lage eterisk peppermynteolje inneb\u00e6rer hovedsakelig \u00e5 h\u00f8ste bladene og stilkene fra peppermynteplanten og deretter utvinne essensen gjennom dampdestillasjon. Under destillasjonsprosessen, som en holdbar produsent av eterisk peppermynteolje, varmes plantematerialet opp, og den frigjorte peppermynteoljedampen avkj\u00f8les og kondenseres til en v\u00e6ske, som deretter separeres fra vannet for \u00e5 oppn\u00e5 ren eterisk peppermynteolje. Denne prosessen krever streng temperatur- og tidskontroll for \u00e5 sikre oljens renhet og integriteten til de aktive ingrediensene.<\/p>\n\n\n\n<h2 class=\"wp-block-heading\">Anvendbare scenarier for essensiell peppermynteolje<\/h2>\n\n\n\n<p>Peppermynteolje kan brukes i en rekke ulike sammenhenger: i aromaterapi for \u00e5 friske opp sinnet og lindre stress, topisk for \u00e5 lindre muskelsmerter og hudubehag, som et naturlig insektmiddel mot mygg, tilsettes hudpleieprodukter for \u00e5 pleie fet hud, og brukes som innend\u00f8rs aromaterapi for \u00e5 rense luften. Dens varierte effekter gj\u00f8r den egnet for daglig helsehjelp og akuttmedisin.<\/p>\n\n\n\n<h2 class=\"wp-block-heading\">Hvem er eterisk peppermynteolje egnet for<\/h2>\n\n\n\n<p>Peppermynteolje er egnet for kontoransatte som trenger en oppkvikker, sportsentusiaster som \u00f8nsker \u00e5 lindre muskelsmerter, skj\u00f8nnhetss\u00f8kere som \u00f8nsker \u00e5 forbedre fet hud, og de som s\u00f8ker naturlige remedier for \u00e5 lindre ford\u00f8yelsesbesv\u00e6r. Den b\u00f8r imidlertid brukes med forsiktighet av gravide, barn eller personer med sensitiv hud, og det er best \u00e5 s\u00f8ke profesjonell r\u00e5dgivning f\u00f8r bruk.<\/p>\n\n\n\n<h2 class=\"wp-block-heading\">Produksjonsprosess for essensiell peppermynteolje<\/h2>\n\n\n\n<p>Den spesielle prosessen med peppermynteolje ligger i bruken av lavtemperaturdampdestillasjon, en metode som forsiktig ekstraherer den essensielle oljen fra peppermyntebladene, og unng\u00e5r \u00f8deleggelse av komponentene som kan v\u00e6re for\u00e5rsaket av h\u00f8ye temperaturer. Som en \u00e6rlig produsent av peppermynteolje sikrer presis kontroll av destillasjonsprosessen at oljens renhet, dens aktive ingredienser og dens naturlige aroma bevares intakt, og dermed garanterer dens h\u00f8ye ytelse og sikkerhet i aromaterapi og daglig bruk.<\/p>","protected":false},"excerpt":{"rendered":"Peppermint essential oil manufacturing common formulas Making peppermint essential oil mainly involves harvesting the leaves and stems of the peppermint plant and then extracting the essence through steam distillation. During the distillation process, as a durable Peppermint essential oil manufacturer, the plant material is heated and the released peppermint oil vapor is cooled and condensed [&hellip;]","protected":false},"featured_media":271,"menu_order":0,"template":"","meta":[],"product-tag":[],"products":[53],"class_list":["post-269","product","type-product","status-publish","has-post-thumbnail","hentry","products-essential-oil"],"acf":[],"_links":{"self":[{"href":"https:\/\/www.ruiqigo.com\/nb\/wp-json\/wp\/v2\/product\/269","targetHints":{"allow":["GET"]}}],"collection":[{"href":"https:\/\/www.ruiqigo.com\/nb\/wp-json\/wp\/v2\/product"}],"about":[{"href":"https:\/\/www.ruiqigo.com\/nb\/wp-json\/wp\/v2\/types\/product"}],"version-history":[{"count":0,"href":"https:\/\/www.ruiqigo.com\/nb\/wp-json\/wp\/v2\/product\/269\/revisions"}],"wp:featuredmedia":[{"embeddable":true,"href":"https:\/\/www.ruiqigo.com\/nb\/wp-json\/wp\/v2\/media\/271"}],"wp:attachment":[{"href":"https:\/\/www.ruiqigo.com\/nb\/wp-json\/wp\/v2\/media?parent=269"}],"wp:term":[{"taxonomy":"product-tag","embeddable":true,"href":"https:\/\/www.ruiqigo.com\/nb\/wp-json\/wp\/v2\/product-tag?post=269"},{"taxonomy":"products","embeddable":true,"href":"https:\/\/www.ruiqigo.com\/nb\/wp-json\/wp\/v2\/products?post=269"}],"curies":[{"name":"wp","href":"https:\/\/api.w.org\/{rel}","templated":true}]}}