{"id":281,"date":"2024-07-05T16:29:32","date_gmt":"2024-07-05T08:29:32","guid":{"rendered":"https:\/\/ruiqigo.com\/?post_type=product&#038;p=281"},"modified":"2024-11-15T16:40:52","modified_gmt":"2024-11-15T08:40:52","slug":"lemongrass-essential-oil","status":"publish","type":"product","link":"https:\/\/www.ruiqigo.com\/nb\/product\/lemongrass-essential-oil","title":{"rendered":"Sitrongress essensiell olje"},"content":{"rendered":"<h2 class=\"wp-block-heading\">Vanlige formler for produksjon av essensiell olje av sitrongress<\/h2>\n\n\n\n<p>Sitrongressolje er utvunnet fra den n\u00f8ye dyrkede sitrongressplanten, som er kjent for sitt h\u00f8ye innhold av sitral. De beste ingrediensene kommer fra selektiv dyrking, noe som sikrer at planten vokser i fullt sollys og riktig klima for sin intense sitronaroma og sv\u00e6rt terapeutiske ingredienser. N\u00e5r den h\u00f8stes, brukes kun modne blader for \u00e5 sikre renheten og aktiviteten til den essensielle oljen. Som en profesjonell produsent av sitrongressolje utvinnes disse n\u00f8ye utvalgte r\u00e5materialene ved dampdestillasjon for \u00e5 sikre h\u00f8y og jevn kvalitet p\u00e5 sitrongressoljen.<\/p>\n\n\n\n<h2 class=\"wp-block-heading\">Anvendbare scenarier for essensiell olje av sitrongress<\/h2>\n\n\n\n<p>Sitrongressolje er egnet for bruk i varme til tropiske klimaer, hvor den forfriskende sitronaromaen og de antimikrobielle egenskapene er forfriskende og oppl\u00f8ftende i den varme \u00e5rstiden. Den er ogs\u00e5 egnet for bruk i fuktige milj\u00f8er for \u00e5 bidra til \u00e5 avvise mygg og redusere ubehag. I tillegg, n\u00e5r den brukes innend\u00f8rs, renser sitrongressolje luften og bringer en frisk atmosf\u00e6re til oppholdsrom i alle klimaer.<\/p>\n\n\n\n<h2 class=\"wp-block-heading\">Hvem er eterisk olje av sitrongress egnet for<\/h2>\n\n\n\n<p>Sitrongressolje er egnet for folk som s\u00f8ker fysisk og mental lindring og hum\u00f8rl\u00f8ft, spesielt moderne mennesker som er stresset og engstelige. Den forfriskende aromaen l\u00f8fter hum\u00f8ret og bidrar til \u00e5 lindre spenninger, noe som gj\u00f8r den ideell for de som f\u00f8lger en sunn livsstil.<\/p>\n\n\n\n<h2 class=\"wp-block-heading\">Produksjonsprosess for essensiell olje av sitrongress<\/h2>\n\n\n\n<p>Som en effektiv produsent av eterisk sitrongressolje vet vi at det som gj\u00f8r produksjonen av eterisk sitrongressolje spesiell er den delikate ekstraksjonsprosessen og det strenge utvalget av r\u00e5varer. For det f\u00f8rste utvinnes den essensielle oljen fra hele sitrongressplanten ved hjelp av dampdestillasjonsteknologi for \u00e5 sikre ekstraktets renhet og aktivitet. For det andre f\u00f8lger utvalget av r\u00e5varer h\u00f8ye standarder for \u00e5 sikre at r\u00e5varene er av h\u00f8y kvalitet og naturlige. Som en effektiv produsent av eterisk sitrongressolje bidrar disse spesielle egenskapene til den h\u00f8ye kvaliteten og de unike terapeutiske fordelene ved eterisk sitrongressolje.<\/p>\n\n\n\n<p><\/p>","protected":false},"excerpt":{"rendered":"Lemongrass essential oil manufacturing common formulas Lemongrass essential oil is derived from the carefully cultivated lemongrass plant, which is known for its high citral content. The best ingredients come from selective cultivation, ensuring that the plant grows in full sunlight and the right climate for its intense lemony aroma and highly therapeutic ingredients. When harvested, [&hellip;]","protected":false},"featured_media":375,"menu_order":0,"template":"","meta":[],"product-tag":[],"products":[53],"class_list":["post-281","product","type-product","status-publish","has-post-thumbnail","hentry","products-essential-oil"],"acf":[],"_links":{"self":[{"href":"https:\/\/www.ruiqigo.com\/nb\/wp-json\/wp\/v2\/product\/281","targetHints":{"allow":["GET"]}}],"collection":[{"href":"https:\/\/www.ruiqigo.com\/nb\/wp-json\/wp\/v2\/product"}],"about":[{"href":"https:\/\/www.ruiqigo.com\/nb\/wp-json\/wp\/v2\/types\/product"}],"version-history":[{"count":0,"href":"https:\/\/www.ruiqigo.com\/nb\/wp-json\/wp\/v2\/product\/281\/revisions"}],"wp:featuredmedia":[{"embeddable":true,"href":"https:\/\/www.ruiqigo.com\/nb\/wp-json\/wp\/v2\/media\/375"}],"wp:attachment":[{"href":"https:\/\/www.ruiqigo.com\/nb\/wp-json\/wp\/v2\/media?parent=281"}],"wp:term":[{"taxonomy":"product-tag","embeddable":true,"href":"https:\/\/www.ruiqigo.com\/nb\/wp-json\/wp\/v2\/product-tag?post=281"},{"taxonomy":"products","embeddable":true,"href":"https:\/\/www.ruiqigo.com\/nb\/wp-json\/wp\/v2\/products?post=281"}],"curies":[{"name":"wp","href":"https:\/\/api.w.org\/{rel}","templated":true}]}}