{"id":2847,"date":"2025-01-16T13:55:57","date_gmt":"2025-01-16T05:55:57","guid":{"rendered":"https:\/\/ruiqigo.com\/?post_type=product&#038;p=2847"},"modified":"2025-01-16T13:56:32","modified_gmt":"2025-01-16T05:56:32","slug":"purple-conditioner","status":"publish","type":"product","link":"https:\/\/www.ruiqigo.com\/nb\/product\/purple-conditioner","title":{"rendered":"Lilla balsam"},"content":{"rendered":"<h2 class=\"wp-block-heading\">Vanlige formler for produksjon av lilla balsam<\/h2>\n\n\n\n<p>V\u00e5rt forsknings- og utviklingsteam har utviklet formelen med en rekke naturlige fuktighetsgivende ingredienser, med tanke p\u00e5 h\u00e5rets tilstand og pleiebehov, for \u00e5 sikre at h\u00e5ret ditt er fullt beskyttet under behandlingen.<\/p>\n\n\n\n<p>1. Sheasm\u00f8r: Sheasm\u00f8r har en fuktighetsgivende effekt. Det kan gi h\u00e5ret dyp fuktighet og holde p\u00e5 vann for \u00e5 forhindre vanntap, og dermed redusere problemet med t\u00f8rt h\u00e5r og flisete tupper.<\/p>\n\n\n\n<p>2. Fiolett pigment: Fiolett pigment utvinnes fra de naturlige fiolettbladene til planten, og er et naturlig pigment med en unik lilla farge og god stabilitet. Det kan bidra til \u00e5 regulere og forbedre h\u00e5rfargen, noe som gir h\u00e5ret en sunnere farge.<\/p>\n\n\n\n<p>3. Aloe-ekstrakt: Aloe vera har fuktighetsgivende og reparerende egenskaper, som kan reparere skadet h\u00e5r samtidig som det fukter h\u00e5ret og gj\u00f8r h\u00e5ret mer smidig.<\/p>\n\n\n\n<p>4. Kokosolje: Kokosolje har ogs\u00e5 en sterk fuktighetsgivende effekt med sheasm\u00f8r, i tillegg til \u00e5 beskytte h\u00e5ret mot UV-str\u00e5ler og andre ytre milj\u00f8er og redusere proteintap, noe som fremmer h\u00e5rvekst.<\/p>\n\n\n\n<p>5. Havreprotein: Havreprotein er rikt p\u00e5 aminosyrer og proteiner, som ikke bare kan gi n\u00e6ringsstoffene som h\u00e5ret trenger for \u00e5 forbedre h\u00e5rets styrke og seighet, men ogs\u00e5 bidra til \u00e5 forbedre h\u00e5rets tekstur og glans slik at h\u00e5ret blir sterkere og sunnere.<\/p>\n\n\n\n<h2 class=\"wp-block-heading\">Funksjonene til lilla balsam<\/h2>\n\n\n\n<p>Som en produsent med fokus p\u00e5 produksjon av h\u00f8y kvalitet, legger vi stor vekt p\u00e5 kvaliteten og sikkerheten til produktene v\u00e5re. Hele prosessen med \u00e5 produsere lilla h\u00e5rbalsam har ulike kvalitetsinspksjonssystemer for \u00e5 sikre produktets sikkerhet og effektivitet. La oss ta en titt p\u00e5 funksjonene:<\/p>\n\n\n\n<p>1. N\u00f8ytraliser gult: Kjernefunksjonen til lilla balsam er \u00e5 n\u00f8ytralisere den messingaktige tonen i blondt h\u00e5r, slik at den blir renere og lysere og gjenoppretter den opprinnelige sunne h\u00e5rfargen.<\/p>\n\n\n\n<p>2. Reparasjon av fargel\u00e5s: H\u00e5rbalsamen v\u00e5r kan l\u00e5se fargen etter farging, forhindre at fargen falmer for raskt, og den kan ogs\u00e5 reparere skadet h\u00e5r i dybden, slik at h\u00e5ret blir mer smidig og sunt. V\u00e6r imidlertid oppmerksom p\u00e5 at den er utviklet for blondt, lyst og gr\u00e5tt h\u00e5r, og er kanskje ikke like effektiv hvis du har svart h\u00e5r.<\/p>\n\n\n\n<p>3. Fuktighetsgivende og n\u00e6rende: Naturlige fuktighetsgivende og n\u00e6rende ingredienser tilsettes balsamen, som kan gi n\u00e6ring og fuktighet til h\u00e5ret i lang tid, forhindre t\u00f8rrhet og flisete tupper, glatte ut krus og mykgj\u00f8re h\u00e5ret.<\/p>\n\n\n\n<p>4. Beroliger hodebunnen: Lilla h\u00e5rbalsam inneholder ogs\u00e5 noen beroligende ingredienser som kan lindre spenninger i hodebunnen, slappe av hodebunnen og fremme opptaket av n\u00e6ringsstoffer. Videre reduserer den flass og fremmer sunn h\u00e5rvekst.<\/p>\n\n\n\n<p>5. Forbedre h\u00e5rkvaliteten: Langvarig bruk kan forbedre h\u00e5rets tekstur og glans betydelig, slik at det blir mer smidig, glatt, sterkt og sunt.<\/p>\n\n\n\n<h2 class=\"wp-block-heading\">Hvordan bruke lilla balsam?<\/h2>\n\n\n\n<p>V\u00e5re lilla balsamer brukes vanligvis sammen med lilla sjampoer. F\u00f8r du bruker en, b\u00f8r du velge den som passer best til h\u00e5rtilstanden og pleiebehovene dine. Emballasjen angir ogs\u00e5 hvordan du bruker den.<\/p>\n\n\n\n<p>1. Forberedelsesfase: Fukt f\u00f8rst h\u00e5ret. Varmt vann vil gj\u00f8re effekten av produktet mer betydelig.<\/p>\n\n\n\n<p>2. Sjampofase: Vask h\u00e5ret i henhold til vanlig prosess. Denne prosessen kan brukes med vanlig sjampo eller lilla sjampo. Hvis du bruker lilla sjampo, p\u00e5f\u00f8r produktet fra rot til tupp for \u00e5 sikre en jevn fordeling av fargen.<\/p>\n\n\n\n<p>3. H\u00e5rpleiefase: Etter at du har skylt ut sjampoen, ta en passende mengde lilla h\u00e5rbalsam og p\u00e5f\u00f8r den jevnt i h\u00e5ret, spesielt der fargen m\u00e5 fikseres eller gulner. S\u00f8rg for at balsamen n\u00e5r alle h\u00e5rstr\u00e5, spesielt tuppene.<\/p>\n\n\n\n<p>4. Skyllefase: Etter p\u00e5f\u00f8ring, la balsamen virke i 5\u201315 minutter, og skyll den deretter av med varmt vann for \u00e5 sikre at det ikke er noen rester. Masser hodebunnen forsiktig mens du skyller for \u00e5 fjerne overfl\u00f8dig olje og balsam. Merk at jo lenger virketiden er, desto tydeligere blir fargeendringen, og du kan justere tiden etter dine egne behov.<\/p>\n\n\n\n<h2 class=\"wp-block-heading\">Forsiktighet<\/h2>\n\n\n\n<p>1. Allergiske tester b\u00f8r utf\u00f8res f\u00f8r bruk. Hvis ubehag oppst\u00e5r, m\u00e5 bruken stoppes umiddelbart;<\/p>\n\n\n\n<p>2. Unng\u00e5 overdreven bruk, ellers kan det f\u00f8re til for m\u00f8rk h\u00e5rfarge eller ujevne fargeflekker;<\/p>\n\n\n\n<p>3. Bruk regelmessig, 2\u20133 ganger i uken anbefales, unng\u00e5 hyppig bruk;<\/p>\n\n\n\n<p>4. V\u00e6r oppmerksom p\u00e5 h\u00e5rforandringer under bruk. Hvis det oppst\u00e5r ubehag under bruk, m\u00e5 du slutte \u00e5 bruke produktet og kontakte lege.<\/p>\n\n\n\n<p>5. N\u00e5r du bruker den sammen med andre h\u00e5rprodukter, m\u00e5 du s\u00f8rge for at de er kompatible med lilla h\u00e5rbalsam;<\/p>\n\n\n\n<p>6. Det anbefales \u00e5 oppbevares kj\u00f8lig og t\u00f8rt, unng\u00e5 direkte sollys og h\u00f8ye temperaturer.<\/p>\n\n\n\n<h2 class=\"wp-block-heading\">Konklusjon<\/h2>\n\n\n\n<p>V\u00e5r lilla balsam tilsetter ikke bare en rekke naturlige planteekstrakter, men bruker ogs\u00e5 avansert produksjonsteknologi slik at hver dr\u00e5pe h\u00e5rbalsam inneholder kraftig fargereparasjon og gir n\u00e6ring og fuktighet. Enten det er motebevisst emballasjedesign eller produktets instinktive overlegne ytelse, er den designet for \u00e5 gi farge til merkevaren din. Selvf\u00f8lgelig tilbyr vi ogs\u00e5 en rekke h\u00e5rpleiel\u00f8sninger. Hvis du ogs\u00e5 er interessert, kan du kontakte oss.<\/p>","protected":false},"excerpt":{"rendered":"Purple Conditioner Manufacturing Common Formulas Our research and development team has designed the formula with a variety of natural moisturizing ingredients, taking into account your hair&#8217;s condition and care needs, to ensure that your hair is fully protected during treatment. 1. Shea butter: Shea butter has a moisturizing effect. It can deeply moisturize hair and [&hellip;]","protected":false},"featured_media":2848,"menu_order":0,"template":"","meta":[],"product-tag":[],"products":[52],"class_list":["post-2847","product","type-product","status-publish","has-post-thumbnail","hentry","products-conditioner"],"acf":[],"_links":{"self":[{"href":"https:\/\/www.ruiqigo.com\/nb\/wp-json\/wp\/v2\/product\/2847","targetHints":{"allow":["GET"]}}],"collection":[{"href":"https:\/\/www.ruiqigo.com\/nb\/wp-json\/wp\/v2\/product"}],"about":[{"href":"https:\/\/www.ruiqigo.com\/nb\/wp-json\/wp\/v2\/types\/product"}],"version-history":[{"count":0,"href":"https:\/\/www.ruiqigo.com\/nb\/wp-json\/wp\/v2\/product\/2847\/revisions"}],"wp:featuredmedia":[{"embeddable":true,"href":"https:\/\/www.ruiqigo.com\/nb\/wp-json\/wp\/v2\/media\/2848"}],"wp:attachment":[{"href":"https:\/\/www.ruiqigo.com\/nb\/wp-json\/wp\/v2\/media?parent=2847"}],"wp:term":[{"taxonomy":"product-tag","embeddable":true,"href":"https:\/\/www.ruiqigo.com\/nb\/wp-json\/wp\/v2\/product-tag?post=2847"},{"taxonomy":"products","embeddable":true,"href":"https:\/\/www.ruiqigo.com\/nb\/wp-json\/wp\/v2\/products?post=2847"}],"curies":[{"name":"wp","href":"https:\/\/api.w.org\/{rel}","templated":true}]}}