{"id":2853,"date":"2025-01-17T17:00:37","date_gmt":"2025-01-17T09:00:37","guid":{"rendered":"https:\/\/ruiqigo.com\/?post_type=product&#038;p=2853"},"modified":"2025-01-17T17:00:40","modified_gmt":"2025-01-17T09:00:40","slug":"clove-essential-oil","status":"publish","type":"product","link":"https:\/\/www.ruiqigo.com\/nb\/product\/clove-essential-oil","title":{"rendered":"Nellik essensiell olje"},"content":{"rendered":"<h2 class=\"wp-block-heading\">Vanlige formler for produksjon av essensiell olje av nellik<\/h2>\n\n\n\n<p>I produksjonsprosessen velger vi ikke bare n\u00f8ye ut r\u00e5varer av h\u00f8y kvalitet, men bruker ogs\u00e5 avansert ekstraksjonsteknologi og et strengt kvalitetskontrollsystem, med m\u00e5l om \u00e5 beholde maksimalt antall aktive ingredienser i nellikolje. Her er hovedingrediensene:<\/p>\n\n\n\n<p>1. Vitamin E: Som en antioksidant kan vitamin E bekjempe skader fra frie radikaler og opprettholde celleintegriteten, og dermed forbedre blodsirkulasjonen i hodebunnen. Samtidig kan det ogs\u00e5 fremme hudens metabolisme og forbedre hudens fuktighetsgivende evne. Dette bidrar ikke bare til \u00e5 redusere produksjonen av rynker og gj\u00f8re huden mer elastisk, men forbedrer ogs\u00e5 den ru og t\u00f8rre huden, slik at den blir glattere og mer delikat.<\/p>\n\n\n\n<p>2. Eugenol: Eugenol er hovedkomponenten, som har betydelige antibakterielle og betennelsesdempende effekter, kan hemme bakterievekst og kan brukes til \u00e5 forebygge orale problemer som orale infeksjoner. Dens betennelsesdempende egenskaper lindrer muskel- og leddsmerter og hemmer nerveledning for \u00e5 redusere orale smerter, s\u00e5 det brukes ofte som et smertestillende bed\u00f8velsesmiddel. I tillegg har det ogs\u00e5 effekten av \u00e5 fremme ford\u00f8yelsen og forbedre tarmfloraen, noe som kan forbedre ford\u00f8yelsesfunksjonen ytterligere.<\/p>\n\n\n\n<p>3. Betakaroten: Betakaroten omdannes av kroppen til vitamin A, som regulerer talg i h\u00e5rsekksyklusen og gir hodebunnen rikelig med n\u00e6ringsstoffer. Langvarig bruk kan derfor forhindre t\u00f8rt h\u00e5r, spr\u00f8tt h\u00e5r og h\u00e5rtap, og holde h\u00e5ret sunt og skinnende. Samtidig kan det ogs\u00e5 fremme vekst og utvikling og styrke immunforsvaret.<\/p>\n\n\n\n<p>4. Fettsyrer: Fettsyrer har en viss antibakteriell aktivitet, kan styrke effekten av nellikolje og bidra til \u00e5 forhindre h\u00e5rtap og irritasjon i hodebunnen, noe som gj\u00f8r h\u00e5ret sterkere og sunnere.<\/p>\n\n\n\n<h2 class=\"wp-block-heading\">Funksjonene til nellik eterisk olje<\/h2>\n\n\n\n<p>Vi kjenner verdien og potensialet til nellikessensiell olje, og gjennom kontinuerlig forskning, utvikling og innovasjon fra FoU-teamet har vi skapt dette rene alt-i-ett-produktet.<\/p>\n\n\n\n<p>1. Antibakteriell og betennelsesdempende: Nellikolje er popul\u00e6r for sine utmerkede antibakterielle og betennelsesdempende egenskaper, som raskt kan hemme bakterievekst og redusere betennelse. Derfor kan den avgifte h\u00e5r, redusere poreblokkering, forhindre ulike hudsykdommer og soppinfeksjoner, og kan ogs\u00e5 brukes som et naturlig bed\u00f8velsesmiddel for \u00e5 lindre irritasjon og hevelse i betente omr\u00e5der.<\/p>\n\n\n\n<p>2. Fremmer mage-tarmhelse: V\u00e5re essensielle oljer kan fremme produksjonen av mageslim for \u00e5 beskytte slimhinnen i ford\u00f8yelseskanalen, og dermed fremme gastrointestinal motilitet, noe som bidrar til ford\u00f8yelsen og absorpsjonen av mat. Det kan ogs\u00e5 behandle en rekke tarmhelseproblemer, som reisesyke, oppbl\u00e5sthet, ford\u00f8yelsesbesv\u00e6r, oppbl\u00e5sthet og kvalme.<\/p>\n\n\n\n<p>3. Forebygg orale sykdommer: Nellikolje kan fortynnes for gurgling, noe som ikke bare kan eliminere d\u00e5rlig \u00e5nde og lindre tannpine og tannerosjon, men ogs\u00e5 effektivt forhindre tannr\u00e5te og gingivitt.<\/p>\n\n\n\n<p>4. Fremmer helse: Nellikolje har en rekke aktive stoffer som kan styrke kroppens immunforsvar og fremme god helse. Den kan \u00f8ke inntaket av cellul\u00e6rt blodsukker og fremme insulinsekresjon, og dermed forbedre insulinproduserende celler, bidra til \u00e5 utvide aorta, lindre forh\u00f8yet blodtrykk og forbedre leverfunksjonen og andre symptomer.<\/p>\n\n\n\n<p>5. Beroligende for kropp og sinn: Den unike aromaen av nellik er b\u00e5de krydret og varm, og kan brukes til r\u00f8kelsesterapi. Denne prosessen kan lindre tetthet i brystet for\u00e5rsaket av emosjonell depresjon, og slappe av kropp og sinn og stress, lindre angst. Det er ogs\u00e5 bra for konsentrasjon og hukommelse.<\/p>\n\n\n\n<p>6. h\u00e5rpleie: N\u00e5r produktene v\u00e5re brukes sammen med h\u00e5rpleieprodukter, utnytter de deres antibakterielle og antioksidantegenskaper fullt ut, og reduserer dermed flass og kl\u00f8e i hodebunnen. De fjerner ogs\u00e5 effektivt olje og smuss fra h\u00e5ret, og gir h\u00e5ret n\u00e6ring for sunn h\u00e5rvekst.<\/p>\n\n\n\n<p>7. Forbedre hudkvaliteten: Nellikolje kan forebygge ulike hudsykdommer og soppinfeksjoner, redusere betennelse og r\u00f8dhet i huden, forbedre hudkvaliteten og gj\u00f8re huden glattere og mer delikat. Den reduserer ogs\u00e5 fuktighetstap i huden, forhindrer t\u00f8rrhet og beskytter huden.<\/p>\n\n\n\n<h2 class=\"wp-block-heading\">Hvordan bruke nellik eterisk olje?<\/h2>\n\n\n\n<p>Nellikolje er mye brukt, egnet for de fleste scenarier og kan brukes p\u00e5 mange m\u00e5ter. Vi vil merke bruksmetoden p\u00e5 den ferdige produktemballasjen, og du b\u00f8r ogs\u00e5 velge i henhold til hudtilstanden din n\u00e5r du kj\u00f8per.<\/p>\n\n\n\n<p>1. Lokal p\u00e5f\u00f8ring: Nellikoljen og andre baseoljer blandes og fortynnes proporsjonalt, og p\u00e5f\u00f8res deretter lokalt p\u00e5 de omr\u00e5dene som trenger behandling. Disse kan masseres forsiktig og absorberes.<\/p>\n\n\n\n<p>2. Aromaterapi: Drypp noen dr\u00e5per essensiell olje av nellik i diffuseren og bruk aromaterapi, aromaterapi 1-2 ganger om dagen, hver gang anbefales det \u00e5 bruke aromaterapi i 30 minutter til 1 time eller s\u00e5.<\/p>\n\n\n\n<p>3. Munnpleie: Bland eterisk olje av nellik med vann i passende mengde og bruk til gurgling. Skyll munnen i omtrent 30 sekunder tre ganger om dagen.<\/p>\n\n\n\n<p>4. Dampinhalasjon: Bland eterisk olje fra nellik med eterisk olje fra sedertre, eterisk olje fra eukalyptus osv., og tilsett det i dampinhalatoren for dampinhalasjon. Hver inhalasjon varer i 10\u201315 minutter, 2\u20133 ganger om dagen. Denne prosessen bidrar til sterilisering og rensing av luftveisinfeksjoner, og kan lindre luftveisinfeksjoner.<\/p>\n\n\n\n<h2 class=\"wp-block-heading\">Forsiktighet<\/h2>\n\n\n\n<p>1. Velg en passende essensiell olje av nellik i henhold til hudtypen din f\u00f8r bruk;<\/p>\n\n\n\n<p>2 Konsentrasjonen av nellikolje er sv\u00e6rt h\u00f8y. Hvis du vil bruke den, m\u00e5 den fortynnes med baseoljen i forhold til bruk.<\/p>\n\n\n\n<p>3. Allergiske tester b\u00f8r utf\u00f8res f\u00f8r bruk. Hvis ubehag oppst\u00e5r, m\u00e5 bruken stoppes umiddelbart;<\/p>\n\n\n\n<p>4. Unng\u00e5 kontakt med sensitive omr\u00e5der som \u00f8yne. Ved kontakt, skyll straks med vann og kontakt lege.<\/p>\n\n\n\n<p>5. Oppbevar eterisk olje av nellik utilgjengelig for barn for \u00e5 unng\u00e5 svelging eller misbruk;<\/p>\n\n\n\n<p>6. Det anbefales \u00e5 oppbevare p\u00e5 et kj\u00f8lig og t\u00f8rt sted, unna direkte sollys og fuktige omgivelser med h\u00f8y temperatur.<\/p>\n\n\n\n<h2 class=\"wp-block-heading\">Konklusjon<\/h2>\n\n\n\n<p>Som en produsent med fokus p\u00e5 h\u00f8ykvalitetsproduksjon av nellik, s\u00f8rger vi for at hver dr\u00e5pe eterisk olje spiller sin rolle, ikke bare ved \u00e5 kj\u00f8pe naturlige, rene og forurensningsfrie r\u00e5varer, men ogs\u00e5 gjennom avansert produksjonsutstyr for \u00e5 utvinne eterisk olje. I hele denne prosessen er det et komplett kvalitetskontrollsystem for \u00e5 sikre produktets sikkerhet og effektivitet. Selvf\u00f8lgelig tilbyr vi ogs\u00e5 et komplett utvalg av tilpassede tjenester og kan tilby tilpassede l\u00f8sninger i henhold til dine behov, for \u00e5 hjelpe deg med \u00e5 raskt \u00e5pne markedet og f\u00e5 et konkurransefortrinn. Hvis du er interessert, vennligst kontakt oss umiddelbart.<\/p>","protected":false},"excerpt":{"rendered":"Clove Essential Oil Manufacturing Common Formulas In the production process, we not only carefully select high-quality raw materials, but also use advanced extraction technology and a strict quality control system, aiming to retain the maximum active ingredient of clove essential oil. Here are its main ingredients: 1. Vitamin E: As an antioxidant, vitamin E can [&hellip;]","protected":false},"featured_media":2854,"menu_order":0,"template":"","meta":[],"product-tag":[],"products":[53],"class_list":["post-2853","product","type-product","status-publish","has-post-thumbnail","hentry","products-essential-oil"],"acf":[],"_links":{"self":[{"href":"https:\/\/www.ruiqigo.com\/nb\/wp-json\/wp\/v2\/product\/2853","targetHints":{"allow":["GET"]}}],"collection":[{"href":"https:\/\/www.ruiqigo.com\/nb\/wp-json\/wp\/v2\/product"}],"about":[{"href":"https:\/\/www.ruiqigo.com\/nb\/wp-json\/wp\/v2\/types\/product"}],"version-history":[{"count":0,"href":"https:\/\/www.ruiqigo.com\/nb\/wp-json\/wp\/v2\/product\/2853\/revisions"}],"wp:featuredmedia":[{"embeddable":true,"href":"https:\/\/www.ruiqigo.com\/nb\/wp-json\/wp\/v2\/media\/2854"}],"wp:attachment":[{"href":"https:\/\/www.ruiqigo.com\/nb\/wp-json\/wp\/v2\/media?parent=2853"}],"wp:term":[{"taxonomy":"product-tag","embeddable":true,"href":"https:\/\/www.ruiqigo.com\/nb\/wp-json\/wp\/v2\/product-tag?post=2853"},{"taxonomy":"products","embeddable":true,"href":"https:\/\/www.ruiqigo.com\/nb\/wp-json\/wp\/v2\/products?post=2853"}],"curies":[{"name":"wp","href":"https:\/\/api.w.org\/{rel}","templated":true}]}}