{"id":2899,"date":"2025-01-21T16:29:00","date_gmt":"2025-01-21T08:29:00","guid":{"rendered":"https:\/\/ruiqigo.com\/?post_type=product&#038;p=2899"},"modified":"2025-01-21T16:29:31","modified_gmt":"2025-01-21T08:29:31","slug":"mens-body-wash","status":"publish","type":"product","link":"https:\/\/www.ruiqigo.com\/nb\/product\/mens-body-wash","title":{"rendered":"Herre dusjs\u00e5pe"},"content":{"rendered":"<h2 class=\"wp-block-heading\">Vanlige formler for produksjon av dusjs\u00e5pe for menn<\/h2>\n\n\n\n<p>I produksjonen og utviklingen av dusjs\u00e5pe for menn har vi utviklet en rekke formler i henhold til ulike hudtyper og hudpleiebehov, og ingrediensene i de ulike formlene er forskjellige. F\u00f8r du bruker det, b\u00f8r du velge et produkt som passer for din hudtype.<\/p>\n\n\n\n<p>1. Lavendelolje: Den varme og elegante aromaen av lavendel kan ikke bare slappe av kropp og sinn, og lindre stress, men ogs\u00e5 vare lenge og hjelpe deg med \u00e5 eliminere lukt. Samtidig kan dens antiinflammatoriske egenskaper redusere r\u00f8dhet og kviser i huden, og regulere hudens oljeproduksjon, for \u00e5 redusere en f\u00f8lelse av fethet.<\/p>\n\n\n\n<p>2. Moringafr\u00f8olje: Moringafr\u00f8olje er rik p\u00e5 antioksidanter, som kan bekjempe skader fra frie radikaler, opprettholde niv\u00e5ene av kollagen og hyaluronsyre og forsinke hudens aldring. N\u00e6ringsstoffene bidrar til \u00e5 reparere skadet hud, forbedre hudtekstur og gi n\u00e6ring til huden, samtidig som den beskytter den mot solskader.<\/p>\n\n\n\n<p>3. Arganolje: Arganolje er lett og absorberes lett, og etterlater huden glatt og delikat etter bruk. Menn har ogs\u00e5 en tendens til \u00e5 produsere mer olje, og overfl\u00f8dig olje p\u00e5 huden kan f\u00f8re til tette porer og s\u00e5re punkter. Arganoljen v\u00e5r vil bidra til \u00e5 regulere talgproduksjonen og gi dyp fuktighet.<\/p>\n\n\n\n<p>4. Aloe vera: Naturlig aloe vera inneholder en rekke vitaminer, samt hudpleieingredienser som ikke bare fremmer kollagenproduksjon for \u00e5 beskytte huden mot skader, men ogs\u00e5 lindrer irritert og solbrent hud og fremmer s\u00e5rheling. I tillegg bidrar enzymene til \u00e5 eksfoliere og fjerne d\u00f8de hudceller og danne en beskyttende film for \u00e5 forhindre vanntap.<\/p>\n\n\n\n<p>5. Salisylsyre: Salisylsyre kan trenge inn i porene, effektivt fjerne olje og smuss p\u00e5 hudoverflaten og fremme hudens metabolisme for \u00e5 redusere overdreven oljeutskillelse.<\/p>\n\n\n\n<h2 class=\"wp-block-heading\">Funksjonene til herres\u00e5pe<\/h2>\n\n\n\n<p>For \u00e5 gi deg den ultimate badeopplevelsen bruker vi naturlige, rene og forurensningsfrie ingredienser. Enten du trenger \u00e5 hydrere huden, kontrollere olje eller bekjempe s\u00e5r p\u00e5 kroppen og annen spesiell pleie, kan v\u00e5r dusjs\u00e5pe pleie huden din n\u00f8ye, selv for sensitive muskler.<\/p>\n\n\n\n<p>1. Dyprens: Herres\u00e5pe har en sterk renseevne. Den kan trenge inn i porene og produsere et rikt skum som fjerner smuss, olje og urenheter fra huden, slik at huden holder seg frisk og ikke fet.<\/p>\n\n\n\n<p>2. Fuktighetsgivende og fuktighetsgivende: V\u00e5r dusjs\u00e5pe tilf\u00f8rer en rekke fuktighetsgivende ingredienser for \u00e5 gjenoppbygge hudens fuktighet og holde den godt fast for \u00e5 forhindre t\u00f8rrhet. Den gir ogs\u00e5 n\u00e6ringsstoffer som bidrar til \u00e5 forbedre hudtekstur og gjenopprette hudens elastisitet.<\/p>\n\n\n\n<p>3. Forfriskende oljekontroll: Oljekontrollingrediensene i dusjs\u00e5pe kan regulere oljesekresjonen og redusere en fet f\u00f8lelse. Langvarig bruk bidrar til \u00e5 redusere oljesekresjonen for \u00e5 oppn\u00e5 en oljekontrolleffekt.<\/p>\n\n\n\n<p>4. Fjerning av sittes\u00e5r: Regelmessig bruk kan redusere bakterier og betennelse i huden, samt opphopning av d\u00f8de hudceller, og dermed forebygge kviser og sittes\u00e5r og fremme hudens generelle helse.<\/p>\n\n\n\n<p>5. Varig duft: Duftingrediensene i dusjs\u00e5pe for menn har en langvarig duftbevaringsevne, noe som bidrar til \u00e5 redusere lukt, forbedre personlig sjarm og \u00f8ke selvtilliten.<\/p>\n\n\n\n<h2 class=\"wp-block-heading\">Hvordan bruker man dusjs\u00e5pe for menn?<\/h2>\n\n\n\n<p>Riktig bruk vil hjelpe deg \u00e5 nyte badet ditt bedre og f\u00f8re til bedre hudpleie. Vi vil ogs\u00e5 merke bruken av produktet p\u00e5 emballasjen.<\/p>\n\n\n\n<p>1. Fukt huden: Fukt kroppen f\u00f8r du bruker dusjs\u00e5pe. Du kan bruke varmt vann for \u00e5 \u00e5pne porene bedre.<\/p>\n\n\n\n<p>2. Gni og skum opp: P\u00e5f\u00f8r en passende mengde dusjs\u00e5pe for menn i h\u00e5ndflaten eller badeballen og gni inn for \u00e5 skumme opp;<\/p>\n\n\n\n<p>3. Massasje: Fordel skummet jevnt over hele kroppen og masser forsiktig. Spesielt albue, kne og andre deler med tykk negleb\u00e5nd kan \u00f8ke massasjetiden p\u00e5 passende m\u00e5te.<\/p>\n\n\n\n<p>4. Skyll med vann: Etter massasje, skyll skummet med vann for \u00e5 sikre at det ikke er noen skumrester og t\u00f8rk forsiktig med et h\u00e5ndkle;<\/p>\n\n\n\n<p>5. Oppf\u00f8lging: Etter et bad kan du bruke litt bodylotion eller fuktighetskrem for \u00e5 holde huden fuktig og myk, spesielt i t\u00f8rre og kalde omgivelser.<\/p>\n\n\n\n<h2 class=\"wp-block-heading\">Forsiktighet<\/h2>\n\n\n\n<p>1. Velg en passende dusjs\u00e5pe for menn i henhold til hudtypen din f\u00f8r bruk;<\/p>\n\n\n\n<p>2. Allergiske tester b\u00f8r utf\u00f8res f\u00f8r bruk. Hvis ubehag oppst\u00e5r, m\u00e5 du stoppe bruken umiddelbart og kontakte lege for r\u00e5d;<\/p>\n\n\n\n<p>3. Unng\u00e5 overdreven rengj\u00f8ring, det anbefales \u00e5 bruke \u00e9n gang daglig, hvis huden er sensitiv, kan du bruke 2-3 ganger i uken;<\/p>\n\n\n\n<p>4. V\u00e6r oppmerksom p\u00e5 ingrediensenes sikkerhet, sjekk ingredienslisten n\u00e5r du velger, og unng\u00e5 \u00e5 bruke produkter som inneholder irriterende eller allergiske ingredienser;<\/p>\n\n\n\n<p>5. Det anbefales \u00e5 oppbevare p\u00e5 et kj\u00f8lig og t\u00f8rt sted, unng\u00e5 direkte sollys og milj\u00f8er med h\u00f8y temperatur, og v\u00e6r oppmerksom p\u00e5 forsegling.<\/p>\n\n\n\n<h2 class=\"wp-block-heading\">Konklusjon<\/h2>\n\n\n\n<p>For dere som \u00f8nsker kvalitet og effektivitet, er v\u00e5r dusjs\u00e5pe for menn det beste valget. Vi integrerer ikke bare den doble effekten av dyprens og dyp fuktighetsgivende tilf\u00f8rsel, men har ogs\u00e5 avansert produksjonsutstyr og et storskala produksjonsverksted som kan h\u00e5ndtere storskala produksjon. Emballasjedesignet v\u00e5rt fremhever smaken og stilen til urbane menn, og hjelper deg med \u00e5 skille deg ut i det konkurransepregede markedet. Ta kontakt med oss hvis du er interessert.<\/p>\n\n\n\n<p><\/p>","protected":false},"excerpt":{"rendered":"Men\u2019s Body Wash Manufacturing Common Formulas In the production and development of men&#8217;s body wash, we have designed a variety of formulas according to different skin types and skin care needs, and the ingredients of different formulas are different. Before you use it, you should choose a product that is suitable for your skin type. [&hellip;]","protected":false},"featured_media":2900,"menu_order":0,"template":"","meta":[],"product-tag":[],"products":[57],"class_list":["post-2899","product","type-product","status-publish","has-post-thumbnail","hentry","products-body-wash"],"acf":[],"_links":{"self":[{"href":"https:\/\/www.ruiqigo.com\/nb\/wp-json\/wp\/v2\/product\/2899","targetHints":{"allow":["GET"]}}],"collection":[{"href":"https:\/\/www.ruiqigo.com\/nb\/wp-json\/wp\/v2\/product"}],"about":[{"href":"https:\/\/www.ruiqigo.com\/nb\/wp-json\/wp\/v2\/types\/product"}],"version-history":[{"count":0,"href":"https:\/\/www.ruiqigo.com\/nb\/wp-json\/wp\/v2\/product\/2899\/revisions"}],"wp:featuredmedia":[{"embeddable":true,"href":"https:\/\/www.ruiqigo.com\/nb\/wp-json\/wp\/v2\/media\/2900"}],"wp:attachment":[{"href":"https:\/\/www.ruiqigo.com\/nb\/wp-json\/wp\/v2\/media?parent=2899"}],"wp:term":[{"taxonomy":"product-tag","embeddable":true,"href":"https:\/\/www.ruiqigo.com\/nb\/wp-json\/wp\/v2\/product-tag?post=2899"},{"taxonomy":"products","embeddable":true,"href":"https:\/\/www.ruiqigo.com\/nb\/wp-json\/wp\/v2\/products?post=2899"}],"curies":[{"name":"wp","href":"https:\/\/api.w.org\/{rel}","templated":true}]}}