{"id":296,"date":"2024-07-05T16:38:45","date_gmt":"2024-07-05T08:38:45","guid":{"rendered":"https:\/\/ruiqigo.com\/?post_type=product&#038;p=296"},"modified":"2024-11-15T16:40:07","modified_gmt":"2024-11-15T08:40:07","slug":"tea-tree-essential-oil","status":"publish","type":"product","link":"https:\/\/www.ruiqigo.com\/nb\/product\/tea-tree-essential-oil","title":{"rendered":"Tea tree essensiell olje"},"content":{"rendered":"<h2 class=\"wp-block-heading\">Vanlige formler for produksjon av essensiell tea tree-olje<\/h2>\n\n\n\n<p>Tea tree eterisk olje kommer fra sertifiserte \u00f8kologiske plantasjer, hvor tetr\u00e6rne dyrkes p\u00e5 en naturlig og \u00f8kologisk m\u00e5te uten kjemiske tilsetningsstoffer. Under h\u00f8steprosessen er arbeiderne sv\u00e6rt n\u00f8ye med \u00e5 unng\u00e5 \u00e5 skade tetr\u00e6rne s\u00e5 mye som mulig. Som en ledende produsent av tea tree eterisk olje destilleres og ekstraheres tetreet, noe som bevarer de originale aktive ingrediensene i tetreet fullt ut, som monoterpener, for \u00e5 sikre den beste kvaliteten p\u00e5 den essensielle oljen.<\/p>\n\n\n\n<h2 class=\"wp-block-heading\">Tea tree essensiell olje - aktuelle scenarier<\/h2>\n\n\n\n<p>Tea Tree-olje fungerer godt i en rekke klimaer p\u00e5 grunn av sin unike friske aroma og bredspektrede antiseptiske egenskaper. I de varme, fuktige sommerm\u00e5nedene kan den bidra til \u00e5 lindre kl\u00f8ende hud og hemme bakterievekst; i de kalde, t\u00f8rre vinterm\u00e5nedene kan tea tree-olje spille en betennelsesdempende og fuktighetsgivende rolle for \u00e5 forbedre hudtilstanden. I tillegg er tea tree-olje ogs\u00e5 effektiv for \u00e5 rense huden, eliminere vannkopper, herpes, s\u00e5r, puss, vorter, branns\u00e5r, solbrenthet, samt forbedre ringorm, fotsopp, flass og s\u00e5 videre.<\/p>\n\n\n\n<h2 class=\"wp-block-heading\">Hvem er eterisk tea tree-olje egnet for<\/h2>\n\n\n\n<p>Tea tree-olje kan brukes av en rekke brukergrupper. Den kan effektivt forbedre akne, eksem og andre hudproblemer, kan ogs\u00e5 bidra til \u00e5 lindre ledd- og muskelsmerter, og styrke immunforsvaret. Det er viktig \u00e5 merke seg at hvis den brukes i ansiktet, m\u00e5 du v\u00e6re forsiktig s\u00e5 du ikke kommer for n\u00e6r \u00f8yeomr\u00e5det og for\u00e5rsaker ubehag i \u00f8ynene. Ikke til bruk p\u00e5 sensitive hudomr\u00e5der.<\/p>\n\n\n\n<h2 class=\"wp-block-heading\">Produksjonsprosess for essensiell olje av tea tree<\/h2>\n\n\n\n<p>Tea tree-olje kommer hovedsakelig fra flere plantearter i myrtefamilien, Melaleuca alternifolia, hvor den dominerende arten, kjent som Melaleuca alternifolia, er hjemmeh\u00f8rende i Australia. N\u00e5r r\u00e5materialet samles inn, h\u00f8stes bladene og skuddene fra hvert tetre n\u00f8yaktig for \u00e5 sikre kvaliteten p\u00e5 den ekstraherte essensielle oljen. Det r\u00e5 tetre-materialet lastes gjennom en sedimenteringstank og inn i et destillasjonskar for \u00e5 starte destillasjonsekstraksjonsprosessen. Som en p\u00e5litelig produsent av tea tree-olje inneb\u00e6rer dette trinnet \u00e5 generere damp ved oppvarming, slik at vanndampen som inneholder den essensielle oljen fra tea tree samles opp av en r\u00f8rledning og avkj\u00f8les til v\u00e6ske. P\u00e5 grunn av forskjellen i tetthet mellom vann og essensiell olje, skilles den essensielle tea tree-oljen raskt ut, og det gjenv\u00e6rende vannet blir til tea tree-pur\u00e9.<\/p>","protected":false},"excerpt":{"rendered":"Tea tree essential oil manufacturing common formulas Tea tree essential oil is sourced from certified organic plantations, where the tea trees are grown in a natural and ecological way without any chemical additives. During the harvesting process, the workers are very careful to avoid harming the tea trees as much as possible. As a leading [&hellip;]","protected":false},"featured_media":380,"menu_order":0,"template":"","meta":[],"product-tag":[],"products":[53],"class_list":["post-296","product","type-product","status-publish","has-post-thumbnail","hentry","products-essential-oil"],"acf":[],"_links":{"self":[{"href":"https:\/\/www.ruiqigo.com\/nb\/wp-json\/wp\/v2\/product\/296","targetHints":{"allow":["GET"]}}],"collection":[{"href":"https:\/\/www.ruiqigo.com\/nb\/wp-json\/wp\/v2\/product"}],"about":[{"href":"https:\/\/www.ruiqigo.com\/nb\/wp-json\/wp\/v2\/types\/product"}],"version-history":[{"count":0,"href":"https:\/\/www.ruiqigo.com\/nb\/wp-json\/wp\/v2\/product\/296\/revisions"}],"wp:featuredmedia":[{"embeddable":true,"href":"https:\/\/www.ruiqigo.com\/nb\/wp-json\/wp\/v2\/media\/380"}],"wp:attachment":[{"href":"https:\/\/www.ruiqigo.com\/nb\/wp-json\/wp\/v2\/media?parent=296"}],"wp:term":[{"taxonomy":"product-tag","embeddable":true,"href":"https:\/\/www.ruiqigo.com\/nb\/wp-json\/wp\/v2\/product-tag?post=296"},{"taxonomy":"products","embeddable":true,"href":"https:\/\/www.ruiqigo.com\/nb\/wp-json\/wp\/v2\/products?post=296"}],"curies":[{"name":"wp","href":"https:\/\/api.w.org\/{rel}","templated":true}]}}