{"id":301,"date":"2024-07-05T16:53:57","date_gmt":"2024-07-05T08:53:57","guid":{"rendered":"https:\/\/ruiqigo.com\/?post_type=product&#038;p=301"},"modified":"2024-11-13T09:35:52","modified_gmt":"2024-11-13T01:35:52","slug":"water-conditioner","status":"publish","type":"product","link":"https:\/\/www.ruiqigo.com\/nb\/product\/water-conditioner","title":{"rendered":"Vannkondisjoneringsmiddel"},"content":{"rendered":"<h2 class=\"wp-block-heading\">Vanlige formler for produksjon av vannkondisjoneringsmidler<\/h2>\n\n\n\n<p>Vannbalsam best\u00e5r hovedsakelig av plantebaserte aminosyrer, vitamin B5, tangekstrakt og andre naturlige ingredienser. Aminosyrer har utmerkede fuktighetsgivende og reparerende effekter, som kan gi h\u00e5ret dyp n\u00e6ring; vitamin B5 bidrar til \u00e5 forbedre krusete og t\u00f8rrhet, noe som gj\u00f8r h\u00e5ret glattere og mer glansfullt; tangekstrakt er rikt p\u00e5 vitaminer og mineraler, som kan reparere skadet h\u00e5r og forbedre h\u00e5rets elastisitet. Som en p\u00e5litelig produsent av vannbalsam mener vi at disse naturlige ingrediensene av h\u00f8y kvalitet fungerer sammen for \u00e5 skape en fuktighetsgivende, n\u00e6rende, reparerende og sunn vannbalsam.<\/p>\n\n\n\n<h2 class=\"wp-block-heading\">Vannbehandlingsmiddel aktuelle scenarier<\/h2>\n\n\n\n<p>Aqua Conditioner passer for alle \u00e5rstider og klima. I den varme sommeren fukter den h\u00e5ret og lindrer t\u00f8rrhet og krusete h\u00e5r; i den t\u00f8rre vinteren gir den n\u00e6ring til h\u00e5ret i dybden og reparerer skader. Enten det er daglig pleie eller reparasjon av skader, kan vannbalsam dekke behovene til ulike h\u00e5rtyper. Samtidig er den forfriskende og vektl\u00f8s, egnet for alle h\u00e5rtyper, og er det ideelle h\u00e5rpleieproduktet man kan stole p\u00e5 i alle \u00e5rstider.<\/p>\n\n\n\n<h2 class=\"wp-block-heading\">Hvem er vannbehandlingsmiddel egnet for<\/h2>\n\n\n\n<p>Vannbalsam passer for alle h\u00e5rtyper. T\u00f8rt, spr\u00f8tt og skadet h\u00e5r kan stole p\u00e5 dens n\u00e6rende og reparerende virkning; fett h\u00e5r kan ogs\u00e5 pleies gjennom sin forfriskende tekstur; selv for sunt og normalt h\u00e5r kan bruk av Aqua Conditioner ogs\u00e5 forbedre krusete og t\u00f8rre h\u00e5rtyper, slik at det blir mer smidig og skinnende. Enten du har svakt h\u00e5r etter farging og permanent, fett og ujevnt h\u00e5r, eller normalt sunt h\u00e5r, kan Aqua Conditioner v\u00e6re din ideelle h\u00e5rpleiepartner.<\/p>\n\n\n\n<h2 class=\"wp-block-heading\">Produksjonsprosess for vannkondisjoneringsmiddel<\/h2>\n\n\n\n<p>Vannkondisjoneringsmiddel bruker en unik teknologi i produksjonsprosessen. For det f\u00f8rste er r\u00e5materialene strengt utvalgt for \u00e5 sikre at de er 100% naturlige og forurensningsfrie. For det andre er en rekke n\u00e6rende og reparerende ingredienser integrert i formuleringsutviklingen for \u00e5 ha en synergistisk effekt. Videre, som en profesjonell produsent av vannkondisjoneringsmiddel, er produksjonsprosessen strengt kontrollert med temperatur og trykk for \u00e5 unng\u00e5 tap av aktive ingredienser. Til slutt er produktemballasjen laget av milj\u00f8vennlige, giftfrie materialer for \u00e5 sikre trygg bruk. Disse gjennomtenkte produksjonsprosessene sikrer kvaliteten p\u00e5 vannkondisjoneringsmiddelet.<\/p>","protected":false},"excerpt":{"rendered":"Water conditioner manufacturing common formulas Water Conditioner is mainly composed of plant-based amino acids, vitamin B5, seaweed extract and other natural ingredients. Amino acids have excellent moisturizing and repairing effects, which can deeply nourish the hair; vitamin B5 helps to improve frizz and dryness, making the hair smoother and shinier; seaweed extract is rich in [&hellip;]","protected":false},"featured_media":388,"menu_order":0,"template":"","meta":[],"product-tag":[],"products":[52],"class_list":["post-301","product","type-product","status-publish","has-post-thumbnail","hentry","products-conditioner"],"acf":[],"_links":{"self":[{"href":"https:\/\/www.ruiqigo.com\/nb\/wp-json\/wp\/v2\/product\/301","targetHints":{"allow":["GET"]}}],"collection":[{"href":"https:\/\/www.ruiqigo.com\/nb\/wp-json\/wp\/v2\/product"}],"about":[{"href":"https:\/\/www.ruiqigo.com\/nb\/wp-json\/wp\/v2\/types\/product"}],"version-history":[{"count":0,"href":"https:\/\/www.ruiqigo.com\/nb\/wp-json\/wp\/v2\/product\/301\/revisions"}],"wp:featuredmedia":[{"embeddable":true,"href":"https:\/\/www.ruiqigo.com\/nb\/wp-json\/wp\/v2\/media\/388"}],"wp:attachment":[{"href":"https:\/\/www.ruiqigo.com\/nb\/wp-json\/wp\/v2\/media?parent=301"}],"wp:term":[{"taxonomy":"product-tag","embeddable":true,"href":"https:\/\/www.ruiqigo.com\/nb\/wp-json\/wp\/v2\/product-tag?post=301"},{"taxonomy":"products","embeddable":true,"href":"https:\/\/www.ruiqigo.com\/nb\/wp-json\/wp\/v2\/products?post=301"}],"curies":[{"name":"wp","href":"https:\/\/api.w.org\/{rel}","templated":true}]}}