{"id":306,"date":"2024-07-05T17:07:54","date_gmt":"2024-07-05T09:07:54","guid":{"rendered":"https:\/\/ruiqigo.com\/?post_type=product&#038;p=306"},"modified":"2024-11-14T21:10:20","modified_gmt":"2024-11-14T13:10:20","slug":"salt-free-water-conditioner","status":"publish","type":"product","link":"https:\/\/www.ruiqigo.com\/nb\/product\/salt-free-water-conditioner","title":{"rendered":"Saltfritt vannbalsam"},"content":{"rendered":"<h2 class=\"wp-block-heading\">Vanlige formler for produksjon av saltfri vannbalsam<\/h2>\n\n\n\n<p>Saltfri vannbalsam er laget med milde ingredienser som botaniske aminosyrer, glyserin og naturlige fruktfr\u00f8oljer. Aminosyrer gir utmerkede fuktighetsgivende og reparerende egenskaper som gir dyp n\u00e6ring til h\u00e5ret; glyserin etterfyller fuktighet og forbedrer krus og t\u00f8rrhet; og naturlig fruktfr\u00f8olje er rik p\u00e5 vitaminer som bidrar til \u00e5 reparere skadet h\u00e5r og styrke h\u00e5rets elastisitet. Som en p\u00e5litelig produsent av saltfri vannbalsam, jobber disse naturlige ingrediensene av h\u00f8y kvalitet i synergi med hverandre for \u00e5 skape en ikke-irriterende, mild og n\u00e6rende saltfri vannbalsam.<\/p>\n\n\n\n<h2 class=\"wp-block-heading\">Saltfritt vannbehandlingsmiddel som kan brukes<\/h2>\n\n\n\n<p>Saltfri vannbalsam passer for alle \u00e5rstider og milj\u00f8er. I sommervarmen fukter den h\u00e5ret og lindrer t\u00f8rrhet og krusete h\u00e5r; om vinteren gir den n\u00e6ring til h\u00e5ret i dybden og reparerer skader. Samtidig er den forfriskende og vektl\u00f8s, vil ikke belaste hodebunnen, og passer for all slags h\u00e5rbruk. Enten det er til daglig vedlikehold eller reparasjon av skader, kan saltfri vannbalsam v\u00e6re din p\u00e5litelige h\u00e5rpleiehjelper for alle \u00e5rstider.<\/p>\n\n\n\n<h2 class=\"wp-block-heading\">Hvem er saltfritt vannbalsam egnet for<\/h2>\n\n\n\n<p>Saltfri vannbalsam passer for alle h\u00e5rtyper. For t\u00f8rt, spr\u00f8tt og skadet h\u00e5r gir den dyp n\u00e6ring og reparasjon; for fett h\u00e5r er den forfriskende, vektl\u00f8se teksturen perfekt; og selv for sunt, normalt h\u00e5r forbedrer saltfri vannbalsam krusete og t\u00f8rrhet, og etterlater h\u00e5ret mykere og mer glansfullt. Enten du har farget h\u00e5r, fett og krusete h\u00e5r eller normalt sunt h\u00e5r, kan saltfri vannbalsam v\u00e6re din ideelle h\u00e5rpleiepartner.<\/p>\n\n\n\n<h2 class=\"wp-block-heading\">Produksjonsprosess for saltfritt vannkondisjoneringsmiddel<\/h2>\n\n\n\n<p>Saltfri vannbalsam bruker en rekke unike teknologier i produksjonsprosessen. For det f\u00f8rste er r\u00e5materialene n\u00f8ye utvalgt for \u00e5 sikre at de er 100% naturlige og forurensningsfrie. For det andre er en rekke n\u00e6rende og reparerende ingredienser integrert i formelen for \u00e5 skape synergistiske effekter. Videre er produksjonsprosessen strengt temperatur- og trykkkontrollert for \u00e5 unng\u00e5 tap av aktive ingredienser. Til slutt er produktemballasjen laget av milj\u00f8vennlige og giftfrie materialer for \u00e5 sikre trygg bruk. Som en effektiv produsent av saltfri vannbalsam bruker vi gjennomtenkte produksjonsprosesser for \u00e5 sikre den utmerkede kvaliteten p\u00e5 saltfri vannbalsam, slik at forbrukerne kan bruke den uten bekymringer og nyte komforten av en naturlig h\u00e5rpleieopplevelse.<\/p>","protected":false},"excerpt":{"rendered":"Salt free water conditioner manufacturing common formulas Salt free Water Conditioner is made with gentle ingredients such as botanical amino acids, glycerin, and natural fruit seed oils. Amino Acids provide excellent moisturizing and repairing properties to deeply nourish hair; Glycerin replenishes moisture and improves frizz and dryness; and Natural Fruit Seed Oil is rich in [&hellip;]","protected":false},"featured_media":384,"menu_order":0,"template":"","meta":[],"product-tag":[],"products":[52],"class_list":["post-306","product","type-product","status-publish","has-post-thumbnail","hentry","products-conditioner"],"acf":[],"_links":{"self":[{"href":"https:\/\/www.ruiqigo.com\/nb\/wp-json\/wp\/v2\/product\/306","targetHints":{"allow":["GET"]}}],"collection":[{"href":"https:\/\/www.ruiqigo.com\/nb\/wp-json\/wp\/v2\/product"}],"about":[{"href":"https:\/\/www.ruiqigo.com\/nb\/wp-json\/wp\/v2\/types\/product"}],"version-history":[{"count":0,"href":"https:\/\/www.ruiqigo.com\/nb\/wp-json\/wp\/v2\/product\/306\/revisions"}],"wp:featuredmedia":[{"embeddable":true,"href":"https:\/\/www.ruiqigo.com\/nb\/wp-json\/wp\/v2\/media\/384"}],"wp:attachment":[{"href":"https:\/\/www.ruiqigo.com\/nb\/wp-json\/wp\/v2\/media?parent=306"}],"wp:term":[{"taxonomy":"product-tag","embeddable":true,"href":"https:\/\/www.ruiqigo.com\/nb\/wp-json\/wp\/v2\/product-tag?post=306"},{"taxonomy":"products","embeddable":true,"href":"https:\/\/www.ruiqigo.com\/nb\/wp-json\/wp\/v2\/products?post=306"}],"curies":[{"name":"wp","href":"https:\/\/api.w.org\/{rel}","templated":true}]}}