{"id":311,"date":"2024-07-05T17:20:27","date_gmt":"2024-07-05T09:20:27","guid":{"rendered":"https:\/\/ruiqigo.com\/?post_type=product&#038;p=311"},"modified":"2024-11-14T21:14:32","modified_gmt":"2024-11-14T13:14:32","slug":"curly-hair-shampoo-and-conditioner","status":"publish","type":"product","link":"https:\/\/www.ruiqigo.com\/nb\/product\/curly-hair-shampoo-and-conditioner","title":{"rendered":"Sjampo og balsam for kr\u00f8llete h\u00e5r"},"content":{"rendered":"<h2 class=\"wp-block-heading\">Vanlige formler for produksjon av sjampo og balsam for kr\u00f8llete h\u00e5r<\/h2>\n\n\n\n<p>Dette 2-i-1-produktet er laget med f\u00f8rsteklasses naturlige ingredienser som sheasm\u00f8r og kokosolje. Sheasm\u00f8r er rikt p\u00e5 vitaminer og fettsyrer som fukter h\u00e5ret i dybden og \u00f8ker elastisiteten i tuppene, mens kokosolje har utmerkede utglattende og reparerende egenskaper som gj\u00f8r kr\u00f8llene glattere og mer skinnende. I tillegg tilf\u00f8rer den ogs\u00e5 en spesiell stylingingrediens som effektivt former og holder kr\u00f8llene p\u00e5 plass. Sammen, som en effektiv produsent av sjampo og balsam for kr\u00f8ller, gj\u00f8r disse milde, men kraftige naturlige ingrediensene dette til den perfekte formelen for \u00e5 skjemme bort kr\u00f8llete h\u00e5r.<\/p>\n\n\n\n<h2 class=\"wp-block-heading\">Gjeldende scenarier for sjampo og balsam for kr\u00f8llete h\u00e5r<\/h2>\n\n\n\n<p>Curly Hair Shampoo Conditioner 2-i-1 er egnet for bruk i alle klimaer. I sommervarmen fukter og reparerer den skader p\u00e5 kr\u00f8llete h\u00e5r, mens den i vinterkulden gir n\u00e6ring i dybden og \u00f8ker elastisiteten for \u00e5 forhindre t\u00f8rrhet og krusete h\u00e5r. Samtidig bidrar stylingegenskapene til \u00e5 holde kr\u00f8llene vakkert stylet i fuktige omgivelser. Enten solen skinner eller vinden bl\u00e5ser, vil dette to-i-ett-produktet beskytte kr\u00f8llene dine og holde dem rufsete og skinnende.<\/p>\n\n\n\n<h2 class=\"wp-block-heading\">Hvem passer sjampo og balsam for kr\u00f8llete h\u00e5r for?<\/h2>\n\n\n\n<p>Denne 2-i-1-sjampoen og balsamen for kr\u00f8llete h\u00e5r er spesielt egnet for de med naturlig kr\u00f8llete eller permanentet h\u00e5r. Den beskytter skj\u00f8re kr\u00f8ller mot krusete og t\u00f8rrhet. Samtidig bidrar stylingegenskapene til \u00e5 skape vakre, langvarige kr\u00f8ller. Selv for de med rett h\u00e5r vil sporadisk bruk gi spenst og glans. Enten du har naturlig kr\u00f8llete h\u00e5r, kunstig permanentet h\u00e5r eller rett h\u00e5r som trenger sporadisk styling, er dette 2-i-1-produktet den ideelle behandlingen for deg.<\/p>\n\n\n\n<h2 class=\"wp-block-heading\">Produksjonsprosess for sjampo og balsam for kr\u00f8llete h\u00e5r<\/h2>\n\n\n\n<p>F\u00f8rst og fremst velges r\u00e5varene gjennom kontrolllag for \u00e5 sikre at 100% er naturlig og forurensningsfritt. For det andre, i formuleringen av forskning og utvikling, integreringen av en rekke n\u00e6rende og reparerende ingredienser, noe som skaper en synergistisk effekt. Videre, som en ledende produsent av sjampo og balsam for kr\u00f8ller, er produksjonsprosessen strengt temperatur- og trykkkontrollert for \u00e5 sikre at de aktive ingrediensene ikke blir skadet. Til slutt brukes profesjonell stylingteknologi for \u00e5 f\u00e5 kr\u00f8llene til \u00e5 vare lenger.<\/p>","protected":false},"excerpt":{"rendered":"Curly hair shampoo and conditioner manufacturing common formulas This 2-in-1 product is made with premium natural ingredients such as shea butter and coconut oil. Shea butter is rich in vitamins and fatty acids that deeply moisturize the hair and increase the elasticity of the ends, while coconut oil has excellent smoothing and repairing properties that [&hellip;]","protected":false},"featured_media":392,"menu_order":0,"template":"","meta":[],"product-tag":[],"products":[54],"class_list":["post-311","product","type-product","status-publish","has-post-thumbnail","hentry","products-shampoo-and-conditioner"],"acf":[],"_links":{"self":[{"href":"https:\/\/www.ruiqigo.com\/nb\/wp-json\/wp\/v2\/product\/311","targetHints":{"allow":["GET"]}}],"collection":[{"href":"https:\/\/www.ruiqigo.com\/nb\/wp-json\/wp\/v2\/product"}],"about":[{"href":"https:\/\/www.ruiqigo.com\/nb\/wp-json\/wp\/v2\/types\/product"}],"version-history":[{"count":0,"href":"https:\/\/www.ruiqigo.com\/nb\/wp-json\/wp\/v2\/product\/311\/revisions"}],"wp:featuredmedia":[{"embeddable":true,"href":"https:\/\/www.ruiqigo.com\/nb\/wp-json\/wp\/v2\/media\/392"}],"wp:attachment":[{"href":"https:\/\/www.ruiqigo.com\/nb\/wp-json\/wp\/v2\/media?parent=311"}],"wp:term":[{"taxonomy":"product-tag","embeddable":true,"href":"https:\/\/www.ruiqigo.com\/nb\/wp-json\/wp\/v2\/product-tag?post=311"},{"taxonomy":"products","embeddable":true,"href":"https:\/\/www.ruiqigo.com\/nb\/wp-json\/wp\/v2\/products?post=311"}],"curies":[{"name":"wp","href":"https:\/\/api.w.org\/{rel}","templated":true}]}}