{"id":316,"date":"2024-07-05T17:33:07","date_gmt":"2024-07-05T09:33:07","guid":{"rendered":"https:\/\/ruiqigo.com\/?post_type=product&#038;p=316"},"modified":"2024-11-14T21:13:36","modified_gmt":"2024-11-14T13:13:36","slug":"natural-shampoo-and-conditioner","status":"publish","type":"product","link":"https:\/\/www.ruiqigo.com\/nb\/product\/natural-shampoo-and-conditioner","title":{"rendered":"Naturlig sjampo og balsam"},"content":{"rendered":"<h2 class=\"wp-block-heading\">Vanlige formler for produksjon av naturlig sjampo og balsam<\/h2>\n\n\n\n<p>Dette naturlige 2-i-1-produktet bruker en rekke naturlige ingredienser av h\u00f8y kvalitet, som linfr\u00f8olje og tang. Linfr\u00f8olje er rik p\u00e5 omega-3-fettsyrer, som gir n\u00e6ring til h\u00e5rstr\u00e5ene i dybden og gir mykhet og glans, mens tang er rik p\u00e5 mineraler som reparerer skadet h\u00e5r og gir elastisitet. Som en utmerket produsent av naturlig sjampo og balsam har de naturlige rensende ingredienser som sk\u00e5nsomt renser hodebunnen uten irritasjon. Sammen utgj\u00f8r disse naturlige ingrediensene denne kvalitetsformelen som sk\u00e5nsomt pleier h\u00e5ret ditt.<\/p>\n\n\n\n<h2 class=\"wp-block-heading\">Naturlig sjampo og balsam som kan brukes<\/h2>\n\n\n\n<p>Naturlig sjampo og balsam passer for alle klimaer. I de varme sommerm\u00e5nedene gir den h\u00e5ret rikelig med fuktighet for \u00e5 gjenoppbygge tap, mens den i de kalde vinterm\u00e5nedene gir n\u00e6ring i dybden, \u00f8ker elastisiteten og forhindrer t\u00f8rrhet og krus. Samtidig er den milde formelen ogs\u00e5 egnet for sensitiv hodebunn uten \u00e5 for\u00e5rsake irritasjon. Enten det er sol eller regn, vil dette naturlige 2-i-1-produktet holde h\u00e5ret mykt, skinnende og sunt.<\/p>\n\n\n\n<h2 class=\"wp-block-heading\">Hvem passer naturlig sjampo og balsam for<\/h2>\n\n\n\n<p>Denne naturlige sjampo- og balsamduoen er perfekt for de med skadet, t\u00f8rt og krusete h\u00e5r. Den bruker naturlige ingredienser for \u00e5 sk\u00e5nsomt rense hodebunnen samtidig som den gir n\u00e6ring til h\u00e5ret i dybden, reparerer skader og gir mykhet og glans. Enten h\u00e5ret ditt er naturlig ru, kjemisk skadet eller t\u00f8rt etter en lang f\u00f8ning, er dette 2-i-1-produktet den perfekte pleiepartneren for h\u00e5ret ditt.<\/p>\n\n\n\n<h2 class=\"wp-block-heading\">Produksjonsprosess for naturlig sjampo og balsam<\/h2>\n\n\n\n<p>Denne naturlige sjampoen og balsamen er produsert ved hjelp av en rekke avanserte teknologier. For det f\u00f8rste er ingrediensene 100% naturlige og plantebaserte, og har gjennomg\u00e5tt en rekke kontroller for \u00e5 sikre at de ikke er forurenset. For det andre kontrolleres temperatur og trykk strengt under utviklingen av formelen for \u00e5 unng\u00e5 skade p\u00e5 de aktive ingrediensene. I tillegg brukes profesjonell molekylsiktseparasjonsteknologi, utvinning av h\u00f8y renhet av de aktive ingrediensene; til slutt, hele produksjonsprosessen uten tilsetning av syntetiske kjemikalier for \u00e5 sikre at produktet er gr\u00f8nt og milj\u00f8vennlig. Som en presisjonsprodusent av naturlig sjampo og balsam sikrer disse gjennomtenkte produksjonsprosessene at dette naturlige 2-i-1-produktet er av utmerket kvalitet og kan gi forbrukerne en bedre gr\u00f8nn pleieopplevelse.<\/p>","protected":false},"excerpt":{"rendered":"Natural shampoo and conditioner manufacturing common formulas This natural 2-in-1 product uses a variety of high-quality natural ingredients such as flaxseed oil and seaweed. Flaxseed oil is rich in Omega-3 fatty acids, which deeply nourish the hair strands and add softness and shine, while seaweed is rich in minerals, which repair damaged hair and add [&hellip;]","protected":false},"featured_media":396,"menu_order":0,"template":"","meta":[],"product-tag":[],"products":[54],"class_list":["post-316","product","type-product","status-publish","has-post-thumbnail","hentry","products-shampoo-and-conditioner"],"acf":[],"_links":{"self":[{"href":"https:\/\/www.ruiqigo.com\/nb\/wp-json\/wp\/v2\/product\/316","targetHints":{"allow":["GET"]}}],"collection":[{"href":"https:\/\/www.ruiqigo.com\/nb\/wp-json\/wp\/v2\/product"}],"about":[{"href":"https:\/\/www.ruiqigo.com\/nb\/wp-json\/wp\/v2\/types\/product"}],"version-history":[{"count":0,"href":"https:\/\/www.ruiqigo.com\/nb\/wp-json\/wp\/v2\/product\/316\/revisions"}],"wp:featuredmedia":[{"embeddable":true,"href":"https:\/\/www.ruiqigo.com\/nb\/wp-json\/wp\/v2\/media\/396"}],"wp:attachment":[{"href":"https:\/\/www.ruiqigo.com\/nb\/wp-json\/wp\/v2\/media?parent=316"}],"wp:term":[{"taxonomy":"product-tag","embeddable":true,"href":"https:\/\/www.ruiqigo.com\/nb\/wp-json\/wp\/v2\/product-tag?post=316"},{"taxonomy":"products","embeddable":true,"href":"https:\/\/www.ruiqigo.com\/nb\/wp-json\/wp\/v2\/products?post=316"}],"curies":[{"name":"wp","href":"https:\/\/api.w.org\/{rel}","templated":true}]}}