{"id":321,"date":"2024-07-05T17:38:21","date_gmt":"2024-07-05T09:38:21","guid":{"rendered":"https:\/\/ruiqigo.com\/?post_type=product&#038;p=321"},"modified":"2024-11-14T21:11:09","modified_gmt":"2024-11-14T13:11:09","slug":"tea-tree-shampoo-and-conditioner","status":"publish","type":"product","link":"https:\/\/www.ruiqigo.com\/nb\/product\/tea-tree-shampoo-and-conditioner","title":{"rendered":"Tea tree-sjampo og balsam"},"content":{"rendered":"<h2 class=\"wp-block-heading\">Vanlige formler for produksjon av tea tree-sjampo og balsam<\/h2>\n\n\n\n<p>Denne 2-i-1-produktet med tea tree-sjampo og balsam bruker rent og naturlig tea tree-ekstrakt som hovedingrediens. Tea tree-ekstrakt er rikt p\u00e5 vitaminer og mineraler som vitamin C, vitamin E, jern, sink osv., som kan gi n\u00e6ring til og reparere skadet h\u00e5r i dybden, og \u00f8ke h\u00e5rets glans og smidighet. I tillegg inneholder tea tree-ekstrakt naturlige antibakterielle og betennelsesdempende ingredienser som effektivt renser hodebunnen, og forhindrer bakterievekst og opphopning av flass. Som en innovativ produsent av tea tree-sjampo og balsam jobber disse naturlige ingrediensene sammen for \u00e5 skape en to-i-ett-rens og balsam som kombinerer rens og pleie.<\/p>\n\n\n\n<h2 class=\"wp-block-heading\">Tea tree-sjampo og balsam \u2013 aktuelle scenarier<\/h2>\n\n\n\n<p>Tea Tree-sjampo og balsam passer for alle klimaer. I de varme sommerm\u00e5nedene renser den kj\u00f8lende antibakterielle virkningen av tea tree-ekstrakt hodebunnen grundig og forhindrer bakterievekst etter svetting. I de kalde vinterm\u00e5nedene gir den n\u00e6ring og reparerer skadet h\u00e5r i dybden, \u00f8ker elastisiteten og forhindrer t\u00f8rrhet og krus. Samtidig er den naturlige og milde formelen til tea tree ogs\u00e5 egnet for bruk i sensitiv hodebunn, og vil ikke irritere. Enten det er fett og varmt eller t\u00f8rt og kaldt, vil dette to-i-ett-produktet holde h\u00e5ret ditt friskt, smidig og komfortabelt.<\/p>\n\n\n\n<h2 class=\"wp-block-heading\">Hvem passer tea tree-sjampo og balsam for?<\/h2>\n\n\n\n<p>Denne 2-i-1-produktet med tea tree-sjampo og balsam er spesielt egnet for de som har fet hodebunn eller er utsatt for flass. Tea tree-ekstrakt er en naturlig antibakteriell og betennelsesdempende ingrediens som effektivt renser hodebunnen og forhindrer at bakterier og flass samler seg. Samtidig gir den n\u00e6ring og reparerer skadet h\u00e5r i dybden, noe som \u00f8ker h\u00e5rets glans og elastisitet. Enten du har fet hodebunn eller t\u00f8rt, krusete h\u00e5r, eller kjemisk skadet h\u00e5r etter permanent og farging, er dette 2-i-1-produktet med tea tree-ekstrakt det perfekte valget for dine h\u00e5rpleiebehov.<\/p>\n\n\n\n<h2 class=\"wp-block-heading\">Produksjonsprosess for tea tree-sjampo og balsam<\/h2>\n\n\n\n<p>Denne Tea Tree-sjampoen og balsamen 2-i-1 er produsert ved hjelp av en rekke avanserte teknologier. For det f\u00f8rste er 100% av Tea Trees r\u00e5varer utvunnet fra naturlige planter, og har blitt utsatt for en rekke kontroller for \u00e5 sikre at de er fri for kjemisk forurensning. For det andre kontrolleres temperatur og trykk strengt under utviklingen av formelen for \u00e5 sikre at de aktive ingrediensene i tea tree-ekstraktet ikke blir skadet. Produktet bruker profesjonell separasjonsteknologi for \u00e5 ekstrahere tea tree-ekstraktet med h\u00f8y renhet for \u00e5 sikre utmerket produkteffektivitet. Til slutt, som en profesjonell produsent av Tea tree-sjampo og balsam, er hele produksjonsprosessen fri for syntetiske kjemikalier, noe som sikrer at produktet er gr\u00f8nt og milj\u00f8vennlig.<\/p>","protected":false},"excerpt":{"rendered":"Tea tree shampoo and conditioner manufacturing common formulas This Tea Tree Shampoo and Conditioner 2-in-1 utilizes pure and natural tea tree extract as the core ingredient. Tea Tree Extract is rich in vitamins and minerals such as Vitamin C, Vitamin E, Iron, Zinc, etc., which can deeply nourish and repair damaged hair, and increase the [&hellip;]","protected":false},"featured_media":322,"menu_order":0,"template":"","meta":[],"product-tag":[],"products":[54],"class_list":["post-321","product","type-product","status-publish","has-post-thumbnail","hentry","products-shampoo-and-conditioner"],"acf":[],"_links":{"self":[{"href":"https:\/\/www.ruiqigo.com\/nb\/wp-json\/wp\/v2\/product\/321","targetHints":{"allow":["GET"]}}],"collection":[{"href":"https:\/\/www.ruiqigo.com\/nb\/wp-json\/wp\/v2\/product"}],"about":[{"href":"https:\/\/www.ruiqigo.com\/nb\/wp-json\/wp\/v2\/types\/product"}],"version-history":[{"count":0,"href":"https:\/\/www.ruiqigo.com\/nb\/wp-json\/wp\/v2\/product\/321\/revisions"}],"wp:featuredmedia":[{"embeddable":true,"href":"https:\/\/www.ruiqigo.com\/nb\/wp-json\/wp\/v2\/media\/322"}],"wp:attachment":[{"href":"https:\/\/www.ruiqigo.com\/nb\/wp-json\/wp\/v2\/media?parent=321"}],"wp:term":[{"taxonomy":"product-tag","embeddable":true,"href":"https:\/\/www.ruiqigo.com\/nb\/wp-json\/wp\/v2\/product-tag?post=321"},{"taxonomy":"products","embeddable":true,"href":"https:\/\/www.ruiqigo.com\/nb\/wp-json\/wp\/v2\/products?post=321"}],"curies":[{"name":"wp","href":"https:\/\/api.w.org\/{rel}","templated":true}]}}