{"id":3243,"date":"2025-04-29T10:51:22","date_gmt":"2025-04-29T02:51:22","guid":{"rendered":"https:\/\/www.ruiqigo.com\/?post_type=product&#038;p=3243"},"modified":"2025-04-29T10:51:23","modified_gmt":"2025-04-29T02:51:23","slug":"stainless-steel-tongue-scraper","status":"publish","type":"product","link":"https:\/\/www.ruiqigo.com\/nb\/product\/stainless-steel-tongue-scraper","title":{"rendered":"Tungeskrape i rustfritt st\u00e5l"},"content":{"rendered":"<h2 class=\"wp-block-heading\">Funksjoner p\u00e5 tungeskrapen i rustfritt st\u00e5l<\/h2>\n\n\n\n<p>1. <strong>Materiale<\/strong>Tungeskrapen i rustfritt st\u00e5l er laget av rustfritt st\u00e5l av h\u00f8y kvalitet som er godkjent for n\u00e6ringsmidler (som 304 eller 316), som har utmerket korrosjonsbestandighet, rustbestandighet og god hygiene. <\/p>\n\n\n\n<p>2. <strong>Struktur:<\/strong> V\u00e5r tungeskrape i rustfritt st\u00e5l er vanligvis U-formet eller flat, bueformet, noe som passer perfekt til kurven p\u00e5 den menneskelige tungeoverflaten, og er mer omfattende n\u00e5r man skraper bakterier og tungebelegg, noe som sikrer rengj\u00f8ringseffekten.<\/p>\n\n\n\n<p>3. <strong>Kantbehandling:<\/strong> Kantene p\u00e5 tungeskrapen i rustfritt st\u00e5l er n\u00f8ye polert og er glatte og avrundede. De vil ikke ripe tungen eller innsiden av munnen under bruk, noe som sikrer sikkerheten. <\/p>\n\n\n\n<p>4. <strong>Langvarig og slitesterk:<\/strong> Rustfritt st\u00e5l er naturlig slitesterkt og kan brukes i lang tid uten at det g\u00e5r utover ytelsen. Derfor har det lang levetid og er ikke lett \u00e5 brekke eller eldes.<\/p>\n\n\n\n<p>5. <strong>Lett \u00e5 rengj\u00f8re: <\/strong>Overflaten p\u00e5 tungeskrapen i rustfritt st\u00e5l er glatt, kan steriliseres ved h\u00f8y temperatur og skylles direkte, noe som er veldig praktisk. <\/p>\n\n\n\n<p>6. <strong>Milj\u00f8vennlig og gjenbrukbar:<\/strong> Produkter i rustfritt st\u00e5l kan gjenbrukes, noe som er sv\u00e6rt milj\u00f8vennlig og i tr\u00e5d med konseptet om b\u00e6rekraftig utvikling. <\/p>\n\n\n\n<h2 class=\"wp-block-heading\">Fordeler med tungeskrape i rustfritt st\u00e5l<\/h2>\n\n\n\n<p>1. <strong>Forbedre munnhygienen:<\/strong> En tungeskrape i rustfritt st\u00e5l kan effektivt fjerne tungebelegg og bakterier i munnen, forbedre den generelle munnhelsen og hygienen, forbedre pusteproblemer og forhindre d\u00e5rlig \u00e5nde. Samtidig kan den ogs\u00e5 redusere forekomsten av tannkj\u00f8ttsykdom. <\/p>\n\n\n\n<p>2. <strong>God b\u00e6rbarhet: <\/strong>V\u00e5r tungeskrape i rustfritt st\u00e5l er b\u00e6rbar og kompakt, egnet for \u00e5 b\u00e6res med deg, og praktisk \u00e5 bruke n\u00e5r du er ute, enten du er p\u00e5 reise eller p\u00e5 forretningsreise. <\/p>\n\n\n\n<p>3. <strong>God holdbarhet:<\/strong> Rustfritt st\u00e5l er kjent for sin gode holdbarhet, korrosjonsbestandighet og kan opprettholde utmerket ytelse etter langvarig eller gjentatt bruk. <\/p>\n\n\n\n<p>4. <strong>Lett \u00e5 vedlikeholde:<\/strong> Tungeskrapen i rustfritt st\u00e5l trenger bare \u00e5 skylles eller steriliseres med kokende vann etter bruk. Ingen spesiell pleie er n\u00f8dvendig, noe som sparer mye energi og tid. <\/p>\n\n\n\n<h2 class=\"wp-block-heading\">M\u00e5lgruppe for tungeskrape i rustfritt st\u00e5l<\/h2>\n\n\n\n<p>1. <strong>Personer som er plaget av d\u00e5rlig \u00e5nde: <\/strong>Folk som har d\u00e5rlig \u00e5nde p\u00e5 grunn av tykt tungebelegg. <\/p>\n\n\n\n<p>2. <strong>R\u00f8ykere og drikkere: <\/strong>R\u00f8yking og drikking vil for\u00e5rsake langvarig feste til tungeoverflaten. <\/p>\n\n\n\n<p>3. <strong>Folk som elsker \u00e5 drikke kaffe og melkete:<\/strong> Kaffe og melkete vil etterlate pigmentavleiringer p\u00e5 tungeoverflaten, noe som p\u00e5virker hygienen til tungeoverflaten.<\/p>\n\n\n\n<p>4. <strong>Folk som er oppmerksomme p\u00e5 munnhygiene:<\/strong> De h\u00e5per \u00e5 opprettholde frisk pust og sunnhet i munnen og regelmessig forbedre hygienemilj\u00f8et inne i munnen.<\/p>\n\n\n\n<h2 class=\"wp-block-heading\">Bruksomr\u00e5der for tungeskrape i rustfritt st\u00e5l<\/h2>\n\n\n\n<p>1. <strong>Daglig hjemmepleie: <\/strong>Du kan bruke den etter at du har pusset tennene om morgenen eller f\u00f8r du legger deg om kvelden. Du kan ogs\u00e5 rengj\u00f8re den etter m\u00e5ltider om n\u00f8dvendig.<\/p>\n\n\n\n<p>2. <strong>Reise eller forretningsreise: <\/strong>Du kan ta den med deg p\u00e5 reise eller forretningsreise for \u00e5 sikre god munnhygiene n\u00e5r du er borte. <\/p>\n\n\n\n<p>3. <strong>Gavegivning: <\/strong>Den kan brukes som en gave til munnpleie til slektninger og venner. <\/p>\n\n\n\n<p>4. <strong>Profesjonelle institusjoner for munnpleie:<\/strong> Tannklinikker, munnpleiesentre osv. vil bruke tungeskraper i rustfritt st\u00e5l som hjelpeverkt\u00f8y. <\/p>\n\n\n\n<h2 class=\"wp-block-heading\">Slik bruker du tungeskrapen i rustfritt st\u00e5l<\/h2>\n\n\n\n<p>1. F\u00f8r bruk m\u00e5 du skylle tungeskrapen i rustfritt st\u00e5l med vann for \u00e5 sikre at det ikke er noe smuss. <\/p>\n\n\n\n<p>2. \u00c5pne munnen og strekk ut tungen, og pr\u00f8v \u00e5 strekke den flatt ut.<\/p>\n\n\n\n<p>3. Skrap forsiktig tungeskrapen i rustfritt st\u00e5l fra tungeroten til tungespissen, og v\u00e6r forsiktig s\u00e5 du ikke g\u00e5r for langt tilbake for \u00e5 unng\u00e5 oppkast.<\/p>\n\n\n\n<p>4. Gjenta skrapingen 2\u20133 ganger etter behov. Hvis du vil skrape renere, kan du skrape flere ganger, men v\u00e6r forsiktig s\u00e5 du ikke gj\u00f8r det for mange ganger, da dette kan skade tungen eller munnen. Skyll med rent vann etter hver skraping.<\/p>\n\n\n\n<p>5. Skyll tungeskrapen i rustfritt st\u00e5l med vann etter skraping. Den kan desinfiseres med varmt vann eller rengj\u00f8res med s\u00e5pevann. Legg den bort etter t\u00f8rking.<\/p>\n\n\n\n<p>6. <strong>Anbefaling<\/strong>Brukes sammen med munnskyll for \u00e5 forbedre munnhelsen p\u00e5 en helhetlig m\u00e5te. <\/p>","protected":false},"excerpt":{"rendered":"Stainless steel tongue scraper features 1. Material: Stainless steel tongue scraper is made of high-quality food-grade stainless steel (such as 304 or 316 grade), which has excellent corrosion resistance, rust resistance and good hygiene. 2. Structure: Our stainless steel tongue scraper is generally U-shaped or flat arc-shaped, which perfectly fits the curve of the human [&hellip;]","protected":false},"featured_media":3245,"menu_order":0,"template":"","meta":[],"product-tag":[],"products":[169],"class_list":["post-3243","product","type-product","status-publish","has-post-thumbnail","hentry","products-tongue-scraper"],"acf":[],"_links":{"self":[{"href":"https:\/\/www.ruiqigo.com\/nb\/wp-json\/wp\/v2\/product\/3243","targetHints":{"allow":["GET"]}}],"collection":[{"href":"https:\/\/www.ruiqigo.com\/nb\/wp-json\/wp\/v2\/product"}],"about":[{"href":"https:\/\/www.ruiqigo.com\/nb\/wp-json\/wp\/v2\/types\/product"}],"version-history":[{"count":0,"href":"https:\/\/www.ruiqigo.com\/nb\/wp-json\/wp\/v2\/product\/3243\/revisions"}],"wp:featuredmedia":[{"embeddable":true,"href":"https:\/\/www.ruiqigo.com\/nb\/wp-json\/wp\/v2\/media\/3245"}],"wp:attachment":[{"href":"https:\/\/www.ruiqigo.com\/nb\/wp-json\/wp\/v2\/media?parent=3243"}],"wp:term":[{"taxonomy":"product-tag","embeddable":true,"href":"https:\/\/www.ruiqigo.com\/nb\/wp-json\/wp\/v2\/product-tag?post=3243"},{"taxonomy":"products","embeddable":true,"href":"https:\/\/www.ruiqigo.com\/nb\/wp-json\/wp\/v2\/products?post=3243"}],"curies":[{"name":"wp","href":"https:\/\/api.w.org\/{rel}","templated":true}]}}