{"id":326,"date":"2024-07-05T20:16:31","date_gmt":"2024-07-05T12:16:31","guid":{"rendered":"https:\/\/ruiqigo.com\/?post_type=product&#038;p=326"},"modified":"2024-09-26T17:45:54","modified_gmt":"2024-09-26T09:45:54","slug":"bath-and-body-lotion","status":"publish","type":"product","link":"https:\/\/www.ruiqigo.com\/nb\/product\/bath-and-body-lotion","title":{"rendered":"Bade- og kroppslotion"},"content":{"rendered":"<h3 class=\"wp-block-heading\">Produksjon av bade- og kroppslotion Vanlige formler<\/h3>\n\n\n\n<p>Denne lotionen er laget med mange naturlige ingredienser av h\u00f8y kvalitet: Natriumhyaluronat har en utmerket fuktighetsgivende effekt og kan gi huden dyp fuktighet og n\u00e6ring; allantoin styrker hudbarrieren og forbedrer t\u00f8rrhet; aloe vera cura\u00e7ao-vann er rikt p\u00e5 vitaminer og mineraler, som er effektivt for \u00e5 bleke og mykgj\u00f8re huden. Disse ingrediensene er sk\u00e5nsomme og trygge, uten kjemiske tilsetningsstoffer, og kan gi deg en ren hudpleieopplevelse uten tilsetningsstoffer.<\/p>\n\n\n\n<h3 class=\"wp-block-heading\">Bade- og kroppslotion Gjeldende scenarier<\/h3>\n\n\n\n<p>Bade- og kroppslotioner passer for alle klimaer. I de t\u00f8rre vinterm\u00e5nedene fukter og gir den n\u00e6ring til huden, og lindrer t\u00f8rrhet og stramhet for\u00e5rsaket av kulde. I de varme sommerm\u00e5nedene absorberes den forfriskende og silkemyke teksturen raskt uten \u00e5 for\u00e5rsake en klissete f\u00f8lelse, noe som gir langvarig fuktighet til huden. Eller vi har mer <a href=\"https:\/\/www.ruiqigo.com\/nb\/products\/body-lotion\/\">kroppslotion<\/a> alternativer du kan velge mellom.<\/p>\n\n\n\n<h3 class=\"wp-block-heading\">Hvem passer bade- og kroppslotiondress for?<\/h3>\n\n\n\n<p>Bade- og kroppslotioner passer for alle i alle aldre. De forbedrer t\u00f8rrhet for\u00e5rsaket av h\u00f8y talgproduksjon, og hjelper med anti-aldring og aldersrelatert slapphet og ruhet i huden. De er spesielt egnet for personer med naturlig t\u00f8rr hud, og gir en langvarig fuktighetsgivende og revitaliserende hudpleieopplevelse. Hvis du har andre behov, kan du gjerne l\u00e6re mer om 3TOP. <a href=\"https:\/\/www.ruiqigo.com\/nb\/products\/body-care\/\">kroppspleie<\/a> produkter.<\/p>\n\n\n\n<h3 class=\"wp-block-heading\">Produksjonsprosess for bade- og kroppslotion<\/h3>\n\n\n\n<p>F\u00f8rst og fremst kontrollerer vi r\u00e5varekilden og produksjonsprosessene strengt for \u00e5 sikre at produktet er trygt og ufarlig. For det andre bruker vi en unik emulgeringsteknologi som gj\u00f8r emulsjonsteksturen glattere og mer delikat, med jevn absorpsjon. Videre er vi ekstra n\u00f8ye med utformingen av emballasjen og bruker ergonomisk design av flaskens kropp, slik at den er lett \u00e5 gripe med \u00e9n h\u00e5nd. Hvis du vil vite mer, kan du sjekke ut den relaterte informasjonen. <a href=\"https:\/\/www.ruiqigo.com\/nb\/body-lotion-manufacturer-elevating-skincare-standards.html\/\">kroppslotion<\/a> produksjonsinformasjon.<\/p>","protected":false},"excerpt":{"rendered":"Bath and body lotion manufacturing Common Formulas This lotion is made with many high quality natural ingredients: Sodium Hyaluronate has excellent moisturizing effect and can deeply hydrate and nourish the skin; Allantoin strengthens the skin barrier and improves dryness; Aloe Vera Cura\u00e7ao Water is rich in vitamins and minerals, which is effective in whitening and [&hellip;]","protected":false},"featured_media":327,"menu_order":0,"template":"","meta":[],"product-tag":[],"products":[56],"class_list":["post-326","product","type-product","status-publish","has-post-thumbnail","hentry","products-body-lotion"],"acf":[],"_links":{"self":[{"href":"https:\/\/www.ruiqigo.com\/nb\/wp-json\/wp\/v2\/product\/326","targetHints":{"allow":["GET"]}}],"collection":[{"href":"https:\/\/www.ruiqigo.com\/nb\/wp-json\/wp\/v2\/product"}],"about":[{"href":"https:\/\/www.ruiqigo.com\/nb\/wp-json\/wp\/v2\/types\/product"}],"version-history":[{"count":0,"href":"https:\/\/www.ruiqigo.com\/nb\/wp-json\/wp\/v2\/product\/326\/revisions"}],"wp:featuredmedia":[{"embeddable":true,"href":"https:\/\/www.ruiqigo.com\/nb\/wp-json\/wp\/v2\/media\/327"}],"wp:attachment":[{"href":"https:\/\/www.ruiqigo.com\/nb\/wp-json\/wp\/v2\/media?parent=326"}],"wp:term":[{"taxonomy":"product-tag","embeddable":true,"href":"https:\/\/www.ruiqigo.com\/nb\/wp-json\/wp\/v2\/product-tag?post=326"},{"taxonomy":"products","embeddable":true,"href":"https:\/\/www.ruiqigo.com\/nb\/wp-json\/wp\/v2\/products?post=326"}],"curies":[{"name":"wp","href":"https:\/\/api.w.org\/{rel}","templated":true}]}}