{"id":3276,"date":"2025-04-29T15:41:35","date_gmt":"2025-04-29T07:41:35","guid":{"rendered":"https:\/\/www.ruiqigo.com\/?post_type=product&#038;p=3276"},"modified":"2025-04-29T15:41:35","modified_gmt":"2025-04-29T07:41:35","slug":"kids-electric-toothbrush","status":"publish","type":"product","link":"https:\/\/www.ruiqigo.com\/nb\/product\/kids-electric-toothbrush","title":{"rendered":"Elektrisk tannb\u00f8rste for barn"},"content":{"rendered":"<h2 class=\"wp-block-heading\">Funksjoner p\u00e5 elektrisk tannb\u00f8rste for barn<\/h2>\n\n\n\n<p>1.<strong> B\u00f8rsteh\u00e5r og b\u00f8rstehoder: <\/strong>V\u00e5r elektriske tannb\u00f8rste for barn er spesialdesignet for barn, med et lite b\u00f8rstehode som er egnet for bruk av barn. Bustene er myke og fine, noe som effektivt kan pleie barns delikate tannkj\u00f8tt og forhindre skade.<\/p>\n\n\n\n<p>2. <strong>Milj\u00f8vennlig kropp: <\/strong>Huset til den elektriske tannb\u00f8rsten for barn er laget av matgodkjente, milj\u00f8vennlige materialer, og den er liten og lett, egnet for barnehender. H\u00e5ndtaket er ergonomisk, komfortabelt og sklisikkert \u00e5 holde.<\/p>\n\n\n\n<p>3. <strong>S\u00f8t form:<\/strong> Elektriske tannb\u00f8rster for barn er fargerike og varierte, ofte med tegneseriem\u00f8nstre, noe som kan \u00f8ke barns interesse for tannpuss og dyrke gode vaner for munnhygiene.<\/p>\n\n\n\n<p>4. <strong>Vanntett design:<\/strong> Kroppen er laget av IPX7-materiale, trygt for bruk i v\u00e5te omgivelser.<\/p>\n\n\n\n<p>5. <strong>Enkel \u00e5 lade: <\/strong>Elektrisk tannb\u00f8rste for barn kan lades p\u00e5 en rekke m\u00e5ter, for eksempel USB-lading, batterilading eller tr\u00e5dl\u00f8s lading, noe som er praktisk \u00e5 bruke.<\/p>\n\n\n\n<h2 class=\"wp-block-heading\">Fordeler med elektrisk tannb\u00f8rste for barn<\/h2>\n\n\n\n<p>1.<strong> Sterk rengj\u00f8ringskraft: <\/strong>V\u00e5r elektriske tannb\u00f8rste for barn er utstyrt med intelligent sonisk vibrasjonsteknologi og roterende rengj\u00f8ringsteknologi, som kan rengj\u00f8re mellomrommene mellom tennene grundig, enkelt fjerne plakk og rester, og rengj\u00f8ringseffekten er sv\u00e6rt grundig.<\/p>\n\n\n\n<p>2. <strong>Lang batterilevetid:<\/strong> Elektrisk tannb\u00f8rste for barn kan lades med USB-hurtiglading eller tr\u00e5dl\u00f8s induksjonslading. Det tar bare 2 timer \u00e5 lade og kan vare i mer enn 25 dager. Du trenger ikke lenger \u00e5 bekymre deg for at tannb\u00f8rsten g\u00e5r tom for str\u00f8m n\u00e5r du er ute.<\/p>\n\n\n\n<p>3. <strong>Beskytt tenner og tannkj\u00f8tt: <\/strong>Vibrasjonsintensiteten til v\u00e5r elektriske tannb\u00f8rste for barn er innstilt av fagfolk. Vibrasjonsintensiteten er moderat, sk\u00e5nsom og effektiv, og skader ikke det \u00f8mme tannkj\u00f8ttet. Den er veldig egnet for tidlig tannpleie hos barn. Samtidig stiller vi ogs\u00e5 inn flere girmoduser, for eksempel rengj\u00f8ringsmodus, sensitiv modus osv., for \u00e5 m\u00f8te behovene til barn i ulike aldre.<\/p>\n\n\n\n<p>4. <strong>B\u00f8rstehodet er utskiftbart: <\/strong>B\u00f8rstehodet p\u00e5 den elektriske tannb\u00f8rsten for barn kan byttes ut. N\u00e5r b\u00f8rsteh\u00e5renes rengj\u00f8ringskraft avtar, kan du bytte ut det med et nytt b\u00f8rstehode, som er sv\u00e6rt milj\u00f8vennlig og \u00f8konomisk, og praktisk for langvarig bruk.<\/p>\n\n\n\n<p>5. <strong>Interessant design:<\/strong> Huset til elektriske tannb\u00f8rster for barn er ofte designet med tegneserieelementer, noe som kan \u00f8ke barns initiativ og interesse for \u00e5 pusse tennene, redusere motstand og enkelt utvikle gode vaner.<\/p>\n\n\n\n<p>6. <strong>Liten og lett: <\/strong>Den elektriske tannb\u00f8rsten for barn er liten og lett, og kan holdes i \u00e9n h\u00e5nd. Barns h\u00e5ndmuskler er ikke fullt utviklet, s\u00e5 den lette tannb\u00f8rsten er egnet for barn over 3 \u00e5r til \u00e5 bruke den selvstendig.<\/p>\n\n\n\n<h2 class=\"wp-block-heading\">M\u00e5lgruppe for elektrisk tannb\u00f8rste for barn<\/h2>\n\n\n\n<ul class=\"wp-block-list\">\n<li>Barn fra 3 \u00e5r og oppover, spesielt de som er i perioden med melketenner og erstatningstenner, som trenger \u00e5 styrke munnpleien.<\/li>\n<\/ul>\n\n\n\n<ul class=\"wp-block-list\">\n<li>Barn som er motstandsdyktige mot tradisjonelle tannb\u00f8rster og ikke er s\u00e6rlig motiverte til \u00e5 pusse tennene.<\/li>\n<\/ul>\n\n\n\n<ul class=\"wp-block-list\">\n<li>Barn som bruker tannregulering under kjeveortopedisk behandling.<\/li>\n<\/ul>\n\n\n\n<ul class=\"wp-block-list\">\n<li>Familier som er oppmerksomme p\u00e5 barnas munnhelse.<\/li>\n<\/ul>\n\n\n\n<h2 class=\"wp-block-heading\">Bruksomr\u00e5der for elektrisk tannb\u00f8rste for barn<\/h2>\n\n\n\n<ul class=\"wp-block-list\">\n<li>Daglig munnhygiene for barn hjemme.<\/li>\n<\/ul>\n\n\n\n<ul class=\"wp-block-list\">\n<li>B\u00e6rbart tannb\u00f8rsteutstyr for barn for familiereiser.<\/li>\n<\/ul>\n\n\n\n<ul class=\"wp-block-list\">\n<li>Utstyr til munnhygieneundervisning for barnehager, barneskoler og andre institusjoner.<\/li>\n<\/ul>\n\n\n\n<h2 class=\"wp-block-heading\">Teknikk for produksjon av elektriske tannb\u00f8rster for barn<\/h2>\n\n\n\n<p>V\u00e5r elektriske tannb\u00f8rste for barn er laget av matsikre materialer, som PP-plast, myk TPE-gummi osv. Den bruker helautomatisk spr\u00f8ytest\u00f8ping og intelligent monteringsteknologi for \u00e5 sikre stabil vibrasjonsfrekvens og lav st\u00f8y. Den er strengt vanntett og bruker ultralydsveising eller en tetningsringstruktur for \u00e5 sikre generell vanntett ytelse. F\u00f8r vi forlater fabrikken, utf\u00f8rer vi flere kvalitetsinspeksjoner for den, for eksempel fallmotstandstest, vanntetthetstest osv., for \u00e5 sikre at den oppfyller internasjonale sikkerhetssertifiseringsstandarder. Elektrisk tannb\u00f8rste for barn st\u00f8tter OEM\/ODM-tilpasning, og b\u00f8rstem\u00f8nster, logo, emballasje osv. kan tilpasses. <\/p>\n\n\n\n<h2 class=\"wp-block-heading\">Slik bruker du den elektriske tannb\u00f8rsten for barn<\/h2>\n\n\n\n<p>1. Vennligst lad batteriene helt opp eller sett inn nye f\u00f8r f\u00f8rste gangs bruk.<\/p>\n\n\n\n<p>2. Fjern beskyttelsesdekselet p\u00e5 b\u00f8rstehodet og klem ut en passende mengde barnetannkrem p\u00e5 b\u00f8rsteh\u00e5rene.<\/p>\n\n\n\n<p>3. Sett b\u00f8rstehodet inn i munnen, ber\u00f8r tennenes overflate, og sl\u00e5 deretter p\u00e5 str\u00f8mmen.<\/p>\n\n\n\n<p>4. Beveg tannb\u00f8rsten forsiktig, puss overtennene, undertennene og okklusalflaten i rekkef\u00f8lge, puss i omtrent 2 minutter hver gang, og puss f\u00f8lelsen p\u00e5 forskjellige omr\u00e5der.<\/p>\n\n\n\n<p>5. Sl\u00e5 av str\u00f8mmen etter bruk, skyll b\u00f8rstehodet med rent vann, t\u00f8rk deretter b\u00f8rstehodet og plasser det p\u00e5 et ventilert og t\u00f8rt sted.<\/p>\n\n\n\n<p>6. Anbefaling: Skift b\u00f8rstehodet hver tredje m\u00e5ned for \u00e5 sikre hygiene og rengj\u00f8ringseffekt. <\/p>\n\n\n\n<h2 class=\"wp-block-heading\">Konklusjon<\/h2>\n\n\n\n<p>3TOPs elektriske tannb\u00f8rste for barn er trygg, smart og morsom. Den beskytter ikke bare barns munnhelse, men hjelper dem ogs\u00e5 med \u00e5 utvikle gode pussevaner. Vi st\u00f8tter ogs\u00e5 en rekke tilpassede l\u00f8sninger for \u00e5 m\u00f8te kundenes ulike behov. Hvis du har noen behov, er du velkommen til \u00e5 kontakte oss!<\/p>","protected":false},"excerpt":{"rendered":"Kids electric toothbrush features 1. Bristles and brush heads: Our kids electric toothbrush is specially designed for children, with a small brush head, suitable for children to use. The bristles are soft and fine, which can effectively care for children&#8217;s delicate gums and prevent damage. 2. Environmentally friendly body: The body of the kids electric [&hellip;]","protected":false},"featured_media":3277,"menu_order":0,"template":"","meta":[],"product-tag":[],"products":[167],"class_list":["post-3276","product","type-product","status-publish","has-post-thumbnail","hentry","products-toothbrush"],"acf":[],"_links":{"self":[{"href":"https:\/\/www.ruiqigo.com\/nb\/wp-json\/wp\/v2\/product\/3276","targetHints":{"allow":["GET"]}}],"collection":[{"href":"https:\/\/www.ruiqigo.com\/nb\/wp-json\/wp\/v2\/product"}],"about":[{"href":"https:\/\/www.ruiqigo.com\/nb\/wp-json\/wp\/v2\/types\/product"}],"version-history":[{"count":0,"href":"https:\/\/www.ruiqigo.com\/nb\/wp-json\/wp\/v2\/product\/3276\/revisions"}],"wp:featuredmedia":[{"embeddable":true,"href":"https:\/\/www.ruiqigo.com\/nb\/wp-json\/wp\/v2\/media\/3277"}],"wp:attachment":[{"href":"https:\/\/www.ruiqigo.com\/nb\/wp-json\/wp\/v2\/media?parent=3276"}],"wp:term":[{"taxonomy":"product-tag","embeddable":true,"href":"https:\/\/www.ruiqigo.com\/nb\/wp-json\/wp\/v2\/product-tag?post=3276"},{"taxonomy":"products","embeddable":true,"href":"https:\/\/www.ruiqigo.com\/nb\/wp-json\/wp\/v2\/products?post=3276"}],"curies":[{"name":"wp","href":"https:\/\/api.w.org\/{rel}","templated":true}]}}