{"id":331,"date":"2024-07-05T20:22:01","date_gmt":"2024-07-05T12:22:01","guid":{"rendered":"https:\/\/ruiqigo.com\/?post_type=product&#038;p=331"},"modified":"2024-09-26T17:44:36","modified_gmt":"2024-09-26T09:44:36","slug":"retinol-body-lotion","status":"publish","type":"product","link":"https:\/\/www.ruiqigo.com\/nb\/product\/retinol-body-lotion","title":{"rendered":"Retinol kroppslotion"},"content":{"rendered":"<h3 class=\"wp-block-heading\">Produksjon av retinol bodylotion Vanlige formler<\/h3>\n\n\n\n<p>Kjerneingrediensen i v\u00e5r retinol bodylotion er retinol, et fettl\u00f8selig vitamin med utmerkede antioksidant- og gjenopprettende egenskaper, som effektivt kan forbedre t\u00f8rr og ru hud. Samtidig fremmer det ogs\u00e5 kollagensyntesen, og forbedrer dermed hudteksturen og gir deg en mer delikat og smidig hud. I tillegg tilf\u00f8rer produktet ogs\u00e5 vitamin E, glyserin og andre naturlige, n\u00e6rende ingredienser, som kan gi huden dyp n\u00e6ring og gjenopprette fuktigheten i hudens tekstur, slik at den blir myk og glatt.<\/p>\n\n\n\n<h3 class=\"wp-block-heading\">Retinol bodylotion Gjeldende scenarier<\/h3>\n\n\n\n<p>V\u00e5re retinol bodylotioner passer for alle klimatiske forhold. I de kalde, t\u00f8rre vinterm\u00e5nedene fokuserer den p\u00e5 \u00e5 fylle p\u00e5 hudens fuktighet og n\u00e6ringsstoffer, og lindre ruhet og matt hud for\u00e5rsaket av det t\u00f8rre milj\u00f8et. I de varme, svette sommerm\u00e5nedene absorberes den raskt uten \u00e5 for\u00e5rsake en klissete f\u00f8lelse, og holder huden hydrert og fuktet. Eller vi har mer <a href=\"https:\/\/www.ruiqigo.com\/nb\/products\/body-lotion\/\">kroppslotion<\/a> alternativer du kan velge mellom.<\/p>\n\n\n\n<h3 class=\"wp-block-heading\">Hvem er Retinol bodylotion-dress for?<\/h3>\n\n\n\n<p>V\u00e5re retinol bodylotions passer for alle. For ungdom forbedrer den t\u00f8rrhet for\u00e5rsaket av talgproduksjon. For middelaldrende og eldre kan den reparere ruhet og t\u00f8rrhet i huden for\u00e5rsaket av tidens gang. Den er ogs\u00e5 egnet for de med t\u00f8rr hud, og gir en langvarig fuktighetsgivende og foryngende opplevelse. Hvis du har andre behov, kan du gjerne l\u00e6re mer om 3TOP. <a href=\"https:\/\/www.ruiqigo.com\/nb\/products\/body-care\/\">kroppspleie<\/a> produkter.<\/p>\n\n\n\n<h3 class=\"wp-block-heading\">Produksjonsprosess for retinol bodylotion<\/h3>\n\n\n\n<p>Det som gj\u00f8r retinol bodylotions s\u00e5 spesielle er utvalget av aktive ingredienser og den delikate prosessen. H\u00f8ykvalitets retinol, et vitamin A-derivat kjent for sine antialdringsegenskaper, brukes til \u00e5 redusere fine linjer og forbedre hudens elastisitet. Under produksjonsprosessen legges det spesiell vekt p\u00e5 \u00e5 opprettholde retinolens stabilitet og aktivitet, med sk\u00e5nsomme formuleringer og lavtemperaturutvinningsteknikker for \u00e5 unng\u00e5 nedbrytning av ingrediensen. I tillegg gjennomg\u00e5r produktet streng kvalitetskontroll for \u00e5 sikre at hver p\u00e5f\u00f8ring gir sk\u00e5nsom, men effektiv n\u00e6ring og reparasjon til huden. Hvis du vil vite mer, kan du sjekke ut den relaterte informasjonen. <a href=\"https:\/\/www.ruiqigo.com\/nb\/body-lotion-manufacturer-elevating-skincare-standards.html\/\">kroppslotion<\/a> produksjonsinformasjon.<\/p>","protected":false},"excerpt":{"rendered":"Retinol body lotion manufacturing Common Formulas The core ingredient of our retinol body lotion is retinol, a fat-soluble vitamin with excellent antioxidant and restorative properties, which can effectively improve dry and rough skin. At the same time, it also promotes collagen synthesis, thus improving skin texture and leaving you with a more delicate and supple [&hellip;]","protected":false},"featured_media":332,"menu_order":0,"template":"","meta":[],"product-tag":[],"products":[56],"class_list":["post-331","product","type-product","status-publish","has-post-thumbnail","hentry","products-body-lotion"],"acf":[],"_links":{"self":[{"href":"https:\/\/www.ruiqigo.com\/nb\/wp-json\/wp\/v2\/product\/331","targetHints":{"allow":["GET"]}}],"collection":[{"href":"https:\/\/www.ruiqigo.com\/nb\/wp-json\/wp\/v2\/product"}],"about":[{"href":"https:\/\/www.ruiqigo.com\/nb\/wp-json\/wp\/v2\/types\/product"}],"version-history":[{"count":0,"href":"https:\/\/www.ruiqigo.com\/nb\/wp-json\/wp\/v2\/product\/331\/revisions"}],"wp:featuredmedia":[{"embeddable":true,"href":"https:\/\/www.ruiqigo.com\/nb\/wp-json\/wp\/v2\/media\/332"}],"wp:attachment":[{"href":"https:\/\/www.ruiqigo.com\/nb\/wp-json\/wp\/v2\/media?parent=331"}],"wp:term":[{"taxonomy":"product-tag","embeddable":true,"href":"https:\/\/www.ruiqigo.com\/nb\/wp-json\/wp\/v2\/product-tag?post=331"},{"taxonomy":"products","embeddable":true,"href":"https:\/\/www.ruiqigo.com\/nb\/wp-json\/wp\/v2\/products?post=331"}],"curies":[{"name":"wp","href":"https:\/\/api.w.org\/{rel}","templated":true}]}}