{"id":3311,"date":"2025-05-08T10:24:36","date_gmt":"2025-05-08T02:24:36","guid":{"rendered":"https:\/\/www.ruiqigo.com\/?post_type=product&#038;p=3311"},"modified":"2025-05-08T10:24:36","modified_gmt":"2025-05-08T02:24:36","slug":"adult-toothbrush","status":"publish","type":"product","link":"https:\/\/www.ruiqigo.com\/nb\/product\/adult-toothbrush","title":{"rendered":"Tannb\u00f8rste for voksne"},"content":{"rendered":"<h2 class=\"wp-block-heading\">Funksjoner for tannb\u00f8rste for voksne<\/h2>\n\n\n\n<p>Voksentannb\u00f8rsten har mange praktiske design, som et ergonomisk h\u00e5ndtak, en rimelig b\u00f8rstehodest\u00f8rrelse, myke og medium b\u00f8rsteh\u00e5r, osv. Den kan dekke behovene til voksne for dyprengj\u00f8ring og komfort ved munnhygiene, og er egnet for ulike personer og rengj\u00f8ringsscenarier.<\/p>\n\n\n\n<p>1. <strong>Ergonomisk h\u00e5ndtak: <\/strong>Komfortabel \u00e5 holde, sklisikker design, fleksibel betjening, enkel \u00e5 rengj\u00f8re munnhulen, ergonomisk og god brukeropplevelse.<\/p>\n\n\n\n<p>2. <strong>Diversifisert b\u00f8rsteh\u00e5rdesign: <\/strong>Voksenb\u00f8rster tilbyr en rekke b\u00f8rsteh\u00e5rsalternativer, inkludert myke, medium og harde b\u00f8rsteh\u00e5r, som kan m\u00f8te brukernes personlige rengj\u00f8ringsbehov.<\/p>\n\n\n\n<p>3. <strong>Milj\u00f8vennlige og trygge materialer: <\/strong>V\u00e5re tannb\u00f8rster for voksne er laget av milj\u00f8vennlige og trygge materialer. Bustene er vanligvis laget av PBT, nylon og andre materialer. H\u00e5ndtaket er laget av PP, bambus eller maisstivelseskomposittmaterialer, noe som er i samsvar med konseptet om milj\u00f8vern.<\/p>\n\n\n\n<p>4. <strong>En rekke stiler er tilgjengelige: <\/strong>Vi tilbyr vanlige tannb\u00f8rster, milj\u00f8vennlige tannb\u00f8rster med bambush\u00e5ndtak, biologisk nedbrytbare tannb\u00f8rster, reiseemballasje og andre stiler for \u00e5 m\u00f8te de ulike bruksbehovene til forskjellige brukere.<\/p>\n\n\n\n<p>5. <strong>St\u00f8rrelsen p\u00e5 b\u00f8rstehodet er passende: <\/strong>St\u00f8rrelsen p\u00e5 b\u00f8rstehodet p\u00e5 voksentannb\u00f8rsten v\u00e5r tilpasser seg munnstrukturen til voksne, som enkelt kan rengj\u00f8re bakerste tennene og mellomrommene mellom tennene, noe som sikrer munnrensende effekt og hygiene og helse.<\/p>\n\n\n\n<h2 class=\"wp-block-heading\">Fordeler med tannb\u00f8rste for voksne<\/h2>\n\n\n\n<p>V\u00e5r voksentannb\u00f8rste har fordelene med \u00e5 beskytte tannkj\u00f8ttet, ha sterk rengj\u00f8ringskraft og v\u00e6re laget av milj\u00f8vennlige materialer. Den er egnet for langvarig bruk og boligkj\u00f8p, og den er ogs\u00e5 i samsvar med konseptet med gr\u00f8nt milj\u00f8vern og kan m\u00f8te brukernes behov for en gr\u00f8nn livsstil.<\/p>\n\n\n\n<p>1. <strong>Effektiv munnrengj\u00f8ring: <\/strong>V\u00e5r voksentannb\u00f8rste kan rengj\u00f8re plakk og matrester i dybden, effektivt redusere plakk og problemer med d\u00e5rlig \u00e5nde, og sikre munnhygiene.<\/p>\n\n\n\n<p>2. <strong>Myke og tette b\u00f8rster: <\/strong>Bustene p\u00e5 voksentannb\u00f8rsten er veldig myke og tette, noe som effektivt kan redusere stimuleringen av tannkj\u00f8ttet og ikke lett skader tannkj\u00f8ttet. Den er egnet for personer med sensitivt tannkj\u00f8tt.<\/p>\n\n\n\n<p>3. <strong>\u00d8konomisk og praktisk:<\/strong> Voksen tannb\u00f8rste er billig og av h\u00f8y kvalitet, med h\u00f8y kostnadsytelse, og er veldig egnet for langvarig bruk og familiekj\u00f8p.<\/p>\n\n\n\n<p>4. <strong>Oppretthold munnhelsen:<\/strong> Langvarig bruk av en tannb\u00f8rste for voksne kan redusere forekomsten av vanlige munnproblemer som tannr\u00e5te og tannkj\u00f8ttbetennelse, og opprettholde munnhelsen.<\/p>\n\n\n\n<h2 class=\"wp-block-heading\">M\u00e5lgruppe for voksen tannb\u00f8rste<\/h2>\n\n\n\n<p>V\u00e5r tannb\u00f8rste for voksne passer for et bredt spekter av voksne.<\/p>\n\n\n\n<p>1. <strong>Generell daglig munnhygiene for voksne: <\/strong>Du kan bruke tannb\u00f8rsten for voksne til daglig rengj\u00f8ring og pleie av munnen.<\/p>\n\n\n\n<p>2. <strong>Personer med sensitive tenner:<\/strong> V\u00e5r myke tannb\u00f8rste for voksne kan effektivt redusere ubehag i tannkj\u00f8ttet under tannpuss og sikre en munnrensende effekt for personer med sensitive tenner.<\/p>\n\n\n\n<p>3. <strong>Utend\u00f8rsreiser eller forretningsreiser: <\/strong>V\u00e5r voksentannb\u00f8rste har en reisepakke som er veldig b\u00e6rbar og kan tas med deg p\u00e5 reise eller forretningsreiser, og den tar ikke opp mye plass.<\/p>\n\n\n\n<h2 class=\"wp-block-heading\">Produksjonsprosess for voksen tannb\u00f8rste<\/h2>\n\n\n\n<p>V\u00e5re tannb\u00f8rster for voksne bruker hovedsakelig moderne prosesser som automatisk spr\u00f8ytest\u00f8ping, h\u00e5rplantingsteknologi, smelteh\u00e5rst\u00f8rkning, osv., for \u00e5 sikre at h\u00e5ndtaksformen er n\u00f8yaktig og standard, og at b\u00f8rsteh\u00e5rene er jevnt og passende implantert i b\u00f8rstehullene. Ved slutten av produksjonen vil vi ogs\u00e5 rengj\u00f8re produktene jevnt for \u00e5 sikre hygienen til tannb\u00f8rsten for voksne.<\/p>\n\n\n\n<p>Hvis du trenger tilpasning, kan logo, busttetthet og hardhet, farge og emballasje gi personlige l\u00f8sninger. <\/p>\n\n\n\n<h2 class=\"wp-block-heading\">Bruksomr\u00e5der for voksne tannb\u00f8rster<\/h2>\n\n\n\n<p>Tannb\u00f8rsten for voksne er egnet for f\u00f8lgende bruksomr\u00e5der og har et bredt spekter av markedstilpasningsmuligheter.<\/p>\n\n\n\n<p>1. <strong>Daglig munnpleie hjemme: <\/strong>Bruk en tannb\u00f8rste for voksne hver morgen og kveld for \u00e5 opprettholde god munnhygiene.<\/p>\n\n\n\n<p>2. <strong>Reise- og forretningsbruk: <\/strong>Vi har et b\u00e6rbart tannb\u00f8rstesett for voksne, som er et must p\u00e5 reiser.<\/p>\n\n\n\n<p>3. <strong>Hoteller, flyselskaper og andre st\u00f8ttefasiliteter: <\/strong>Engangs tannb\u00f8rste for voksne er mye brukt i overnattings- og reisescenarier som hoteller og flyselskaper for \u00e5 m\u00f8te brukernes behov for munnpleie.<\/p>\n\n\n\n<p>4. <strong>Reklame, markedsf\u00f8ring og gaveutdeling: <\/strong>Som et praktisk munnpleieprodukt er tannb\u00f8rsten for voksne et godt valg for markedsf\u00f8ring og gavegivning.<\/p>\n\n\n\n<h2 class=\"wp-block-heading\">Slik bruker du tannb\u00f8rsten for voksne<\/h2>\n\n\n\n<p>1. Fukt tannb\u00f8rsten med vann og klem en soyab\u00f8nnestor mengde tannkrem p\u00e5 den.<\/p>\n\n\n\n<p>2. Puss forsiktig i en 45\u00b0 vinkel n\u00e6r tannkj\u00f8ttkanten.<\/p>\n\n\n\n<p>3. Puss innsiden, utsiden og okklusalsiden av tennene i rekkef\u00f8lge, i minst to minutter hver gang.<\/p>\n\n\n\n<p>4. Skyll tannb\u00f8rsten etter at du har pusset tennene, og plasser den p\u00e5 et ventilert sted for \u00e5 t\u00f8rke med b\u00f8rstehodet opp.<\/p>\n\n\n\n<p>Det anbefales \u00e5 pusse tennene to ganger om dagen i minst to minutter hver gang, og bytte tannb\u00f8rste hver tredje m\u00e5ned for \u00e5 sikre rengj\u00f8ringseffekten. <\/p>","protected":false},"excerpt":{"rendered":"Adult toothbrush features The adult toothbrush has many practical designs, such as an ergonomic handle, a reasonable brush head size, soft and medium bristles, etc. It can meet the deep cleaning and comfort needs of adults in oral cleaning and is suitable for different people and cleaning scenarios. 1. Ergonomic handle: comfortable to hold, non-slip [&hellip;]","protected":false},"featured_media":3312,"menu_order":0,"template":"","meta":[],"product-tag":[],"products":[167],"class_list":["post-3311","product","type-product","status-publish","has-post-thumbnail","hentry","products-toothbrush"],"acf":[],"_links":{"self":[{"href":"https:\/\/www.ruiqigo.com\/nb\/wp-json\/wp\/v2\/product\/3311","targetHints":{"allow":["GET"]}}],"collection":[{"href":"https:\/\/www.ruiqigo.com\/nb\/wp-json\/wp\/v2\/product"}],"about":[{"href":"https:\/\/www.ruiqigo.com\/nb\/wp-json\/wp\/v2\/types\/product"}],"version-history":[{"count":0,"href":"https:\/\/www.ruiqigo.com\/nb\/wp-json\/wp\/v2\/product\/3311\/revisions"}],"wp:featuredmedia":[{"embeddable":true,"href":"https:\/\/www.ruiqigo.com\/nb\/wp-json\/wp\/v2\/media\/3312"}],"wp:attachment":[{"href":"https:\/\/www.ruiqigo.com\/nb\/wp-json\/wp\/v2\/media?parent=3311"}],"wp:term":[{"taxonomy":"product-tag","embeddable":true,"href":"https:\/\/www.ruiqigo.com\/nb\/wp-json\/wp\/v2\/product-tag?post=3311"},{"taxonomy":"products","embeddable":true,"href":"https:\/\/www.ruiqigo.com\/nb\/wp-json\/wp\/v2\/products?post=3311"}],"curies":[{"name":"wp","href":"https:\/\/api.w.org\/{rel}","templated":true}]}}