{"id":3317,"date":"2025-05-08T10:27:55","date_gmt":"2025-05-08T02:27:55","guid":{"rendered":"https:\/\/www.ruiqigo.com\/?post_type=product&#038;p=3317"},"modified":"2025-05-08T10:27:56","modified_gmt":"2025-05-08T02:27:56","slug":"kids-toothbrush","status":"publish","type":"product","link":"https:\/\/www.ruiqigo.com\/nb\/product\/kids-toothbrush","title":{"rendered":"Barnetannb\u00f8rste"},"content":{"rendered":"<h2 class=\"wp-block-heading\">Funksjoner for barnetannb\u00f8rste<\/h2>\n\n\n\n<p>Utformingen av barnetannb\u00f8rster tar fullt hensyn til barnets munnstruktur og bruksvaner. Den har vanligvis et lite b\u00f8rstehode, myke b\u00f8rsteh\u00e5r, et sklisikkert h\u00e5ndtak og et tegneserieaktig utseende, noe som er b\u00e5de praktisk og interessant.<\/p>\n\n\n\n<p>1. <strong>Lite b\u00f8rstehode: <\/strong>B\u00f8rstehodet p\u00e5 barnetannb\u00f8rsten er spesialdesignet for barns munnstruktur. B\u00f8rstehodet er mindre i st\u00f8rrelse, noe som er praktisk for dyp rengj\u00f8ring av hver melketann.<\/p>\n\n\n\n<p>2. <strong>Myke b\u00f8rster: <\/strong>For \u00e5 effektivt beskytte barns \u00f8mme tannkj\u00f8tt og forhindre bl\u00f8dning eller slitasje, bruker barnetannb\u00f8rsten v\u00e5r supermyke b\u00f8rsteh\u00e5r.<\/p>\n\n\n\n<p>3. <strong>Sklisikre h\u00e5ndtak: <\/strong>H\u00e5ndtaket er utformet i henhold til ergonomi, sitter tett i barnehender, er behagelig \u00e5 holde og sklir ikke lett.<\/p>\n\n\n\n<p>4. <strong>Tegneserieutseende: <\/strong>Barnetannb\u00f8rster har et tegneseriedesign, hovedsakelig dyre- og tegneseriem\u00f8nstre, noe som \u00f8ker moroa, forbedrer barns entusiasme for tannpuss, tiltrekker barn til \u00e5 ta initiativ til \u00e5 pusse tennene og utvikler gode vaner.<\/p>\n\n\n\n<p>5. <strong>Fargefull fargematching: <\/strong>Barnetannb\u00f8rster har vanligvis rike og sterke farger, som tiltrekker seg barns oppmerksomhet, stimulerer initiativet til \u00e5 pusse tennene og bidrar til \u00e5 etablere gode hygienevaner.<\/p>\n\n\n\n<h2 class=\"wp-block-heading\">Fordeler med tannb\u00f8rste for barn<\/h2>\n\n\n\n<p>Sammenlignet med tradisjonelle tannb\u00f8rster har bruk av barnetannb\u00f8rste betydelige fordeler for barns munnhygiene. Ikke bare er den tryggere i materiale og har mykere b\u00f8rsteh\u00e5r, men st\u00f8rrelsen og formen som er spesielt utviklet for barn, hjelper ogs\u00e5 barn med \u00e5 utvikle gode munnhygienevaner.<\/p>\n\n\n\n<p>1. <strong>Materialsikkerhet: <\/strong>Barnetannb\u00f8rsten bruker matgodkjent PP-, TPE- eller silikonmateriale, som er milj\u00f8vennlig, trygt, giftfritt og luktfritt, og oppfyller sikkerhetsstandardene for barneprodukter.<\/p>\n\n\n\n<p>2. <strong>Beskytt melketenner: <\/strong>Barnetannb\u00f8rsten er utviklet for barn, men har myke b\u00f8rsteh\u00e5r, og kan effektivt fjerne plakk, forhindre hull i tennene og tannkj\u00f8ttproblemer hos barn, og hjelpe barn med \u00e5 utvikle en sunn munnhelse.<\/p>\n\n\n\n<p>3. <strong>L\u00e6rerikt og underholdende: <\/strong>Det morsomme tegneseriedesignet og den fargerike fargematchingen kan \u00f8ke barns entusiasme for daglig tannpuss og utvikle gode vaner for munnhygiene.<\/p>\n\n\n\n<p>4.<strong> Bredt aldersspenn:<\/strong> Fra 1 til 12 \u00e5r kan barnetannb\u00f8rsten v\u00e5r dekke sv\u00e6rt mange forskjellige aldersgrupper.<\/p>\n\n\n\n<h2 class=\"wp-block-heading\">M\u00e5lgruppe for barnetannb\u00f8rster<\/h2>\n\n\n\n<p>Barnetannb\u00f8rsten er hovedsakelig egnet for spedbarn og sm\u00e5barn i alderen 1 til 12 \u00e5r. For babyer i alderen 1-3 \u00e5r som nettopp har f\u00e5tt tenner, kan du bruke en barnetannb\u00f8rste til \u00e5 massere tannkj\u00f8ttet forsiktig for \u00e5 hjelpe dem med \u00e5 venne seg til tannpuss. For f\u00f8rskolebarn i alderen 3-6 \u00e5r i melketenneperioden kan du bruke myke bust og sm\u00e5 b\u00f8rstehoder for sk\u00e5nsom og enkel munnrengj\u00f8ring. For barn over 6 \u00e5r i tannutskiftningsperioden kan en barnetannb\u00f8rste effektivt opprettholde munnhygiene og helse.<\/p>\n\n\n\n<p>I tillegg er barnetannb\u00f8rster en uunnv\u00e6rlig del av oppl\u00e6ring og pleie av munnhelse i barnehager, barnehager og andre steder.<\/p>\n\n\n\n<h2 class=\"wp-block-heading\">Produksjonsprosess for barnetannb\u00f8rste<\/h2>\n\n\n\n<p>Barnetannb\u00f8rsten kontrollerer strengt kvaliteten p\u00e5 hvert ledd i produksjonsprosessen, fra spr\u00f8ytest\u00f8ping til implantasjon av b\u00f8rsteh\u00e5r, til endelig polering og trykking av utseendet. Vi bruker h\u00f8ypresisjons prosessutstyr og milj\u00f8vennlige r\u00e5varer for \u00e5 sikre produktets sikkerhet og holdbarhet.&nbsp;<\/p>\n\n\n\n<p>Hver barnetannb\u00f8rste vil gjennomg\u00e5 strenge inspeksjoner f\u00f8r den forlater fabrikken, inkludert tester av b\u00f8rsteh\u00e5rsfasthet, deteksjon av fremmedlegemer og materialsikkerhetstester, osv., for \u00e5 sikre at produktet oppfyller internasjonale sikkerhetsstandarder for barneprodukter.<\/p>\n\n\n\n<h2 class=\"wp-block-heading\">Bruksomr\u00e5der for barnetannb\u00f8rster<\/h2>\n\n\n\n<p>Barnetannb\u00f8rsten har et bredt spekter av bruksomr\u00e5der. Den kan brukes som et daglig munnpleieprodukt for barn hjemme, og er ogs\u00e5 egnet for munnhelseoppl\u00e6ring i barnefokuserte milj\u00f8er som barnehager.<\/p>\n\n\n\n<p>Ved daglig bruk hjemme, bruk barnetannkrem til \u00e5 pusse tennene n\u00f8ye hver morgen og kveld for \u00e5 opprettholde munnhelsen. I tillegg er barnetannb\u00f8rsten lett og enkel \u00e5 oppbevare, og den er ogs\u00e5 egnet for barn \u00e5 ha med seg n\u00e5r de reiser. P\u00e5 steder som barnehager kan den brukes som et demonstrasjonsverkt\u00f8y for munnhelseoppl\u00e6ring for \u00e5 hjelpe barn med \u00e5 l\u00e6re \u00e5 pusse tennene bedre.<\/p>\n\n\n\n<h2 class=\"wp-block-heading\">Slik bruker du barnetannb\u00f8rsten<\/h2>\n\n\n\n<p>F\u00f8r du pusser tennene, velg en tannb\u00f8rste som passer til barnets alder. Legg barnetannb\u00f8rsten i bl\u00f8t i vann, klem ut en ertstor mengde barnetannkrem og p\u00e5f\u00f8r den p\u00e5 tannb\u00f8rsten. Start fra utsiden av tennene og puss utsiden, innsiden og okklusalsiden av tennene i rekkef\u00f8lge. Etter pussing, skyll tannb\u00f8rsten med rent vann og plasser den p\u00e5 et ventilert sted.<\/p>\n\n\n\n<p>Det anbefales \u00e5 pusse tennene \u00e9n gang om morgenen og kvelden hver dag, med barnetannkrem, og pusse i minst 2 minutter hver gang for \u00e5 f\u00e5 tennene helt rene. Skyll barnetannb\u00f8rsten i god tid etter tannpuss, og bytt tannb\u00f8rste hver 2.\u20133. m\u00e5ned.<\/p>","protected":false},"excerpt":{"rendered":"Kids toothbrush features The design of kids toothbrushes fully considers the oral structure and usage habits of children. It usually has a small brush head, soft bristles, a non-slip handle and a cartoon appearance, which is both practical and interesting. 1. Small brush head: The brush head of kids toothbrush is specially designed for children&#8217;s [&hellip;]","protected":false},"featured_media":3318,"menu_order":0,"template":"","meta":[],"product-tag":[],"products":[167],"class_list":["post-3317","product","type-product","status-publish","has-post-thumbnail","hentry","products-toothbrush"],"acf":[],"_links":{"self":[{"href":"https:\/\/www.ruiqigo.com\/nb\/wp-json\/wp\/v2\/product\/3317","targetHints":{"allow":["GET"]}}],"collection":[{"href":"https:\/\/www.ruiqigo.com\/nb\/wp-json\/wp\/v2\/product"}],"about":[{"href":"https:\/\/www.ruiqigo.com\/nb\/wp-json\/wp\/v2\/types\/product"}],"version-history":[{"count":0,"href":"https:\/\/www.ruiqigo.com\/nb\/wp-json\/wp\/v2\/product\/3317\/revisions"}],"wp:featuredmedia":[{"embeddable":true,"href":"https:\/\/www.ruiqigo.com\/nb\/wp-json\/wp\/v2\/media\/3318"}],"wp:attachment":[{"href":"https:\/\/www.ruiqigo.com\/nb\/wp-json\/wp\/v2\/media?parent=3317"}],"wp:term":[{"taxonomy":"product-tag","embeddable":true,"href":"https:\/\/www.ruiqigo.com\/nb\/wp-json\/wp\/v2\/product-tag?post=3317"},{"taxonomy":"products","embeddable":true,"href":"https:\/\/www.ruiqigo.com\/nb\/wp-json\/wp\/v2\/products?post=3317"}],"curies":[{"name":"wp","href":"https:\/\/api.w.org\/{rel}","templated":true}]}}