{"id":3330,"date":"2025-05-08T10:20:55","date_gmt":"2025-05-08T02:20:55","guid":{"rendered":"https:\/\/www.ruiqigo.com\/?post_type=product&#038;p=3330"},"modified":"2025-05-08T10:20:56","modified_gmt":"2025-05-08T02:20:56","slug":"adult-electric-toothbrush","status":"publish","type":"product","link":"https:\/\/www.ruiqigo.com\/nb\/product\/adult-electric-toothbrush","title":{"rendered":"Elektrisk tannb\u00f8rste for voksne"},"content":{"rendered":"<h2 class=\"wp-block-heading\">Funksjoner for elektrisk tannb\u00f8rste for voksne<\/h2>\n\n\n\n<p>Den elektriske tannb\u00f8rsten for voksne har mange praktiske funksjoner som h\u00f8yfrekvent vibrasjon, flere rengj\u00f8ringsmoduser og et vanntett design. Den forbedrer brukerkomforten samtidig som den opprettholder rengj\u00f8ringskraften og oppfyller de ulike brukernes behov.<\/p>\n\n\n\n<p>1. <strong>H\u00f8yfrekvent vibrasjon<\/strong>Den elektriske tannb\u00f8rsten for voksne bruker en vibrasjonsfrekvens p\u00e5 opptil 30 000 til 40 000 ganger per minutt, og bruker lydb\u00f8lger eller rotasjonsvibrasjonsteknologi for \u00e5 effektivt rengj\u00f8re plakk.<\/p>\n\n\n\n<p>2. <strong>Flere rengj\u00f8ringsmoduser: <\/strong>V\u00e5re elektriske tannb\u00f8rster for voksne har vanligvis flere tannrengj\u00f8ringsmoduser, inkludert rengj\u00f8ring, sensitiv tannbehandling, bleking, massasje osv., som kan justeres fleksibelt i henhold til brukerens n\u00e5v\u00e6rende tannbehov.<\/p>\n\n\n\n<p>3. <strong>Vanntett design:<\/strong> Elektriske tannb\u00f8rster har vanligvis en IPX7-vanntett design og kan vaskes helt.<\/p>\n\n\n\n<p>4. <strong>Lang batterilevetid: <\/strong>Elektriske tannb\u00f8rster for voksne bruker en USB-ladedesign, og kan brukes i 7\u201330 dager p\u00e5 \u00e9n lading, noe som er veldig praktisk n\u00e5r du reiser.<\/p>\n\n\n\n<p>5. <strong>Utskiftbart b\u00f8rstehode: <\/strong>Utstyrt med et avtakbart b\u00f8rstehode, kan det byttes ut veldig raskt n\u00e5r b\u00f8rstehodet er gammelt eller det skjer en ulykke, noe som sparer tid og kostnader.<\/p>\n\n\n\n<h2 class=\"wp-block-heading\">Fordeler med elektrisk tannb\u00f8rste for voksne<\/h2>\n\n\n\n<p>Sammenlignet med tradisjonelle tannb\u00f8rster for voksne har elektriske tannb\u00f8rster for voksne betydelige fordeler n\u00e5r det gjelder rengj\u00f8ringseffektivitet og brukeropplevelse, og er spesielt egnet for personer som er opptatt av munnhelse.<\/p>\n\n\n\n<p>1. <strong>H\u00f8yere rengj\u00f8ringseffektivitet: <\/strong>Sammenlignet med tradisjonelle manuelle tannb\u00f8rster kan elektriske tannb\u00f8rster for voksne trenge dypt inn i mellomrommene mellom tennene og kanten av tannkj\u00f8ttet, effektivt fjerne plakk og forbedre rengj\u00f8ringseffekten.<\/p>\n\n\n\n<p>2. <strong>Beskytt tannkj\u00f8ttet: <\/strong>En elektrisk tannb\u00f8rste for voksne kan redusere tannkj\u00f8ttskader som kan oppst\u00e5 under tannpuss, gjennom presis vibrasjonsfrekvens og myke b\u00f8rsteh\u00e5r.<\/p>\n\n\n\n<p>3. <strong>Reduser blindsonen n\u00e5r du pusser: <\/strong>Den intelligente vibrasjonsfrekvensen hjelper b\u00f8rstehodet med \u00e5 dekke hver tann helt under pussen, og unng\u00e5r utilstrekkelig lokal rengj\u00f8ring.<\/p>\n\n\n\n<p>4. <strong>Sterk brukeropplevelse: <\/strong>Utseendet til den voksne elektriske tannb\u00f8rsten er veldig moderne, og induksjonslading, modusbytte og andre design kan effektivt forbedre brukeropplevelsen.<\/p>\n\n\n\n<p>5. <strong>Passer for personer med munnproblemer: <\/strong>For personer med munnproblemer som sensitivt tannkj\u00f8tt og kjeveortopedi, kan bruk av elektrisk tannb\u00f8rste for voksne gi en bedre rengj\u00f8ringsopplevelse.<\/p>\n\n\n\n<h2 class=\"wp-block-heading\">M\u00e5lgruppe for voksne elektriske tannb\u00f8rster<\/h2>\n\n\n\n<p>En elektrisk tannb\u00f8rste for voksne er hovedsakelig egnet for voksne over 18 \u00e5r, spesielt de med sensitive tenner og de som bruker tannregulering. Samtidig er den ogs\u00e5 egnet for personer som er plaget av munnproblemer som d\u00e5rlig \u00e5nde, misfarging av tennene og plakk, personer som bruker tannregulering lenge eller nettopp har fullf\u00f8rt kjeveortopedisk behandling, og personer som har behov for effektiv rengj\u00f8ring av munnpleie.<\/p>\n\n\n\n<h2 class=\"wp-block-heading\">Produksjonsprosess for elektrisk tannb\u00f8rste for voksne<\/h2>\n\n\n\n<p>V\u00e5r elektriske tannb\u00f8rste for voksne produseres hovedsakelig gjennom flere prosesser som spr\u00f8ytest\u00f8ping, presisjonsmontering, vanntett forsegling osv. Tannb\u00f8rstekroppen er laget av h\u00f8ypresisjonsspr\u00f8ytest\u00f8ping av ABS eller n\u00e6ringsmiddelgodkjent plast, mens bustene er festet ved varmsmelting eller metallsettingsprosess, og det ytre skallet er forseglet og vanntett ved ultralydsveising eller spiralforsegling.<\/p>\n\n\n\n<p>Etter at produksjonen er fullf\u00f8rt, vil vi utf\u00f8re kontinuerlige vibrasjonstester, vanntetthetstester osv. p\u00e5 hver elektrisk tannb\u00f8rste for \u00e5 sikre produktets holdbarhet og sikkerhet.<\/p>\n\n\n\n<h2 class=\"wp-block-heading\">Bruksomr\u00e5der for elektrisk tannb\u00f8rste for voksne<\/h2>\n\n\n\n<p>Den elektriske tannb\u00f8rsten for voksne er b\u00e5de praktisk og vakker, og har et bredt spekter av bruksomr\u00e5der.<\/p>\n\n\n\n<p>1. <strong>Daglig munnpleie hjemme: <\/strong>Den elektriske tannb\u00f8rsten for voksne kan erstatte den manuelle tannb\u00f8rsten som det viktigste tannb\u00f8rsteverkt\u00f8yet for \u00e5 sikre munnhygiene.<\/p>\n\n\n\n<p>2. <strong>Et must for forretningsreiser: <\/strong>Den elektriske tannb\u00f8rsten for voksne er enkel \u00e5 b\u00e6re og har utmerket batterilevetid, noe som gj\u00f8r den egnet for reisende og forretningsfolk p\u00e5 forretningsreiser.<\/p>\n\n\n\n<p>3. <strong>Ortodontisk pasientbehandling: <\/strong>V\u00e5r elektriske tannb\u00f8rste for voksne kan hjelpe kjeveortopediske pasienter med \u00e5 rengj\u00f8re de d\u00f8de hj\u00f8rnene p\u00e5 brakettene, forhindre opphopning av plakk og opprettholde munnhygiene og helse.<\/p>\n\n\n\n<p>4. <strong>Gavegivning: <\/strong>Elektrisk tannb\u00f8rste for voksne er et godt gaveprodukt, egnet for h\u00f8ytidsgaver, bedriftsgaver og velferdsgaver osv.<\/p>\n\n\n\n<h2 class=\"wp-block-heading\">Slik bruker du den elektriske tannb\u00f8rsten for voksne<\/h2>\n\n\n\n<p>1. <strong>Monter b\u00f8rstehodet og p\u00e5f\u00f8r tannkrem:<\/strong> Sett b\u00f8rstehodet inn i h\u00e5ndtakets grensesnitt for \u00e5 sikre en fast forbindelse. Klem deretter en passende mengde tannkrem p\u00e5 b\u00f8rsteh\u00e5rene.<\/p>\n\n\n\n<p>2. <strong>Start bryteren:<\/strong> Velg en b\u00f8rstemodus som passer deg, for eksempel rengj\u00f8ring, sensitiv osv., og start tannb\u00f8rstebryteren.<\/p>\n\n\n\n<p>3. <strong>Partisjonert b\u00f8rsting: <\/strong>Rengj\u00f8r forskjellige omr\u00e5der av tennene i rekkef\u00f8lge, omtrent 30 sekunder for hvert omr\u00e5de, og puss tennene i minst 2 minutter totalt.<\/p>\n\n\n\n<p>4. <strong>Rengj\u00f8r tannb\u00f8rsten etter b\u00f8rsting: <\/strong>Etter at du har pusset tennene, skyll b\u00f8rstehodet og h\u00e5ndtaket med rent vann og legg dem p\u00e5 et ventilert sted for \u00e5 t\u00f8rke.<\/p>\n\n\n\n<p>Det anbefales \u00e5 bytte b\u00f8rstehode hver tredje m\u00e5ned for \u00e5 sikre rengj\u00f8ringseffekt og hygiene. Beveg forsiktig n\u00e5r du pusser tennene, og ikke trykk hardt.<\/p>","protected":false},"excerpt":{"rendered":"Adult electric toothbrush features The adult electric toothbrush has many practical features such as high-frequency vibration, multiple cleaning modes, and a waterproof design. It improves the comfort of use while maintaining the cleaning power and meets the oral needs of various users. 1. High-frequency vibration: The adult electric toothbrush uses a vibration frequency of up [&hellip;]","protected":false},"featured_media":3331,"menu_order":0,"template":"","meta":[],"product-tag":[],"products":[167],"class_list":["post-3330","product","type-product","status-publish","has-post-thumbnail","hentry","products-toothbrush"],"acf":[],"_links":{"self":[{"href":"https:\/\/www.ruiqigo.com\/nb\/wp-json\/wp\/v2\/product\/3330","targetHints":{"allow":["GET"]}}],"collection":[{"href":"https:\/\/www.ruiqigo.com\/nb\/wp-json\/wp\/v2\/product"}],"about":[{"href":"https:\/\/www.ruiqigo.com\/nb\/wp-json\/wp\/v2\/types\/product"}],"version-history":[{"count":0,"href":"https:\/\/www.ruiqigo.com\/nb\/wp-json\/wp\/v2\/product\/3330\/revisions"}],"wp:featuredmedia":[{"embeddable":true,"href":"https:\/\/www.ruiqigo.com\/nb\/wp-json\/wp\/v2\/media\/3331"}],"wp:attachment":[{"href":"https:\/\/www.ruiqigo.com\/nb\/wp-json\/wp\/v2\/media?parent=3330"}],"wp:term":[{"taxonomy":"product-tag","embeddable":true,"href":"https:\/\/www.ruiqigo.com\/nb\/wp-json\/wp\/v2\/product-tag?post=3330"},{"taxonomy":"products","embeddable":true,"href":"https:\/\/www.ruiqigo.com\/nb\/wp-json\/wp\/v2\/products?post=3330"}],"curies":[{"name":"wp","href":"https:\/\/api.w.org\/{rel}","templated":true}]}}