{"id":3350,"date":"2025-05-08T17:01:12","date_gmt":"2025-05-08T09:01:12","guid":{"rendered":"https:\/\/www.ruiqigo.com\/?post_type=product&#038;p=3350"},"modified":"2025-05-08T17:01:13","modified_gmt":"2025-05-08T09:01:13","slug":"portable-oral-irrigator","status":"publish","type":"product","link":"https:\/\/www.ruiqigo.com\/nb\/product\/portable-oral-irrigator","title":{"rendered":"B\u00e6rbar munnskyllemaskin"},"content":{"rendered":"<h2 class=\"wp-block-heading\">Funksjoner p\u00e5 b\u00e6rbare munnskyllere<\/h2>\n\n\n\n<p>Den b\u00e6rbare munnskylleren bruker h\u00f8yfrekvent pulserende vannstr\u00f8mningsteknologi, kombinert med ergonomisk design og multifunksjonelle dyser, for \u00e5 skape et personlig munnpleieverkt\u00f8y som integrerer effektiv skylling og rengj\u00f8ring med en komfortabel opplevelse.<\/p>\n\n\n\n<p>1. <strong>H\u00f8yfrekvent pulsvannstr\u00f8mningsteknologi: <\/strong>Den b\u00e6rbare munnskylleren bruker pulserende h\u00f8ytrykksvannss\u00f8yler for \u00e5 rengj\u00f8re mellomrommene mellom tennene og tannkj\u00f8ttsulci grundig, og fjerne matrester og plakk som er igjen i dem.<\/p>\n\n\n\n<p>2. <strong>Rengj\u00f8ringsmodus med flere hastigheter:<\/strong> Den b\u00e6rbare munnskyllemaskinen tilbyr rengj\u00f8rings- og skyllemoduser i flere hastigheter, fra standard og sk\u00e5nsom til puls, for \u00e5 m\u00f8te brukernes ulike rengj\u00f8ringsbehov.<\/p>\n\n\n\n<p>3. <strong>Kompakt og b\u00e6rbar: <\/strong>V\u00e5r b\u00e6rbare munnskylleapparat er kompakt og lett, og kan brettes sammen eller skilles fra vanntanken, som er sv\u00e6rt b\u00e6rbar og enkelt kan legges i en lomme eller ryggsekk p\u00e5 reise.<\/p>\n\n\n\n<p>4. <strong>Vanntank med stor kapasitet: <\/strong>Selv om den er sv\u00e6rt b\u00e6rbar, er vanntankkapasiteten ikke liten, omtrent 120 ml - 200 ml, noe som gir en fullstendig munnrengj\u00f8ring.<\/p>\n\n\n\n<p>5. <strong>Utskiftbar dyse: <\/strong>Den b\u00e6rbare munnskylleren leveres med flere dyser, for eksempel kjeveortopediske dyser, dyser for tannkj\u00f8ttpleie osv., for \u00e5 sikre at den er egnet for de ulike pleiebehovene til forskjellige brukere.<\/p>\n\n\n\n<h2 class=\"wp-block-heading\">Fordeler med b\u00e6rbare munnskyllere<\/h2>\n\n\n\n<p>Sammenlignet med tradisjonell tanntr\u00e5d har b\u00e6rbare munnskyllere en dypere og mer sk\u00e5nsom rengj\u00f8ringseffekt, spesielt egnet for personer med store mellomrom mellom tennene og de som bruker tannregulering. Den kan redusere bl\u00f8dning i tannkj\u00f8ttet, plakkopphopning og forhindre periodontal sykdom betydelig.<\/p>\n\n\n\n<p>1. <strong>Reduser blinde flekker i munnhygiene: <\/strong>Bruk av en b\u00e6rbar munnskyller kan trenge inn i vanskelige omr\u00e5der som mellomrom mellom tennene og tannkj\u00f8ttsulci, redusere blindsoner ved rengj\u00f8ring og sikre munnhygiene.<\/p>\n\n\n\n<p>2. <strong>Beskytt tannkj\u00f8tthelsen: <\/strong>Vannstr\u00f8mmen fra en b\u00e6rbar munnskyller kan massere tannkj\u00f8ttet, fremme blodsirkulasjonen, redusere bl\u00f8dning fra tannkj\u00f8ttet og beskytte tannkj\u00f8tthelsen.<\/p>\n\n\n\n<p>3. <strong>Enkel betjening og effektiv rengj\u00f8ring: <\/strong>Den b\u00e6rbare munnskylleren er sv\u00e6rt enkel \u00e5 bruke, og kan enkelt startes og betjenes med \u00e9n knapp. Samtidig kan en omfattende munnrengj\u00f8ring utf\u00f8res raskt og p\u00e5 kort tid.<\/p>\n\n\n\n<p>4. <strong>Energisparing og milj\u00f8vern: <\/strong>Den er oppladbar, og batterilevetiden er lang etter \u00e9n lading, og den kan redusere batteriforurensning og f\u00f8lge konseptet om milj\u00f8vern.<\/p>\n\n\n\n<p>5. <strong>Lett \u00e5 b\u00e6re: <\/strong>Den b\u00e6rbare munnskylleren er liten i st\u00f8rrelse og lett i vekt, noe som gj\u00f8r den til en god partner for forretningsreiser og reiser.<\/p>\n\n\n\n<h2 class=\"wp-block-heading\">M\u00e5lgruppe for b\u00e6rbar munnskylleapparat<\/h2>\n\n\n\n<p>En b\u00e6rbar munnskyller passer for alle typer mennesker som bryr seg om munnhelse, spesielt de som har spesifikke behov for munnpleie, som for eksempel kjeveortopedbrukere, personer med sensitivt tannkj\u00f8tt og eldre.&nbsp;<\/p>\n\n\n\n<p>Barn kan ogs\u00e5 bruke den under veiledning av foreldrene sine for \u00e5 utvikle gode munnhygienevaner fra tidlig alder. I henhold til ulike rengj\u00f8ringsbehov kan brukerne velge forskjellige moduser for \u00e5 oppn\u00e5 best mulig rengj\u00f8ringseffekt.<\/p>\n\n\n\n<h2 class=\"wp-block-heading\">Produksjonsprosess for b\u00e6rbar oral irrigator<\/h2>\n\n\n\n<p>Den b\u00e6rbare munnskyllemaskinen er laget av ABS-plast av n\u00e6ringsmiddelkvalitet og vanntett tetningsmateriale i silikon, bearbeidet med spr\u00f8ytest\u00f8ping og andre prosesser, med en kompakt struktur og holdbarhet. Den overholder internasjonale CE-, RoHS- og andre standarder for \u00e5 sikre produktets sikkerhet, standard og stabilitet.&nbsp;<\/p>\n\n\n\n<p>F\u00f8r den forlater fabrikken, gjennomg\u00e5r den flere inspeksjoner, inkludert batterilevetid, trykktesting, vanntankforsegling og omfattende kvalitetskontroll for \u00e5 sikre produktkvaliteten.<\/p>\n\n\n\n<h2 class=\"wp-block-heading\">B\u00e6rbare orale irrigatorapplikasjoner<\/h2>\n\n\n\n<p>Det b\u00e6rbare designet og den lange batterilevetiden til den b\u00e6rbare munnskylleren gj\u00f8r den ikke bare egnet for daglig bruk hjemme for \u00e5 rengj\u00f8re tannrester, men ogs\u00e5 mye brukt i ulike situasjoner som forretningsreiser, lunsjpauser p\u00e5 kontoret osv. Den lille og uts\u00f8kte kroppen kan enkelt oppbevares i en toalettmappe, og du kan bruke den til \u00e5 sikre munnhygiene og helse n\u00e5r du er ute og farter, og redusere forekomsten av munnproblemer.<\/p>\n\n\n\n<h2 class=\"wp-block-heading\">Slik bruker du den b\u00e6rbare munnskylleren<\/h2>\n\n\n\n<p>Den b\u00e6rbare munnskylleren er enkel \u00e5 betjene og kan brukes raskt selv for f\u00f8rste gang. Produktet st\u00f8tter funksjoner som intelligent avstengning og minneutstyr, noe som forbedrer brukervennligheten og brukeropplevelsen betraktelig.<\/p>\n\n\n\n<p>1. <strong>Installer dysen: <\/strong>Sett riktig dyse inn i dysen p\u00e5 den b\u00e6rbare munnskylleapparaten og fest den godt.<\/p>\n\n\n\n<p>2. <strong>Tilsett vann i vanntanken: <\/strong>\u00c5pne vanninntaket p\u00e5 vanntanken og hell en passende mengde rent vann eller munnskyll i vanntanken.<\/p>\n\n\n\n<p>3. <strong>Velg modus:<\/strong> Sl\u00e5 p\u00e5 str\u00f8mmen og velg riktig gir i henhold til personlige behov.<\/p>\n\n\n\n<p>4. <strong>Begynn \u00e5 skylle: <\/strong>Rett dysen mot mellomrommet mellom tennene og beveg den forsiktig mellom tannkj\u00f8ttet og tennene for \u00e5 sikre at rengj\u00f8ringen og skyllingen er p\u00e5 plass.<\/p>\n\n\n\n<p>5. <strong>Rengj\u00f8r etter skylling: <\/strong>Etter at du har skylt munnen, t\u00f8m vanntanken, rengj\u00f8r hovedenheten og plasser den p\u00e5 et ventilert og t\u00f8rt sted.<\/p>\n\n\n\n<p>Det anbefales \u00e5 velge \u00absk\u00e5nsom\u00bb-modus n\u00e5r du bruker den for f\u00f8rste gang for \u00e5 unng\u00e5 ubehag.<\/p>","protected":false},"excerpt":{"rendered":"Portable oral irrigator features The portable oral irrigator uses high-frequency pulse water flow technology, combined with ergonomic design and multi-functional nozzles, to create a personal oral care tool that integrates efficient rinsing and cleaning with a comfortable experience. 1. High-frequency pulse water flow technology: The portable oral irrigator uses pulsed high-pressure water columns to deeply [&hellip;]","protected":false},"featured_media":3351,"menu_order":0,"template":"","meta":[],"product-tag":[],"products":[168],"class_list":["post-3350","product","type-product","status-publish","has-post-thumbnail","hentry","products-oral-irrigator"],"acf":[],"_links":{"self":[{"href":"https:\/\/www.ruiqigo.com\/nb\/wp-json\/wp\/v2\/product\/3350","targetHints":{"allow":["GET"]}}],"collection":[{"href":"https:\/\/www.ruiqigo.com\/nb\/wp-json\/wp\/v2\/product"}],"about":[{"href":"https:\/\/www.ruiqigo.com\/nb\/wp-json\/wp\/v2\/types\/product"}],"version-history":[{"count":0,"href":"https:\/\/www.ruiqigo.com\/nb\/wp-json\/wp\/v2\/product\/3350\/revisions"}],"wp:featuredmedia":[{"embeddable":true,"href":"https:\/\/www.ruiqigo.com\/nb\/wp-json\/wp\/v2\/media\/3351"}],"wp:attachment":[{"href":"https:\/\/www.ruiqigo.com\/nb\/wp-json\/wp\/v2\/media?parent=3350"}],"wp:term":[{"taxonomy":"product-tag","embeddable":true,"href":"https:\/\/www.ruiqigo.com\/nb\/wp-json\/wp\/v2\/product-tag?post=3350"},{"taxonomy":"products","embeddable":true,"href":"https:\/\/www.ruiqigo.com\/nb\/wp-json\/wp\/v2\/products?post=3350"}],"curies":[{"name":"wp","href":"https:\/\/api.w.org\/{rel}","templated":true}]}}