{"id":3359,"date":"2025-05-15T14:12:54","date_gmt":"2025-05-15T06:12:54","guid":{"rendered":"https:\/\/www.ruiqigo.com\/?post_type=product&#038;p=3359"},"modified":"2025-05-15T14:12:54","modified_gmt":"2025-05-15T06:12:54","slug":"moisturizing-face-cream","status":"publish","type":"product","link":"https:\/\/www.ruiqigo.com\/nb\/product\/moisturizing-face-cream","title":{"rendered":"Fuktighetsgivende ansiktskrem"},"content":{"rendered":"<h2 class=\"wp-block-heading\">Vanlige formler for produksjon av fuktighetsgivende ansiktskrem<\/h2>\n\n\n\n<p>Som en profesjonell produsent av fuktighetsgivende ansiktskremer velger vi en rekke sv\u00e6rt effektive og sk\u00e5nsomme fuktighetsgivende og reparerende ingredienser, som ceramid og hyaluronsyre, for \u00e5 hjelpe huden med \u00e5 hydrere i dybden, reparere barrieren og forbedre den generelle hudkvaliteten.<\/p>\n\n\n\n<p>1. <strong>Ceramid:<\/strong> Ceramid kan bidra til \u00e5 redusere vanntap, effektivt reparere hudbarrieren og forbedre hudens evne til \u00e5 motst\u00e5 ytre stimuli. Det er egnet for t\u00f8rr eller sensitiv hud.<\/p>\n\n\n\n<p>2. <strong>Hyaluronsyre: <\/strong>Hyaluronsyre er en naturlig fuktighetsgivende faktor som kan absorbere tusenvis av ganger sin egen vekt med vann, binde fuktighet dypt og danne en fuktighetsgivende film p\u00e5 hudoverflaten, slik at huden forblir hydrert og fyldig hele dagen.<\/p>\n\n\n\n<p>3. <strong>Squalan:<\/strong> Squalane er ogs\u00e5 en naturlig fuktighetsgivende faktor med god hudkompatibilitet. Den absorberes raskt, gir langvarig fuktighet til huden samtidig som den forbedrer glattheten, og den vil ikke v\u00e6re fet eller for\u00e5rsake kviser.<\/p>\n\n\n\n<p>4. <strong>Glyserin:<\/strong> Glyserin er en naturlig hydrofil fuktighetskrem som kan absorbere fuktighet fra luften og lede den til de dype lagene i huden for \u00e5 opprettholde hudens fuktighet og elastisitet.<\/p>\n\n\n\n<p>5. <strong>Centella asiatica-ekstrakt: <\/strong>Den har gode lindrende og reparerende effekter, kan lindre ubehag i huden, fremme kollagenproduksjon og forbedre hudens selvhelbredende evne.<\/p>\n\n\n\n<h2 class=\"wp-block-heading\">Funksjonene til fuktighetsgivende ansiktskrem<\/h2>\n\n\n\n<p>3TOPs fuktighetsgivende ansiktskrem er ikke bare mild og har naturlige ingredienser, men har ogs\u00e5 flere funksjoner og utmerket tilpasningsevne. Den kan tilpasses ulike aldre, hudtyper og bruksscenarier. Det er et hudpleieprodukt som er b\u00e5de trygt og funksjonelt.<\/p>\n\n\n\n<p>1. <strong>Langvarig fuktighetsgivende: <\/strong>Som en fuktighetsgivende ansiktskrem bruker fuktighetsgivende ansiktskrem flere vannl\u00e5semekanismer for \u00e5 opprettholde hudens fuktighet i mer enn 12 timer, og l\u00f8ser problemet med t\u00f8rr og flassende hud. Den er spesielt egnet for kalde, t\u00f8rre eller sesongmessige hudperioder.<\/p>\n\n\n\n<p>2. <strong>Reparer hudbarrieren: <\/strong>Fuktighetsgivende ansiktskrem er rik p\u00e5 reparerende ingredienser som ceramid og Centella asiatica, som kan hjelpe skadet hud med \u00e5 gjenopprette seg, stabilisere hudbarrieren og forbedre hudens generelle toleranse og antiirritasjonsevne.<\/p>\n\n\n\n<p>3. <strong>Rask absorpsjon og ikke-fet: <\/strong>Fuktighetsgivende ansiktskrem har en fuktig kremkonsistens, er lett og ikke-klebrig, og unng\u00e5r kraftig tilstopping av porene. Den er sv\u00e6rt godt egnet for daglig fuktighetsgivende bruk og har en god effekt p\u00e5 blandet hud.<\/p>\n\n\n\n<p>4.<strong> Passer for sensitiv hud: <\/strong>V\u00e5r fuktighetsgivende ansiktskrem har milde ingredienser og inneholder ikke alkohol, pigmenter eller irritanter. Den har lav risiko for allergier og r\u00f8dhet. Den kan trygt brukes p\u00e5 sensitiv hud for \u00e5 beskytte hudens helse.<\/p>\n\n\n\n<h2 class=\"wp-block-heading\">Slik bruker du fuktighetsgivende ansiktskrem<\/h2>\n\n\n\n<p>Fuktighetsgivende ansiktskrem anbefales som det siste trinnet i den daglige hudpleierutinen for \u00e5 binde n\u00e6ringsstoffene fra hudpleieproduktene som ble brukt i de foreg\u00e5ende trinnene og gi huden langvarig fuktighet.<\/p>\n\n\n\n<p>1. <strong>Rengj\u00f8r ansiktet: <\/strong>Bruk renseprodukter for \u00e5 fjerne smuss, olje og sminke fra ansiktet grundig.<\/p>\n\n\n\n<p>2. <strong>Bruk lotion\/toner: <\/strong>Plei stratum corneum og hjelp de p\u00e5f\u00f8lgende hudpleieproduktene med \u00e5 absorberes.<\/p>\n\n\n\n<p>3. <strong>Ta ut en passende mengde krem og p\u00e5f\u00f8r den i ansiktet: <\/strong>Bruk ringfingeren eller fingertuppene til \u00e5 ta ut en mengde krem p\u00e5 st\u00f8rrelse med en soyab\u00f8nne.<\/p>\n\n\n\n<p>4. <strong>P\u00e5f\u00f8r jevnt og klapp forsiktig for \u00e5 absorbere:<\/strong> P\u00e5f\u00f8r p\u00e5 pannen, kinnene, nesen og haken i ansiktet, fordel deretter forsiktig i sirkel og masser jevnt. Du kan bruke massasje eller forsiktig klapping for \u00e5 hjelpe til med absorpsjonen.<\/p>\n\n\n\n<h2 class=\"wp-block-heading\"><strong>Forsiktighet<\/strong><\/h2>\n\n\n\n<p>1. <strong>Vennligst ta en hudtest for f\u00f8rste gang:<\/strong> Gj\u00f8r en liten test bak \u00f8ret eller inni h\u00e5ndleddet, og bruk den formelt etter 24 timer uten unormaliteter for \u00e5 unng\u00e5 allergier.<\/p>\n\n\n\n<p>2. <strong>Unng\u00e5 bruk med sv\u00e6rt irriterende produkter: <\/strong>Unng\u00e5 \u00e5 bruke produkter med h\u00f8y konsentrasjon av syre eller retinol for \u00e5 unng\u00e5 ubehag i huden.<\/p>\n\n\n\n<p>3. <strong>Brukes opp s\u00e5 snart som mulig etter \u00e5pning: <\/strong>Det anbefales \u00e5 bruke fuktighetsgivende ansiktskrem innen 6\u201312 m\u00e5neder etter \u00e5pning for \u00e5 unng\u00e5 oksidasjon og ineffektivitet av de aktive ingrediensene.<\/p>\n\n\n\n<p>4. <strong>Oppbevares kj\u00f8lig og t\u00f8rt: <\/strong>Oppbevaringsmilj\u00f8et b\u00f8r unng\u00e5 direkte sollys eller h\u00f8y temperatur og fuktighet for \u00e5 opprettholde produktets aktivitet og stabilitet.<\/p>\n\n\n\n<p>5. <strong>Slutt \u00e5 bruke umiddelbart hvis du f\u00f8ler ubehag: <\/strong>Hvis du opplever prikking, r\u00f8dhet eller annet ubehag under bruk, m\u00e5 du slutte \u00e5 bruke det umiddelbart og kontakte lege i tide.<\/p>\n\n\n\n<h2 class=\"wp-block-heading\">Konklusjon<\/h2>\n\n\n\n<p>Fuktighetsgivende ansiktskrem er en hudpleiekrem som kombinerer h\u00f8yeffektiv fuktighetsgivende og sk\u00e5nsom reparasjon. Den passer for en rekke scenarier, som personlig daglig hudpleie og profesjonelle institusjoner. 3TOP velger naturlige og trygge ingredienser for \u00e5 gi brukerne en langvarig fuktighetsgivende og n\u00e6rende hudopplevelse. V\u00e5r fuktighetsgivende ansiktskrem passer for et bredt spekter av mennesker og kan m\u00f8te brukernes behov for hudpleie med flere effekter.<\/p>","protected":false},"excerpt":{"rendered":"Moisturizing Face Cream Manufacturing Common Formulas As a professional moisturizing face cream manufacturer, we select a variety of highly effective and gentle moisturizing and repairing ingredients, such as ceramide and hyaluronic acid, to help the skin deeply hydrate, repair the barrier, and improve the overall skin quality. 1. Ceramide: Ceramide can help reduce water loss, [&hellip;]","protected":false},"featured_media":3360,"menu_order":0,"template":"","meta":[],"product-tag":[],"products":[161],"class_list":["post-3359","product","type-product","status-publish","has-post-thumbnail","hentry","products-face-cream"],"acf":[],"_links":{"self":[{"href":"https:\/\/www.ruiqigo.com\/nb\/wp-json\/wp\/v2\/product\/3359","targetHints":{"allow":["GET"]}}],"collection":[{"href":"https:\/\/www.ruiqigo.com\/nb\/wp-json\/wp\/v2\/product"}],"about":[{"href":"https:\/\/www.ruiqigo.com\/nb\/wp-json\/wp\/v2\/types\/product"}],"version-history":[{"count":0,"href":"https:\/\/www.ruiqigo.com\/nb\/wp-json\/wp\/v2\/product\/3359\/revisions"}],"wp:featuredmedia":[{"embeddable":true,"href":"https:\/\/www.ruiqigo.com\/nb\/wp-json\/wp\/v2\/media\/3360"}],"wp:attachment":[{"href":"https:\/\/www.ruiqigo.com\/nb\/wp-json\/wp\/v2\/media?parent=3359"}],"wp:term":[{"taxonomy":"product-tag","embeddable":true,"href":"https:\/\/www.ruiqigo.com\/nb\/wp-json\/wp\/v2\/product-tag?post=3359"},{"taxonomy":"products","embeddable":true,"href":"https:\/\/www.ruiqigo.com\/nb\/wp-json\/wp\/v2\/products?post=3359"}],"curies":[{"name":"wp","href":"https:\/\/api.w.org\/{rel}","templated":true}]}}