{"id":336,"date":"2024-07-05T20:30:17","date_gmt":"2024-07-05T12:30:17","guid":{"rendered":"https:\/\/ruiqigo.com\/?post_type=product&#038;p=336"},"modified":"2024-09-26T17:43:34","modified_gmt":"2024-09-26T09:43:34","slug":"body-lotion-with-spf","status":"publish","type":"product","link":"https:\/\/www.ruiqigo.com\/nb\/product\/body-lotion-with-spf","title":{"rendered":"Kroppslotion med solfaktor"},"content":{"rendered":"<h3 class=\"wp-block-heading\">Bodylotion med solfaktor fra produksjonen Vanlige formler<\/h3>\n\n\n\n<p>Kjerneingrediensene i solkremen i denne solkremen med solfaktor 1 er sinkoksid og titandioksid, som er anerkjent som sv\u00e6rt effektive fysiske solkremer som gir bredspektret beskyttelse mot UVA\/UVB-str\u00e5ler, og skaper en p\u00e5litelig barriere for huden din. I tillegg inneholder produktet vitamin E, en kraftig antioksidant som n\u00f8ytraliserer frie radikaler og beskytter huden mot lysskader. Samtidig inneholder formelen ogs\u00e5 glyserin, vegetabilske oljer og andre n\u00e6rende ingredienser som gir huden dyp n\u00e6ring, forbedrer t\u00f8rrhet og holder huden fuktet og glatt.<\/p>\n\n\n\n<h3 class=\"wp-block-heading\">Kroppslotion med solfaktor Gjeldende scenarier<\/h3>\n\n\n\n<p>Denne solkremen med solfaktor (SPF) er et pleieprodukt for all slags v\u00e6r, men passer best til bruk i de varme, solfylte sommerm\u00e5nedene, da den gir huden effektiv beskyttelse mot solen, blokkerer UVA\/UVB-str\u00e5ler og forhindrer solbrenthet og hyperpigmentering. Eller vi har mer <a href=\"https:\/\/www.ruiqigo.com\/nb\/products\/body-lotion\/\">kroppslotion<\/a> alternativer du kan velge mellom.<\/p>\n\n\n\n<h3 class=\"wp-block-heading\">Hvem er bodylotion med solfaktor egnet for?<\/h3>\n\n\n\n<p>Denne solkremen med solfaktor passer for alle, og gir effektiv beskyttelse for hud som er utsatt for soling og forebygger hyperpigmentering. De rike, n\u00e6rende ingrediensene forbedrer t\u00f8rrheten som f\u00f8lger med alderen. Denne fuktighetskremen for kroppen er ideell for de som liker utend\u00f8rsaktiviteter, og gir omfattende aftersun-pleie til huden til enhver tid. Hvis du har andre behov, kan du gjerne l\u00e6re mer om 3TOP. <a href=\"https:\/\/www.ruiqigo.com\/nb\/products\/body-care\/\">kroppspleie <\/a>produkter.<\/p>\n\n\n\n<h3 class=\"wp-block-heading\">Bodylotion med solfaktor Produksjonsprosess<\/h3>\n\n\n\n<p>Bodylotion med solfaktor er produsert med spesielt fokus p\u00e5 \u00e5 kombinere sv\u00e6rt effektive solkremer med fuktighetsgivende ingredienser. Bredspektret solkremteknologi sikrer full UVA- og UVB-beskyttelse, mens antioksidanter og fuktighetsgivende ingredienser som vitamin E og naturlige planteoljer tilsettes for \u00e5 styrke hudens barriere. Stabiliteten og spredningen av solkremer kontrolleres strengt under produksjonsprosessen, og hudkompatibilitetstester best\u00e5s for \u00e5 sikre at produktet er trygt og ikke-irriterende. I tillegg er den lette teksturen utviklet for \u00e5 gi rask absorpsjon og langvarig fuktighet for \u00e5 m\u00f8te de doble behovene for daglig solbeskyttelse og hudpleie. Hvis du vil vite mer, kan du sjekke ut den relaterte informasjonen. <a href=\"https:\/\/www.ruiqigo.com\/nb\/body-lotion-manufacturer-elevating-skincare-standards.html\/\">kroppslotion<\/a> produksjonsinformasjon.<\/p>","protected":false},"excerpt":{"rendered":"Body lotion with spf manufacturing Common Formulas The core sunscreen ingredients in this spf body lotion are Zinc Oxide and Titanium Dioxide, which are recognized as highly effective physical sunscreens that provide broad-spectrum protection against UVA\/UVB rays, creating a reliable barrier for your skin. In addition, the product contains Vitamin E, a powerful antioxidant that [&hellip;]","protected":false},"featured_media":337,"menu_order":0,"template":"","meta":[],"product-tag":[],"products":[56],"class_list":["post-336","product","type-product","status-publish","has-post-thumbnail","hentry","products-body-lotion"],"acf":[],"_links":{"self":[{"href":"https:\/\/www.ruiqigo.com\/nb\/wp-json\/wp\/v2\/product\/336","targetHints":{"allow":["GET"]}}],"collection":[{"href":"https:\/\/www.ruiqigo.com\/nb\/wp-json\/wp\/v2\/product"}],"about":[{"href":"https:\/\/www.ruiqigo.com\/nb\/wp-json\/wp\/v2\/types\/product"}],"version-history":[{"count":0,"href":"https:\/\/www.ruiqigo.com\/nb\/wp-json\/wp\/v2\/product\/336\/revisions"}],"wp:featuredmedia":[{"embeddable":true,"href":"https:\/\/www.ruiqigo.com\/nb\/wp-json\/wp\/v2\/media\/337"}],"wp:attachment":[{"href":"https:\/\/www.ruiqigo.com\/nb\/wp-json\/wp\/v2\/media?parent=336"}],"wp:term":[{"taxonomy":"product-tag","embeddable":true,"href":"https:\/\/www.ruiqigo.com\/nb\/wp-json\/wp\/v2\/product-tag?post=336"},{"taxonomy":"products","embeddable":true,"href":"https:\/\/www.ruiqigo.com\/nb\/wp-json\/wp\/v2\/products?post=336"}],"curies":[{"name":"wp","href":"https:\/\/api.w.org\/{rel}","templated":true}]}}