{"id":3386,"date":"2025-05-15T14:17:15","date_gmt":"2025-05-15T06:17:15","guid":{"rendered":"https:\/\/www.ruiqigo.com\/?post_type=product&#038;p=3386"},"modified":"2025-05-15T14:17:15","modified_gmt":"2025-05-15T06:17:15","slug":"dark-circle-eye-cream","status":"publish","type":"product","link":"https:\/\/www.ruiqigo.com\/nb\/product\/dark-circle-eye-cream","title":{"rendered":"\u00d8yekrem med m\u00f8rke ringer"},"content":{"rendered":"<h2 class=\"wp-block-heading\">Produksjon av vanlige formler for \u00f8yekrem for m\u00f8rke ringer<\/h2>\n\n\n\n<p>3TOP er en profesjonell produsent av \u00f8yekremer som gj\u00f8r m\u00f8rke ringer under \u00f8ynene vanskelige. Vi insisterer p\u00e5 \u00e5 bruke trygge og milde, sv\u00e6rt aktive ingredienser som er spesielt utviklet for \u00e5 redusere m\u00f8rke ringer, lysne hudtonen og forbedre poser under \u00f8ynene. Kremen reparerer huden rundt \u00f8ynene ved \u00f8yeproblemer som pigmentering og d\u00e5rlig blodsirkulasjon, og forbedrer lysstyrke og fasthet.<\/p>\n\n\n\n<p>1. <strong>Niacinamid: <\/strong>Som den aktive formen av vitamin B3 kan niacinamid hemme melanintransport, lysne opp pigmenterte m\u00f8rke ringer og styrke hudbarrieren. Langvarig bruk kan lysne opp huden rundt \u00f8ynene og forbedre den generelle hudteksturen.<\/p>\n\n\n\n<p>2. <strong>Koffein:<\/strong> Koffein kan fremme blodsirkulasjonen rundt \u00f8ynene og redusere \u00f8dem, noe som effektivt kan forbedre m\u00f8rke ringer under \u00f8ynene. Det kan ogs\u00e5 forbedre cellemetabolismen, bidra til \u00e5 lysne opp matt hud og f\u00e5 \u00f8ynene til \u00e5 se mer energiske ut.<\/p>\n\n\n\n<p>3. <strong>Vitamin C-derivater: <\/strong>C-vitaminderivater kan forsiktig lysne opp huden rundt \u00f8ynene, fremme kollagensyntese samtidig som de motst\u00e5r oksidasjon, forbedre matthet og tretthet, og forbedre hudens glans.<\/p>\n\n\n\n<p>4. <strong>Tetrapeptider:<\/strong> Tetrapeptider kan stimulere kollagensyntesen, forbedre elastisiteten i \u00f8yehuden og redusere rynker og hengende \u00f8yne for\u00e5rsaket av aldring. Det kan ogs\u00e5 bidra til \u00e5 bremse hudbetennelse, noe som gj\u00f8r huden rundt \u00f8ynene fastere og yngre.<\/p>\n\n\n\n<h2 class=\"wp-block-heading\">Funksjonene til \u00f8yekrem mot m\u00f8rke ringer<\/h2>\n\n\n\n<p>1. <strong>Langvarig fuktighetsgivende og vannl\u00e5sende: <\/strong>Dark Circle Eye Cream inneholder hyaluronsyre og flere fuktighetsgivende ingredienser, som kan fukte huden rundt \u00f8ynene i lang tid, forhindre dannelse av t\u00f8rre linjer og holde \u00f8ynene fuktige og fyldige.<\/p>\n\n\n\n<p>2. <strong>Rask absorpsjon:<\/strong> Dark Circle Eye Cream har en lett kremtekstur som absorberes lett og raskt kan trenge inn i huden rundt \u00f8ynene. Den er ikke fet og passer for bruk p\u00e5 dagtid eller f\u00f8r sminke, uten \u00e5 p\u00e5virke sminken.<\/p>\n\n\n\n<p>3. <strong>Mild og ikke-irriterende: <\/strong>V\u00e5r \u00f8yekremformel for m\u00f8rke ringer inneholder verken duft eller alkohol, og ingrediensene er milde, s\u00e5 den kan brukes av personer med sensitiv hud og gravide. Produktet er testet for \u00f8yehudsikkerhet for \u00e5 sikre at det ikke for\u00e5rsaker irritasjon eller ubehag ved daglig bruk.<\/p>\n\n\n\n<p>4. <strong>Flere funksjoner: <\/strong>I tillegg til sine mange funksjoner, som oppstrammende, beroligende og antioksiderende, kan \u00f8yekrem mot m\u00f8rke ringer ogs\u00e5 l\u00f8se mange \u00f8yeproblemer, som \u00e5 redusere m\u00f8rke ringer og fine linjer. Ett produkt, flere funksjoner, forbedrer den generelle hudpleieeffektiviteten.<\/p>\n\n\n\n<h2 class=\"wp-block-heading\">Slik bruker du \u00f8yekrem med m\u00f8rke ringer<\/h2>\n\n\n\n<p>Riktig bruk av \u00f8yekrem mot m\u00f8rke ringer kan forbedre absorpsjonseffektiviteten betydelig og redusere effekten av m\u00f8rke ringer.<\/p>\n\n\n\n<p>1. Etter rens, bruk toner for \u00e5 pleie huden og holde den fuktet.<\/p>\n\n\n\n<p>2. Ta ut en passende mengde \u00f8yekrem og p\u00e5f\u00f8r den under \u00f8ynene, p\u00e5 tuppen av \u00f8ynene og p\u00e5 \u00f8yenbrynsbenet.<\/p>\n\n\n\n<p>3. Klapp forsiktig med ringfingeren til den er absorbert, og unng\u00e5 \u00e5 dra i huden, da dette vil f\u00e5 huden til \u00e5 slappe av. Hvis den brukes med en \u00f8yemassasje, vil effekten bli bedre.<\/p>\n\n\n\n<p><strong>Anbefaling:<\/strong> Bruk \u00e9n gang morgen og kveld hver dag, med sk\u00e5nsomme massasjeteknikker, slik at ingrediensene bedre kan trenge inn i det nederste hudlaget og aktivere mikrosirkulasjonen i \u00f8ynene.<\/p>\n\n\n\n<h2 class=\"wp-block-heading\">Forsiktighet<\/h2>\n\n\n\n<p>1. <strong>\u00d8yemassasje b\u00f8r v\u00e6re moderat: <\/strong>Massasje b\u00f8r v\u00e6re sk\u00e5nsom, unng\u00e5 hard trekking, for ikke \u00e5 irritere det skj\u00f8re \u00f8yeomr\u00e5det og for\u00e5rsake bivirkninger.<\/p>\n\n\n\n<p>2. <strong>Unng\u00e5 direkte kontakt med \u00f8yeeplet: <\/strong>N\u00e5r du bruker \u00f8yekrem, unng\u00e5 omr\u00e5det rundt \u00f8yeeplet og vipperoten. Hvis det kommer i kontakt med \u00f8ynene, skyll straks med rent vann.<\/p>\n\n\n\n<p>3. <strong>Utf\u00f8r en f\u00f8lsomhetstest ved f\u00f8rste gangs bruk: <\/strong>Det anbefales \u00e5 pr\u00f8ve det bak \u00f8rene eller rundt \u00f8ynene i 24 timer, og deretter bruke det normalt etter \u00e5 ha bekreftet at det ikke er noen irritasjon.<\/p>\n\n\n\n<p>4. <strong>Bruk med solkrem: <\/strong>Etter bruk av dette produktet anbefales det \u00e5 bruke solkrem for \u00e5 forhindre at ultrafiolette str\u00e5ler forverrer pigmentavsetninger og forbedre effekten av \u00e5 falme m\u00f8rke ringer.<\/p>\n\n\n\n<h2 class=\"wp-block-heading\">Konklusjon<\/h2>\n\n\n\n<p>Dark Circle Eye Cream er et sv\u00e6rt effektivt hudpleieprodukt spesielt utviklet for \u00f8yeproblemer. Den kombinerer flere aktive ingredienser for \u00e5 fokusere p\u00e5 \u00e5 redusere m\u00f8rke ringer, stramme opp huden under \u00f8ynene og forbedre poser under \u00f8ynene. Den har en mild tekstur og absorberes raskt, er egnet for personer med alle hudtyper, og finner en god balanse mellom effekt og hudf\u00f8lelse. 3TOP st\u00f8tter produkttilpasning for \u00e5 hjelpe kunder med \u00e5 skape differensiert konkurranseevne og m\u00f8te de presise behovene til ulike markeder.<\/p>","protected":false},"excerpt":{"rendered":"Dark Circle Eye Cream Manufacturing Common Formulas 3TOP is a professional dark circle eye cream manufacturer. We insist on using safe and mild, highly active ingredients, which are specially designed to reduce dark circles, brighten skin tone, and improve eye bags. It repairs the skin around the eyes for eye problems such as pigmentation and [&hellip;]","protected":false},"featured_media":3387,"menu_order":0,"template":"","meta":[],"product-tag":[],"products":[162],"class_list":["post-3386","product","type-product","status-publish","has-post-thumbnail","hentry","products-eye-cream"],"acf":[],"_links":{"self":[{"href":"https:\/\/www.ruiqigo.com\/nb\/wp-json\/wp\/v2\/product\/3386","targetHints":{"allow":["GET"]}}],"collection":[{"href":"https:\/\/www.ruiqigo.com\/nb\/wp-json\/wp\/v2\/product"}],"about":[{"href":"https:\/\/www.ruiqigo.com\/nb\/wp-json\/wp\/v2\/types\/product"}],"version-history":[{"count":0,"href":"https:\/\/www.ruiqigo.com\/nb\/wp-json\/wp\/v2\/product\/3386\/revisions"}],"wp:featuredmedia":[{"embeddable":true,"href":"https:\/\/www.ruiqigo.com\/nb\/wp-json\/wp\/v2\/media\/3387"}],"wp:attachment":[{"href":"https:\/\/www.ruiqigo.com\/nb\/wp-json\/wp\/v2\/media?parent=3386"}],"wp:term":[{"taxonomy":"product-tag","embeddable":true,"href":"https:\/\/www.ruiqigo.com\/nb\/wp-json\/wp\/v2\/product-tag?post=3386"},{"taxonomy":"products","embeddable":true,"href":"https:\/\/www.ruiqigo.com\/nb\/wp-json\/wp\/v2\/products?post=3386"}],"curies":[{"name":"wp","href":"https:\/\/api.w.org\/{rel}","templated":true}]}}