{"id":3392,"date":"2025-05-15T14:18:35","date_gmt":"2025-05-15T06:18:35","guid":{"rendered":"https:\/\/www.ruiqigo.com\/?post_type=product&#038;p=3392"},"modified":"2025-05-15T14:18:36","modified_gmt":"2025-05-15T06:18:36","slug":"collagen-eye-mask","status":"publish","type":"product","link":"https:\/\/www.ruiqigo.com\/nb\/product\/collagen-eye-mask","title":{"rendered":"Kollagen \u00f8yemaske"},"content":{"rendered":"<h2 class=\"wp-block-heading\">Vanlige formler for produksjon av kollagen\u00f8yemasker<\/h2>\n\n\n\n<p>Som en profesjonell produsent av kollagen-\u00f8yemasker velger vi aktive ingredienser som hydrolysert kollagen med h\u00f8y renhet, natriumhyaluronat og vitamin C-derivater for \u00e5 stramme opp huden rundt \u00f8ynene, dempe m\u00f8rke ringer, glatte ut fine linjer og gi langvarige fuktighetsgivende og beroligende effekter p\u00e5 \u00f8ynene.<\/p>\n\n\n\n<p>1.<strong> Hydrolysert kollagen:<\/strong> Hydrolysert kollagen fremmer regenerering av hudens elastin, forbedrer fastheten i \u00f8yeomr\u00e5det, reduserer fine linjer og slapphet rundt \u00f8ynene, og gj\u00f8r huden rundt \u00f8ynene yngre og fyldigere.<\/p>\n\n\n\n<p>2. <strong>Natriumhyaluronat: <\/strong>Natriumhyaluronat er en sv\u00e6rt effektiv fuktighetsgivende ingrediens som raskt kan hydrere \u00f8yeomr\u00e5det, lindre t\u00f8rrhet rundt \u00f8ynene, reparere hudbarrieren og forbedre produktets komfort under bruk og den langsiktige fuktighetsgivende og vannl\u00e5sende effekten.<\/p>\n\n\n\n<p>3. <strong>Vitamin C-derivater: <\/strong>Vitamin C-derivater er milde og stabile hvitningsfaktorer som effektivt kan hemme produksjonen av melanin, lysne opp hudtonen i \u00f8ynene og forbedre pigmenteringslignende m\u00f8rke ringer.<\/p>\n\n\n\n<p>4. <strong>Koffein: <\/strong>Koffein kan akselerere blodsirkulasjonen rundt \u00f8ynene, bidra til \u00e5 lindre poser under \u00f8ynene og m\u00f8rke ringer under \u00f8ynene, og gj\u00f8re huden rundt \u00f8ynene mer frisk.<\/p>\n\n\n\n<p>5. <strong>Trollhasselekstrakt:<\/strong> Den har en lindrende og sammentrekkende effekt, kan bidra til \u00e5 roe ned huden rundt \u00f8ynene, redusere r\u00f8dhet og hevelse, og er egnet for personer med sensitiv hud.<\/p>\n\n\n\n<h2 class=\"wp-block-heading\">Funksjonene til kollagen \u00f8yemaske<\/h2>\n\n\n\n<p>1. <strong>Kald kompress og lindrende dobbel effekt i ett:<\/strong> Kollagen \u00f8yemaske er laget av hydrogelmateriale, som ikke bare er sv\u00e6rt passformet og lett \u00e5 b\u00e6re, men som ogs\u00e5 kontinuerlig kan kj\u00f8les ned og lindre \u00f8yetretthet under bruk, og oppn\u00e5r den doble effekten av kald kompress og beroligende effekt.<\/p>\n\n\n\n<p>2. <strong>Rask reparasjon, rask effekt: <\/strong>Kollagen \u00f8yemaske trer i kraft veldig raskt etter bruk. Det tar bare 15 minutter \u00e5 f\u00f8le at fuktighetsgraden rundt \u00f8ynene er betydelig forbedret. Den er et ideelt valg for fuktighetsperioder, for eksempel etter \u00e5 ha v\u00e6rt oppe sent og f\u00f8r sminke.<\/p>\n\n\n\n<p>3. <strong>H\u00f8y penetrasjons- og absorpsjonseffektivitet: <\/strong>Kollagen-\u00f8yemasken v\u00e5r er myk og har h\u00f8y heftevne. Den glir ikke lett av n\u00e5r den p\u00e5f\u00f8res huden rundt \u00f8ynene. N\u00e5r den brukes med sk\u00e5nsom massasje, kan den fremme absorpsjonen av essensielle ingredienser og \u00f8ke penetrasjonshastigheten.<\/p>\n\n\n\n<p>4. <strong>\u00c9n patch med flere effekter:<\/strong> Kollagenmasken for \u00f8ynene retter seg ikke bare mot m\u00f8rke ringer, men lindrer samtidig problemer som fine linjer og poser under \u00f8ynene, noe som forbedrer den generelle ungdommeligheten i \u00f8yeomr\u00e5det.<\/p>\n\n\n\n<h2 class=\"wp-block-heading\">Slik bruker du kollagen \u00f8yemaske<\/h2>\n\n\n\n<p>Kollagen \u00f8yemaske er enkel \u00e5 bruke og effektiv, noe som gj\u00f8r den perfekt for daglig hudpleie og pleie f\u00f8r sminke. Vi anbefaler \u00e5 bruke den etter rens for \u00e5 maksimere den fuktighetsgivende og oppstrammende effekten av \u00f8yemasken.<\/p>\n\n\n\n<p>1. <strong>Rengj\u00f8r \u00f8yeomr\u00e5det: <\/strong>Bruk en mild rensemiddel for \u00e5 rense ansiktet grundig og s\u00f8rg for at det ikke er olje eller sminkerester rundt \u00f8ynene.<\/p>\n\n\n\n<p>2. <strong>Fjern \u00f8yemasken: <\/strong>Etter at du har revet opp pakken, fjern \u00f8yemasken forsiktig for \u00e5 unng\u00e5 \u00e5 dra hardt i den og deformere den.<\/p>\n\n\n\n<p>3. <strong>P\u00e5f\u00f8r p\u00e5 \u00f8ynene:<\/strong> P\u00e5f\u00f8r \u00f8yemasken forsiktig p\u00e5 omr\u00e5det med poser under \u00f8ynene og juster den slik at den passer.<\/p>\n\n\n\n<p>4. <strong>Vent i 10\u201320 minutter: <\/strong>Vent til \u00f8yehuden har absorbert essensen i \u00f8yemasken.<\/p>\n\n\n\n<p>5. <strong>Fjern og masser:<\/strong> Fjern \u00f8yemasken fra \u00f8ynene og klapp \u00f8yeomr\u00e5det med ringfingeren for \u00e5 absorbere den gjenv\u00e6rende essensen.<\/p>\n\n\n\n<h2 class=\"wp-block-heading\">Forsiktighet<\/h2>\n\n\n\n<p>1. <strong>Unng\u00e5 direkte kontakt med \u00f8ynene:<\/strong> Unng\u00e5 \u00f8yelokkene og vipper\u00f8ttene ved bruk for \u00e5 hindre at essensen kommer i \u00f8ynene. Hvis den kommer i \u00f8ynene ved et uhell, skyll straks med rent vann.<\/p>\n\n\n\n<p>2. <strong>Ikke bruk sammen med sterke \u00f8yeessenser:<\/strong> For \u00e5 unng\u00e5 overlappende irritasjon eller p\u00e5virkning av absorpsjonen, b\u00f8r du unng\u00e5 \u00e5 bruke dette produktet sammen med sv\u00e6rt aktive produkter som fruktsyre og retinol.<\/p>\n\n\n\n<p>3. <strong>Vennligst gj\u00f8r en lokal test f\u00f8r f\u00f8rste gangs bruk: <\/strong>Selv om formelen til kollagen-\u00f8yemasken er mild, anbefaler vi likevel \u00e5 teste den bak \u00f8ret eller h\u00e5ndleddet f\u00f8r f\u00f8rste gangs bruk for \u00e5 sikre at den ikke irriterer.<\/p>\n\n\n\n<p>4. <strong>Oppbevares kj\u00f8lig og t\u00f8rt:<\/strong> H\u00f8y temperatur og sollys kan p\u00e5virke gelens tekstur og stabiliteten til de aktive ingrediensene. Det anbefales \u00e5 unng\u00e5 direkte sollys og oppbevares kj\u00f8lig og t\u00f8rt.<\/p>\n\n\n\n<h2 class=\"wp-block-heading\">Konklusjon<\/h2>\n\n\n\n<p>Kollagen \u00f8yemaske er et popul\u00e6rt \u00f8yepleieprodukt med sin kombinasjon av sv\u00e6rt effektive og sk\u00e5nsomme aktive ingredienser, behagelig tekstur og flere funksjoner. Enten den brukes til daglig reparasjon eller f\u00f8rstehjelp f\u00f8r sminke, kan den skille seg ut med sine betydelige effekter og gode brukeropplevelse.<\/p>","protected":false},"excerpt":{"rendered":"Collagen Eye Mask Manufacturing Common Formulas As a professional collagen eye mask manufacturer, we select active ingredients such as high-purity hydrolyzed collagen, sodium hyaluronate, and vitamin C derivatives to help tighten the skin around the eyes, fade dark circles, smooth fine lines, and bring long-lasting moisturizing and soothing effects to the eyes. 1. Hydrolyzed collagen: [&hellip;]","protected":false},"featured_media":3393,"menu_order":0,"template":"","meta":[],"product-tag":[],"products":[163],"class_list":["post-3392","product","type-product","status-publish","has-post-thumbnail","hentry","products-eye-mask"],"acf":[],"_links":{"self":[{"href":"https:\/\/www.ruiqigo.com\/nb\/wp-json\/wp\/v2\/product\/3392","targetHints":{"allow":["GET"]}}],"collection":[{"href":"https:\/\/www.ruiqigo.com\/nb\/wp-json\/wp\/v2\/product"}],"about":[{"href":"https:\/\/www.ruiqigo.com\/nb\/wp-json\/wp\/v2\/types\/product"}],"version-history":[{"count":0,"href":"https:\/\/www.ruiqigo.com\/nb\/wp-json\/wp\/v2\/product\/3392\/revisions"}],"wp:featuredmedia":[{"embeddable":true,"href":"https:\/\/www.ruiqigo.com\/nb\/wp-json\/wp\/v2\/media\/3393"}],"wp:attachment":[{"href":"https:\/\/www.ruiqigo.com\/nb\/wp-json\/wp\/v2\/media?parent=3392"}],"wp:term":[{"taxonomy":"product-tag","embeddable":true,"href":"https:\/\/www.ruiqigo.com\/nb\/wp-json\/wp\/v2\/product-tag?post=3392"},{"taxonomy":"products","embeddable":true,"href":"https:\/\/www.ruiqigo.com\/nb\/wp-json\/wp\/v2\/products?post=3392"}],"curies":[{"name":"wp","href":"https:\/\/api.w.org\/{rel}","templated":true}]}}