{"id":341,"date":"2024-07-05T21:27:41","date_gmt":"2024-07-05T13:27:41","guid":{"rendered":"https:\/\/ruiqigo.com\/?post_type=product&#038;p=341"},"modified":"2024-09-26T17:43:03","modified_gmt":"2024-09-26T09:43:03","slug":"vitamin-c-body-lotion","status":"publish","type":"product","link":"https:\/\/www.ruiqigo.com\/nb\/product\/vitamin-c-body-lotion","title":{"rendered":"C-vitamin kroppslotion"},"content":{"rendered":"<h2 class=\"wp-block-heading\">Produksjon av vitamin C-bodylotion Vanlige formler<\/h2>\n\n\n\n<p>Kjerneingrediensen i denne vitamin C-bodylotionen er askorbinsyre (vitamin C), en kraftig antioksidant som n\u00f8ytraliserer frie radikaler, forbedrer matthet og pigmentering, og gjenoppretter hudens gl\u00f8d. I tillegg inneholder formelen jojobafr\u00f8olje og tokoferoler og andre n\u00e6rende ingredienser, som kan gi dyp fuktighet og n\u00e6ring til huden, forbedre t\u00f8rrhet og ruhet i problemer, slik at huden blir myk og fuktet.<\/p>\n\n\n\n<h2 class=\"wp-block-heading\">Vitamin C bodylotion Gjeldende scenarier<\/h2>\n\n\n\n<p>Vitamin C Body Lotions er en heldagsbehandling med bleking som er perfekt for de som \u00f8nsker \u00e5 bleke huden og \u00f8ke gl\u00f8den gjennom hudpleie. I de varme, t\u00f8rre sommerm\u00e5nedene gir den dyp fuktighet til huden og forbedrer glans, matthet, t\u00f8rrhet og ruhet. I de kalde, v\u00e5te vinterm\u00e5nedene gir de rike, n\u00e6rende ingrediensene n\u00e6ring til huden og lindrer kuldeindusert hudubehag. Eller vi har mer <a href=\"https:\/\/www.ruiqigo.com\/nb\/products\/body-lotion\/\">kroppslotion<\/a> alternativer du kan velge mellom.<\/p>\n\n\n\n<h2 class=\"wp-block-heading\">Hvem er C-vitamin kroppslotion egnet for?<\/h2>\n\n\n\n<p>Vitamin C-bodylotioner passer for brukere i alle aldre. For ungdom kan den effektivt forbedre matt hud, ruhet og andre problemer, slik at huden gjenvinner glansen sin. For middelaldrende og eldre er den rik p\u00e5 n\u00e6rende ingredienser for \u00e5 forbedre t\u00f8rrhet for\u00e5rsaket av aldring, slik at huden er myk og fuktet. Samtidig er den ogs\u00e5 egnet for de som liker \u00e5 delta i utend\u00f8rsaktiviteter, slik at huden alltid f\u00e5r full pleie. Hvis du har andre behov, kan du gjerne l\u00e6re mer om 3TOP. <a href=\"https:\/\/www.ruiqigo.com\/nb\/products\/body-care\/\">kroppspleie<\/a> produkter.<\/p>\n\n\n\n<h2 class=\"wp-block-heading\">Produksjonsprosess for bodylotion med vitamin C<\/h2>\n\n\n\n<p>Det som gj\u00f8r Vitamin C Body Lotions spesiell er den unike antioksidantformelen og avanserte produksjonsteknologien. Utvalget av sv\u00e6rt stabile vitamin C-derivater n\u00f8ytraliserer effektivt frie radikaler og fremmer hudgl\u00f8d og reparasjon. Lavtemperatur-kaldekstraksjon og oksygenbarriereteknologi brukes i produksjonsprosessen for \u00e5 sikre at de aktive ingrediensene i vitamin C ikke \u00f8delegges, samtidig som fuktighetsgivende ingredienser som hyaluronsyre integreres for \u00e5 oppn\u00e5 dyp n\u00e6ring. Streng kvalitetskontroll og tilsetningsfri formel sikrer produktets sikkerhet og effektivitet, som passer for alle hudtyper. Hvis du vil vite mer, kan du sjekke ut den relaterte informasjonen. <a href=\"https:\/\/www.ruiqigo.com\/nb\/body-lotion-manufacturer-elevating-skincare-standards.html\/\">kroppslotion <\/a>produksjonsinformasjon.<\/p>","protected":false},"excerpt":{"rendered":"Vitamin C body lotion manufacturing Common Formulas The core ingredient of this Vitamin C Body Lotion is Ascorbic Acid (Vitamin C), a powerful antioxidant that neutralizes free radicals, improves dullness and pigmentation, and restores skin&#8217;s radiance. In addition, the formula also contains jojoba seed oil and tocopherols and other nourishing ingredients, can deeply hydrate and [&hellip;]","protected":false},"featured_media":342,"menu_order":0,"template":"","meta":[],"product-tag":[],"products":[56],"class_list":["post-341","product","type-product","status-publish","has-post-thumbnail","hentry","products-body-lotion"],"acf":[],"_links":{"self":[{"href":"https:\/\/www.ruiqigo.com\/nb\/wp-json\/wp\/v2\/product\/341","targetHints":{"allow":["GET"]}}],"collection":[{"href":"https:\/\/www.ruiqigo.com\/nb\/wp-json\/wp\/v2\/product"}],"about":[{"href":"https:\/\/www.ruiqigo.com\/nb\/wp-json\/wp\/v2\/types\/product"}],"version-history":[{"count":0,"href":"https:\/\/www.ruiqigo.com\/nb\/wp-json\/wp\/v2\/product\/341\/revisions"}],"wp:featuredmedia":[{"embeddable":true,"href":"https:\/\/www.ruiqigo.com\/nb\/wp-json\/wp\/v2\/media\/342"}],"wp:attachment":[{"href":"https:\/\/www.ruiqigo.com\/nb\/wp-json\/wp\/v2\/media?parent=341"}],"wp:term":[{"taxonomy":"product-tag","embeddable":true,"href":"https:\/\/www.ruiqigo.com\/nb\/wp-json\/wp\/v2\/product-tag?post=341"},{"taxonomy":"products","embeddable":true,"href":"https:\/\/www.ruiqigo.com\/nb\/wp-json\/wp\/v2\/products?post=341"}],"curies":[{"name":"wp","href":"https:\/\/api.w.org\/{rel}","templated":true}]}}