{"id":3453,"date":"2025-05-21T10:12:35","date_gmt":"2025-05-21T02:12:35","guid":{"rendered":"https:\/\/www.ruiqigo.com\/?post_type=product&#038;p=3453"},"modified":"2025-05-21T10:12:35","modified_gmt":"2025-05-21T02:12:35","slug":"oral-care-kit","status":"publish","type":"product","link":"https:\/\/www.ruiqigo.com\/nb\/product\/oral-care-kit","title":{"rendered":"Munnpleiesett"},"content":{"rendered":"<h2 class=\"wp-block-heading\">Funksjoner i munnpleiesettet<\/h2>\n\n\n\n<p>Munnpleiesettet integrerer en rekke grunnleggende munnrengj\u00f8ringsverkt\u00f8y, inkludert tannb\u00f8rster, tannkrem, tanntr\u00e5d osv. Kombinasjonen er praktisk og kan dekke de daglige behovene for omfattende munnpleie. Alle komponenter er st\u00f8ttet av matkvalitets- eller medisinsk sikkerhetsmaterialer, som er hygieniske og sunne og egnet for langvarig bruk. Emballasjen er uavhengig og praktisk for oppbevaring.<\/p>\n\n\n\n<p><strong>1. En kombinasjon av ulike verkt\u00f8y for munnpleie: <\/strong>Vanlige konfigurasjoner inkluderer tannb\u00f8rster, tannkrem, tanntr\u00e5d, munnvann, tungeskraper osv. Noen sett kan ogs\u00e5 tilpasses for \u00e5 legge til tilbeh\u00f8r som tannklistremerker og tannrensegel.<\/p>\n\n\n\n<p><strong>2. B\u00e6rbar emballasje: <\/strong>Munnpleiesett bruker vanligvis b\u00e6rbare poser, forseglede poser eller uavhengig emballasje, noe som er praktisk for reiser, forretningsreiser eller sykehusinnleggelse.<\/p>\n\n\n\n<p><strong>3. Tilpasse seg ulike behov for munnpleie: <\/strong>Det finnes mange verkt\u00f8y tilgjengelig. Enten det er enkel munnpleie eller dyp munnrengj\u00f8ring, kan munnpleiesett gi deg en god opplevelse.<\/p>\n\n\n\n<p><strong>4. Sikkerhet og hygiene:<\/strong> Alt pleieutstyr er engangs- eller gjenbrukbart, men materialer som er lette \u00e5 rengj\u00f8re, trygge og hygieniske, og oppfyller standarder og krav for medisinsk eller personlig pleie.<\/p>\n\n\n\n<h2 class=\"wp-block-heading\">Fordeler med munnpleiesett<\/h2>\n\n\n\n<p>Munnpleiesettet kan oppn\u00e5 grundig rengj\u00f8ring gjennom profesjonell tilpasning, dekking av tenner, mellomrom mellom tennene, tungebelegg og blinde flekker i munnen. Det er sv\u00e6rt b\u00e6rbart, praktisk og hygienisk, egnet for daglig bruk og for \u00e5 b\u00e6re med seg. Den overordnede designen tar hensyn til b\u00e5de funksjon og erfaring, slik at brukerne kan oppn\u00e5 munnpleie av h\u00f8y kvalitet med enkel betjening.<\/p>\n\n\n\n<p><strong>1. Ett sett for munnpleie: <\/strong>Munnpleiesettet inneholder grunnleggende og komplett munnpleieutstyr, noe som sparer tid ved handling og er sv\u00e6rt effektivt.<\/p>\n\n\n\n<p><strong>2. Lett \u00e5 b\u00e6re:<\/strong> Den kan enkelt tas med p\u00e5 forretningsreiser, reiser, sykehusinnleggelse, utend\u00f8rsaktiviteter osv., for \u00e5 opprettholde munnhygienen din til enhver tid og gi deg en komplett l\u00f8sning for munnpleie.<\/p>\n\n\n\n<p><strong>3. Kostnadsbesparelse: <\/strong>Sammenlignet med tradisjonelt kj\u00f8p av flere pleieverkt\u00f8y individuelt, vil prisen p\u00e5 hele settet v\u00e6re mer kostnadseffektivt, kostnaden vil v\u00e6re lavere, og det vil v\u00e6re mer kostnadseffektivt.<\/p>\n\n\n\n<p><strong>4. Bidrar til \u00e5 utvikle gode munnvaner:<\/strong> Gjennom den integrerte kombinasjonen av munnpleieverkt\u00f8y er det nyttig \u00e5 inspirere brukere til \u00e5 etablere daglige munnpleiervaner og fremme munnhygiene og helse.<\/p>\n\n\n\n<h2 class=\"wp-block-heading\">M\u00e5lgruppe for munnpleiesett<\/h2>\n\n\n\n<p>Munnpleiesettet er konfigurert ulikt i henhold til ulike aldersgrupper og pleiebehov. Barneversjonen vektlegger sikkerhet og sk\u00e5nsomhet, mens voksenversjonen fokuserer p\u00e5 rengj\u00f8ringskraft og pustekontroll. I tillegg kan dette produktet ogs\u00e5 tilpasses tannreguleringsbrukere, postoperative omsorgspersoner osv., noe som gj\u00f8r det til et gjennomtenkt valg for alle typer brukere.<\/p>\n\n\n\n<p><strong>1. Personer som trenger daglig munnpleie:<\/strong> Mennesker i alle aldre som trenger daglig munnpleie og streber etter munnhelse.<\/p>\n\n\n\n<p><strong>2. Barn og ungdom: <\/strong>Modeller designet spesielt for barn og ungdoms sensitive tannkj\u00f8tt for \u00e5 sikre munnhelse.<\/p>\n\n\n\n<p><strong>3. Kjeveortopeder: <\/strong>Utstyrt med interdentalb\u00f8rster og tanntr\u00e5dpinner, egnet for personer som gjennomg\u00e5r oral korreksjon og bruker tannregulering.<\/p>\n\n\n\n<p><strong>4. Personer som reiser i forretnings\u00f8yemed: <\/strong>Du kan ta med deg et b\u00e6rbart munnpleiesett n\u00e5r du reiser p\u00e5 forretningsreise.<\/p>\n\n\n\n<h2 class=\"wp-block-heading\">Bruksomr\u00e5der for munnpleiesett<\/h2>\n\n\n\n<p>Munnpleiesettet passer for flere livs- og arbeidsscenarioer, som daglig bruk hjemme, forretningsreiser, medisinske pleiesett osv.<\/p>\n\n\n\n<p><strong>1. Hjemmepleie av munn: <\/strong>Bruk den hver morgen og kveld for \u00e5 utvikle gode munnvaner.<\/p>\n\n\n\n<p><strong>2. Viktige ting for reise og forretningsreiser: <\/strong>lett \u00e5 b\u00e6re, viktig p\u00e5 reiser.<\/p>\n\n\n\n<p><strong>3. Medisinsk pleiesett: <\/strong>Det kan hjelpe til med \u00e5 rense munnhulen under postoperativ behandling eller sykehusopphold for \u00e5 forhindre bakteriell infeksjon.<\/p>\n\n\n\n<p><strong>4. Forretningsgaver:<\/strong> Ofte brukt i bedriftsaktiviteter innen helse- og medisinbransjen.<\/p>\n\n\n\n<p><strong>5. Konfigurasjon av n\u00f8dsett: <\/strong>S\u00f8rg for grunnleggende munnhygiene under katastroferedning eller utend\u00f8rseventyr.<\/p>\n\n\n\n<h2 class=\"wp-block-heading\">Slik bruker du munnpleiesettet<\/h2>\n\n\n\n<p>Munnpleiesettet er sv\u00e6rt enkelt og intuitivt \u00e5 bruke. Brukere kan rengj\u00f8re innsiden av munnen i rekkef\u00f8lge i henhold til den daglige munnpleieprosessen for \u00e5 fullf\u00f8re hele pleieprosessen.<\/p>\n\n\n\n<p><strong>1. Puss tennene \u00e9n gang om morgenen og \u00e9n gang om kvelden: <\/strong>Ta frem tannb\u00f8rsten og tannkremen, klem ut en ertstor mengde tannkrem, puss tennene p\u00e5 forskjellige steder i 2\u20133 minutter, og skyll munnen etter tannpuss.<\/p>\n\n\n\n<p><strong>2. Bruk tanntr\u00e5d eller tanntr\u00e5dstift: <\/strong>F\u00f8r den forsiktig inn i mellomrommene mellom tennene, og dra den sakte frem og tilbake for \u00e5 fjerne plakk.<\/p>\n\n\n\n<p><strong>3. Bruk interdentalb\u00f8rster (om n\u00f8dvendig): <\/strong>F\u00f8r den inn i mellomrommene mellom tennene for \u00e5 rengj\u00f8re rester i st\u00f8rre mellomrom, noe som passer for personer med kjeveortopedisk behandling eller de med st\u00f8rre mellomrom mellom tennene.<\/p>\n\n\n\n<p><strong>4. Bruk en tungeskrape til \u00e5 rengj\u00f8re tungebelegget (om n\u00f8dvendig): <\/strong>Skrap forsiktig av smusset p\u00e5 tungeoverflaten fra innsiden og utsiden for \u00e5 friske opp pusten.<\/p>\n\n\n\n<p><strong>5. Bruk munnskyll: <\/strong>Hell ut en passende mengde munnskyll, gurgle i 30 sekunder og spytt det ut, det er ikke n\u00f8dvendig \u00e5 skylle med vann.<\/p>\n\n\n\n<p><strong>Anbefaling: <\/strong>Bytt regelmessig ut engangs- eller lett forbruksbart tilbeh\u00f8r som tannb\u00f8rster og tanntr\u00e5d i munnpleiesettet.<\/p>\n\n\n\n<h2 class=\"wp-block-heading\">Konklusjon<\/h2>\n\n\n\n<p>Med det \u00f8kende tempoet i livet og den \u00f8kte helsebevisstheten er munnpleie ikke lenger begrenset til badet, men har blitt en viktig del av hverdagen. Munnpleiesettets anvendelighet i flere scenarioer \u00f8ker ikke bare hyppigheten av bruk av munnpleieprodukter, men gir ogs\u00e5 brukerne beskyttelse av munnhygienen i ulike situasjoner. Det er et ideelt valg som tar hensyn til b\u00e5de praktisk og imagemessig.<\/p>","protected":false},"excerpt":{"rendered":"Oral Care Kit Features The oral care kit integrates a variety of basic oral cleaning tools, including toothbrushes, toothpaste, dental floss, etc. The combination is practical and can meet the daily comprehensive oral care needs. All components are supported by food-grade or medical safety materials, which are hygienic and healthy and suitable for long-term use. [&hellip;]","protected":false},"featured_media":3454,"menu_order":0,"template":"","meta":[],"product-tag":[],"products":[160],"class_list":["post-3453","product","type-product","status-publish","has-post-thumbnail","hentry","products-oral-care-kit"],"acf":[],"_links":{"self":[{"href":"https:\/\/www.ruiqigo.com\/nb\/wp-json\/wp\/v2\/product\/3453","targetHints":{"allow":["GET"]}}],"collection":[{"href":"https:\/\/www.ruiqigo.com\/nb\/wp-json\/wp\/v2\/product"}],"about":[{"href":"https:\/\/www.ruiqigo.com\/nb\/wp-json\/wp\/v2\/types\/product"}],"version-history":[{"count":0,"href":"https:\/\/www.ruiqigo.com\/nb\/wp-json\/wp\/v2\/product\/3453\/revisions"}],"wp:featuredmedia":[{"embeddable":true,"href":"https:\/\/www.ruiqigo.com\/nb\/wp-json\/wp\/v2\/media\/3454"}],"wp:attachment":[{"href":"https:\/\/www.ruiqigo.com\/nb\/wp-json\/wp\/v2\/media?parent=3453"}],"wp:term":[{"taxonomy":"product-tag","embeddable":true,"href":"https:\/\/www.ruiqigo.com\/nb\/wp-json\/wp\/v2\/product-tag?post=3453"},{"taxonomy":"products","embeddable":true,"href":"https:\/\/www.ruiqigo.com\/nb\/wp-json\/wp\/v2\/products?post=3453"}],"curies":[{"name":"wp","href":"https:\/\/api.w.org\/{rel}","templated":true}]}}