{"id":346,"date":"2024-07-08T10:40:04","date_gmt":"2024-07-08T02:40:04","guid":{"rendered":"https:\/\/ruiqigo.com\/?post_type=product&#038;p=346"},"modified":"2024-09-26T17:42:19","modified_gmt":"2024-09-26T09:42:19","slug":"hyaluronic-acid-body-lotion","status":"publish","type":"product","link":"https:\/\/www.ruiqigo.com\/nb\/product\/hyaluronic-acid-body-lotion","title":{"rendered":"Hyaluronsyre kroppslotion"},"content":{"rendered":"<h3 class=\"wp-block-heading\">Produksjon av hyaluronsyre bodylotion Vanlige formler<\/h3>\n\n\n\n<p>Kjerneingrediensen i denne hyaluronsyre-bodylotionen er natriumhyaluronat, et naturlig polymerpolysakkarid med utmerkede fuktighetsgivende egenskaper. Det kan raskt trenge inn i huden og danne en beskyttende film i det indre hudens lag, som langvarig holder p\u00e5 fuktigheten, slik at huden alltid er full av elastisitet og fuktighet. Samtidig inneholder formelen ogs\u00e5 glyserin og andre n\u00e6rende ingredienser, som kan gi dyp fuktighet og n\u00e6ring til huden, og forbedre t\u00f8rrhets- og ruhetsproblemer.<\/p>\n\n\n\n<h3 class=\"wp-block-heading\">Hyaluronsyre bodylotion Gjeldende scenarier<\/h3>\n\n\n\n<p>Denne hyaluronsyre-bodylotionen er en heldagsbehandling for dyp fuktighet og langvarig fuktighetsbehov. I de varme, t\u00f8rre sommerm\u00e5nedene fyller den raskt p\u00e5 fuktigheten for \u00e5 holde huden fuktet og fyldig, mens de rike, n\u00e6rende ingrediensene gir n\u00e6ring til huden i de kalde, v\u00e5te vinterm\u00e5nedene og lindrer ubehaget ved kuldeindusert t\u00f8rrhet. Uansett hvilket klima du befinner deg i, vil denne lotionen gi deg total hudpleie. Eller vi har mer <a href=\"https:\/\/www.ruiqigo.com\/nb\/products\/body-lotion\/\">kroppslotion<\/a> alternativer du kan velge mellom.<\/p>\n\n\n\n<h3 class=\"wp-block-heading\">Hvem er hyaluronsyre-bodylotion egnet for<\/h3>\n\n\n\n<p>Hyaluronsyre-bodylotioner er for de som s\u00f8ker dyp fuktighet og langvarig fuktighet. De er spesielt egnet for t\u00f8rr eller moden hud, ettersom hyaluronsyre tiltrekker seg og beholder store mengder fuktighet, og dermed reduserer t\u00f8rrhet og stramhet. Denne lotionen er ogs\u00e5 et ideelt valg for personer som trenger \u00e5 forbedre hudens elastisitet og smidighet. Hvis du har andre behov, kan du gjerne l\u00e6re mer om 3TOP. <a href=\"https:\/\/www.ruiqigo.com\/nb\/products\/body-care\/\">kroppspleie<\/a> produkter.<\/p>\n\n\n\n<h3 class=\"wp-block-heading\">Produksjonsprosess for hyaluronsyre bodylotion<\/h3>\n\n\n\n<p>Produksjonsspesialitetene til hyaluronsyre-bodylotioner er den unike formelen og den fine produksjonsprosessen. H\u00f8yrenhetshyaluronsyre brukes for \u00e5 sikre rask penetrasjon og dyp fuktighetsgivende effekt p\u00e5 huden gjennom avansert molekyl\u00e6r skj\u00e6reteknologi. PH og temperatur kontrolleres strengt under produksjonsprosessen for \u00e5 opprettholde stabiliteten og aktiviteten til hyaluronsyren. I tillegg er det ingen tilsatte dufter eller alkohol for \u00e5 redusere risikoen for ubehag som kan for\u00e5rsake sensitiv hud. Hvis du vil vite mer, kan du sjekke ut den relaterte informasjonen. <a href=\"https:\/\/www.ruiqigo.com\/nb\/body-lotion-manufacturer-elevating-skincare-standards.html\/\">kroppslotion<\/a> produksjonsinformasjon.<\/p>","protected":false},"excerpt":{"rendered":"Hyaluronic acid body lotion manufacturing Common Formulas The core ingredient of this hyaluronic acid body lotion is sodium hyaluronate, a natural polymer polysaccharide with excellent moisturizing properties. It can quickly penetrate the skin, forming a protective film in the inner layer of the skin, long-lasting lock moisture, so that the skin is always full of [&hellip;]","protected":false},"featured_media":440,"menu_order":0,"template":"","meta":[],"product-tag":[],"products":[56],"class_list":["post-346","product","type-product","status-publish","has-post-thumbnail","hentry","products-body-lotion"],"acf":[],"_links":{"self":[{"href":"https:\/\/www.ruiqigo.com\/nb\/wp-json\/wp\/v2\/product\/346","targetHints":{"allow":["GET"]}}],"collection":[{"href":"https:\/\/www.ruiqigo.com\/nb\/wp-json\/wp\/v2\/product"}],"about":[{"href":"https:\/\/www.ruiqigo.com\/nb\/wp-json\/wp\/v2\/types\/product"}],"version-history":[{"count":0,"href":"https:\/\/www.ruiqigo.com\/nb\/wp-json\/wp\/v2\/product\/346\/revisions"}],"wp:featuredmedia":[{"embeddable":true,"href":"https:\/\/www.ruiqigo.com\/nb\/wp-json\/wp\/v2\/media\/440"}],"wp:attachment":[{"href":"https:\/\/www.ruiqigo.com\/nb\/wp-json\/wp\/v2\/media?parent=346"}],"wp:term":[{"taxonomy":"product-tag","embeddable":true,"href":"https:\/\/www.ruiqigo.com\/nb\/wp-json\/wp\/v2\/product-tag?post=346"},{"taxonomy":"products","embeddable":true,"href":"https:\/\/www.ruiqigo.com\/nb\/wp-json\/wp\/v2\/products?post=346"}],"curies":[{"name":"wp","href":"https:\/\/api.w.org\/{rel}","templated":true}]}}