{"id":3463,"date":"2025-05-21T15:46:41","date_gmt":"2025-05-21T07:46:41","guid":{"rendered":"https:\/\/www.ruiqigo.com\/?post_type=product&#038;p=3463"},"modified":"2025-05-21T15:46:41","modified_gmt":"2025-05-21T07:46:41","slug":"natural-hair-mousse","status":"publish","type":"product","link":"https:\/\/www.ruiqigo.com\/nb\/product\/natural-hair-mousse","title":{"rendered":"Naturlig h\u00e5rmousse"},"content":{"rendered":"<h2 class=\"wp-block-heading\">Vanlige formler for produksjon av naturlig h\u00e5rmousse<\/h2>\n\n\n\n<p>3TOP&#039;s natural er forpliktet til \u00e5 velge trygge, sk\u00e5nsomme og effektive plantebaserte ingredienser som ikke inneholder silikonolje, syntetiske dufter osv., for \u00e5 beskytte helsen til h\u00e5r og hodebunn under styling. Den vanlige formelen for naturlig h\u00e5rmousse inneholder en rekke plantebaserte aktive ingredienser med reparerende, n\u00e6rende og antioksiderende funksjoner, noe som hjelper brukerne med \u00e5 skape et forfriskende og naturlig utseende og forbedre h\u00e5rets seighet.<\/p>\n\n\n\n<p><strong>1. Xantangummi: <\/strong>Xantangummi utvinnes fra plantegj\u00e6ring og kan gi lett til moderat stylingkraft, \u00f8ke h\u00e5rets elastisitet og luftighet.<\/p>\n\n\n\n<p><strong>2. Kokosolje: <\/strong>Kokosolje er rik p\u00e5 mellomlange fettsyrer, som laurinsyre, som kan trenge dypt inn i h\u00e5rskaftet, reparere skadede h\u00e5rskjell, forhindre proteintap og gj\u00f8re h\u00e5ret glatt og sterkt.<\/p>\n\n\n\n<p><strong>3. Glyserin: <\/strong>Glyserin er en naturlig fuktighetskrem som kan absorbere fuktighet fra luften og l\u00e5se fuktigheten i h\u00e5ret, noe som bidrar til \u00e5 forhindre at h\u00e5ret t\u00f8rker ut og opprettholder den myke teksturen til mousseskummet og h\u00e5rets elastisitet.<\/p>\n\n\n\n<p><strong>4. Aloe vera-juice: <\/strong>Aloe vera-juice er ogs\u00e5 en naturlig fuktighetskrem som lindrer hodebunnen, reduserer r\u00f8dhet og kl\u00f8e, og reparerer skadet h\u00e5r. Samtidig kan den bidra til \u00e5 holde p\u00e5 fuktigheten og holde h\u00e5ret mykt under styling.<\/p>\n\n\n\n<p><strong>5. Sheasm\u00f8r: <\/strong>Sheasm\u00f8r er rikt p\u00e5 fettsyrer og vitamin E, og har sterke fuktighetsgivende og antioksidantfunksjoner. Det kan danne en naturlig barriere p\u00e5 h\u00e5rets overflate, beskytte h\u00e5ret mot skade fra varme verkt\u00f8y og effektivt kontrollere krus og statisk elektrisitet.<\/p>\n\n\n\n<h2 class=\"wp-block-heading\">Funksjonene til naturlig h\u00e5rmousse<\/h2>\n\n\n\n<p>Natural Hair Mousse f\u00f8lger prinsippet om \u00abletthet og multieffekt\u00bb og er utviklet for naturlig styling og h\u00e5rpleie. Enten det er rett h\u00e5r, kr\u00f8llete h\u00e5r, kort h\u00e5r eller langt h\u00e5r, kan du skape en ideell frisyre samtidig som du tar vare p\u00e5 h\u00e5rets generelle helse.<\/p>\n\n\n\n<p><strong>1. Sterk herdekraft: <\/strong>Frisyren er basert p\u00e5 planteaktivitet og milde polymerer for \u00e5 oppn\u00e5 fleksibel setting, og er mer naturlig, ikke stiv eller klumpete, og passer for daglig styling og naturlig kr\u00f8llmodifisering.<\/p>\n\n\n\n<p><strong>2. Lett tekstur:<\/strong> Naturlig h\u00e5rmousse har fint og jevnt skum, er lett \u00e5 h\u00e5ndtere, kan raskt trenge inn i h\u00e5rfibrene, tetter ikke porene, etterlater ikke klumper, egnet for bruk hele dagen.<\/p>\n\n\n\n<p><strong>3. L\u00e5s fuktighet og fukt, anti-frizz:<\/strong> Naturlig h\u00e5rmousse tilf\u00f8rer flere naturlige fuktighetsgivende ingredienser for \u00e5 danne en usynlig vannfilm utenfor h\u00e5ret, som effektivt bekjemper statisk elektrisitet, t\u00f8rrhet og krus, og gj\u00f8r h\u00e5ret mykt, skinnende og glatt.<\/p>\n\n\n\n<p><strong>4. Hudvennlig og ikke-irriterende:<\/strong> Den inneholder ikke alkohol, kunstige dufter, vanlige allergifremkallende konserveringsmidler osv. Den bidrar til \u00e5 unng\u00e5 r\u00f8dhet og flassing i hodebunnen, og kan trygt brukes av sensitive personer.<\/p>\n\n\n\n<p><strong>5. Ingen rester, lett \u00e5 skylle: <\/strong>Naturlig h\u00e5rmousse fester seg ikke lett til hodebunnen og h\u00e5rskjellene, og kan enkelt fjernes etter sjamponering, slik at du kan holde h\u00e5ret friskt og fritt for byrder uten \u00e5 bruke sterke rengj\u00f8ringsprodukter.<\/p>\n\n\n\n<h2 class=\"wp-block-heading\">Slik bruker du naturlig h\u00e5rmousse<\/h2>\n\n\n\n<p>Det er veldig enkelt \u00e5 bruke naturlig h\u00e5rmousse. Bare f\u00f8lg trinnene nedenfor etter sjamponering.<\/p>\n\n\n\n<p><strong>1. Rens h\u00e5ret ditt: <\/strong>Bruk en mild, ikke-irriterende sjampo til \u00e5 rense h\u00e5ret ditt, og s\u00f8rg for at det er rent og fettfritt.<\/p>\n\n\n\n<p><strong>2. T\u00f8rk h\u00e5ret: <\/strong>Bruk et t\u00f8rt h\u00e5ndkle til \u00e5 t\u00f8rke h\u00e5ret forsiktig, og la det v\u00e6re litt fuktig.<\/p>\n\n\n\n<p><strong>3. Bruk produktet: <\/strong>Rist mousseflasken godt og spray en passende mengde skum (omtrent p\u00e5 st\u00f8rrelse med et egg) i hendene.<\/p>\n\n\n\n<p><strong>4. P\u00e5f\u00f8r jevnt:<\/strong> P\u00e5f\u00f8r skummet jevnt i h\u00e5ret, fra rot til tupp, og s\u00f8rg for at alle deler er dekket.<\/p>\n\n\n\n<p><strong>5. Stil: <\/strong>Bruk en h\u00e5rf\u00f8ner eller luftt\u00f8rk for \u00e5 fullf\u00f8re frisyren etter behov.<\/p>\n\n\n\n<h2 class=\"wp-block-heading\">Forsiktighet<\/h2>\n\n\n\n<p><strong>1. Allergitest:<\/strong> F\u00f8r f\u00f8rste gangs bruk, test et lite omr\u00e5de bak \u00f8ret eller p\u00e5 innsiden av h\u00e5ndleddet for \u00e5 sikre at det ikke er noen allergisk reaksjon.<\/p>\n\n\n\n<p><strong>2. Unng\u00e5 overdreven bruk: <\/strong>Overdreven bruk av naturlig h\u00e5rmousse kan gj\u00f8re h\u00e5ret tungt og p\u00e5virke den naturlige, luftige f\u00f8lelsen.<\/p>\n\n\n\n<p><strong>3. Unng\u00e5 kontakt med \u00f8ynene:<\/strong> Pr\u00f8v \u00e5 unng\u00e5 kontakt med \u00f8ynene under bruk. Hvis det kommer i \u00f8ynene, skyll straks med rent vann.<\/p>\n\n\n\n<p><strong>4. Oppbevares utilgjengelig for barn: <\/strong>Vennligst oppbevar produktet utilgjengelig for barn for \u00e5 unng\u00e5 misbruk.<\/p>\n\n\n\n<p><strong>5. Oppbevares kj\u00f8lig:<\/strong> Oppbevar dette produktet p\u00e5 et sted unna direkte sollys og h\u00f8y temperatur for \u00e5 unng\u00e5 sikkerhetsrisikoer.<\/p>\n\n\n\n<h2 class=\"wp-block-heading\">Konklusjon<\/h2>\n\n\n\n<p>Naturlig h\u00e5rmousse har blitt et ideelt h\u00e5rstylingprodukt for forbrukere med sine naturlige ingredienser, utmerkede stylingeffekt og flere pleiefordeler. Enten det er daglig bruk eller profesjonell styling, kan det gi brukerne en sunn, naturlig og langvarig h\u00e5rstylingopplevelse.<\/p>","protected":false},"excerpt":{"rendered":"Natural Hair Mousse Manufacturing Common Formulas 3TOP&#8217;s natural is committed to selecting safe, gentle, and effective plant-derived ingredients that do not contain silicone oil, synthetic fragrances, etc., to protect the health of hair and scalp while styling. The common formula of natural hair mousse incorporates a variety of plant active ingredients with repairing, nourishing, and [&hellip;]","protected":false},"featured_media":3464,"menu_order":0,"template":"","meta":[],"product-tag":[],"products":[165],"class_list":["post-3463","product","type-product","status-publish","has-post-thumbnail","hentry","products-hair-mousse"],"acf":[],"_links":{"self":[{"href":"https:\/\/www.ruiqigo.com\/nb\/wp-json\/wp\/v2\/product\/3463","targetHints":{"allow":["GET"]}}],"collection":[{"href":"https:\/\/www.ruiqigo.com\/nb\/wp-json\/wp\/v2\/product"}],"about":[{"href":"https:\/\/www.ruiqigo.com\/nb\/wp-json\/wp\/v2\/types\/product"}],"version-history":[{"count":0,"href":"https:\/\/www.ruiqigo.com\/nb\/wp-json\/wp\/v2\/product\/3463\/revisions"}],"wp:featuredmedia":[{"embeddable":true,"href":"https:\/\/www.ruiqigo.com\/nb\/wp-json\/wp\/v2\/media\/3464"}],"wp:attachment":[{"href":"https:\/\/www.ruiqigo.com\/nb\/wp-json\/wp\/v2\/media?parent=3463"}],"wp:term":[{"taxonomy":"product-tag","embeddable":true,"href":"https:\/\/www.ruiqigo.com\/nb\/wp-json\/wp\/v2\/product-tag?post=3463"},{"taxonomy":"products","embeddable":true,"href":"https:\/\/www.ruiqigo.com\/nb\/wp-json\/wp\/v2\/products?post=3463"}],"curies":[{"name":"wp","href":"https:\/\/api.w.org\/{rel}","templated":true}]}}