{"id":3468,"date":"2025-05-22T11:45:22","date_gmt":"2025-05-22T03:45:22","guid":{"rendered":"https:\/\/www.ruiqigo.com\/?post_type=product&#038;p=3468"},"modified":"2025-05-22T17:49:34","modified_gmt":"2025-05-22T09:49:34","slug":"lavender-laundry-detergent","status":"publish","type":"product","link":"https:\/\/www.ruiqigo.com\/nb\/product\/lavender-laundry-detergent","title":{"rendered":"Lavendel vaskemiddel"},"content":{"rendered":"<h2 class=\"wp-block-heading\">Vanlige formler for produksjon av lavendelvaskemiddel<\/h2>\n\n\n\n<p>Som en profesjonell leverand\u00f8r av vaskemidler velger vi milde og ikke-irriterende overflateaktive stoffer, naturlige planteessensielle oljer og multifunksjonelle tilsetningsstoffer for \u00e5 oppn\u00e5 de tre hovedeffektene: kraftig rengj\u00f8ring, fargebeskyttelse og mykgj\u00f8ring, samt langvarig duft, og m\u00f8ter brukernes doble behov for vaskekraft og klesbeskyttelse.<\/p>\n\n\n\n<p><strong>1. Eterisk lavendelolje: <\/strong>Naturlig ekstrahert lavendelolje har aromatiske egenskaper som beroliger kropp og sinn. Etter \u00e5 ha festet seg til fibrene i kl\u00e6r, kan den gi en langvarig naturlig duft, har en viss antibakteriell effekt og forbedrer rensligheten og komforten til kl\u00e6rne.<\/p>\n\n\n\n<p><strong>2. Naturlig enzymkompleks:<\/strong> Den bryter ned protein-, stivelses- og fettflekker gjennom biologiske enzymer. Den er spesielt egnet for \u00e5 h\u00e5ndtere vanlig daglig smuss som svetteflekker og matflekker, og reduserer gjentatt friksjon p\u00e5 tekstiler.<\/p>\n\n\n\n<p><strong>3. Kokamidopropylbetain:<\/strong> Den er utvunnet fra naturlig kokosolje, og er et mildt ikke-ionisk overflateaktivt middel som effektivt kan emulgere oljeflekker og forbedre rengj\u00f8ringsevnen. Samtidig er den sv\u00e6rt sk\u00e5nsom mot hud og tekstiler og skader ikke kl\u00e6r.<\/p>\n\n\n\n<p><strong>4. Natriumpolykarboksylat: <\/strong>Denne ingrediensen kan mykgj\u00f8re vann og forhindre avsetning av kalsium- og magnesiumioner, forhindre at kl\u00e6r blir harde, fjerne vaskerester og bidra til \u00e5 forlenge kl\u00e6rnes levetid.<\/p>\n\n\n\n<h2 class=\"wp-block-heading\">Funksjonene til lavendelvaskemiddel<\/h2>\n\n\n\n<p>Vaskemiddel med lavendel har blitt f\u00f8rstevalget for kunder i mange bransjer p\u00e5 grunn av sin utmerkede rengj\u00f8ringsevne, milde klespleieevne og naturlige duft. Enten det er daglig husholdningsvask og -pleie eller rengj\u00f8ring av senget\u00f8y p\u00e5 hotell, oppfyller dette produktet en rekke h\u00f8ystandardvaskebehov med fordeler som lavt skumming, enkel skylling, sikkerhet og milj\u00f8vern, og realiserer tre-i-ett-effekten av rengj\u00f8ring, klespleie og duft.<\/p>\n\n\n\n<p><strong>1. Effektiv flekkfjerning: <\/strong>Vaskemiddel med lavendelfarge bruker kraftige aktive flekkfjerningsfaktorer som kan trenge dypt inn i fiberen for \u00e5 bryte ned gjenstridige flekker, inkludert svetteflekker, oljeflekker osv. Det har utmerket rengj\u00f8ringsevne og kan forbedre vaskeeffektiviteten betraktelig.<\/p>\n\n\n\n<p><strong>2. Lavt skum og enkel skylling:<\/strong> Lavendel vaskemiddel har en lavskummende formel som passer for alle typer vaskemaskiner. Det har moderat skum under vask, etterlater ingen rester og er enklere \u00e5 skylle, noe som effektivt sparer vann og str\u00f8m og forbedrer den generelle brukseffektiviteten.<\/p>\n\n\n\n<p><strong>3. Naturlig duft:<\/strong> Den naturlige lavendelduften er frisk og beroligende, ikke skarp, og kl\u00e6rne har en langvarig duft etter vask. Den er egnet for mor- og barnepleie, klesvask og andre scener.<\/p>\n\n\n\n<p><strong>4. Milj\u00f8vennlig og ikke-irriterende:<\/strong> Lavendelvaskemiddel inneholder ikke skadelige ingredienser som fosfor og fluorescerende hvitemidler, og oppfyller milj\u00f8vennlige vaske- og pleiestandarder. Dette produktet er testet for hudirritasjon, er hypoallergenisk og mildt, og er egnet for personer med sensitiv hud for rene kl\u00e6r.<\/p>\n\n\n\n<p><strong>5. Sk\u00e5nsom klespleie:<\/strong> T\u00f8ymyknende ingredienser er tilsatt formelen, noe som kan beskytte klesfibrene under rengj\u00f8ring av flekker, forlenge kl\u00e6rnes levetid og unng\u00e5 falming, deformasjon og krymping.<\/p>\n\n\n\n<h2 class=\"wp-block-heading\">Slik bruker du lavendelvaskemiddel<\/h2>\n\n\n\n<p><strong>1. Maskinvask: <\/strong>Tilsett en passende mengde vaskemiddel i henhold til vaskemaskinens kapasitet og hvor skittent kl\u00e6rne er, vanligvis 30\u201350 ml\/gang, som kan helles direkte i vaskemiddelboksen eller blandes med vann f\u00f8r bruk.<\/p>\n\n\n\n<p><strong>2. H\u00e5ndvask: <\/strong>Tilsett 5\u201310 ml vaskemiddel i 1 liter vann, fortynn og r\u00f8r jevnt. Legg kl\u00e6rne i bl\u00f8t i 5 minutter, skrubb deretter forsiktig og skyll grundig med rent vann.<\/p>\n\n\n\n<p><strong>Anbefaling: <\/strong>Kan brukes med t\u00f8ymykner for \u00e5 forbedre stoffets mykhet og bevare duften.<\/p>\n\n\n\n<h2 class=\"wp-block-heading\">Forsiktighet<\/h2>\n\n\n\n<p><strong>1. Unng\u00e5 \u00e5 blande med andre vaskemidler: <\/strong>Blanding med andre rengj\u00f8ringsprodukter med h\u00f8yt alkalisk innhold eller klor kan p\u00e5virke vaskeeffekten eller for\u00e5rsake un\u00f8dvendige kjemiske reaksjoner. Det anbefales \u00e5 bruke dette produktet alene.<\/p>\n\n\n\n<p><strong>2. Ikke hell direkte p\u00e5 kl\u00e6r: <\/strong>For \u00e5 forhindre at konsentrert vaskemiddel etterlater merker p\u00e5 overflaten av kl\u00e6rne, m\u00e5 du fortynne det f\u00f8r bruk eller fordele det jevnt i vann f\u00f8r du tilsetter det i kl\u00e6rne.<\/p>\n\n\n\n<p><strong>3. Unng\u00e5 direkte sollys: <\/strong>Forsegl produktet og oppbevar det p\u00e5 et kj\u00f8lig og t\u00f8rt sted for \u00e5 forhindre at ingrediensene forringes eller at duften fordamper.<\/p>\n\n\n\n<p><strong>4. Oppbevares utilgjengelig for barn:<\/strong> For \u00e5 forhindre at barn ved et uhell svelger eller f\u00e5r i \u00f8ynene, m\u00e5 du oppbevare produktet utilgjengelig for barn og lukke flaskekorken i tide etter bruk.<\/p>\n\n\n\n<h2 class=\"wp-block-heading\">Konklusjon<\/h2>\n\n\n\n<p>Lavendelvaskemiddel er et effektivt vaskemiddel med dyprensende kraft og naturlig duft, som er mye brukt i hverdagskl\u00e6r, hotellsenget\u00f8y og andre bruksscenarioer. Med sine mange fordeler som sk\u00e5nsom klesbeskyttelse og effektiv rengj\u00f8ring, oppfyller det brukernes behov for effektiv og sikker vask og er et ideelt valg for de som \u00f8nsker kvalitet og dyp rengj\u00f8ring.<\/p>","protected":false},"excerpt":{"rendered":"Lavender Laundry Detergent Manufacturing Common Formulas As a professional laundry detergent supplier, we select mild and non-irritating surfactants, natural plant essential oils and multifunctional additives to achieve the three major effects of powerful cleaning, color protection and softening, and long-lasting fragrance, meeting users&#8217; dual needs for washing power and clothing protection. 1. Lavender essential oil: [&hellip;]","protected":false},"featured_media":3469,"menu_order":0,"template":"","meta":[],"product-tag":[],"products":[180],"class_list":["post-3468","product","type-product","status-publish","has-post-thumbnail","hentry","products-laundry-detergent"],"acf":[],"_links":{"self":[{"href":"https:\/\/www.ruiqigo.com\/nb\/wp-json\/wp\/v2\/product\/3468","targetHints":{"allow":["GET"]}}],"collection":[{"href":"https:\/\/www.ruiqigo.com\/nb\/wp-json\/wp\/v2\/product"}],"about":[{"href":"https:\/\/www.ruiqigo.com\/nb\/wp-json\/wp\/v2\/types\/product"}],"version-history":[{"count":0,"href":"https:\/\/www.ruiqigo.com\/nb\/wp-json\/wp\/v2\/product\/3468\/revisions"}],"wp:featuredmedia":[{"embeddable":true,"href":"https:\/\/www.ruiqigo.com\/nb\/wp-json\/wp\/v2\/media\/3469"}],"wp:attachment":[{"href":"https:\/\/www.ruiqigo.com\/nb\/wp-json\/wp\/v2\/media?parent=3468"}],"wp:term":[{"taxonomy":"product-tag","embeddable":true,"href":"https:\/\/www.ruiqigo.com\/nb\/wp-json\/wp\/v2\/product-tag?post=3468"},{"taxonomy":"products","embeddable":true,"href":"https:\/\/www.ruiqigo.com\/nb\/wp-json\/wp\/v2\/products?post=3468"}],"curies":[{"name":"wp","href":"https:\/\/api.w.org\/{rel}","templated":true}]}}